{"id":1643,"date":"2025-05-12T10:29:25","date_gmt":"2025-05-12T13:29:25","guid":{"rendered":"https:\/\/wp.ufpel.edu.br\/cpu\/?page_id=1643"},"modified":"2026-05-05T15:05:34","modified_gmt":"2026-05-05T18:05:34","slug":"formacao-para-professores-ingressantes","status":"publish","type":"page","link":"https:\/\/wp.ufpel.edu.br\/cpu\/formacao-para-professores-ingressantes\/","title":{"rendered":"Forma\u00e7\u00e3o para Professores Ingressantes"},"content":{"rendered":"\n<p>Prezados(as) Professores(as) Ingressantes,<br><\/p>\n\n\n\n<p>Sejam bem-vindos(as) \u00e0 Universidade Federal de Pelotas! Para apoi\u00e1-los nesse in\u00edcio de jornada acad\u00eamica, a <strong>Pr\u00f3-Reitoria de Ensino (PRE)<\/strong>, por meio da <strong>Coordena\u00e7\u00e3o de Pedagogia Universit\u00e1ria (CPU)<\/strong> e do <strong>N\u00facleo de Forma\u00e7\u00e3o de Professores (NUFOR)<\/strong>, tem o prazer de convid\u00e1-los para a Forma\u00e7\u00e3o para Professores Ingressantes da UFPel.<\/p>\n\n\n\n<p class=\"has-luminous-vivid-amber-background-color has-background\">A partir de 2026 esta Forma\u00e7\u00e3o recebeu um novo formato. Atendendo \u00e0s solicita\u00e7\u00f5es dos professores, a Forma\u00e7\u00e3o foi dividida em 4 m\u00f3dulos: 2 m\u00f3dulos presenciais de um dia inteiro mais material on-line, perfazendo 10h, e 2 m\u00f3dulos totalmente on-line de 10h cada.<\/p>\n\n\n\n<p>Cada m\u00f3dulo tem um tema espec\u00edfico: <\/p>\n\n\n\n<p><strong>M\u00f3dulo Institucional:<\/strong> apresenta a Institui\u00e7\u00e3o Universidade Federal de Pelotas, um pouco de sua hist\u00f3ria, estrutura organizacional e onde encontrar os principais documentos que regularizam nosso trabalho. Atualmente este m\u00f3dulo \u00e9 inteiramente on-line. Voc\u00ea pode se inscrever e cursar a qualquer momento.<\/p>\n\n\n\n<p><strong>M\u00f3dulo Ocupacional:<\/strong> tratando de direitos e deveres do servidor, carreira docente, progress\u00e3o e tudo o que estiver relacionado ao seu v\u00ednculo como professor. M\u00f3dulo presencial com material on-line. Os m\u00f3dulos presenciais t\u00eam data prevista no Calend\u00e1rio Acad\u00eamico.<\/p>\n\n\n\n<p><strong>M\u00f3dulo Operacional:<\/strong> como utilizar os sistemas da Universidade. Conhecendo o Cobalto, o SEI, entendendo os fluxos de processos e as quest\u00f5es de registro acad\u00eamico. Atualmente este m\u00f3dulo \u00e9 inteiramente on-line. Voc\u00ea pode se inscrever e cursar a qualquer momento.<\/p>\n\n\n\n<p><strong>M\u00f3dulo Did\u00e1tico:<\/strong> conhecendo a Pedagogia Universit\u00e1ria, metodologias de ensino e o exerc\u00edcio da doc\u00eancia no Ensino Superior. M\u00f3dulo presencial com material on-line. Os m\u00f3dulos presenciais t\u00eam data prevista no Calend\u00e1rio Acad\u00eamico.<\/p>\n\n\n\n<p class=\"has-luminous-vivid-amber-background-color has-background\">Os m\u00f3dulos presenciais j\u00e1 tem datas definidas para 2026. Veja na nossa p\u00e1gina <a href=\"https:\/\/wp.ufpel.edu.br\/cpu\/proximos-eventos\/\">Pr\u00f3ximos Eventos<\/a>.<\/p>\n\n\n\n<p class=\"has-luminous-vivid-amber-background-color has-background\">Os m\u00f3dulos on-line est\u00e3o em constru\u00e7\u00e3o. A previs\u00e3o \u00e9 que o m\u00f3dulo Institucional esteja pronto em junho e o m\u00f3dulo Operacional em novembro. <\/p>\n\n\n\n<h3 class=\"wp-block-heading\">Da obrigatoriedade e considera\u00e7\u00e3o de outras forma\u00e7\u00f5es:<\/h3>\n\n\n\n<p>A forma\u00e7\u00e3o \u00e9 obrigat\u00f3ria para docentes em est\u00e1gio probat\u00f3rio, independentemente de experi\u00eancias anteriores, conforme a Resolu\u00e7\u00e3o do COCEPE n\u00ba 105 de 02 de abril de 2026, <a href=\"https:\/\/wp.ufpel.edu.br\/cpu\/files\/2026\/04\/SEI_3777716_Resolucao_105.pdf\">dispon\u00edvel aqui<\/a>.<\/p>\n\n\n\n<p>Orienta-se aos\/\u00e0s docentes ingressantes que participem da Forma\u00e7\u00e3o para Professores Ingressantes ainda no primeiro ano de est\u00e1gio probat\u00f3rio, ou em at\u00e9 24 meses do seu ingresso, a fim de evitar poss\u00edveis preju\u00edzos no atendimento dos requisitos para homologa\u00e7\u00e3o do referido est\u00e1gio e, para se apropriarem das informa\u00e7\u00f5es pertinentes \u00e0 sua atua\u00e7\u00e3o enquanto docentes na institui\u00e7\u00e3o.<\/p>\n\n\n\n<p>Professores em est\u00e1gio probat\u00f3rio dever\u00e3o concluir os 4 m\u00f3dulos da Forma\u00e7\u00e3o, totalizando 40h. Ser\u00e3o certificados por m\u00f3dulo conclu\u00eddo. <\/p>\n\n\n\n<p>A participa\u00e7\u00e3o em outras forma\u00e7\u00f5es durante o est\u00e1gio probat\u00f3rio, que caracterizem a\u00e7\u00f5es de forma\u00e7\u00e3o docente versando sobre reflex\u00f5es pedag\u00f3gicas e metodologias contempor\u00e2neas, poder\u00e3o ser validadas mediante an\u00e1lise da Coordena\u00e7\u00e3o de Pedagogia Universit\u00e1ria. Se este \u00e9 o seu caso, encaminhe um e-mail para cpu@ufpel.edu.br com c\u00f3pia do seu certificado solicitando substitui\u00e7\u00e3o do M\u00f3dulo Did\u00e1tico pelo curso que voc\u00ea completou. ATEN\u00c7\u00c3O: a mera solicita\u00e7\u00e3o n\u00e3o garante a aprova\u00e7\u00e3o da carga hor\u00e1ria, devendo passar por avalia\u00e7\u00e3o do conte\u00fado do curso para ser aprovada.<br><\/p>\n","protected":false},"excerpt":{"rendered":"<p>Prezados(as) Professores(as) Ingressantes, Sejam bem-vindos(as) \u00e0 Universidade Federal de Pelotas! Para apoi\u00e1-los nesse in\u00edcio de jornada acad\u00eamica, a Pr\u00f3-Reitoria de Ensino (PRE), por meio da Coordena\u00e7\u00e3o de Pedagogia Universit\u00e1ria (CPU) e do N\u00facleo de Forma\u00e7\u00e3o de Professores (NUFOR), tem o prazer de convid\u00e1-los para a Forma\u00e7\u00e3o para Professores Ingressantes da UFPel. A partir de 2026 [&hellip;]<\/p>\n","protected":false},"author":1320,"featured_media":0,"parent":0,"menu_order":0,"comment_status":"closed","ping_status":"closed","template":"","meta":{"footnotes":""},"class_list":["post-1643","page","type-page","status-publish","hentry"],"jetpack-related-posts":[{"id":825,"url":"https:\/\/wp.ufpel.edu.br\/cpu\/ingressantes\/","url_meta":{"origin":1643,"position":0},"title":"Ingressantes","author":"CPU","date":"27\/04\/2021","format":false,"excerpt":"O evento, que ocorre semestralmente, promove a\u00e7\u00f5es de forma\u00e7\u00e3o que buscam contemplar a integra\u00e7\u00e3o do(a) professor(a) ingressante \u00e0 cultura universit\u00e1ria, bem como debater quest\u00f5es pedag\u00f3gicas no contexto da Doc\u00eancia no Ensino Superior.O curso \u00e9 dividido em dois m\u00f3dulos independentes, de 20 horas cada, sendo o M\u00f3dulo I realizado no turno\u2026","rel":"","context":"Post similar","block_context":{"text":"Post similar","link":""},"img":{"alt_text":"","src":"","width":0,"height":0},"classes":[]},{"id":1561,"url":"https:\/\/wp.ufpel.edu.br\/cpu\/proximos-eventos\/","url_meta":{"origin":1643,"position":1},"title":"Pr\u00f3ximos eventos","author":"marcialopes","date":"17\/03\/2025","format":false,"excerpt":"Confira nosso calend\u00e1rio de eventos para 2026: ATEN\u00c7\u00c3O: estas datas s\u00e3o uma previs\u00e3o, podem haver altera\u00e7\u00f5es. Confira nossa p\u00e1gina de Not\u00edcias para verificar atualiza\u00e7\u00f5es. Maio 19 - CineDebate: \"Celular: conex\u00e3o ou distra\u00e7\u00e3o? Proibir ou integrar?\" Debatedor Prof Dr Hector Cury Soares (FURG) Saiba mais Inscreva-se 21 \u2013 Forma\u00e7\u00e3o para Professores\u2026","rel":"","context":"Post similar","block_context":{"text":"Post similar","link":""},"img":{"alt_text":"","src":"","width":0,"height":0},"classes":[]},{"id":1647,"url":"https:\/\/wp.ufpel.edu.br\/cpu\/inscricao-para-a-xv-formacao-para-professores-ingressantes\/","url_meta":{"origin":1643,"position":2},"title":"Inscri\u00e7\u00e3o para a XV Forma\u00e7\u00e3o para Professores Ingressantes","author":"marcialopes","date":"12\/05\/2025","format":false,"excerpt":"Em breve","rel":"","context":"Post similar","block_context":{"text":"Post similar","link":""},"img":{"alt_text":"","src":"","width":0,"height":0},"classes":[]},{"id":745,"url":"https:\/\/wp.ufpel.edu.br\/cpu\/apresentacao-cpu\/","url_meta":{"origin":1643,"position":3},"title":"Apresenta\u00e7\u00e3o","author":"CPU","date":"25\/04\/2021","format":false,"excerpt":"Ensinar n\u00e3o \u00e9 transferir conhecimento, mas criar as possibilidades para a sua pr\u00f3pria produ\u00e7\u00e3o ou a sua constru\u00e7\u00e3o.Paulo Freire, Pedagogia da Autonomia A Coordena\u00e7\u00e3o de Pedagogia Universit\u00e1ria (CPU) \u00e9 o \u00f3rg\u00e3o respons\u00e1vel por planejar e desenvolver a pol\u00edtica de forma\u00e7\u00e3o para professores na UFPEL. Sejam professores ingressantes ou em forma\u00e7\u00e3o\u2026","rel":"","context":"Post similar","block_context":{"text":"Post similar","link":""},"img":{"alt_text":"","src":"","width":0,"height":0},"classes":[]},{"id":1352,"url":"https:\/\/wp.ufpel.edu.br\/cpu\/gestao-pedagogica\/","url_meta":{"origin":1643,"position":4},"title":"Gest\u00e3o Pedag\u00f3gica","author":"marcialopes","date":"03\/10\/2024","format":false,"excerpt":"Encontre aqui as refer\u00eancias sobre quest\u00f5es de organiza\u00e7\u00e3o do curso e pedagogia universit\u00e1ria.\u00a0 Pesquise por assunto na tabela abaixo e acesse o link correspondente para maiores informa\u00e7\u00f5es: AssuntoDescri\u00e7\u00e3oLinkCadastro da matriz curricular no sistema acad\u00eamicoCurr\u00edculo; equival\u00eancias; pr\u00e9-requisitos; CobaltoN\u00facleo de Curr\u00edculos e Hist\u00f3ricos CRADiretrizes Elabora\u00e7\u00e3o PPCDiretrizes para elabora\u00e7\u00e3o do PPC; Fluxograma do\u2026","rel":"","context":"Post similar","block_context":{"text":"Post similar","link":""},"img":{"alt_text":"","src":"","width":0,"height":0},"classes":[]},{"id":20,"url":"https:\/\/wp.ufpel.edu.br\/cpu\/o-programa\/","url_meta":{"origin":1643,"position":5},"title":"O Programa","author":"lwdias","date":"29\/03\/2018","format":false,"excerpt":"Resolu\u00e7\u00e3o N\u00b0 15 de 25 de maio de 2017 O ano de 2017 representou um marco para a Pedagogia Universit\u00e1ria na Universidade Federal de Pelotas com a regulamenta\u00e7\u00e3o e aprova\u00e7\u00e3o pelo COCEPE da Resolu\u00e7\u00e3o n\u00ba de 25 de maio de 2017 que institucionalizou o programa dentro da institui\u00e7\u00e3o. Atendendo ao\u2026","rel":"","context":"Post similar","block_context":{"text":"Post similar","link":""},"img":{"alt_text":"","src":"","width":0,"height":0},"classes":[]}],"jetpack_sharing_enabled":true,"_links":{"self":[{"href":"https:\/\/wp.ufpel.edu.br\/cpu\/wp-json\/wp\/v2\/pages\/1643","targetHints":{"allow":["GET"]}}],"collection":[{"href":"https:\/\/wp.ufpel.edu.br\/cpu\/wp-json\/wp\/v2\/pages"}],"about":[{"href":"https:\/\/wp.ufpel.edu.br\/cpu\/wp-json\/wp\/v2\/types\/page"}],"author":[{"embeddable":true,"href":"https:\/\/wp.ufpel.edu.br\/cpu\/wp-json\/wp\/v2\/users\/1320"}],"replies":[{"embeddable":true,"href":"https:\/\/wp.ufpel.edu.br\/cpu\/wp-json\/wp\/v2\/comments?post=1643"}],"version-history":[{"count":2,"href":"https:\/\/wp.ufpel.edu.br\/cpu\/wp-json\/wp\/v2\/pages\/1643\/revisions"}],"predecessor-version":[{"id":1972,"href":"https:\/\/wp.ufpel.edu.br\/cpu\/wp-json\/wp\/v2\/pages\/1643\/revisions\/1972"}],"wp:attachment":[{"href":"https:\/\/wp.ufpel.edu.br\/cpu\/wp-json\/wp\/v2\/media?parent=1643"}],"curies":[{"name":"wp","href":"https:\/\/api.w.org\/{rel}","templated":true}]}}