{"id":1561,"date":"2025-03-17T17:17:21","date_gmt":"2025-03-17T20:17:21","guid":{"rendered":"https:\/\/wp.ufpel.edu.br\/cpu\/?page_id=1561"},"modified":"2026-05-05T15:17:40","modified_gmt":"2026-05-05T18:17:40","slug":"proximos-eventos","status":"publish","type":"page","link":"https:\/\/wp.ufpel.edu.br\/cpu\/proximos-eventos\/","title":{"rendered":"Pr\u00f3ximos eventos"},"content":{"rendered":"\n<p>Confira nosso calend\u00e1rio de eventos para 2026:<\/p>\n\n\n\n<p class=\"has-black-color has-text-color has-background has-link-color wp-elements-1c1824f2bd8f033e077d218c98c279ee\" style=\"background-color:#8a7730\"><strong>ATEN\u00c7\u00c3O<\/strong>: estas datas s\u00e3o uma previs\u00e3o, podem haver altera\u00e7\u00f5es. Confira nossa p\u00e1gina de Not\u00edcias para verificar atualiza\u00e7\u00f5es.<\/p>\n\n\n\n<h2 class=\"wp-block-heading\"><mark style=\"background-color:rgba(0, 0, 0, 0);color:#8a7730\" class=\"has-inline-color\">Maio<\/mark><\/h2>\n\n\n\n<p>19 &#8211; CineDebate: &#8220;Celular: conex\u00e3o ou distra\u00e7\u00e3o? Proibir ou integrar?&#8221; Debatedor Prof Dr Hector Cury Soares (FURG)<\/p>\n\n\n\n<div class=\"wp-block-buttons is-content-justification-center is-layout-flex wp-container-core-buttons-is-layout-16018d1d wp-block-buttons-is-layout-flex\">\n<div class=\"wp-block-button has-custom-width wp-block-button__width-25 is-style-outline is-style-outline--1\"><a class=\"wp-block-button__link has-white-background-color has-text-color has-background has-link-color has-regular-font-size has-custom-font-size wp-element-button\" href=\"https:\/\/wp.ufpel.edu.br\/cpu\/2026\/04\/29\/cinedebate\/\" style=\"color:#8a7730\">Saiba mais<\/a><\/div>\n\n\n\n<div class=\"wp-block-button has-custom-width wp-block-button__width-25 is-style-outline is-style-outline--2\"><a class=\"wp-block-button__link has-white-background-color has-text-color has-background has-link-color has-regular-font-size has-custom-font-size wp-element-button\" href=\"https:\/\/docs.google.com\/forms\/d\/e\/1FAIpQLSexGRKSkfRrtDVabPMDeIHuw6Fn-2BcRnY0E3lEN24cLoL6SA\/viewform?usp=dialog\" style=\"color:#8a7730\">Inscreva-se<\/a><\/div>\n<\/div>\n\n\n\n<p><br>21 \u2013 Forma\u00e7\u00e3o para Professores Ingressantes &#8211; M\u00f3dulo Ocupacional<\/p>\n\n\n\n<div class=\"wp-block-buttons is-content-justification-center is-layout-flex wp-container-core-buttons-is-layout-16018d1d wp-block-buttons-is-layout-flex\">\n<div class=\"wp-block-button has-custom-width wp-block-button__width-25 is-style-outline is-style-outline--3\"><a class=\"wp-block-button__link has-white-background-color has-text-color has-background has-link-color has-regular-font-size has-custom-font-size wp-element-button\" href=\"https:\/\/wp.ufpel.edu.br\/cpu\/formacao-para-professores-ingressantes\/\" style=\"color:#8a7730\">Saiba mais<\/a><\/div>\n\n\n\n<div class=\"wp-block-button has-custom-width wp-block-button__width-25 is-style-outline is-style-outline--4\"><a class=\"wp-block-button__link has-white-background-color has-text-color has-background has-link-color has-regular-font-size has-custom-font-size wp-element-button\" href=\"https:\/\/docs.google.com\/forms\/d\/e\/1FAIpQLSejJWtov2XESwqR2u_dJTXcP40yK9_FSR4JqkE3fh7MyxDDMw\/viewform?usp=dialog\" style=\"color:#8a7730\">Inscreva-se<\/a><\/div>\n<\/div>\n\n\n\n<h2 class=\"wp-block-heading\"><mark style=\"background-color:rgba(0, 0, 0, 0);color:#8a7730\" class=\"has-inline-color\">Junho<\/mark><\/h2>\n\n\n\n<p><br>10 \u2013 Forma\u00e7\u00e3o Continuada<\/p>\n\n\n\n<div class=\"wp-block-buttons is-content-justification-center is-layout-flex wp-container-core-buttons-is-layout-16018d1d wp-block-buttons-is-layout-flex\">\n<div class=\"wp-block-button has-custom-width wp-block-button__width-25 is-style-outline is-style-outline--5\"><a class=\"wp-block-button__link has-white-background-color has-text-color has-background has-link-color has-regular-font-size has-custom-font-size wp-element-button\" style=\"color:#8a7730\">Saiba mais<\/a><\/div>\n\n\n\n<div class=\"wp-block-button has-custom-width wp-block-button__width-25 is-style-outline is-style-outline--6\"><a class=\"wp-block-button__link has-white-background-color has-text-color has-background has-link-color has-regular-font-size has-custom-font-size wp-element-button\" href=\"https:\/\/wp.ufpel.edu.br\/cpu\/em-breve\/\" style=\"color:#8a7730\">Inscreva-se<\/a><\/div>\n<\/div>\n\n\n\n<p><br>26 &#8211; Forma\u00e7\u00e3o para Professores Ingressantes<\/p>\n\n\n\n<div class=\"wp-block-buttons is-content-justification-center is-layout-flex wp-container-core-buttons-is-layout-16018d1d wp-block-buttons-is-layout-flex\">\n<div class=\"wp-block-button has-custom-width wp-block-button__width-25 is-style-outline is-style-outline--7\"><a class=\"wp-block-button__link has-white-background-color has-text-color has-background has-link-color has-regular-font-size has-custom-font-size wp-element-button\" style=\"color:#8a7730\">Saiba mais<\/a><\/div>\n\n\n\n<div class=\"wp-block-button has-custom-width wp-block-button__width-25 is-style-outline is-style-outline--8\"><a class=\"wp-block-button__link has-white-background-color has-text-color has-background has-link-color has-regular-font-size has-custom-font-size wp-element-button\" href=\"https:\/\/wp.ufpel.edu.br\/cpu\/em-breve\/\" style=\"color:#8a7730\">Inscreva-se<\/a><\/div>\n<\/div>\n\n\n\n<h2 class=\"wp-block-heading\"><mark style=\"background-color:rgba(0, 0, 0, 0);color:#8a7730\" class=\"has-inline-color\">Julho<\/mark><\/h2>\n\n\n\n<p><br>09 \u2013 Forma\u00e7\u00e3o Continuada<\/p>\n\n\n\n<div class=\"wp-block-buttons is-content-justification-center is-layout-flex wp-container-core-buttons-is-layout-16018d1d wp-block-buttons-is-layout-flex\">\n<div class=\"wp-block-button has-custom-width wp-block-button__width-25 is-style-outline is-style-outline--9\"><a class=\"wp-block-button__link has-white-background-color has-text-color has-background has-link-color has-regular-font-size has-custom-font-size wp-element-button\" style=\"color:#8a7730\">Saiba mais<\/a><\/div>\n\n\n\n<div class=\"wp-block-button has-custom-width wp-block-button__width-25 is-style-outline is-style-outline--10\"><a class=\"wp-block-button__link has-white-background-color has-text-color has-background has-link-color has-regular-font-size has-custom-font-size wp-element-button\" href=\"https:\/\/wp.ufpel.edu.br\/cpu\/em-breve\/\" style=\"color:#8a7730\">Inscreva-se<\/a><\/div>\n<\/div>\n\n\n\n<p><br>20 &#8211; Forma\u00e7\u00e3o para Professores Ingressantes<\/p>\n\n\n\n<div class=\"wp-block-buttons is-content-justification-center is-layout-flex wp-container-core-buttons-is-layout-16018d1d wp-block-buttons-is-layout-flex\">\n<div class=\"wp-block-button has-custom-width wp-block-button__width-25 is-style-outline is-style-outline--11\"><a class=\"wp-block-button__link has-white-background-color has-text-color has-background has-link-color has-regular-font-size has-custom-font-size wp-element-button\" style=\"color:#8a7730\">Saiba mais<\/a><\/div>\n\n\n\n<div class=\"wp-block-button has-custom-width wp-block-button__width-25 is-style-outline is-style-outline--12\"><a class=\"wp-block-button__link has-white-background-color has-text-color has-background has-link-color has-regular-font-size has-custom-font-size wp-element-button\" href=\"https:\/\/wp.ufpel.edu.br\/cpu\/em-breve\/\" style=\"color:#8a7730\">Inscreva-se<\/a><\/div>\n<\/div>\n\n\n\n<h2 class=\"wp-block-heading\"><mark style=\"background-color:rgba(0, 0, 0, 0);color:#8a7730\" class=\"has-inline-color\">Agosto<\/mark><\/h2>\n\n\n\n<p><br>14 \u2013 Forma\u00e7\u00e3o Continuada<\/p>\n\n\n\n<div class=\"wp-block-buttons is-content-justification-center is-layout-flex wp-container-core-buttons-is-layout-16018d1d wp-block-buttons-is-layout-flex\">\n<div class=\"wp-block-button has-custom-width wp-block-button__width-25 is-style-outline is-style-outline--13\"><a class=\"wp-block-button__link has-white-background-color has-text-color has-background has-link-color has-regular-font-size has-custom-font-size wp-element-button\" style=\"color:#8a7730\">Saiba mais<\/a><\/div>\n\n\n\n<div class=\"wp-block-button has-custom-width wp-block-button__width-25 is-style-outline is-style-outline--14\"><a class=\"wp-block-button__link has-white-background-color has-text-color has-background has-link-color has-regular-font-size has-custom-font-size wp-element-button\" href=\"https:\/\/wp.ufpel.edu.br\/cpu\/em-breve\/\" style=\"color:#8a7730\">Inscreva-se<\/a><\/div>\n<\/div>\n\n\n\n<p><br>27 e 28 \u2013 XI Forma\u00e7\u00e3o para Coordenadoras e Coordenadores de Cursos de Gradua\u00e7\u00e3o da UFPEL<\/p>\n\n\n\n<div class=\"wp-block-buttons is-content-justification-center is-layout-flex wp-container-core-buttons-is-layout-16018d1d wp-block-buttons-is-layout-flex\">\n<div class=\"wp-block-button has-custom-width wp-block-button__width-25 is-style-outline is-style-outline--15\"><a class=\"wp-block-button__link has-white-background-color has-text-color has-background has-link-color has-regular-font-size has-custom-font-size wp-element-button\" href=\"https:\/\/wp.ufpel.edu.br\/cpu\/viii-formacao-para-coordenadoras-e-coordenadores-de-cursos-de-graduacao-da-ufpel\/\" style=\"color:#8a7730\">Saiba mais<\/a><\/div>\n\n\n\n<div class=\"wp-block-button has-custom-width wp-block-button__width-25 is-style-outline is-style-outline--16\"><a class=\"wp-block-button__link has-white-background-color has-text-color has-background has-link-color has-regular-font-size has-custom-font-size wp-element-button\" href=\"https:\/\/wp.ufpel.edu.br\/cpu\/em-breve\/\" style=\"color:#8a7730\">Inscreva-se<\/a><\/div>\n<\/div>\n\n\n\n<h2 class=\"wp-block-heading\"><mark style=\"background-color:rgba(0, 0, 0, 0);color:#8a7730\" class=\"has-inline-color\">Setembro<\/mark><\/h2>\n\n\n\n<p><br>16 &#8211; Forma\u00e7\u00e3o para Professores Ingressantes<\/p>\n\n\n\n<div class=\"wp-block-buttons is-content-justification-center is-layout-flex wp-container-core-buttons-is-layout-16018d1d wp-block-buttons-is-layout-flex\">\n<div class=\"wp-block-button has-custom-width wp-block-button__width-25 is-style-outline is-style-outline--17\"><a class=\"wp-block-button__link has-white-background-color has-text-color has-background has-link-color has-regular-font-size has-custom-font-size wp-element-button\" style=\"color:#8a7730\">Saiba mais<\/a><\/div>\n\n\n\n<div class=\"wp-block-button has-custom-width wp-block-button__width-25 is-style-outline is-style-outline--18\"><a class=\"wp-block-button__link has-white-background-color has-text-color has-background has-link-color has-regular-font-size has-custom-font-size wp-element-button\" href=\"https:\/\/wp.ufpel.edu.br\/cpu\/em-breve\/\" style=\"color:#8a7730\">Inscreva-se<\/a><\/div>\n<\/div>\n\n\n\n<p><br>21 \u2013 Forma\u00e7\u00e3o Continuada<\/p>\n\n\n\n<div class=\"wp-block-buttons is-content-justification-center is-layout-flex wp-container-core-buttons-is-layout-16018d1d wp-block-buttons-is-layout-flex\">\n<div class=\"wp-block-button has-custom-width wp-block-button__width-25 is-style-outline is-style-outline--19\"><a class=\"wp-block-button__link has-white-background-color has-text-color has-background has-link-color has-regular-font-size has-custom-font-size wp-element-button\" style=\"color:#8a7730\">Saiba mais<\/a><\/div>\n\n\n\n<div class=\"wp-block-button has-custom-width wp-block-button__width-25 is-style-outline is-style-outline--20\"><a class=\"wp-block-button__link has-white-background-color has-text-color has-background has-link-color has-regular-font-size has-custom-font-size wp-element-button\" href=\"https:\/\/wp.ufpel.edu.br\/cpu\/em-breve\/\" style=\"color:#8a7730\">Inscreva-se<\/a><\/div>\n<\/div>\n\n\n\n<h2 class=\"wp-block-heading\"><mark style=\"background-color:rgba(0, 0, 0, 0);color:#8a7730\" class=\"has-inline-color\">Outubro<\/mark><\/h2>\n\n\n\n<p><br>01 e 02 \u2013 V Forma\u00e7\u00e3o para NDEs<\/p>\n\n\n\n<div class=\"wp-block-buttons is-content-justification-center is-layout-flex wp-container-core-buttons-is-layout-16018d1d wp-block-buttons-is-layout-flex\">\n<div class=\"wp-block-button has-custom-width wp-block-button__width-25 is-style-outline is-style-outline--21\"><a class=\"wp-block-button__link has-white-background-color has-text-color has-background has-link-color has-regular-font-size has-custom-font-size wp-element-button\" href=\"https:\/\/wp.ufpel.edu.br\/cpu\/formacao-para-ndes\/\" style=\"color:#8a7730\">Saiba mais<\/a><\/div>\n\n\n\n<div class=\"wp-block-button has-custom-width wp-block-button__width-25 is-style-outline is-style-outline--22\"><a class=\"wp-block-button__link has-white-background-color has-text-color has-background has-link-color has-regular-font-size has-custom-font-size wp-element-button\" href=\"https:\/\/wp.ufpel.edu.br\/cpu\/em-breve\/\" style=\"color:#8a7730\">Inscreva-se<\/a><\/div>\n<\/div>\n\n\n\n<p><br>13 \u2013 Forma\u00e7\u00e3o Continuada<\/p>\n\n\n\n<div class=\"wp-block-buttons is-content-justification-center is-layout-flex wp-container-core-buttons-is-layout-16018d1d wp-block-buttons-is-layout-flex\">\n<div class=\"wp-block-button has-custom-width wp-block-button__width-25 is-style-outline is-style-outline--23\"><a class=\"wp-block-button__link has-white-background-color has-text-color has-background has-link-color has-regular-font-size has-custom-font-size wp-element-button\" style=\"color:#8a7730\">Saiba mais<\/a><\/div>\n\n\n\n<div class=\"wp-block-button has-custom-width wp-block-button__width-25 is-style-outline is-style-outline--24\"><a class=\"wp-block-button__link has-white-background-color has-text-color has-background has-link-color has-regular-font-size has-custom-font-size wp-element-button\" href=\"https:\/\/wp.ufpel.edu.br\/cpu\/em-breve\/\" style=\"color:#8a7730\">Inscreva-se<\/a><\/div>\n<\/div>\n\n\n\n<h2 class=\"wp-block-heading\"><mark style=\"background-color:rgba(0, 0, 0, 0);color:#8a7730\" class=\"has-inline-color\">Dezembro<\/mark><\/h2>\n\n\n\n<p><br>09 \u2013 Forma\u00e7\u00e3o Continuada<\/p>\n\n\n\n<div class=\"wp-block-buttons is-content-justification-center is-layout-flex wp-container-core-buttons-is-layout-16018d1d wp-block-buttons-is-layout-flex\">\n<div class=\"wp-block-button has-custom-width wp-block-button__width-25 is-style-outline is-style-outline--25\"><a class=\"wp-block-button__link has-white-background-color has-text-color has-background has-link-color has-regular-font-size has-custom-font-size wp-element-button\" style=\"color:#8a7730\">Saiba mais<\/a><\/div>\n\n\n\n<div class=\"wp-block-button has-custom-width wp-block-button__width-25 is-style-outline is-style-outline--26\"><a class=\"wp-block-button__link has-white-background-color has-text-color has-background has-link-color has-regular-font-size has-custom-font-size wp-element-button\" href=\"https:\/\/wp.ufpel.edu.br\/cpu\/em-breve\/\" style=\"color:#8a7730\">Inscreva-se<\/a><\/div>\n<\/div>\n\n\n\n<p><\/p>\n","protected":false},"excerpt":{"rendered":"<p>Confira nosso calend\u00e1rio de eventos para 2026: ATEN\u00c7\u00c3O: estas datas s\u00e3o uma previs\u00e3o, podem haver altera\u00e7\u00f5es. Confira nossa p\u00e1gina de Not\u00edcias para verificar atualiza\u00e7\u00f5es. Maio 19 &#8211; CineDebate: &#8220;Celular: conex\u00e3o ou distra\u00e7\u00e3o? Proibir ou integrar?&#8221; Debatedor Prof Dr Hector Cury Soares (FURG) 21 \u2013 Forma\u00e7\u00e3o para Professores Ingressantes &#8211; M\u00f3dulo Ocupacional Junho 10 \u2013 Forma\u00e7\u00e3o [&hellip;]<\/p>\n","protected":false},"author":1320,"featured_media":0,"parent":0,"menu_order":0,"comment_status":"closed","ping_status":"closed","template":"","meta":{"footnotes":""},"class_list":["post-1561","page","type-page","status-publish","hentry"],"jetpack-related-posts":[{"id":825,"url":"https:\/\/wp.ufpel.edu.br\/cpu\/ingressantes\/","url_meta":{"origin":1561,"position":0},"title":"Ingressantes","author":"CPU","date":"27\/04\/2021","format":false,"excerpt":"O evento, que ocorre semestralmente, promove a\u00e7\u00f5es de forma\u00e7\u00e3o que buscam contemplar a integra\u00e7\u00e3o do(a) professor(a) ingressante \u00e0 cultura universit\u00e1ria, bem como debater quest\u00f5es pedag\u00f3gicas no contexto da Doc\u00eancia no Ensino Superior.O curso \u00e9 dividido em dois m\u00f3dulos independentes, de 20 horas cada, sendo o M\u00f3dulo I realizado no turno\u2026","rel":"","context":"Post similar","block_context":{"text":"Post similar","link":""},"img":{"alt_text":"","src":"","width":0,"height":0},"classes":[]},{"id":1572,"url":"https:\/\/wp.ufpel.edu.br\/cpu\/viii-formacao-para-coordenadoras-e-coordenadores-de-cursos-de-graduacao-da-ufpel\/","url_meta":{"origin":1561,"position":1},"title":"Forma\u00e7\u00e3o para Coordenadoras e Coordenadores de Cursos de Gradua\u00e7\u00e3o da UFPEL","author":"marcialopes","date":"17\/03\/2025","format":false,"excerpt":"Pensando nos desafios que envolvem o trabalho das Coordena\u00e7\u00f5es de Cursos, a Coordena\u00e7\u00e3o de Pedagogia Universit\u00e1ria, atrav\u00e9s do N\u00facleo de Forma\u00e7\u00e3o de Professores, realiza a presente Forma\u00e7\u00e3o. Com o objetivo de proporcionar uma experi\u00eancia acess\u00edvel e produtiva, a forma\u00e7\u00e3o \u00e9 realizada em\u00a0dois dias, permitindo a participa\u00e7\u00e3o de um maior n\u00famero\u2026","rel":"","context":"Post similar","block_context":{"text":"Post similar","link":""},"img":{"alt_text":"","src":"","width":0,"height":0},"classes":[]},{"id":1643,"url":"https:\/\/wp.ufpel.edu.br\/cpu\/formacao-para-professores-ingressantes\/","url_meta":{"origin":1561,"position":2},"title":"Forma\u00e7\u00e3o para Professores Ingressantes","author":"marcialopes","date":"12\/05\/2025","format":false,"excerpt":"Prezados(as) Professores(as) Ingressantes, Sejam bem-vindos(as) \u00e0 Universidade Federal de Pelotas! Para apoi\u00e1-los nesse in\u00edcio de jornada acad\u00eamica, a Pr\u00f3-Reitoria de Ensino (PRE), por meio da Coordena\u00e7\u00e3o de Pedagogia Universit\u00e1ria (CPU) e do N\u00facleo de Forma\u00e7\u00e3o de Professores (NUFOR), tem o prazer de convid\u00e1-los para a Forma\u00e7\u00e3o para Professores Ingressantes da\u2026","rel":"","context":"Post similar","block_context":{"text":"Post similar","link":""},"img":{"alt_text":"","src":"","width":0,"height":0},"classes":[]},{"id":20,"url":"https:\/\/wp.ufpel.edu.br\/cpu\/o-programa\/","url_meta":{"origin":1561,"position":3},"title":"O Programa","author":"lwdias","date":"29\/03\/2018","format":false,"excerpt":"Resolu\u00e7\u00e3o N\u00b0 15 de 25 de maio de 2017 O ano de 2017 representou um marco para a Pedagogia Universit\u00e1ria na Universidade Federal de Pelotas com a regulamenta\u00e7\u00e3o e aprova\u00e7\u00e3o pelo COCEPE da Resolu\u00e7\u00e3o n\u00ba de 25 de maio de 2017 que institucionalizou o programa dentro da institui\u00e7\u00e3o. Atendendo ao\u2026","rel":"","context":"Post similar","block_context":{"text":"Post similar","link":""},"img":{"alt_text":"","src":"","width":0,"height":0},"classes":[]}],"jetpack_sharing_enabled":true,"_links":{"self":[{"href":"https:\/\/wp.ufpel.edu.br\/cpu\/wp-json\/wp\/v2\/pages\/1561","targetHints":{"allow":["GET"]}}],"collection":[{"href":"https:\/\/wp.ufpel.edu.br\/cpu\/wp-json\/wp\/v2\/pages"}],"about":[{"href":"https:\/\/wp.ufpel.edu.br\/cpu\/wp-json\/wp\/v2\/types\/page"}],"author":[{"embeddable":true,"href":"https:\/\/wp.ufpel.edu.br\/cpu\/wp-json\/wp\/v2\/users\/1320"}],"replies":[{"embeddable":true,"href":"https:\/\/wp.ufpel.edu.br\/cpu\/wp-json\/wp\/v2\/comments?post=1561"}],"version-history":[{"count":3,"href":"https:\/\/wp.ufpel.edu.br\/cpu\/wp-json\/wp\/v2\/pages\/1561\/revisions"}],"predecessor-version":[{"id":1977,"href":"https:\/\/wp.ufpel.edu.br\/cpu\/wp-json\/wp\/v2\/pages\/1561\/revisions\/1977"}],"wp:attachment":[{"href":"https:\/\/wp.ufpel.edu.br\/cpu\/wp-json\/wp\/v2\/media?parent=1561"}],"curies":[{"name":"wp","href":"https:\/\/api.w.org\/{rel}","templated":true}]}}