{"id":1358,"date":"2024-10-03T14:57:54","date_gmt":"2024-10-03T17:57:54","guid":{"rendered":"https:\/\/wp.ufpel.edu.br\/cpu\/?page_id=1358"},"modified":"2025-05-08T09:09:57","modified_gmt":"2025-05-08T12:09:57","slug":"sistemas-de-gestao","status":"publish","type":"page","link":"https:\/\/wp.ufpel.edu.br\/cpu\/sistemas-de-gestao\/","title":{"rendered":"Sistemas de Gest\u00e3o"},"content":{"rendered":"<p>Encontre aqui as refer\u00eancias sobre os sistemas informatizados utilizados pela UFPEL.<\/p>\n<p>Pesquise por assunto na tabela abaixo e acesse o link correspondente para maiores informa\u00e7\u00f5es:<\/p>\n<table class=\"aligncenter\" dir=\"ltr\" style=\"width: 723px;\" border=\"1\" cellspacing=\"0\" cellpadding=\"0\" data-sheets-root=\"1\"><colgroup> <col width=\"204\" \/> <col width=\"242\" \/> <col width=\"198\" \/><\/colgroup>\n<tbody>\n<tr style=\"height: 20px;\">\n<td style=\"width: 202.359px; height: 20px; text-align: left;\"><strong>Assunto<\/strong><\/td>\n<td style=\"width: 279.375px; height: 20px;\"><strong>Descri\u00e7\u00e3o<\/strong><\/td>\n<td style=\"width: 233.266px; height: 20px;\"><strong>Link<\/strong><\/td>\n<\/tr>\n<tr style=\"height: 20px;\">\n<td style=\"width: 202.359px; height: 20px;\" data-sheets-value=\"{&quot;1&quot;:2,&quot;2&quot;:&quot;Bibliotecas&quot;}\"><strong>Bibliotecas<\/strong><\/td>\n<td style=\"width: 279.375px; height: 20px;\" data-sheets-value=\"{&quot;1&quot;:2,&quot;2&quot;:&quot;Sistema de bibliotecas&quot;}\">Sistema de bibliotecas<\/td>\n<td style=\"width: 233.266px; height: 20px;\" data-sheets-value=\"{&quot;1&quot;:2,&quot;2&quot;:&quot;Bibliotecas&quot;}\" data-sheets-hyperlink=\"https:\/\/wp.ufpel.edu.br\/sisbi\/\"><a class=\"in-cell-link\" href=\"https:\/\/wp.ufpel.edu.br\/sisbi\/\" target=\"_blank\" rel=\"noopener\">Bibliotecas<\/a><\/td>\n<\/tr>\n<tr style=\"height: 20px;\">\n<td style=\"width: 202.359px; height: 20px;\" data-sheets-value=\"{&quot;1&quot;:2,&quot;2&quot;:&quot;Calend\u00e1rio Acad\u00eamico&quot;}\"><strong>Calend\u00e1rio Acad\u00eamico<\/strong><\/td>\n<td style=\"width: 279.375px; height: 20px;\" data-sheets-value=\"{&quot;1&quot;:2,&quot;2&quot;:&quot;Calend\u00e1rio Acad\u00eamico&quot;}\">Calend\u00e1rio Acad\u00eamico<\/td>\n<td style=\"width: 233.266px; height: 20px;\" data-sheets-value=\"{&quot;1&quot;:2,&quot;2&quot;:&quot;Calend\u00e1rio Acad\u00eamico&quot;}\" data-sheets-hyperlink=\"https:\/\/wp.ufpel.edu.br\/cra\/calendarios-academicos\/\"><a class=\"in-cell-link\" href=\"https:\/\/wp.ufpel.edu.br\/cra\/calendarios-academicos\/\" target=\"_blank\" rel=\"noopener\">Calend\u00e1rio Acad\u00eamico<\/a><\/td>\n<\/tr>\n<tr style=\"height: 20px;\">\n<td style=\"width: 202.359px; height: 20px;\" data-sheets-value=\"{&quot;1&quot;:2,&quot;2&quot;:&quot;Calend\u00e1rio Administrativo&quot;}\"><strong>Calend\u00e1rio Administrativo<\/strong><\/td>\n<td style=\"width: 279.375px; height: 20px;\" data-sheets-value=\"{&quot;1&quot;:2,&quot;2&quot;:&quot;Calend\u00e1rio Administrativo&quot;}\">Calend\u00e1rio Administrativo<\/td>\n<td style=\"width: 233.266px; height: 20px;\" data-sheets-value=\"{&quot;1&quot;:2,&quot;2&quot;:&quot;Calend\u00e1rio Administrativo&quot;}\" data-sheets-hyperlink=\"https:\/\/wp.ufpel.edu.br\/calendarios\/administrativo\/\"><a class=\"in-cell-link\" href=\"https:\/\/wp.ufpel.edu.br\/calendarios\/administrativo\/\" target=\"_blank\" rel=\"noopener\">Calend\u00e1rio Administrativo<\/a><\/td>\n<\/tr>\n<tr style=\"height: 41px;\">\n<td style=\"width: 202.359px; height: 41px;\" data-sheets-value=\"{&quot;1&quot;:2,&quot;2&quot;:&quot;Cobalto&quot;}\"><strong>Cobalto<\/strong><\/td>\n<td style=\"width: 279.375px; height: 41px;\" data-sheets-value=\"{&quot;1&quot;:2,&quot;2&quot;:&quot;Gest\u00e3o acad\u00eamica; gest\u00e3o administrativa; gest\u00e3o de pessoal&quot;}\">Gest\u00e3o acad\u00eamica; gest\u00e3o administrativa; gest\u00e3o de pessoal<\/td>\n<td style=\"width: 233.266px; height: 41px;\" data-sheets-value=\"{&quot;1&quot;:2,&quot;2&quot;:&quot;Cobalto&quot;}\" data-sheets-hyperlink=\"https:\/\/cobalto.ufpel.edu.br\/\"><a class=\"in-cell-link\" href=\"https:\/\/cobalto.ufpel.edu.br\/\" target=\"_blank\" rel=\"noopener\">Cobalto<\/a><\/td>\n<\/tr>\n<tr style=\"height: 20px;\">\n<td style=\"width: 202.359px; height: 20px;\" data-sheets-value=\"{&quot;1&quot;:2,&quot;2&quot;:&quot;Cobalto FAQ&quot;}\"><strong>Cobalto FAQ<\/strong><\/td>\n<td style=\"width: 279.375px; height: 20px;\" data-sheets-value=\"{&quot;1&quot;:2,&quot;2&quot;:&quot;FAQ; informa\u00e7\u00f5es&quot;}\">FAQ; informa\u00e7\u00f5es<\/td>\n<td style=\"width: 233.266px; height: 20px;\" data-sheets-value=\"{&quot;1&quot;:2,&quot;2&quot;:&quot;WikiCobalto&quot;}\" data-sheets-hyperlink=\"https:\/\/wikicobalto.ufpel.edu.br\/\"><a class=\"in-cell-link\" href=\"https:\/\/wikicobalto.ufpel.edu.br\/\" target=\"_blank\" rel=\"noopener\">WikiCobalto<\/a><\/td>\n<\/tr>\n<tr style=\"height: 20px;\">\n<td style=\"width: 202.359px; height: 20px;\" data-sheets-value=\"{&quot;1&quot;:2,&quot;2&quot;:&quot;e-aula&quot;}\"><strong>e-aula<\/strong><\/td>\n<td style=\"width: 279.375px; height: 20px;\" data-sheets-value=\"{&quot;1&quot;:2,&quot;2&quot;:&quot;Login; acesso geral&quot;}\">Login; acesso geral<\/td>\n<td style=\"width: 233.266px; height: 20px;\" data-sheets-value=\"{&quot;1&quot;:2,&quot;2&quot;:&quot;e-aula&quot;}\" data-sheets-hyperlink=\"https:\/\/e-aula.ufpel.edu.br\/\"><a class=\"in-cell-link\" href=\"https:\/\/e-aula.ufpel.edu.br\/\" target=\"_blank\" rel=\"noopener\">e-aula<\/a><\/td>\n<\/tr>\n<tr style=\"height: 20px;\">\n<td style=\"width: 202.359px; height: 20px;\" data-sheets-value=\"{&quot;1&quot;:2,&quot;2&quot;:&quot;e-aula manual&quot;}\"><strong>e-aula manual<\/strong><\/td>\n<td style=\"width: 279.375px; height: 20px;\" data-sheets-value=\"{&quot;1&quot;:2,&quot;2&quot;:&quot;Manual para professores&quot;}\">Manual para professores<\/td>\n<td style=\"width: 233.266px; height: 20px;\" data-sheets-value=\"{&quot;1&quot;:2,&quot;2&quot;:&quot;e-aula manual&quot;}\" data-sheets-hyperlink=\"https:\/\/wp.ufpel.edu.br\/nate\/files\/2020\/09\/Guia-Docente.pdf\"><a class=\"in-cell-link\" href=\"https:\/\/wp.ufpel.edu.br\/nate\/files\/2020\/09\/Guia-Docente.pdf\" target=\"_blank\" rel=\"noopener\">e-aula manual<\/a><\/td>\n<\/tr>\n<tr style=\"height: 20px;\">\n<td style=\"width: 202.359px; height: 20px;\" data-sheets-value=\"{&quot;1&quot;:2,&quot;2&quot;:&quot;e-projeto&quot;}\"><strong>e-projeto<\/strong><\/td>\n<td style=\"width: 279.375px; height: 20px;\" data-sheets-value=\"{&quot;1&quot;:2,&quot;2&quot;:&quot;Login; acesso geral&quot;}\">Login; acesso geral<\/td>\n<td style=\"width: 233.266px; height: 20px;\" data-sheets-value=\"{&quot;1&quot;:2,&quot;2&quot;:&quot;e-projeto&quot;}\" data-sheets-hyperlink=\"https:\/\/e-projeto.ufpel.edu.br\/\"><a class=\"in-cell-link\" href=\"https:\/\/e-projeto.ufpel.edu.br\/\" target=\"_blank\" rel=\"noopener\">e-projeto<\/a><\/td>\n<\/tr>\n<tr style=\"height: 20px;\">\n<td style=\"width: 202.359px; height: 20px;\" data-sheets-value=\"{&quot;1&quot;:2,&quot;2&quot;:&quot;e-projeto guia em pdf&quot;}\"><strong>e-projeto guia em pdf<\/strong><\/td>\n<td style=\"width: 279.375px; height: 20px;\" data-sheets-value=\"{&quot;1&quot;:2,&quot;2&quot;:&quot;guia; pdf&quot;}\">guia; pdf<\/td>\n<td style=\"width: 233.266px; height: 20px;\" data-sheets-value=\"{&quot;1&quot;:2,&quot;2&quot;:&quot;e-projeto guia&quot;}\" data-sheets-hyperlink=\"https:\/\/educapes.capes.gov.br\/handle\/capes\/602551\"><a class=\"in-cell-link\" href=\"https:\/\/educapes.capes.gov.br\/handle\/capes\/602551\" target=\"_blank\" rel=\"noopener\">e-projeto guia<\/a><\/td>\n<\/tr>\n<tr>\n<td style=\"width: 202.359px;\"><strong>Guia da Lideran\u00e7a<\/strong><\/td>\n<td style=\"width: 279.375px;\">Material informativo sobre Gest\u00e3o com Pessoas, elaborado pela PROGEP\u00a0<\/td>\n<td style=\"width: 233.266px;\"><a href=\"https:\/\/wp.ufpel.edu.br\/progep\/guia-da-lideranca\/\">Guia da Lideran\u00e7a<\/a><\/td>\n<\/tr>\n<tr style=\"height: 41px;\">\n<td style=\"width: 202.359px; height: 41px;\" data-sheets-value=\"{&quot;1&quot;:2,&quot;2&quot;:&quot;Plataforma de Atendimento&quot;}\"><strong>Plataforma de Atendimento<\/strong><\/td>\n<td style=\"width: 279.375px; height: 41px;\" data-sheets-value=\"{&quot;1&quot;:2,&quot;2&quot;:&quot;Atendimento on-line; solicita\u00e7\u00f5es diversas; base de conhecimento&quot;}\">Atendimento on-line; solicita\u00e7\u00f5es diversas; base de conhecimento<\/td>\n<td style=\"width: 233.266px; height: 41px;\" data-sheets-value=\"{&quot;1&quot;:2,&quot;2&quot;:&quot;Plataforma de Atendimento&quot;}\" data-sheets-hyperlink=\"https:\/\/wp.ufpel.edu.br\/perguntas\/\"><a class=\"in-cell-link\" href=\"https:\/\/wp.ufpel.edu.br\/perguntas\/\" target=\"_blank\" rel=\"noopener\">Plataforma de Atendimento<\/a><\/td>\n<\/tr>\n<tr style=\"height: 41px;\">\n<td style=\"width: 202.359px; height: 41px;\" data-sheets-value=\"{&quot;1&quot;:2,&quot;2&quot;:&quot;Plataforma de Atendimento login&quot;}\"><strong>Plataforma de Atendimento login<\/strong><\/td>\n<td style=\"width: 279.375px; height: 41px;\" data-sheets-value=\"{&quot;1&quot;:2,&quot;2&quot;:&quot;Login; acesso para servidores&quot;}\">Login; acesso para servidores<\/td>\n<td style=\"width: 233.266px; height: 41px;\" data-sheets-value=\"{&quot;1&quot;:2,&quot;2&quot;:&quot;osTicket&quot;}\" data-sheets-hyperlink=\"https:\/\/atendimento.ufpel.edu.br\/osticket\/scp\/login.php\"><a class=\"in-cell-link\" href=\"https:\/\/atendimento.ufpel.edu.br\/osticket\/scp\/login.php\" target=\"_blank\" rel=\"noopener\">osTicket<\/a><\/td>\n<\/tr>\n<tr style=\"height: 41px;\">\n<td style=\"width: 202.359px; height: 41px;\" data-sheets-value=\"{&quot;1&quot;:2,&quot;2&quot;:&quot;Plataforma de WebConfer\u00eancia&quot;}\"><strong>Plataforma de WebConfer\u00eancia<\/strong><\/td>\n<td style=\"width: 279.375px; height: 41px;\" data-sheets-value=\"{&quot;1&quot;:2,&quot;2&quot;:&quot;WebConf UFPel login&quot;}\">WebConf UFPel login<\/td>\n<td style=\"width: 233.266px; height: 41px;\" data-sheets-value=\"{&quot;1&quot;:2,&quot;2&quot;:&quot;WebConf UFPel login&quot;}\" data-sheets-hyperlink=\"https:\/\/webconf.ufpel.edu.br\/b\"><a class=\"in-cell-link\" href=\"https:\/\/webconf.ufpel.edu.br\/b\" target=\"_blank\" rel=\"noopener\">WebConf UFPel login<\/a><\/td>\n<\/tr>\n<tr style=\"height: 41px;\">\n<td style=\"width: 202.359px; height: 41px;\" data-sheets-value=\"{&quot;1&quot;:2,&quot;2&quot;:&quot;SEI&quot;}\"><strong>SEI<\/strong><\/td>\n<td style=\"width: 279.375px; height: 41px;\" data-sheets-value=\"{&quot;1&quot;:2,&quot;2&quot;:&quot;Processos administrativos, memorandos, of\u00edcios&quot;}\">Processos administrativos, memorandos, of\u00edcios<\/td>\n<td style=\"width: 233.266px; height: 41px;\" data-sheets-value=\"{&quot;1&quot;:2,&quot;2&quot;:&quot;SEI&quot;}\" data-sheets-hyperlink=\"https:\/\/sei.ufpel.edu.br\/sip\/login.php?sigla_orgao_sistema=UFPel&amp;sigla_sistema=SEI&amp;infra_url=L3NlaS8=\"><a class=\"in-cell-link\" href=\"https:\/\/sei.ufpel.edu.br\/sip\/login.php?sigla_orgao_sistema=UFPel&amp;sigla_sistema=SEI&amp;infra_url=L3NlaS8=\" target=\"_blank\" rel=\"noopener\">SEI<\/a><\/td>\n<\/tr>\n<tr style=\"height: 20px;\">\n<td style=\"width: 202.359px; height: 20px;\" data-sheets-value=\"{&quot;1&quot;:2,&quot;2&quot;:&quot;SEI FAQ&quot;}\"><strong>SEI FAQ<\/strong><\/td>\n<td style=\"width: 279.375px; height: 20px;\" data-sheets-value=\"{&quot;1&quot;:2,&quot;2&quot;:&quot;FAQ; informa\u00e7\u00f5es; tutoriais&quot;}\">FAQ; informa\u00e7\u00f5es; tutoriais<\/td>\n<td style=\"width: 233.266px; height: 20px;\" data-sheets-value=\"{&quot;1&quot;:2,&quot;2&quot;:&quot;SEI FAQ&quot;}\" data-sheets-hyperlink=\"https:\/\/wp.ufpel.edu.br\/sei\/\"><a class=\"in-cell-link\" href=\"https:\/\/wp.ufpel.edu.br\/sei\/\" target=\"_blank\" rel=\"noopener\">SEI FAQ<\/a><\/td>\n<\/tr>\n<tr>\n<td style=\"width: 202.359px;\"><strong>SEI Base de Conhecimento<\/strong><\/td>\n<td style=\"width: 279.375px;\">Base de conhecimento; fluxo de processos; instru\u00e7\u00f5es sobre tramita\u00e7\u00e3o dos documentos<\/td>\n<td style=\"width: 233.266px;\"><a href=\"https:\/\/wp.ufpel.edu.br\/sei\/?page_id=787\">SEI Base de Conhecimento<\/a><\/td>\n<\/tr>\n<tr style=\"height: 20px;\">\n<td style=\"width: 202.359px; height: 20px;\"><strong>Webmail UFPel<\/strong><\/td>\n<td style=\"width: 279.375px; height: 20px;\">Acesso ao e-mail @ufpel<\/td>\n<td style=\"width: 233.266px; height: 20px;\"><a href=\"https:\/\/webmail.ufpel.edu.br\/\">Webmail UFPel<\/a><\/td>\n<\/tr>\n<tr style=\"height: 20px;\">\n<td style=\"width: 202.359px; height: 20px;\" data-sheets-value=\"{&quot;1&quot;:2,&quot;2&quot;:&quot;WebMail UFPel&quot;}\"><strong>WebMail UFPel FAQ<\/strong><\/td>\n<td style=\"width: 279.375px; height: 20px;\" data-sheets-value=\"{&quot;1&quot;:2,&quot;2&quot;:&quot;e-mail @ufpel&quot;}\">Informa\u00e7\u00f5es sobre o webmail<\/td>\n<td style=\"width: 233.266px; height: 20px;\" data-sheets-value=\"{&quot;1&quot;:2,&quot;2&quot;:&quot;WebMail UFPel&quot;}\" data-sheets-hyperlink=\"https:\/\/wp.ufpel.edu.br\/cti\/servicos\/email\/\"><a class=\"in-cell-link\" href=\"https:\/\/wp.ufpel.edu.br\/cti\/servicos\/email\/\" target=\"_blank\" rel=\"noopener\">WebMail UFPel FAQ<\/a><\/td>\n<\/tr>\n<tr style=\"height: 20px;\">\n<td style=\"width: 202.359px; height: 20px;\" data-sheets-value=\"{&quot;1&quot;:2,&quot;2&quot;:&quot;WordPress Institucional&quot;}\"><strong>WordPress Institucional<\/strong><\/td>\n<td style=\"width: 279.375px; height: 20px;\" data-sheets-value=\"{&quot;1&quot;:2,&quot;2&quot;:&quot;Sites institucionais; hospedagem&quot;}\">Sites institucionais; hospedagem<\/td>\n<td style=\"width: 233.266px; height: 20px;\" data-sheets-value=\"{&quot;1&quot;:2,&quot;2&quot;:&quot;WordPress&quot;}\" data-sheets-hyperlink=\"https:\/\/wp.ufpel.edu.br\/\"><a class=\"in-cell-link\" href=\"https:\/\/wp.ufpel.edu.br\/\" target=\"_blank\" rel=\"noopener\">WordPress UFPel FAQ<\/a><\/td>\n<\/tr>\n<\/tbody>\n<\/table>\n\n\n<p>Se voc\u00ea n\u00e3o encontrou a informa\u00e7\u00e3o que precisa ou quer contribuir com sugest\u00f5es para esta p\u00e1gina, envie um pedido de atendimento atrav\u00e9s da <a href=\"https:\/\/wp.ufpel.edu.br\/perguntas\/solicitar-atendimento\/\">Plataforma de Atendimento<\/a> da UFPEL para a \u00e1rea Pedagogia Universit\u00e1ria.<\/p>\n\n\n\n<p><a href=\"https:\/\/wp.ufpel.edu.br\/cpu\/referencias-para-coordenacoes-de-curso-e-secretarias\/\">Voltar para menu inicial.<\/a><\/p>\n","protected":false},"excerpt":{"rendered":"<p>Encontre aqui as refer\u00eancias sobre os sistemas informatizados utilizados pela UFPEL. Pesquise por assunto na tabela abaixo e acesse o link correspondente para maiores informa\u00e7\u00f5es: Assunto Descri\u00e7\u00e3o Link Bibliotecas Sistema de bibliotecas Bibliotecas Calend\u00e1rio Acad\u00eamico Calend\u00e1rio Acad\u00eamico Calend\u00e1rio Acad\u00eamico Calend\u00e1rio Administrativo Calend\u00e1rio Administrativo Calend\u00e1rio Administrativo Cobalto Gest\u00e3o acad\u00eamica; gest\u00e3o administrativa; gest\u00e3o de pessoal Cobalto Cobalto [&hellip;]<\/p>\n","protected":false},"author":1320,"featured_media":0,"parent":0,"menu_order":0,"comment_status":"closed","ping_status":"closed","template":"page-sem-sidebar.php","meta":{"footnotes":""},"class_list":["post-1358","page","type-page","status-publish","hentry"],"jetpack-related-posts":[{"id":1352,"url":"https:\/\/wp.ufpel.edu.br\/cpu\/gestao-pedagogica\/","url_meta":{"origin":1358,"position":0},"title":"Gest\u00e3o Pedag\u00f3gica","author":"marcialopes","date":"03\/10\/2024","format":false,"excerpt":"Encontre aqui as refer\u00eancias sobre quest\u00f5es de organiza\u00e7\u00e3o do curso e pedagogia universit\u00e1ria.\u00a0 Pesquise por assunto na tabela abaixo e acesse o link correspondente para maiores informa\u00e7\u00f5es: AssuntoDescri\u00e7\u00e3oLinkCadastro da matriz curricular no sistema acad\u00eamicoCurr\u00edculo; equival\u00eancias; pr\u00e9-requisitos; CobaltoN\u00facleo de Curr\u00edculos e Hist\u00f3ricos CRADiretrizes Elabora\u00e7\u00e3o PPCDiretrizes para elabora\u00e7\u00e3o do PPC; Fluxograma do\u2026","rel":"","context":"Post similar","block_context":{"text":"Post similar","link":""},"img":{"alt_text":"","src":"","width":0,"height":0},"classes":[]},{"id":1309,"url":"https:\/\/wp.ufpel.edu.br\/cpu\/referencias-para-coordenacoes-de-curso-e-secretarias\/","url_meta":{"origin":1358,"position":1},"title":"Refer\u00eancias para Coordena\u00e7\u00f5es de Curso e Secretarias","author":"marcialopes","date":"03\/10\/2024","format":false,"excerpt":"Apresenta\u00e7\u00e3o Esta p\u00e1gina foi pensada para direcionar voc\u00ea mais rapidamente para a informa\u00e7\u00e3o que deseja. Na aba Gest\u00e3o Acad\u00eamica, encontre direcionamento sobre assuntos relacionados \u00e0 vida acad\u00eamica de seus estudantes. Na aba Gest\u00e3o Pedag\u00f3gica, sobre quest\u00f5es de organiza\u00e7\u00e3o do curso e pedagogia universit\u00e1ria. E na aba Sistemas de Gest\u00e3o, sobre\u2026","rel":"","context":"Post similar","block_context":{"text":"Post similar","link":""},"img":{"alt_text":"","src":"https:\/\/i0.wp.com\/wp.ufpel.edu.br\/cpu\/files\/2023\/11\/Gestao-Academica-3.png?resize=350%2C200&ssl=1","width":350,"height":200,"srcset":"https:\/\/i0.wp.com\/wp.ufpel.edu.br\/cpu\/files\/2023\/11\/Gestao-Academica-3.png?resize=350%2C200&ssl=1 1x, https:\/\/i0.wp.com\/wp.ufpel.edu.br\/cpu\/files\/2023\/11\/Gestao-Academica-3.png?resize=525%2C300&ssl=1 1.5x, https:\/\/i0.wp.com\/wp.ufpel.edu.br\/cpu\/files\/2023\/11\/Gestao-Academica-3.png?resize=700%2C400&ssl=1 2x, https:\/\/i0.wp.com\/wp.ufpel.edu.br\/cpu\/files\/2023\/11\/Gestao-Academica-3.png?resize=1050%2C600&ssl=1 3x"},"classes":[]},{"id":1346,"url":"https:\/\/wp.ufpel.edu.br\/cpu\/gestao-academica\/","url_meta":{"origin":1358,"position":2},"title":"Gest\u00e3o Acad\u00eamica","author":"marcialopes","date":"03\/10\/2024","format":false,"excerpt":"Encontre aqui as refer\u00eancias sobre assuntos relacionados \u00e0 vida acad\u00eamica de seus estudantes.\u00a0 Pesquise por assunto na tabela abaixo e acesse o link correspondente para maiores informa\u00e7\u00f5es: Assunto Descri\u00e7\u00e3o Link A\u00e7\u00f5es afirmativas Pessoas ind\u00edgenas; pessoas quilombolas; pessoas negras; banca de heteroidentifica\u00e7\u00e3o; ingresso por cotas; N\u00facleo de A\u00e7\u00f5es Afirmativas e Diversidade\u2026","rel":"","context":"Post similar","block_context":{"text":"Post similar","link":""},"img":{"alt_text":"","src":"","width":0,"height":0},"classes":[]},{"id":1755,"url":"https:\/\/wp.ufpel.edu.br\/cpu\/wordpress-desafios-da-criacao-e-manutencao-de-sites-academicos\/","url_meta":{"origin":1358,"position":3},"title":"WordPress &#8211; desafios da cria\u00e7\u00e3o e manuten\u00e7\u00e3o de sites acad\u00eamicos","author":"marcialopes","date":"03\/10\/2025","format":false,"excerpt":"Convidamos os Coordenadores e as Coordenadoras de Cursos de Gradua\u00e7\u00e3o, os Secret\u00e1rios e as Secret\u00e1rias de Colegiados, para uma atualiza\u00e7\u00e3o nos seus conhecimentos de cria\u00e7\u00e3o e manuten\u00e7\u00e3o de sites para os cursos de Gradua\u00e7\u00e3o. Percebendo o desafio que tornar o site do curso acess\u00edvel para os\/as usu\u00e1rios\/as pode ser, organizamos\u2026","rel":"","context":"Post similar","block_context":{"text":"Post similar","link":""},"img":{"alt_text":"","src":"","width":0,"height":0},"classes":[]},{"id":40,"url":"https:\/\/wp.ufpel.edu.br\/cpu\/contato\/","url_meta":{"origin":1358,"position":4},"title":"Contato","author":"lwdias","date":"29\/03\/2018","format":false,"excerpt":"COORDENA\u00c7\u00c3O DE PEDAGOGIA UNIVERSIT\u00c1RIA (CPU)Coordenador: Prof. Dr. Alessandro Cury Soarese-mail: cpu@ufpel.edu.br ou cpu.ufpel@gmail.com N\u00daCLEO DE FORMA\u00c7\u00c3O DE PROFESSORES (NUFOR)Chefia: Profa. Dra. Bruna Adriane FaryE-mail: nufor.ufpel@gmail.com EQUIPEM\u00e1rcia Cristina Duarte Lopes - Assistente em Administra\u00e7\u00e3o ENDERE\u00c7ORua Gomes Carneiro n\u00ba 01, Campus Anglo - Sala 102 A, Pelotas\/RS TELEFONE(53) 3284-4076 Voc\u00ea tamb\u00e9m pode\u2026","rel":"","context":"Post similar","block_context":{"text":"Post similar","link":""},"img":{"alt_text":"","src":"","width":0,"height":0},"classes":[]},{"id":1133,"url":"https:\/\/wp.ufpel.edu.br\/cpu\/gip\/membros-do-gip\/","url_meta":{"origin":1358,"position":5},"title":"Membros do GIP","author":"CPU","date":"01\/08\/2023","format":false,"excerpt":"","rel":"","context":"Post similar","block_context":{"text":"Post similar","link":""},"img":{"alt_text":"","src":"","width":0,"height":0},"classes":[]}],"jetpack_sharing_enabled":true,"_links":{"self":[{"href":"https:\/\/wp.ufpel.edu.br\/cpu\/wp-json\/wp\/v2\/pages\/1358","targetHints":{"allow":["GET"]}}],"collection":[{"href":"https:\/\/wp.ufpel.edu.br\/cpu\/wp-json\/wp\/v2\/pages"}],"about":[{"href":"https:\/\/wp.ufpel.edu.br\/cpu\/wp-json\/wp\/v2\/types\/page"}],"author":[{"embeddable":true,"href":"https:\/\/wp.ufpel.edu.br\/cpu\/wp-json\/wp\/v2\/users\/1320"}],"replies":[{"embeddable":true,"href":"https:\/\/wp.ufpel.edu.br\/cpu\/wp-json\/wp\/v2\/comments?post=1358"}],"version-history":[{"count":11,"href":"https:\/\/wp.ufpel.edu.br\/cpu\/wp-json\/wp\/v2\/pages\/1358\/revisions"}],"predecessor-version":[{"id":1640,"href":"https:\/\/wp.ufpel.edu.br\/cpu\/wp-json\/wp\/v2\/pages\/1358\/revisions\/1640"}],"wp:attachment":[{"href":"https:\/\/wp.ufpel.edu.br\/cpu\/wp-json\/wp\/v2\/media?parent=1358"}],"curies":[{"name":"wp","href":"https:\/\/api.w.org\/{rel}","templated":true}]}}