{"id":1352,"date":"2024-10-03T14:57:27","date_gmt":"2024-10-03T17:57:27","guid":{"rendered":"https:\/\/wp.ufpel.edu.br\/cpu\/?page_id=1352"},"modified":"2025-11-14T21:11:42","modified_gmt":"2025-11-15T00:11:42","slug":"gestao-pedagogica","status":"publish","type":"page","link":"https:\/\/wp.ufpel.edu.br\/cpu\/gestao-pedagogica\/","title":{"rendered":"Gest\u00e3o Pedag\u00f3gica"},"content":{"rendered":"\n<p>Encontre aqui as refer\u00eancias sobre quest\u00f5es de organiza\u00e7\u00e3o do curso e pedagogia universit\u00e1ria.&nbsp;<\/p>\n\n\n\n<p>Pesquise por assunto na tabela abaixo e acesse o link correspondente para maiores informa\u00e7\u00f5es:<\/p>\n\n\n\n<figure class=\"wp-block-table\"><table class=\"has-fixed-layout\"><tbody><tr><td><strong>Assunto<\/strong><\/td><td><strong>Descri\u00e7\u00e3o<\/strong><\/td><td><strong>Link<\/strong><\/td><\/tr><tr><td><strong>Cadastro da matriz curricular no sistema acad\u00eamico<\/strong><\/td><td>Curr\u00edculo; equival\u00eancias; pr\u00e9-requisitos; Cobalto<\/td><td><a class=\"in-cell-link\" href=\"https:\/\/institucional.ufpel.edu.br\/unidades\/id\/68\" target=\"_blank\" rel=\"noopener\">N\u00facleo de Curr\u00edculos e Hist\u00f3ricos CRA<\/a><\/td><\/tr><tr><td><strong>Diretrizes Elabora\u00e7\u00e3o PPC<\/strong><\/td><td>Diretrizes para elabora\u00e7\u00e3o do PPC; Fluxograma do curso; Projeto Pedag\u00f3gico de Curso<\/td><td><a class=\"in-cell-link\" href=\"https:\/\/wp.ufpel.edu.br\/cec\/projeto-pedagogico-2\/diretrizes\/\" target=\"_blank\" rel=\"noopener\">Coordena\u00e7\u00e3o de Ensino e Curr\u00edculo<\/a><\/td><\/tr><tr><td><strong>ENADE<\/strong><\/td><td>Informa\u00e7\u00f5es; legisla\u00e7\u00e3o<\/td><td><a class=\"in-cell-link\" href=\"https:\/\/wp.ufpel.edu.br\/cpi\/nrc\/enade\/\" target=\"_blank\" rel=\"noopener\">N\u00facleo de Regula\u00e7\u00e3o de Cursos<\/a><\/td><\/tr><tr><td><strong>Ensino a Dist\u00e2ncia<\/strong><\/td><td>Pol\u00edticas institucionais para EaD; suporte tecnol\u00f3gico e pedag\u00f3gico para EaD; forma\u00e7\u00e3o de docentes para EaD; prepara\u00e7\u00e3o de material did\u00e1tico para EaD; Universidade Aberta do Brasil UAB; e-aula; e-projeto; AVA; MOOCS<\/td><td><a href=\"https:\/\/wp.ufpel.edu.br\/cpted\/\">Coordena\u00e7\u00e3o de Pol\u00edticas e Tecnologias para EAD&nbsp;<\/a><\/td><\/tr><tr><td><strong>Forma\u00e7\u00e3o para professores(as)<\/strong><\/td><td>Forma\u00e7\u00e3o para professores ingressantes; Forma\u00e7\u00e3o continuada<\/td><td><a class=\"in-cell-link\" href=\"https:\/\/wp.ufpel.edu.br\/cpu\/\" target=\"_blank\" rel=\"noopener\">Coordena\u00e7\u00e3o de Pedagogia Universit\u00e1ria<\/a><\/td><\/tr><tr><td><strong>Forma\u00e7\u00e3o para coordenadores(as)<\/strong><\/td><td>Forma\u00e7\u00e3o para coordena\u00e7\u00f5es de curso<\/td><td><a class=\"in-cell-link\" href=\"https:\/\/wp.ufpel.edu.br\/cpu\/\" target=\"_blank\" rel=\"noopener\">Coordena\u00e7\u00e3o de Pedagogia Universit\u00e1ria<\/a><\/td><\/tr><tr><td><strong>GIP<\/strong><\/td><td>Grupo de Interlocu\u00e7\u00e3o Pedag\u00f3gica<\/td><td><a href=\"https:\/\/wp.ufpel.edu.br\/cpu\/gip\/\">GIP CPU<\/a><\/td><\/tr><tr><td><strong>Integraliza\u00e7\u00e3o da Extens\u00e3o<\/strong><\/td><td>Integraliza\u00e7\u00e3o da Extens\u00e3o; curriculariza\u00e7\u00e3o da extens\u00e3o; carga hor\u00e1ria de extens\u00e3o<\/td><td><a class=\"in-cell-link\" href=\"https:\/\/wp.ufpel.edu.br\/prec\/curricularizacao\/\" target=\"_blank\" rel=\"noopener\">Integraliza\u00e7\u00e3o PREC<\/a><\/td><\/tr><tr><td><strong>Orienta\u00e7\u00f5es PPC Bacharelados e Tecn\u00f3logos<\/strong><\/td><td>N\u00facleo de Bacharelados, Tecnologias e Est\u00e1gios; PPC; Colegiados; NDEs<\/td><td><a class=\"in-cell-link\" href=\"https:\/\/wp.ufpel.edu.br\/cec\/coordenacao-de-ensino-e-curriculo\/nubatec\/\" target=\"_blank\" rel=\"noopener\">N\u00facleo de Bacharelados, Tecnologias e Est\u00e1gios CEC<\/a><\/td><\/tr><tr><td><strong>Orienta\u00e7\u00f5es PPC Licenciaturas<\/strong><\/td><td>N\u00facleo de Licenciaturas e Est\u00e1gio; PPC; Colegiados; NDEs<\/td><td><a class=\"in-cell-link\" href=\"https:\/\/wp.ufpel.edu.br\/cec\/coordenacao-de-ensino-e-curriculo\/nulic\/\" target=\"_blank\" rel=\"noopener\">N\u00facleo de Licenciaturas e Est\u00e1gio CEC<\/a><\/td><\/tr><tr><td><strong>Regula\u00e7\u00e3o e Avalia\u00e7\u00e3o dos Cursos<\/strong><\/td><td>SINAES; atos regulat\u00f3rios; reconhecimento e renova\u00e7\u00e3o do reconhecimento; processos avaliativos; dilig\u00eancia; protocolo de compromisso<\/td><td><a class=\"in-cell-link\" href=\"https:\/\/wp.ufpel.edu.br\/cpi\/nrc\/\" target=\"_blank\" rel=\"noopener\">N\u00facleo de Regula\u00e7\u00e3o de Cursos<\/a><\/td><\/tr><\/tbody><\/table><\/figure>\n\n\n\n<p>Se voc\u00ea n\u00e3o encontrou a informa\u00e7\u00e3o que precisa ou quer contribuir com sugest\u00f5es para esta p\u00e1gina, envie um pedido de atendimento atrav\u00e9s da <a href=\"https:\/\/wp.ufpel.edu.br\/perguntas\/solicitar-atendimento\/\">Plataforma de Atendimento<\/a> da UFPEL para a \u00e1rea Pedagogia Universit\u00e1ria.<\/p>\n\n\n\n<p class=\"has-text-align-right\"><a href=\"https:\/\/wp.ufpel.edu.br\/cpu\/referencias-para-coordenacoes-de-curso-e-secretarias\/\">Voltar para menu inicial.<\/a><\/p>\n","protected":false},"excerpt":{"rendered":"<p>Encontre aqui as refer\u00eancias sobre quest\u00f5es de organiza\u00e7\u00e3o do curso e pedagogia universit\u00e1ria.&nbsp; Pesquise por assunto na tabela abaixo e acesse o link correspondente para maiores informa\u00e7\u00f5es: Assunto Descri\u00e7\u00e3o Link Cadastro da matriz curricular no sistema acad\u00eamico Curr\u00edculo; equival\u00eancias; pr\u00e9-requisitos; Cobalto N\u00facleo de Curr\u00edculos e Hist\u00f3ricos CRA Diretrizes Elabora\u00e7\u00e3o PPC Diretrizes para elabora\u00e7\u00e3o do PPC; [&hellip;]<\/p>\n","protected":false},"author":1320,"featured_media":0,"parent":0,"menu_order":0,"comment_status":"closed","ping_status":"closed","template":"page-sem-sidebar.php","meta":{"footnotes":""},"class_list":["post-1352","page","type-page","status-publish","hentry"],"jetpack-related-posts":[{"id":1700,"url":"https:\/\/wp.ufpel.edu.br\/cpu\/formacao-para-ndes\/","url_meta":{"origin":1352,"position":0},"title":"Forma\u00e7\u00e3o para NDEs","author":"marcialopes","date":"04\/07\/2025","format":false,"excerpt":"PROPOSTA DE FORMA\u00c7\u00c3O PERMANENTE DOS N\u00daCLEOS DOCENTES ESTRUTURANTES (NDEs) DA UNIVERSIDADE FEDERAL DE PELOTAS (UFPEL) Justificativa Os N\u00facleos Docentes Estruturantes (NDEs) desempenham um papel fundamental na organiza\u00e7\u00e3o e no desenvolvimento dos cursos de gradua\u00e7\u00e3o, conforme estabelecido pela Resolu\u00e7\u00e3o n\u00ba 5\/2021 do Conselho Nacional de Educa\u00e7\u00e3o (CNE\/CES), que define as Diretrizes\u2026","rel":"","context":"Post similar","block_context":{"text":"Post similar","link":""},"img":{"alt_text":"","src":"","width":0,"height":0},"classes":[]},{"id":1309,"url":"https:\/\/wp.ufpel.edu.br\/cpu\/referencias-para-coordenacoes-de-curso-e-secretarias\/","url_meta":{"origin":1352,"position":1},"title":"Refer\u00eancias para Coordena\u00e7\u00f5es de Curso e Secretarias","author":"marcialopes","date":"03\/10\/2024","format":false,"excerpt":"Apresenta\u00e7\u00e3o Esta p\u00e1gina foi pensada para direcionar voc\u00ea mais rapidamente para a informa\u00e7\u00e3o que deseja. Na aba Gest\u00e3o Acad\u00eamica, encontre direcionamento sobre assuntos relacionados \u00e0 vida acad\u00eamica de seus estudantes. Na aba Gest\u00e3o Pedag\u00f3gica, sobre quest\u00f5es de organiza\u00e7\u00e3o do curso e pedagogia universit\u00e1ria. E na aba Sistemas de Gest\u00e3o, sobre\u2026","rel":"","context":"Post similar","block_context":{"text":"Post similar","link":""},"img":{"alt_text":"","src":"https:\/\/i0.wp.com\/wp.ufpel.edu.br\/cpu\/files\/2023\/11\/Gestao-Academica-3.png?resize=350%2C200&ssl=1","width":350,"height":200,"srcset":"https:\/\/i0.wp.com\/wp.ufpel.edu.br\/cpu\/files\/2023\/11\/Gestao-Academica-3.png?resize=350%2C200&ssl=1 1x, https:\/\/i0.wp.com\/wp.ufpel.edu.br\/cpu\/files\/2023\/11\/Gestao-Academica-3.png?resize=525%2C300&ssl=1 1.5x, https:\/\/i0.wp.com\/wp.ufpel.edu.br\/cpu\/files\/2023\/11\/Gestao-Academica-3.png?resize=700%2C400&ssl=1 2x, https:\/\/i0.wp.com\/wp.ufpel.edu.br\/cpu\/files\/2023\/11\/Gestao-Academica-3.png?resize=1050%2C600&ssl=1 3x"},"classes":[]},{"id":1096,"url":"https:\/\/wp.ufpel.edu.br\/cpu\/referenciarapida\/","url_meta":{"origin":1352,"position":2},"title":"Refer\u00eancia r\u00e1pida sobre inst\u00e2ncias e suas atribui\u00e7\u00f5es","author":"CPU","date":"03\/10\/2024","format":false,"excerpt":"Encontre aqui as atribui\u00e7\u00f5es de inst\u00e2ncias institucionais ligadas aos cursos de gradua\u00e7\u00e3o, conforme normativas da UFPEL. Menu Colegiado de Curso N\u00facleo Docente Estruturante Coordenador do Colegiado de Curso Departamentos\u00a0(em Faculdades e Institutos) C\u00e2mara de Ensino\u00a0(Centros) COCEPE Se voc\u00ea n\u00e3o encontrou a informa\u00e7\u00e3o que precisa ou quer contribuir com sugest\u00f5es para\u2026","rel":"","context":"Post similar","block_context":{"text":"Post similar","link":""},"img":{"alt_text":"","src":"","width":0,"height":0},"classes":[]},{"id":1572,"url":"https:\/\/wp.ufpel.edu.br\/cpu\/viii-formacao-para-coordenadoras-e-coordenadores-de-cursos-de-graduacao-da-ufpel\/","url_meta":{"origin":1352,"position":3},"title":"Forma\u00e7\u00e3o para Coordenadoras e Coordenadores de Cursos de Gradua\u00e7\u00e3o da UFPEL","author":"marcialopes","date":"17\/03\/2025","format":false,"excerpt":"Pensando nos desafios que envolvem o trabalho das Coordena\u00e7\u00f5es de Cursos, a Coordena\u00e7\u00e3o de Pedagogia Universit\u00e1ria, atrav\u00e9s do N\u00facleo de Forma\u00e7\u00e3o de Professores, realiza a presente Forma\u00e7\u00e3o. Com o objetivo de proporcionar uma experi\u00eancia acess\u00edvel e produtiva, a forma\u00e7\u00e3o \u00e9 realizada em\u00a0dois dias, permitindo a participa\u00e7\u00e3o de um maior n\u00famero\u2026","rel":"","context":"Post similar","block_context":{"text":"Post similar","link":""},"img":{"alt_text":"","src":"","width":0,"height":0},"classes":[]},{"id":1346,"url":"https:\/\/wp.ufpel.edu.br\/cpu\/gestao-academica\/","url_meta":{"origin":1352,"position":4},"title":"Gest\u00e3o Acad\u00eamica","author":"marcialopes","date":"03\/10\/2024","format":false,"excerpt":"Encontre aqui as refer\u00eancias sobre assuntos relacionados \u00e0 vida acad\u00eamica de seus estudantes.\u00a0 Pesquise por assunto na tabela abaixo e acesse o link correspondente para maiores informa\u00e7\u00f5es: Assunto Descri\u00e7\u00e3o Link A\u00e7\u00f5es afirmativas Pessoas ind\u00edgenas; pessoas quilombolas; pessoas negras; banca de heteroidentifica\u00e7\u00e3o; ingresso por cotas; N\u00facleo de A\u00e7\u00f5es Afirmativas e Diversidade\u2026","rel":"","context":"Post similar","block_context":{"text":"Post similar","link":""},"img":{"alt_text":"","src":"","width":0,"height":0},"classes":[]},{"id":20,"url":"https:\/\/wp.ufpel.edu.br\/cpu\/o-programa\/","url_meta":{"origin":1352,"position":5},"title":"O Programa","author":"lwdias","date":"29\/03\/2018","format":false,"excerpt":"Resolu\u00e7\u00e3o N\u00b0 15 de 25 de maio de 2017 O ano de 2017 representou um marco para a Pedagogia Universit\u00e1ria na Universidade Federal de Pelotas com a regulamenta\u00e7\u00e3o e aprova\u00e7\u00e3o pelo COCEPE da Resolu\u00e7\u00e3o n\u00ba de 25 de maio de 2017 que institucionalizou o programa dentro da institui\u00e7\u00e3o. Atendendo ao\u2026","rel":"","context":"Post similar","block_context":{"text":"Post similar","link":""},"img":{"alt_text":"","src":"","width":0,"height":0},"classes":[]}],"jetpack_sharing_enabled":true,"_links":{"self":[{"href":"https:\/\/wp.ufpel.edu.br\/cpu\/wp-json\/wp\/v2\/pages\/1352","targetHints":{"allow":["GET"]}}],"collection":[{"href":"https:\/\/wp.ufpel.edu.br\/cpu\/wp-json\/wp\/v2\/pages"}],"about":[{"href":"https:\/\/wp.ufpel.edu.br\/cpu\/wp-json\/wp\/v2\/types\/page"}],"author":[{"embeddable":true,"href":"https:\/\/wp.ufpel.edu.br\/cpu\/wp-json\/wp\/v2\/users\/1320"}],"replies":[{"embeddable":true,"href":"https:\/\/wp.ufpel.edu.br\/cpu\/wp-json\/wp\/v2\/comments?post=1352"}],"version-history":[{"count":3,"href":"https:\/\/wp.ufpel.edu.br\/cpu\/wp-json\/wp\/v2\/pages\/1352\/revisions"}],"predecessor-version":[{"id":1859,"href":"https:\/\/wp.ufpel.edu.br\/cpu\/wp-json\/wp\/v2\/pages\/1352\/revisions\/1859"}],"wp:attachment":[{"href":"https:\/\/wp.ufpel.edu.br\/cpu\/wp-json\/wp\/v2\/media?parent=1352"}],"curies":[{"name":"wp","href":"https:\/\/api.w.org\/{rel}","templated":true}]}}