{"id":1133,"date":"2023-08-01T09:08:54","date_gmt":"2023-08-01T12:08:54","guid":{"rendered":"https:\/\/wp.ufpel.edu.br\/cpu\/?page_id=1133"},"modified":"2023-08-01T09:08:54","modified_gmt":"2023-08-01T12:08:54","slug":"membros-do-gip","status":"publish","type":"page","link":"https:\/\/wp.ufpel.edu.br\/cpu\/gip\/membros-do-gip\/","title":{"rendered":"Membros do GIP"},"content":{"rendered":"<ul class=\"wpipessoa-lista\"><li class=\"wpipessoa-post clearfix\"><div class=\"wpipessoa-thumb\"><img width=\"200\" height=\"200\" src=\"https:\/\/wp.ufpel.edu.br\/cpu\/files\/2025\/10\/Alessandro-Cury-200x200.png\" class=\"attachment-thumbnail size-thumbnail wp-post-image\" alt=\"\" srcset=\"https:\/\/wp.ufpel.edu.br\/cpu\/files\/2025\/10\/Alessandro-Cury-200x200.png 200w, https:\/\/wp.ufpel.edu.br\/cpu\/files\/2025\/10\/Alessandro-Cury-400x400.png 400w, https:\/\/wp.ufpel.edu.br\/cpu\/files\/2025\/10\/Alessandro-Cury-768x768.png 768w, https:\/\/wp.ufpel.edu.br\/cpu\/files\/2025\/10\/Alessandro-Cury.png 866w\" sizes=\"(max-width: 200px) 100vw, 200px\" \/><\/div><div class=\"wpipessoa-info\"><div class=\"wpipessoa-nome wpipessoa-fonte-grande\">ALESSANDRO CURY SOARES<\/div><div class=\"wpipessoa-funcao wpipessoa-fonte-italica\">Representante da PRE<\/div><div class=\"wpipessoa-lattes\"><a href=\"http:\/\/lattes.cnpq.br\/8512050912247402\" target=\"_blank\">Lattes<\/a><\/div><div class=\"wpipessoa-email\"><a href=\"alessandro.soares@ufpel.edu.br\" target=\"_blank\">alessandro.soares@ufpel.edu.br<\/a><\/div><\/div><\/li><li class=\"wpipessoa-post clearfix\"><div class=\"wpipessoa-thumb\"><img width=\"200\" height=\"200\" src=\"https:\/\/wp.ufpel.edu.br\/cpu\/files\/2024\/07\/aline-cunha-200x200.png\" class=\"attachment-thumbnail size-thumbnail wp-post-image\" alt=\"\" srcset=\"https:\/\/wp.ufpel.edu.br\/cpu\/files\/2024\/07\/aline-cunha-200x200.png 200w, https:\/\/wp.ufpel.edu.br\/cpu\/files\/2024\/07\/aline-cunha-400x400.png 400w, https:\/\/wp.ufpel.edu.br\/cpu\/files\/2024\/07\/aline-cunha-768x768.png 768w, https:\/\/wp.ufpel.edu.br\/cpu\/files\/2024\/07\/aline-cunha.png 864w\" sizes=\"(max-width: 200px) 100vw, 200px\" \/><\/div><div class=\"wpipessoa-info\"><div class=\"wpipessoa-nome wpipessoa-fonte-grande\">ALINE CUNHA DE ANDRADE SILVA<\/div><div class=\"wpipessoa-funcao wpipessoa-fonte-italica\">Representante do CLC<\/div><div class=\"wpipessoa-lattes\"><a href=\"http:\/\/lattes.cnpq.br\/4631069920330682\" target=\"_blank\">Lattes<\/a><\/div><div class=\"wpipessoa-email\"><a href=\"aline.cunha@ufpel.edu.br\" target=\"_blank\">aline.cunha@ufpel.edu.br<\/a><\/div><\/div><\/li><li class=\"wpipessoa-post clearfix\"><div class=\"wpipessoa-thumb\"><img width=\"200\" height=\"200\" src=\"https:\/\/wp.ufpel.edu.br\/cpu\/files\/2023\/07\/aline-tabarelli-1-200x200.jpg\" class=\"attachment-thumbnail size-thumbnail wp-post-image\" alt=\"\" \/><\/div><div class=\"wpipessoa-info\"><div class=\"wpipessoa-nome wpipessoa-fonte-grande\">ALINE TABARELLI<\/div><div class=\"wpipessoa-funcao wpipessoa-fonte-italica\">Representante do CENG<\/div><div class=\"wpipessoa-lattes\"><a href=\"http:\/\/lattes.cnpq.br\/8935186963965815\" target=\"_blank\">Lattes<\/a><\/div><div class=\"wpipessoa-email\"><a href=\"aline.tabarelli@ufpel.edu.br\" target=\"_blank\">aline.tabarelli@ufpel.edu.br<\/a><\/div><\/div><\/li><li class=\"wpipessoa-post clearfix\"><div class=\"wpipessoa-thumb\"><img width=\"200\" height=\"200\" src=\"https:\/\/wp.ufpel.edu.br\/cpu\/files\/2024\/07\/Alvaro-ayala-200x200.png\" class=\"attachment-thumbnail size-thumbnail wp-post-image\" alt=\"\" srcset=\"https:\/\/wp.ufpel.edu.br\/cpu\/files\/2024\/07\/Alvaro-ayala-200x200.png 200w, https:\/\/wp.ufpel.edu.br\/cpu\/files\/2024\/07\/Alvaro-ayala-400x400.png 400w, https:\/\/wp.ufpel.edu.br\/cpu\/files\/2024\/07\/Alvaro-ayala.png 699w\" sizes=\"(max-width: 200px) 100vw, 200px\" \/><\/div><div class=\"wpipessoa-info\"><div class=\"wpipessoa-nome wpipessoa-fonte-grande\">ALVARO LEONARDI AYALA FILHO<\/div><div class=\"wpipessoa-funcao wpipessoa-fonte-italica\">Representante do IFM<\/div><div class=\"wpipessoa-lattes\"><a href=\"http:\/\/lattes.cnpq.br\/0122433356989117\" target=\"_blank\">Lattes<\/a><\/div><div class=\"wpipessoa-email\"><a href=\"ayala@ufpel.edu.br\" target=\"_blank\">ayala@ufpel.edu.br<\/a><\/div><\/div><\/li><li class=\"wpipessoa-post clearfix\"><div class=\"wpipessoa-thumb\"><img src=\"https:\/\/wp.ufpel.edu.br\/cpu\/wp-content\/plugins\/wpi-pessoas\/img\/sem_foto.jpg\"><\/div><div class=\"wpipessoa-info\"><div class=\"wpipessoa-nome wpipessoa-fonte-grande\">DINARTE ALEXANDRE PRIETTO BALLESTER<\/div><div class=\"wpipessoa-funcao wpipessoa-fonte-italica\">Representante da FAMED<\/div><div class=\"wpipessoa-lattes\"><a href=\"http:\/\/lattes.cnpq.br\/4185318943792424\" target=\"_blank\">Lattes<\/a><\/div><div class=\"wpipessoa-email\"><a href=\"dapballester@ufpel.edu.br\" target=\"_blank\">dapballester@ufpel.edu.br<\/a><\/div><\/div><\/li><li class=\"wpipessoa-post clearfix\"><div class=\"wpipessoa-thumb\"><img width=\"200\" height=\"200\" src=\"https:\/\/wp.ufpel.edu.br\/cpu\/files\/2023\/07\/eduardo-henriques-200x200.jpg\" class=\"attachment-thumbnail size-thumbnail wp-post-image\" alt=\"\" \/><\/div><div class=\"wpipessoa-info\"><div class=\"wpipessoa-nome wpipessoa-fonte-grande\">EDUARDO FONTES HENRIQUES<\/div><div class=\"wpipessoa-funcao wpipessoa-fonte-italica\">Representante do IFM<\/div><div class=\"wpipessoa-lattes\"><a href=\"http:\/\/lattes.cnpq.br\/6596300832841609\" target=\"_blank\">Lattes<\/a><\/div><div class=\"wpipessoa-email\"><a href=\"efontes@ufpel.edu.br\" target=\"_blank\">efontes@ufpel.edu.br<\/a><\/div><\/div><\/li><li class=\"wpipessoa-post clearfix\"><div class=\"wpipessoa-thumb\"><img width=\"200\" height=\"200\" src=\"https:\/\/wp.ufpel.edu.br\/cpu\/files\/2025\/10\/Even-Herlany-200x200.png\" class=\"attachment-thumbnail size-thumbnail wp-post-image\" alt=\"\" srcset=\"https:\/\/wp.ufpel.edu.br\/cpu\/files\/2025\/10\/Even-Herlany-200x200.png 200w, https:\/\/wp.ufpel.edu.br\/cpu\/files\/2025\/10\/Even-Herlany-400x400.png 400w, https:\/\/wp.ufpel.edu.br\/cpu\/files\/2025\/10\/Even-Herlany-1024x1024.png 1024w, https:\/\/wp.ufpel.edu.br\/cpu\/files\/2025\/10\/Even-Herlany-768x768.png 768w, https:\/\/wp.ufpel.edu.br\/cpu\/files\/2025\/10\/Even-Herlany-1536x1536.png 1536w, https:\/\/wp.ufpel.edu.br\/cpu\/files\/2025\/10\/Even-Herlany-2048x2048.png 2048w\" sizes=\"(max-width: 200px) 100vw, 200px\" \/><\/div><div class=\"wpipessoa-info\"><div class=\"wpipessoa-nome wpipessoa-fonte-grande\">EVEN HERLANY PEREIRA ALVES<\/div><div class=\"wpipessoa-funcao wpipessoa-fonte-italica\">Representante IB<\/div><div class=\"wpipessoa-lattes\"><a href=\"http:\/\/lattes.cnpq.br\/3095042003549352\" target=\"_blank\">Lattes<\/a><\/div><div class=\"wpipessoa-email\"><a href=\"even.alves@ufpel.edu.br\" target=\"_blank\">even.alves@ufpel.edu.br<\/a><\/div><\/div><\/li><li class=\"wpipessoa-post clearfix\"><div class=\"wpipessoa-thumb\"><img width=\"200\" height=\"200\" src=\"https:\/\/wp.ufpel.edu.br\/cpu\/files\/2025\/10\/1000114173-200x200.jpg\" class=\"attachment-thumbnail size-thumbnail wp-post-image\" alt=\"\" \/><\/div><div class=\"wpipessoa-info\"><div class=\"wpipessoa-nome wpipessoa-fonte-grande\">FLAVIA BRAGA DE AZAMBUJA<\/div><div class=\"wpipessoa-funcao wpipessoa-fonte-italica\">Representante CCSO<\/div><div class=\"wpipessoa-lattes\"><a href=\"http:\/\/lattes.cnpq.br\/5114643785938969\" target=\"_blank\">Lattes<\/a><\/div><div class=\"wpipessoa-email\"><a href=\"azambuja@ufpel.edu.br\" target=\"_blank\">azambuja@ufpel.edu.br<\/a><\/div><\/div><\/li><li class=\"wpipessoa-post clearfix\"><div class=\"wpipessoa-thumb\"><img width=\"200\" height=\"200\" src=\"https:\/\/wp.ufpel.edu.br\/cpu\/files\/2023\/07\/FLAVIA-FONTANA-FERNANDES-200x200.jpg\" class=\"attachment-thumbnail size-thumbnail wp-post-image\" alt=\"\" \/><\/div><div class=\"wpipessoa-info\"><div class=\"wpipessoa-nome wpipessoa-fonte-grande\">FLAVIA FONTANA FERNANDES<\/div><div class=\"wpipessoa-funcao wpipessoa-fonte-italica\">Representante da FAEM<\/div><div class=\"wpipessoa-lattes\"><a href=\"http:\/\/lattes.cnpq.br\/2791199435022974\" target=\"_blank\">Lattes<\/a><\/div><div class=\"wpipessoa-email\"><a href=\"flaviaff@ufpel.edu.br\" target=\"_blank\">flaviaff@ufpel.edu.br<\/a><\/div><\/div><\/li><li class=\"wpipessoa-post clearfix\"><div class=\"wpipessoa-thumb\"><img width=\"200\" height=\"200\" src=\"https:\/\/wp.ufpel.edu.br\/cpu\/files\/2025\/10\/IMG_1064-200x200.jpeg\" class=\"attachment-thumbnail size-thumbnail wp-post-image\" alt=\"\" \/><\/div><div class=\"wpipessoa-info\"><div class=\"wpipessoa-nome wpipessoa-fonte-grande\">GIOVANA DUZZO GAMARO<\/div><div class=\"wpipessoa-funcao wpipessoa-fonte-italica\">Representante CCQFA<\/div><div class=\"wpipessoa-lattes\"><a href=\"http:\/\/lattes.cnpq.br\/9476246181895666\" target=\"_blank\">Lattes<\/a><\/div><div class=\"wpipessoa-email\"><a href=\"giovana.gamaro@ufpel.edu.br\" target=\"_blank\">giovana.gamaro@ufpel.edu.br<\/a><\/div><\/div><\/li><li class=\"wpipessoa-post clearfix\"><div class=\"wpipessoa-thumb\"><img src=\"https:\/\/wp.ufpel.edu.br\/cpu\/wp-content\/plugins\/wpi-pessoas\/img\/sem_foto.jpg\"><\/div><div class=\"wpipessoa-info\"><div class=\"wpipessoa-nome wpipessoa-fonte-grande\">GRACELIE APARECIDA SERPA SCHULZ<\/div><div class=\"wpipessoa-funcao wpipessoa-fonte-italica\">Representante do CCQFA<\/div><div class=\"wpipessoa-lattes\"><a href=\"http:\/\/lattes.cnpq.br\/9974782723877464\" target=\"_blank\">Lattes<\/a><\/div><div class=\"wpipessoa-email\"><a href=\"gracelie.serpa@ufpel.edu.br\" target=\"_blank\">gracelie.serpa@ufpel.edu.br<\/a><\/div><\/div><\/li><li class=\"wpipessoa-post clearfix\"><div class=\"wpipessoa-thumb\"><img width=\"200\" height=\"200\" src=\"https:\/\/wp.ufpel.edu.br\/cpu\/files\/2023\/07\/GRAZIELE-GUIMARAES-GRANADA.png\" class=\"attachment-thumbnail size-thumbnail wp-post-image\" alt=\"\" \/><\/div><div class=\"wpipessoa-info\"><div class=\"wpipessoa-nome wpipessoa-fonte-grande\">GRAZIELE GUIMARAES GRANADA<\/div><div class=\"wpipessoa-funcao wpipessoa-fonte-italica\">Representante da FN<\/div><div class=\"wpipessoa-lattes\"><a href=\"http:\/\/lattes.cnpq.br\/7443344954368169\" target=\"_blank\">Lattes<\/a><\/div><div class=\"wpipessoa-email\"><a href=\"graziele.granada@ufpel.edu.br\" target=\"_blank\">graziele.granada@ufpel.edu.br<\/a><\/div><\/div><\/li><li class=\"wpipessoa-post clearfix\"><div class=\"wpipessoa-thumb\"><img width=\"200\" height=\"200\" src=\"https:\/\/wp.ufpel.edu.br\/cpu\/files\/2023\/07\/me-200x200.jpg\" class=\"attachment-thumbnail size-thumbnail wp-post-image\" alt=\"\" srcset=\"https:\/\/wp.ufpel.edu.br\/cpu\/files\/2023\/07\/me-200x200.jpg 200w, https:\/\/wp.ufpel.edu.br\/cpu\/files\/2023\/07\/me-400x400.jpg 400w, https:\/\/wp.ufpel.edu.br\/cpu\/files\/2023\/07\/me.jpg 640w\" sizes=\"(max-width: 200px) 100vw, 200px\" \/><\/div><div class=\"wpipessoa-info\"><div class=\"wpipessoa-nome wpipessoa-fonte-grande\">ISABEL TERESINHA DUTRA SOARES<\/div><div class=\"wpipessoa-funcao wpipessoa-fonte-italica\">Representante do CCSO<\/div><div class=\"wpipessoa-lattes\"><a href=\"http:\/\/lattes.cnpq.br\/8831398045653663\" target=\"_blank\">Lattes<\/a><\/div><div class=\"wpipessoa-email\"><a href=\"isabel.teresinha@ufpel.edu.br\" target=\"_blank\">isabel.teresinha@ufpel.edu.br<\/a><\/div><\/div><\/li><li class=\"wpipessoa-post clearfix\"><div class=\"wpipessoa-thumb\"><img width=\"200\" height=\"200\" src=\"https:\/\/wp.ufpel.edu.br\/cpu\/files\/2025\/10\/Julia-Guimaraes-200x200.png\" class=\"attachment-thumbnail size-thumbnail wp-post-image\" alt=\"\" srcset=\"https:\/\/wp.ufpel.edu.br\/cpu\/files\/2025\/10\/Julia-Guimaraes-200x200.png 200w, https:\/\/wp.ufpel.edu.br\/cpu\/files\/2025\/10\/Julia-Guimaraes-400x400.png 400w, https:\/\/wp.ufpel.edu.br\/cpu\/files\/2025\/10\/Julia-Guimaraes-1024x1024.png 1024w, https:\/\/wp.ufpel.edu.br\/cpu\/files\/2025\/10\/Julia-Guimaraes-768x768.png 768w, https:\/\/wp.ufpel.edu.br\/cpu\/files\/2025\/10\/Julia-Guimaraes-1536x1536.png 1536w, https:\/\/wp.ufpel.edu.br\/cpu\/files\/2025\/10\/Julia-Guimaraes.png 1644w\" sizes=\"(max-width: 200px) 100vw, 200px\" \/><\/div><div class=\"wpipessoa-info\"><div class=\"wpipessoa-nome wpipessoa-fonte-grande\">JULIA GUIMAR\u00c3ES NEVES<\/div><div class=\"wpipessoa-funcao wpipessoa-fonte-italica\">Representante FaE<\/div><div class=\"wpipessoa-lattes\"><a href=\"http:\/\/lattes.cnpq.br\/3012189720628803\" target=\"_blank\">Lattes<\/a><\/div><div class=\"wpipessoa-email\"><a href=\"julia.neves@ufpel.edu.br\" target=\"_blank\">julia.neves@ufpel.edu.br<\/a><\/div><\/div><\/li><li class=\"wpipessoa-post clearfix\"><div class=\"wpipessoa-thumb\"><img src=\"https:\/\/wp.ufpel.edu.br\/cpu\/wp-content\/plugins\/wpi-pessoas\/img\/sem_foto.jpg\"><\/div><div class=\"wpipessoa-info\"><div class=\"wpipessoa-nome wpipessoa-fonte-grande\">MARCELO PEREIRA MACHADO<\/div><div class=\"wpipessoa-funcao wpipessoa-fonte-italica\">Representante IFM\/DF<\/div><div class=\"wpipessoa-lattes\"><a href=\"http:\/\/lattes.cnpq.br\/3224207339750944\" target=\"_blank\">Lattes<\/a><\/div><div class=\"wpipessoa-email\"><a href=\"marcelo.machado@ufpel.edu.br\" target=\"_blank\">marcelo.machado@ufpel.edu.br<\/a><\/div><\/div><\/li><li class=\"wpipessoa-post clearfix\"><div class=\"wpipessoa-thumb\"><img width=\"200\" height=\"200\" src=\"https:\/\/wp.ufpel.edu.br\/cpu\/files\/2025\/10\/1000103572-200x200.jpg\" class=\"attachment-thumbnail size-thumbnail wp-post-image\" alt=\"\" \/><\/div><div class=\"wpipessoa-info\"><div class=\"wpipessoa-nome wpipessoa-fonte-grande\">PATRICIA SOARES BILHALVA DOS SANTOS<\/div><div class=\"wpipessoa-funcao wpipessoa-fonte-italica\">Representante CENG<\/div><div class=\"wpipessoa-lattes\"><a href=\"http:\/\/lattes.cnpq.br\/1776148495444862\" target=\"_blank\">Lattes<\/a><\/div><div class=\"wpipessoa-email\"><a href=\"patricia.santos@ufpel.edu.br\" target=\"_blank\">patricia.santos@ufpel.edu.br<\/a><\/div><\/div><\/li><li class=\"wpipessoa-post clearfix\"><div class=\"wpipessoa-thumb\"><img width=\"200\" height=\"200\" src=\"https:\/\/wp.ufpel.edu.br\/cpu\/files\/2023\/07\/RAFAEL-IANKOWSKI-SOARES-200x200.jpg\" class=\"attachment-thumbnail size-thumbnail wp-post-image\" alt=\"\" \/><\/div><div class=\"wpipessoa-info\"><div class=\"wpipessoa-nome wpipessoa-fonte-grande\">RAFAEL IANKOWSKI SOARES<\/div><div class=\"wpipessoa-funcao wpipessoa-fonte-italica\">Representante do CDTEC<\/div><div class=\"wpipessoa-lattes\"><a href=\"http:\/\/lattes.cnpq.br\/7939385198461157\" target=\"_blank\">Lattes<\/a><\/div><\/div><\/li><li class=\"wpipessoa-post clearfix\"><div class=\"wpipessoa-thumb\"><img width=\"200\" height=\"200\" src=\"https:\/\/wp.ufpel.edu.br\/cpu\/files\/2025\/10\/Renata-Cristina-200x200.jpg\" class=\"attachment-thumbnail size-thumbnail wp-post-image\" alt=\"\" \/><\/div><div class=\"wpipessoa-info\"><div class=\"wpipessoa-nome wpipessoa-fonte-grande\">RENATA CRISTINA ROCHA DA SILVA<\/div><div class=\"wpipessoa-funcao wpipessoa-fonte-italica\">Representante PROAFE<\/div><div class=\"wpipessoa-lattes\"><a href=\"http:\/\/lattes.cnpq.br\/3150036157419261\" target=\"_blank\">Lattes<\/a><\/div><div class=\"wpipessoa-email\"><a href=\"renata.cristina@ufpel.edu.br\" target=\"_blank\">renata.cristina@ufpel.edu.br<\/a><\/div><\/div><\/li><li class=\"wpipessoa-post clearfix\"><div class=\"wpipessoa-thumb\"><img width=\"200\" height=\"200\" src=\"https:\/\/wp.ufpel.edu.br\/cpu\/files\/2023\/07\/RENATA-KABKE-PINHEIRO-200x200.png\" class=\"attachment-thumbnail size-thumbnail wp-post-image\" alt=\"\" srcset=\"https:\/\/wp.ufpel.edu.br\/cpu\/files\/2023\/07\/RENATA-KABKE-PINHEIRO-200x200.png 200w, https:\/\/wp.ufpel.edu.br\/cpu\/files\/2023\/07\/RENATA-KABKE-PINHEIRO-400x400.png 400w, https:\/\/wp.ufpel.edu.br\/cpu\/files\/2023\/07\/RENATA-KABKE-PINHEIRO-1024x1024.png 1024w, https:\/\/wp.ufpel.edu.br\/cpu\/files\/2023\/07\/RENATA-KABKE-PINHEIRO-768x768.png 768w, https:\/\/wp.ufpel.edu.br\/cpu\/files\/2023\/07\/RENATA-KABKE-PINHEIRO-1536x1536.png 1536w, https:\/\/wp.ufpel.edu.br\/cpu\/files\/2023\/07\/RENATA-KABKE-PINHEIRO.png 1787w\" sizes=\"(max-width: 200px) 100vw, 200px\" \/><\/div><div class=\"wpipessoa-info\"><div class=\"wpipessoa-nome wpipessoa-fonte-grande\">RENATA KABKE PINHEIRO<\/div><div class=\"wpipessoa-funcao wpipessoa-fonte-italica\">Representante do CLC<\/div><div class=\"wpipessoa-lattes\"><a href=\"http:\/\/lattes.cnpq.br\/5021153354858150\" target=\"_blank\">Lattes<\/a><\/div><div class=\"wpipessoa-email\"><a href=\"renata.pinheiro@ufpel.edu.br\" target=\"_blank\">renata.pinheiro@ufpel.edu.br<\/a><\/div><\/div><\/li><li class=\"wpipessoa-post clearfix\"><div class=\"wpipessoa-thumb\"><img width=\"200\" height=\"200\" src=\"https:\/\/wp.ufpel.edu.br\/cpu\/files\/2023\/07\/RENATO-FABRICIO-DE-ANDRADE-WALDEMARIN-200x200.jpg\" class=\"attachment-thumbnail size-thumbnail wp-post-image\" alt=\"\" \/><\/div><div class=\"wpipessoa-info\"><div class=\"wpipessoa-nome wpipessoa-fonte-grande\">RENATO FABRICIO DE ANDRADE WALDEMARIN<\/div><div class=\"wpipessoa-funcao wpipessoa-fonte-italica\">Representante da FO<\/div><div class=\"wpipessoa-lattes\"><a href=\"http:\/\/lattes.cnpq.br\/6542284107758719\" target=\"_blank\">Lattes<\/a><\/div><div class=\"wpipessoa-email\"><a href=\"renato.waldemarin@ufpel.edu.br\" target=\"_blank\">renato.waldemarin@ufpel.edu.br<\/a><\/div><\/div><\/li><li class=\"wpipessoa-post clearfix\"><div class=\"wpipessoa-thumb\"><img width=\"200\" height=\"200\" src=\"https:\/\/wp.ufpel.edu.br\/cpu\/files\/2023\/07\/ROGERIA-APARECIDA-CRUZ-GUTTIER-200x200.jpg\" class=\"attachment-thumbnail size-thumbnail wp-post-image\" alt=\"\" \/><\/div><div class=\"wpipessoa-info\"><div class=\"wpipessoa-nome wpipessoa-fonte-grande\">ROG\u00c9RIA APARECIDA CRUZ GUTTIER<\/div><div class=\"wpipessoa-funcao wpipessoa-fonte-italica\">Representante da PRAE<\/div><div class=\"wpipessoa-lattes\"><a href=\"http:\/\/lattes.cnpq.br\/6568455503796133\" target=\"_blank\">Lattes<\/a><\/div><div class=\"wpipessoa-email\"><a href=\"rogeria.guttier@ufpel.edu.br\" target=\"_blank\">rogeria.guttier@ufpel.edu.br<\/a><\/div><\/div><\/li><\/ul>\n","protected":false},"excerpt":{"rendered":"<div class=\"wpipessoa-lista wpipessoa-info\">\n<div class=\"wpipessoa-funcao wpipessoa-fonte-italica\">Representante da PRAE<\/div>\n<\/div>\n","protected":false},"author":833,"featured_media":0,"parent":103,"menu_order":2,"comment_status":"closed","ping_status":"closed","template":"","meta":{"footnotes":""},"class_list":["post-1133","page","type-page","status-publish","hentry"],"jetpack-related-posts":[{"id":103,"url":"https:\/\/wp.ufpel.edu.br\/cpu\/gip\/","url_meta":{"origin":1133,"position":0},"title":"GRUPO DE INTERLOCU\u00c7\u00c3O PEDAG\u00d3GICA","author":"larissapatron","date":"09\/04\/2019","format":false,"excerpt":"O que \u00e9 o GIP? O Grupo de interlocu\u00e7\u00e3o Pedag\u00f3gica - GIP - \u00e9 um grupo formado por representantes das Unidades Acad\u00eamicas da UFPel com o objetivo de que seus membros promovam o di\u00e1logo entre a Pr\u00f3 Reitoria de Ensino e o corpo docente de sua Unidade sobre a qualifica\u00e7\u00e3o\u2026","rel":"","context":"Post similar","block_context":{"text":"Post similar","link":""},"img":{"alt_text":"","src":"","width":0,"height":0},"classes":[]},{"id":897,"url":"https:\/\/wp.ufpel.edu.br\/cpu\/documento-de-criacao\/","url_meta":{"origin":1133,"position":1},"title":"Documento de cria\u00e7\u00e3o","author":"CPU","date":"09\/06\/2021","format":false,"excerpt":"MINIST\u00c9RIO DA EDUCA\u00c7\u00c3O \u2013 UNIVERSIDADE FEDERAL DE PELOTASPR\u00d3-REITORIA DE ENSINOCOORDENA\u00c7\u00c3O DE PEDAGOGIA UNIVERSIT\u00c1RIAGRUPO DE INTERLOCU\u00c7\u00c3O PEDAG\u00d3GICA \u2013 GIP JUSTIFICATIVA: A preocupa\u00e7\u00e3o com a qualidade na forma\u00e7\u00e3o dos estudantes nos n\u00edveis dagradua\u00e7\u00e3o e p\u00f3s-gradua\u00e7\u00e3o nas Universidades P\u00fablicas \u00e9 sempre tema importante epermanente nas institui\u00e7\u00f5es, visto que envolve processos altamente complexos queacompanham\u2026","rel":"","context":"Post similar","block_context":{"text":"Post similar","link":""},"img":{"alt_text":"","src":"","width":0,"height":0},"classes":[]},{"id":1352,"url":"https:\/\/wp.ufpel.edu.br\/cpu\/gestao-pedagogica\/","url_meta":{"origin":1133,"position":2},"title":"Gest\u00e3o Pedag\u00f3gica","author":"marcialopes","date":"03\/10\/2024","format":false,"excerpt":"Encontre aqui as refer\u00eancias sobre quest\u00f5es de organiza\u00e7\u00e3o do curso e pedagogia universit\u00e1ria.\u00a0 Pesquise por assunto na tabela abaixo e acesse o link correspondente para maiores informa\u00e7\u00f5es: AssuntoDescri\u00e7\u00e3oLinkCadastro da matriz curricular no sistema acad\u00eamicoCurr\u00edculo; equival\u00eancias; pr\u00e9-requisitos; CobaltoN\u00facleo de Curr\u00edculos e Hist\u00f3ricos CRADiretrizes Elabora\u00e7\u00e3o PPCDiretrizes para elabora\u00e7\u00e3o do PPC; Fluxograma do\u2026","rel":"","context":"Post similar","block_context":{"text":"Post similar","link":""},"img":{"alt_text":"","src":"","width":0,"height":0},"classes":[]},{"id":20,"url":"https:\/\/wp.ufpel.edu.br\/cpu\/o-programa\/","url_meta":{"origin":1133,"position":3},"title":"O Programa","author":"lwdias","date":"29\/03\/2018","format":false,"excerpt":"Resolu\u00e7\u00e3o N\u00b0 15 de 25 de maio de 2017 O ano de 2017 representou um marco para a Pedagogia Universit\u00e1ria na Universidade Federal de Pelotas com a regulamenta\u00e7\u00e3o e aprova\u00e7\u00e3o pelo COCEPE da Resolu\u00e7\u00e3o n\u00ba de 25 de maio de 2017 que institucionalizou o programa dentro da institui\u00e7\u00e3o. Atendendo ao\u2026","rel":"","context":"Post similar","block_context":{"text":"Post similar","link":""},"img":{"alt_text":"","src":"","width":0,"height":0},"classes":[]},{"id":745,"url":"https:\/\/wp.ufpel.edu.br\/cpu\/apresentacao-cpu\/","url_meta":{"origin":1133,"position":4},"title":"Apresenta\u00e7\u00e3o","author":"CPU","date":"25\/04\/2021","format":false,"excerpt":"Ensinar n\u00e3o \u00e9 transferir conhecimento, mas criar as possibilidades para a sua pr\u00f3pria produ\u00e7\u00e3o ou a sua constru\u00e7\u00e3o.Paulo Freire, Pedagogia da Autonomia A Coordena\u00e7\u00e3o de Pedagogia Universit\u00e1ria (CPU) \u00e9 o \u00f3rg\u00e3o respons\u00e1vel por planejar e desenvolver a pol\u00edtica de forma\u00e7\u00e3o para professores na UFPEL. Sejam professores ingressantes ou em forma\u00e7\u00e3o\u2026","rel":"","context":"Post similar","block_context":{"text":"Post similar","link":""},"img":{"alt_text":"","src":"","width":0,"height":0},"classes":[]},{"id":1700,"url":"https:\/\/wp.ufpel.edu.br\/cpu\/formacao-para-ndes\/","url_meta":{"origin":1133,"position":5},"title":"Forma\u00e7\u00e3o para NDEs","author":"marcialopes","date":"04\/07\/2025","format":false,"excerpt":"PROPOSTA DE FORMA\u00c7\u00c3O PERMANENTE DOS N\u00daCLEOS DOCENTES ESTRUTURANTES (NDEs) DA UNIVERSIDADE FEDERAL DE PELOTAS (UFPEL) Justificativa Os N\u00facleos Docentes Estruturantes (NDEs) desempenham um papel fundamental na organiza\u00e7\u00e3o e no desenvolvimento dos cursos de gradua\u00e7\u00e3o, conforme estabelecido pela Resolu\u00e7\u00e3o n\u00ba 5\/2021 do Conselho Nacional de Educa\u00e7\u00e3o (CNE\/CES), que define as Diretrizes\u2026","rel":"","context":"Post similar","block_context":{"text":"Post similar","link":""},"img":{"alt_text":"","src":"","width":0,"height":0},"classes":[]}],"jetpack_sharing_enabled":true,"_links":{"self":[{"href":"https:\/\/wp.ufpel.edu.br\/cpu\/wp-json\/wp\/v2\/pages\/1133","targetHints":{"allow":["GET"]}}],"collection":[{"href":"https:\/\/wp.ufpel.edu.br\/cpu\/wp-json\/wp\/v2\/pages"}],"about":[{"href":"https:\/\/wp.ufpel.edu.br\/cpu\/wp-json\/wp\/v2\/types\/page"}],"author":[{"embeddable":true,"href":"https:\/\/wp.ufpel.edu.br\/cpu\/wp-json\/wp\/v2\/users\/833"}],"replies":[{"embeddable":true,"href":"https:\/\/wp.ufpel.edu.br\/cpu\/wp-json\/wp\/v2\/comments?post=1133"}],"version-history":[{"count":1,"href":"https:\/\/wp.ufpel.edu.br\/cpu\/wp-json\/wp\/v2\/pages\/1133\/revisions"}],"predecessor-version":[{"id":1135,"href":"https:\/\/wp.ufpel.edu.br\/cpu\/wp-json\/wp\/v2\/pages\/1133\/revisions\/1135"}],"up":[{"embeddable":true,"href":"https:\/\/wp.ufpel.edu.br\/cpu\/wp-json\/wp\/v2\/pages\/103"}],"wp:attachment":[{"href":"https:\/\/wp.ufpel.edu.br\/cpu\/wp-json\/wp\/v2\/media?parent=1133"}],"curies":[{"name":"wp","href":"https:\/\/api.w.org\/{rel}","templated":true}]}}