{"id":1096,"date":"2024-10-03T14:58:15","date_gmt":"2024-10-03T17:58:15","guid":{"rendered":"https:\/\/wp.ufpel.edu.br\/cpu\/?page_id=1096"},"modified":"2025-01-06T09:07:58","modified_gmt":"2025-01-06T12:07:58","slug":"referenciarapida","status":"publish","type":"page","link":"https:\/\/wp.ufpel.edu.br\/cpu\/referenciarapida\/","title":{"rendered":"Refer\u00eancia r\u00e1pida sobre inst\u00e2ncias e suas atribui\u00e7\u00f5es"},"content":{"rendered":"\n<p>Encontre aqui as atribui\u00e7\u00f5es de inst\u00e2ncias institucionais ligadas aos cursos de gradua\u00e7\u00e3o, conforme normativas da UFPEL.<\/p>\n\n\n\n<p id=\"inicio\">Menu<\/p>\n\n\n\n<ul class=\"wp-block-list\">\n<li><a href=\"#colegiado-lista\">Colegiado de Curso<\/a><\/li>\n\n\n\n<li><a href=\"#nde-lista\">N\u00facleo Docente Estruturante<\/a><\/li>\n\n\n\n<li><a href=\"#coordenador-lista\">Coordenador do Colegiado de Curso<\/a><\/li>\n\n\n\n<li><a href=\"#departamento-lista\">Departamentos<\/a>&nbsp;(em Faculdades e Institutos)<\/li>\n\n\n\n<li><a href=\"#camara-lista\">C\u00e2mara de Ensino<\/a>&nbsp;(Centros)<\/li>\n\n\n\n<li><a href=\"#cocepe-lista\">COCEPE<\/a><\/li>\n<\/ul>\n\n\n\n<p>Se voc\u00ea n\u00e3o encontrou a informa\u00e7\u00e3o que precisa ou quer contribuir com sugest\u00f5es para esta p\u00e1gina, envie um pedido de atendimento atrav\u00e9s da <a href=\"https:\/\/wp.ufpel.edu.br\/perguntas\/solicitar-atendimento\/\">Plataforma de Atendimento<\/a> da UFPEL para a \u00e1rea Pedagogia Universit\u00e1ria.<\/p>\n\n\n\n<p><a href=\"https:\/\/wp.ufpel.edu.br\/cpu\/referencias-para-coordenacoes-de-curso-e-secretarias\/\">Voltar para menu inicial.<\/a><\/p>\n\n\n\n<hr class=\"wp-block-separator has-alpha-channel-opacity\"\/>\n\n\n\n<h2 class=\"wp-block-heading\" id=\"colegiado-lista\"><strong>Colegiado de Curso: O que \u00e9?&nbsp;<\/strong><\/h2>\n\n\n\n<p id=\"colegiado-lista\">(Art. 65 a 57, Estatuto da UFPel; Art. 107 a 126, Regimento Geral UFPel)<\/p>\n\n\n\n<p>O Colegiado de Curso \u00e9 o \u00f3rg\u00e3o de coordena\u00e7\u00e3o did\u00e1tica que tem por finalidade superintender o ensino no \u00e2mbito de cada curso. Ser\u00e1 dirigido por um(a) Coordenador (a). O(a) coordenador(a) do curso ser\u00e1 tamb\u00e9m o(a) coordenador(a) do Colegiado do Curso.<\/p>\n\n\n\n<p>O tr\u00e2mite de elei\u00e7\u00e3o, tempo de mandato do(a) coordenador(a) de curso e demais detalhes de funcionamento do colegiado seguem o disposto nos artigos acima indicados.<\/p>\n\n\n\n<p>A atua\u00e7\u00e3o no cargo de coordenador de curso passa a valer a partir da data da emiss\u00e3o de portaria e de sua respectiva publica\u00e7\u00e3o no D.O.U.<\/p>\n\n\n\n<p>O Colegiado de curso tem por finalidade superintender o ensino, no \u00e2mbito de cada curso.<\/p>\n\n\n\n<p><strong>Atribui\u00e7\u00f5es dos Colegiados de Curso<\/strong><\/p>\n\n\n\n<p>a) coordenar e supervisionar o curso;<\/p>\n\n\n\n<p>b) receber reclama\u00e7\u00f5es e recursos na \u00e1rea do ensino;<\/p>\n\n\n\n<p>c) apreciar os pedidos de transfer\u00eancia e estudar os casos de equival\u00eancia de disciplinas de outras Universidades ou Unidades de Ensino para efeitos de transfer\u00eancia;<\/p>\n\n\n\n<p>d) elaborar ou rever o curr\u00edculo, submetendo-o ao Conselho Coordenador do Ensino da Pesquisa e da Extens\u00e3o;<\/p>\n\n\n\n<p>e) propor ao Conselho Coordenador do Ensino da Pesquisa e da Extens\u00e3o a organiza\u00e7\u00e3o curricular dos cursos correspondentes;<\/p>\n\n\n\n<p>f) emitir parecer sobre os processos relativos a aproveitamento de estudos e adapta\u00e7\u00e3o, mediante requerimento dos interessados;<\/p>\n\n\n\n<p>g) assegurar a articula\u00e7\u00e3o entre o ciclo b\u00e1sico e o ciclo profissional do curso correspondente;<\/p>\n\n\n\n<p>h) estabelecer normas para o desempenho dos professores orientadores;<\/p>\n\n\n\n<p>i) emitir parecer sobre recursos ou representa\u00e7\u00f5es de alunos sobre mat\u00e9ria did\u00e1tica;<\/p>\n\n\n\n<p>j) aprovar o Plano de Ensino das disciplinas do curso correspondente;<\/p>\n\n\n\n<p>k) aprovar a lista de ofertas das disciplinas do curso correspondente para cada per\u00edodo letivo;<\/p>\n\n\n\n<p>l) propor aos Departamentos correspondentes os hor\u00e1rios mais convenientes para as disciplinas de seu interesse;<\/p>\n\n\n\n<p>m) elaborar seu Regimento, para aprova\u00e7\u00e3o pelo Conselho Coordenador do Ensino, da Pesquisa e da Extens\u00e3o.<\/p>\n\n\n\n<p class=\"has-text-align-right\"><span style=\"text-decoration: underline;\"><a href=\"#inicio\">Voltar ao in\u00edcio<\/a><\/span><\/p>\n\n\n\n<hr class=\"wp-block-separator has-alpha-channel-opacity\"\/>\n\n\n\n<h2 class=\"wp-block-heading\" id=\"nde-lista\"><strong>N\u00facleo Docente Estruturante: O que \u00e9?<\/strong>&nbsp;<\/h2>\n\n\n\n<p id=\"nde-lista\">(Resolu\u00e7\u00e3o n\u00ba 22\/2018, COCEPE)<\/p>\n\n\n\n<p>Inst\u00e2ncia institu\u00edda por portaria emitidas pelos Diretores das Unidades Acad\u00eamicas, existente em todos os Cursos de Gradua\u00e7\u00e3o, de car\u00e1ter consultivo, propositivo e de assessoria sobre mat\u00e9ria acad\u00eamica, para acompanhamento e avalia\u00e7\u00e3o do curso, respons\u00e1vel e atuante nas defini\u00e7\u00f5es do Projeto Pedag\u00f3gico e das suas necessidades, a partir da elabora\u00e7\u00e3o, da implementa\u00e7\u00e3o, da atualiza\u00e7\u00e3o e consolida\u00e7\u00e3o do Projeto Pedag\u00f3gico do Curso.&nbsp;Deve ser formado por um m\u00ednimo de 5 (cinco) professores pertencentes ao Curso, tendo o Coordenador de Colegiado de Curso como seu presidente.<\/p>\n\n\n\n<p><strong>Atribui\u00e7\u00f5es do NDE&nbsp;<\/strong><\/p>\n\n\n\n<p>a) Propor, organizar e encaminhar, em regime de colabora\u00e7\u00e3o, a elabora\u00e7\u00e3o, reestrutura\u00e7\u00e3o e atualiza\u00e7\u00e3o do Projeto Pedag\u00f3gico do Curso (PPC), definindo concep\u00e7\u00f5es e fundamentos;&nbsp;<\/p>\n\n\n\n<p>b) promover melhorias no Curr\u00edculo do Curso, tendo em vista a sua flexibiliza\u00e7\u00e3o e a promo\u00e7\u00e3o de pol\u00edticas que visem sua efetividade;&nbsp;<\/p>\n\n\n\n<p>c) contribuir para consolida\u00e7\u00e3o do perfil profissional do egresso e melhoria geral da qualidade do Curso ao qual se vincula, realizando estudos e atualiza\u00e7\u00f5es peri\u00f3dicas do PPC, verificando o impacto do sistema de avalia\u00e7\u00e3o de aprendizagem na forma\u00e7\u00e3o do estudante e an\u00e1lise da adequa\u00e7\u00e3o do perfil do egresso, considerando as Diretrizes Curriculares Nacionais e as novas demandas do mundo do trabalho e da sociedade;&nbsp;<\/p>\n\n\n\n<p>d) acompanhar o desenvolvimento do PPC, referendando, por meio de relat\u00f3rio redigido e assinado por todos os seus membros, a adequa\u00e7\u00e3o das bibliografias b\u00e1sicas e complementares do curso, de modo a garantir compatibilidade em cada bibliografia b\u00e1sica e complementar da unidade curricular, entre n\u00famero de vagas autorizadas (do pr\u00f3prio curso e de outros cursos que utilizem os t\u00edtulos) e a quantidade de exemplares por t\u00edtulo (ou assinatura de acesso) dispon\u00edvel no acervo, seja f\u00edsico ou virtual;&nbsp;<\/p>\n\n\n\n<p>e) zelar pelo cumprimento das Diretrizes Nacionais para os cursos de gradua\u00e7\u00e3o e demais legisla\u00e7\u00f5es relacionadas;&nbsp;<\/p>\n\n\n\n<p>f) acompanhar e apoiar o cumprimento das normas de gradua\u00e7\u00e3o da UFPel e demais normas institucionais aplic\u00e1veis;&nbsp;<\/p>\n\n\n\n<p>g) estudar pol\u00edticas que visem \u00e0 integra\u00e7\u00e3o do ensino de gradua\u00e7\u00e3o, da pesquisa e p\u00f3s-gradua\u00e7\u00e3o e da extens\u00e3o, considerando o aprimoramento da \u00e1rea de conhecimento do curso;&nbsp;<\/p>\n\n\n\n<p>h) encaminhar \u00e0 Dire\u00e7\u00e3o da Unidade as demandas referentes \u00e0 aquisi\u00e7\u00e3o de t\u00edtulos virtuais ou f\u00edsicos, para adequa\u00e7\u00e3o das refer\u00eancias bibliogr\u00e1ficas ao PPC do Curso;&nbsp;<\/p>\n\n\n\n<p>i) disponibilizar o relat\u00f3rio referendado de bibliografias aos avaliadores do INEP\/MEC, durante as visitas&nbsp;<em>in loco<\/em>&nbsp;para fins de autoriza\u00e7\u00e3o, reconhecimento, renova\u00e7\u00e3o de reconhecimento de curso ou recredenciamento institucional;&nbsp;<\/p>\n\n\n\n<p>j) acompanhar e apoiar os processos de avalia\u00e7\u00e3o e regula\u00e7\u00e3o do Curso.&nbsp;<\/p>\n\n\n\n<p>Como presidente, o Coordenador de curso \u00e9 o respons\u00e1vel por fazer valer as atribui\u00e7\u00f5es do NDE junto ao Curso e \u00e0 Universidade.<\/p>\n\n\n\n<p>Demais informa\u00e7\u00f5es sobre atua\u00e7\u00e3o e funcionamento dos NDEs est\u00e3o normatizadas na Resolu\u00e7\u00e3o acima indicada.<\/p>\n\n\n\n<p><span style=\"text-decoration: underline;\"><a href=\"#inicio\">Voltar ao in\u00edcio<\/a><\/span><\/p>\n\n\n\n<hr class=\"wp-block-separator has-alpha-channel-opacity\"\/>\n\n\n\n<h2 class=\"wp-block-heading\" id=\"coordenador-lista\"><strong>Atribui\u00e7\u00f5es do(a) Coordenador(a) de Curso<\/strong><\/h2>\n\n\n\n<p>a) integrar o Conselho Universit\u00e1rio, quando for o caso;<\/p>\n\n\n\n<p>b) presidir os trabalhos do Colegiado de Curso;<\/p>\n\n\n\n<p>c) responder, perante o Conselho Coordenador do Ensino da Pesquisa e da Extens\u00e3o, pela efici\u00eancia do planejamento e coordena\u00e7\u00e3o das atividades de ensino do curso correspondente;<\/p>\n\n\n\n<p>d) fiscalizar o cumprimento da legisla\u00e7\u00e3o federal de ensino relativa ao curso;<\/p>\n\n\n\n<p>e) coordenar a atividade de orienta\u00e7\u00e3o discente no \u00e2mbito do respectivo curso;<\/p>\n\n\n\n<p>f) designar os professores-orientadores;<\/p>\n\n\n\n<p>g) receber e encaminhar os processos dirigidos ao Colegiado de Curso;<\/p>\n\n\n\n<p>h) solicitar aos Chefes de Departamento as provid\u00eancias necess\u00e1rias ao regular funcionamento do curso;<\/p>\n\n\n\n<p>i) cumprir e fazer cumprir as decis\u00f5es do Colegiado de Curso;<\/p>\n\n\n\n<p>j) assegurar e regular o funcionamento do colegiado de curso, dentro das normas do Estatuto e do Regimento da Universidade e Resolu\u00e7\u00e3o do Conselho Coordenador do Ensino, da Pesquisa e da Extens\u00e3o;<\/p>\n\n\n\n<p>k) comunicar ao Diretor da Unidade correspondente as faltas n\u00e3o justificadas de professores \u00e0s reuni\u00f5es do Colegiado.<\/p>\n\n\n\n<p>Fazemos quest\u00e3o de&nbsp;<strong>destacar a import\u00e2ncia da participa\u00e7\u00e3o dos(as) Secret\u00e1rios(as) de Colegiados de Curso na fun\u00e7\u00e3o de Coordena\u00e7\u00e3o.&nbsp;<\/strong>O cargo de secret\u00e1rio \u00e9 parte fundamental na gest\u00e3o dos cursos uma vez que apoia a atua\u00e7\u00e3o do coordenador no que diz respeito ao cumprimento da rotina burocr\u00e1tica a que os Cursos est\u00e3o submetidos. Atuando de forma parceira com o coordenador, que mant\u00e9m, em certa medida, suas fun\u00e7\u00f5es docentes, o secret\u00e1rio \u00e9 o servidor que gerencia, acompanha e mant\u00e9m em dia a documenta\u00e7\u00e3o, calend\u00e1rio, registros, correspond\u00eancias, processos e agenda do coordenador, oportunizando o cumprimento eficiente das demandas administrativas dos Cursos.<\/p>\n\n\n\n<p><span style=\"text-decoration: underline;\"><a href=\"#inicio\">Voltar ao in\u00edcio<\/a><\/span><\/p>\n\n\n\n<hr class=\"wp-block-separator has-alpha-channel-opacity\"\/>\n\n\n\n<h2 class=\"wp-block-heading\" id=\"departamento-lista\"><strong>Departamento: O que \u00e9?&nbsp;<\/strong><\/h2>\n\n\n\n<p id=\"departamento-lista\">(Art. 39 a 42, Estatuto da UFPel; Art. 77 a 82, Regimento Geral UFPel)<\/p>\n\n\n\n<p>Nas Unidades que ainda mant\u00e9m esta inst\u00e2ncia, os departamentos constituem a menor fra\u00e7\u00e3o da estrutura universit\u00e1ria para todos os efeitos de organiza\u00e7\u00e3o administrativa, did\u00e1tico-cient\u00edfica e de distribui\u00e7\u00e3o de pessoal. Re\u00fane disciplinas afins, correspondentes a determinada \u00e1rea do conhecimento, congregando, simultaneamente, os docentes respectivos e os meios de a\u00e7\u00e3o. Ministra o ensino e realiza a pesquisa no campo de sua especialidade, vedando a duplica\u00e7\u00e3o de atividades id\u00eanticas em departamentos distintos, de forma a satisfazer os interesses cient\u00edficos e culturais de seu pessoal docente. \u00c9 composto por todo o pessoal docente nele lotado e mais uma representa\u00e7\u00e3o discente. A Chefia do Departamento caber\u00e1 a professor(a) da carreira do magist\u00e9rio, mediante lista tr\u00edplice organizada pelo seu pessoal e escolhido(a) pelo Reitor.<\/p>\n\n\n\n<p><strong>Atribui\u00e7\u00f5es do Departamento<\/strong><\/p>\n\n\n\n<p>a) eleger, em vota\u00e7\u00e3o secreta, os integrantes das listas tr\u00edplices de que ser\u00e3o escolhidos os respectivos chefe e subchefe;<\/p>\n\n\n\n<p>b) elaborar os seus planos de trabalho e a parte que lhe competir no plano anual de atividades universit\u00e1rias;<\/p>\n\n\n\n<p>c) atribuir encargos de ensino, pesquisa e extens\u00e3o ao pessoal docente que o integre, respeitadas as especializa\u00e7\u00f5es;<\/p>\n\n\n\n<p>d) coordenar o trabalho do pessoal docente, visando \u00e0 unidade e \u00e0 efici\u00eancia do ensino, da pesquisa e da extens\u00e3o;<\/p>\n\n\n\n<p>e) adotar ou sugerir, quando for o caso, as provid\u00eancias de ordem did\u00e1tica, cient\u00edfica e administrativa que julgar aconselh\u00e1veis \u00e0&nbsp; boa marcha de seus trabalhos;<\/p>\n\n\n\n<p>f) elaborar a lista de ofertas das disciplinas de sua \u00e1rea de atua\u00e7\u00e3o, com seus respectivos planos de ensino e programas de concursos docentes;<\/p>\n\n\n\n<p>g) aprovar os projetos de pesquisa e os planos de concursos de p\u00f3s-gradua\u00e7\u00e3o, de especializa\u00e7\u00e3o, aperfei\u00e7oamento e extens\u00e3o que se situem no seu \u00e2mbito de atua\u00e7\u00e3o;<\/p>\n\n\n\n<p>h) adotar provid\u00eancias para o constante aperfei\u00e7oamento de seu pessoal docente;<\/p>\n\n\n\n<p>i) emitir pareceres em assuntos de sua compet\u00eancia;<\/p>\n\n\n\n<p>j) propor pelo voto de 2\/3 (dois ter\u00e7os) de seus membros o afastamento ou a destitui\u00e7\u00e3o do respectivo chefe;<\/p>\n\n\n\n<p>l) propor a admiss\u00e3o do pessoal docente, observadas as disposi\u00e7\u00f5es estatut\u00e1rias e regimentais pertinentes;<\/p>\n\n\n\n<p>m) todo o pessoal docente participar\u00e1 das reuni\u00f5es dos Departamentos obrigatoriamente;<\/p>\n\n\n\n<p>n) cada Departamento ter\u00e1 um representante discente, matriculado pelo menos em uma de suas disciplinas.<\/p>\n\n\n\n<p><span style=\"text-decoration: underline;\"><a href=\"#inicio\">Voltar ao in\u00edcio<\/a><\/span><\/p>\n\n\n\n<hr class=\"wp-block-separator has-alpha-channel-opacity\"\/>\n\n\n\n<h2 class=\"wp-block-heading\" id=\"camara-lista\"><strong>C\u00e2mara de Ensino: O que \u00e9?<\/strong><\/h2>\n\n\n\n<p>As C\u00e2maras de Ensino s\u00e3o \u00f3rg\u00e3os de apoio \u00e0 administra\u00e7\u00e3o das Unidades Acad\u00eamicas com caracter\u00edsticas de Centros (criados pela Resolu\u00e7\u00e3o 2011\/02, do CONSUN). Sua estrutura, funcionamento e rela\u00e7\u00e3o com as Coordena\u00e7\u00f5es de Curso depende do que est\u00e1 previsto no Regimento de cada Centro.<\/p>\n\n\n\n<p><span style=\"text-decoration: underline;\"><a href=\"#inicio\">Voltar ao in\u00edcio<\/a><\/span><\/p>\n\n\n\n<hr class=\"wp-block-separator has-alpha-channel-opacity\"\/>\n\n\n\n<h2 class=\"wp-block-heading\" id=\"cocepe-lista\"><strong>Conselho Coordenador de Ensino, Pesquisa e Extens\u00e3o \u2013 COCEPE<\/strong><\/h2>\n\n\n\n<p>O Conselho Coordenador do Ensino da Pesquisa e da Extens\u00e3o (COCEPE) \u00e9 o \u00f3rg\u00e3o central de supervis\u00e3o do ensino, da pesquisa e da extens\u00e3o, com fun\u00e7\u00f5es consultiva, normativa e deliberativa. \u00c9 o \u00f3rg\u00e3o com o qual as Coordena\u00e7\u00f5es de Cursos se relacionam para lidar, em \u00faltima inst\u00e2ncia ou seguindo previs\u00f5es normativas da institui\u00e7\u00e3o, sobre quest\u00f5es da rotina formativa dos discentes e do funcionamento organizacional dos cursos. Maiores informa\u00e7\u00f5es podem ser obtidas com a consulta aos artigos 19 a 22 do Estatuto da UFPel, artigos 20 a 23 do Regimento Geral da UFPel ou ao atual Regulamento de Ensino de Gradua\u00e7\u00e3o da nossa institui\u00e7\u00e3o, cujos links de acesso est\u00e3o dispon\u00edveis acima.<\/p>\n\n\n\n<p><span style=\"text-decoration: underline;\"><a href=\"#inicio\">Voltar ao in\u00edcio<\/a><\/span><\/p>\n","protected":false},"excerpt":{"rendered":"<p>Encontre aqui as atribui\u00e7\u00f5es de inst\u00e2ncias institucionais ligadas aos cursos de gradua\u00e7\u00e3o, conforme normativas da UFPEL. Menu Se voc\u00ea n\u00e3o encontrou a informa\u00e7\u00e3o que precisa ou quer contribuir com sugest\u00f5es para esta p\u00e1gina, envie um pedido de atendimento atrav\u00e9s da Plataforma de Atendimento da UFPEL para a \u00e1rea Pedagogia Universit\u00e1ria. Voltar para menu inicial. Colegiado [&hellip;]<\/p>\n","protected":false},"author":833,"featured_media":0,"parent":0,"menu_order":0,"comment_status":"closed","ping_status":"closed","template":"page-sem-sidebar.php","meta":{"footnotes":""},"class_list":["post-1096","page","type-page","status-publish","hentry"],"jetpack-related-posts":[{"id":1309,"url":"https:\/\/wp.ufpel.edu.br\/cpu\/referencias-para-coordenacoes-de-curso-e-secretarias\/","url_meta":{"origin":1096,"position":0},"title":"Refer\u00eancias para Coordena\u00e7\u00f5es de Curso e Secretarias","author":"marcialopes","date":"03\/10\/2024","format":false,"excerpt":"Apresenta\u00e7\u00e3o Esta p\u00e1gina foi pensada para direcionar voc\u00ea mais rapidamente para a informa\u00e7\u00e3o que deseja. Na aba Gest\u00e3o Acad\u00eamica, encontre direcionamento sobre assuntos relacionados \u00e0 vida acad\u00eamica de seus estudantes. Na aba Gest\u00e3o Pedag\u00f3gica, sobre quest\u00f5es de organiza\u00e7\u00e3o do curso e pedagogia universit\u00e1ria. E na aba Sistemas de Gest\u00e3o, sobre\u2026","rel":"","context":"Post similar","block_context":{"text":"Post similar","link":""},"img":{"alt_text":"","src":"https:\/\/i0.wp.com\/wp.ufpel.edu.br\/cpu\/files\/2023\/11\/Gestao-Academica-3.png?resize=350%2C200&ssl=1","width":350,"height":200,"srcset":"https:\/\/i0.wp.com\/wp.ufpel.edu.br\/cpu\/files\/2023\/11\/Gestao-Academica-3.png?resize=350%2C200&ssl=1 1x, https:\/\/i0.wp.com\/wp.ufpel.edu.br\/cpu\/files\/2023\/11\/Gestao-Academica-3.png?resize=525%2C300&ssl=1 1.5x, https:\/\/i0.wp.com\/wp.ufpel.edu.br\/cpu\/files\/2023\/11\/Gestao-Academica-3.png?resize=700%2C400&ssl=1 2x, https:\/\/i0.wp.com\/wp.ufpel.edu.br\/cpu\/files\/2023\/11\/Gestao-Academica-3.png?resize=1050%2C600&ssl=1 3x"},"classes":[]},{"id":897,"url":"https:\/\/wp.ufpel.edu.br\/cpu\/documento-de-criacao\/","url_meta":{"origin":1096,"position":1},"title":"Documento de cria\u00e7\u00e3o","author":"CPU","date":"09\/06\/2021","format":false,"excerpt":"MINIST\u00c9RIO DA EDUCA\u00c7\u00c3O \u2013 UNIVERSIDADE FEDERAL DE PELOTASPR\u00d3-REITORIA DE ENSINOCOORDENA\u00c7\u00c3O DE PEDAGOGIA UNIVERSIT\u00c1RIAGRUPO DE INTERLOCU\u00c7\u00c3O PEDAG\u00d3GICA \u2013 GIP JUSTIFICATIVA: A preocupa\u00e7\u00e3o com a qualidade na forma\u00e7\u00e3o dos estudantes nos n\u00edveis dagradua\u00e7\u00e3o e p\u00f3s-gradua\u00e7\u00e3o nas Universidades P\u00fablicas \u00e9 sempre tema importante epermanente nas institui\u00e7\u00f5es, visto que envolve processos altamente complexos queacompanham\u2026","rel":"","context":"Post similar","block_context":{"text":"Post similar","link":""},"img":{"alt_text":"","src":"","width":0,"height":0},"classes":[]},{"id":1352,"url":"https:\/\/wp.ufpel.edu.br\/cpu\/gestao-pedagogica\/","url_meta":{"origin":1096,"position":2},"title":"Gest\u00e3o Pedag\u00f3gica","author":"marcialopes","date":"03\/10\/2024","format":false,"excerpt":"Encontre aqui as refer\u00eancias sobre quest\u00f5es de organiza\u00e7\u00e3o do curso e pedagogia universit\u00e1ria.\u00a0 Pesquise por assunto na tabela abaixo e acesse o link correspondente para maiores informa\u00e7\u00f5es: AssuntoDescri\u00e7\u00e3oLinkCadastro da matriz curricular no sistema acad\u00eamicoCurr\u00edculo; equival\u00eancias; pr\u00e9-requisitos; CobaltoN\u00facleo de Curr\u00edculos e Hist\u00f3ricos CRADiretrizes Elabora\u00e7\u00e3o PPCDiretrizes para elabora\u00e7\u00e3o do PPC; Fluxograma do\u2026","rel":"","context":"Post similar","block_context":{"text":"Post similar","link":""},"img":{"alt_text":"","src":"","width":0,"height":0},"classes":[]},{"id":1755,"url":"https:\/\/wp.ufpel.edu.br\/cpu\/wordpress-desafios-da-criacao-e-manutencao-de-sites-academicos\/","url_meta":{"origin":1096,"position":3},"title":"WordPress &#8211; desafios da cria\u00e7\u00e3o e manuten\u00e7\u00e3o de sites acad\u00eamicos","author":"marcialopes","date":"03\/10\/2025","format":false,"excerpt":"Convidamos os Coordenadores e as Coordenadoras de Cursos de Gradua\u00e7\u00e3o, os Secret\u00e1rios e as Secret\u00e1rias de Colegiados, para uma atualiza\u00e7\u00e3o nos seus conhecimentos de cria\u00e7\u00e3o e manuten\u00e7\u00e3o de sites para os cursos de Gradua\u00e7\u00e3o. Percebendo o desafio que tornar o site do curso acess\u00edvel para os\/as usu\u00e1rios\/as pode ser, organizamos\u2026","rel":"","context":"Post similar","block_context":{"text":"Post similar","link":""},"img":{"alt_text":"","src":"","width":0,"height":0},"classes":[]},{"id":1572,"url":"https:\/\/wp.ufpel.edu.br\/cpu\/viii-formacao-para-coordenadoras-e-coordenadores-de-cursos-de-graduacao-da-ufpel\/","url_meta":{"origin":1096,"position":4},"title":"Forma\u00e7\u00e3o para Coordenadoras e Coordenadores de Cursos de Gradua\u00e7\u00e3o da UFPEL","author":"marcialopes","date":"17\/03\/2025","format":false,"excerpt":"Pensando nos desafios que envolvem o trabalho das Coordena\u00e7\u00f5es de Cursos, a Coordena\u00e7\u00e3o de Pedagogia Universit\u00e1ria, atrav\u00e9s do N\u00facleo de Forma\u00e7\u00e3o de Professores, realiza a presente Forma\u00e7\u00e3o. Com o objetivo de proporcionar uma experi\u00eancia acess\u00edvel e produtiva, a forma\u00e7\u00e3o \u00e9 realizada em\u00a0dois dias, permitindo a participa\u00e7\u00e3o de um maior n\u00famero\u2026","rel":"","context":"Post similar","block_context":{"text":"Post similar","link":""},"img":{"alt_text":"","src":"","width":0,"height":0},"classes":[]},{"id":1700,"url":"https:\/\/wp.ufpel.edu.br\/cpu\/formacao-para-ndes\/","url_meta":{"origin":1096,"position":5},"title":"Forma\u00e7\u00e3o para NDEs","author":"marcialopes","date":"04\/07\/2025","format":false,"excerpt":"PROPOSTA DE FORMA\u00c7\u00c3O PERMANENTE DOS N\u00daCLEOS DOCENTES ESTRUTURANTES (NDEs) DA UNIVERSIDADE FEDERAL DE PELOTAS (UFPEL) Justificativa Os N\u00facleos Docentes Estruturantes (NDEs) desempenham um papel fundamental na organiza\u00e7\u00e3o e no desenvolvimento dos cursos de gradua\u00e7\u00e3o, conforme estabelecido pela Resolu\u00e7\u00e3o n\u00ba 5\/2021 do Conselho Nacional de Educa\u00e7\u00e3o (CNE\/CES), que define as Diretrizes\u2026","rel":"","context":"Post similar","block_context":{"text":"Post similar","link":""},"img":{"alt_text":"","src":"","width":0,"height":0},"classes":[]}],"jetpack_sharing_enabled":true,"_links":{"self":[{"href":"https:\/\/wp.ufpel.edu.br\/cpu\/wp-json\/wp\/v2\/pages\/1096","targetHints":{"allow":["GET"]}}],"collection":[{"href":"https:\/\/wp.ufpel.edu.br\/cpu\/wp-json\/wp\/v2\/pages"}],"about":[{"href":"https:\/\/wp.ufpel.edu.br\/cpu\/wp-json\/wp\/v2\/types\/page"}],"author":[{"embeddable":true,"href":"https:\/\/wp.ufpel.edu.br\/cpu\/wp-json\/wp\/v2\/users\/833"}],"replies":[{"embeddable":true,"href":"https:\/\/wp.ufpel.edu.br\/cpu\/wp-json\/wp\/v2\/comments?post=1096"}],"version-history":[{"count":12,"href":"https:\/\/wp.ufpel.edu.br\/cpu\/wp-json\/wp\/v2\/pages\/1096\/revisions"}],"predecessor-version":[{"id":1498,"href":"https:\/\/wp.ufpel.edu.br\/cpu\/wp-json\/wp\/v2\/pages\/1096\/revisions\/1498"}],"wp:attachment":[{"href":"https:\/\/wp.ufpel.edu.br\/cpu\/wp-json\/wp\/v2\/media?parent=1096"}],"curies":[{"name":"wp","href":"https:\/\/api.w.org\/{rel}","templated":true}]}}