{"id":103,"date":"2019-04-09T15:57:54","date_gmt":"2019-04-09T18:57:54","guid":{"rendered":"https:\/\/wp.ufpel.edu.br\/cpu\/?page_id=103"},"modified":"2023-08-29T11:50:01","modified_gmt":"2023-08-29T14:50:01","slug":"gip","status":"publish","type":"page","link":"https:\/\/wp.ufpel.edu.br\/cpu\/gip\/","title":{"rendered":"GRUPO DE INTERLOCU\u00c7\u00c3O PEDAG\u00d3GICA"},"content":{"rendered":"\n<h3 class=\"wp-block-heading\">O que \u00e9 o GIP?<\/h3>\n\n\n\n<p>O Grupo de interlocu\u00e7\u00e3o Pedag\u00f3gica &#8211; GIP &#8211; \u00e9 um grupo formado por representantes das Unidades Acad\u00eamicas da UFPel com o objetivo de que seus membros promovam o di\u00e1logo entre a Pr\u00f3 Reitoria de Ensino e o corpo docente de sua Unidade sobre a qualifica\u00e7\u00e3o dos processos pedag\u00f3gicos (ensino, aprendizagem e avalia\u00e7\u00e3o) ali desenvolvidos, visando a constante capacita\u00e7\u00e3o que envolve o trabalho docente, nas diversas situa\u00e7\u00f5es do cotidiano do exerc\u00edcio da fun\u00e7\u00e3o.<\/p>\n\n\n\n<h3 class=\"wp-block-heading\">O que faz o GIP?<\/h3>\n\n\n\n<p>Os\/As representantes do GIP, quando solicitados\/as, d\u00e3o suporte ao corpo docente de sua Unidade em v\u00e1rios \u00e2mbitos, desde o planejamento de aulas e disciplinas at\u00e9 a atualiza\u00e7\u00e3o de suas pr\u00e1ticas pedag\u00f3gicas, e atuam junto a docentes e discentes no intuito de aprimorar as rela\u00e7\u00f5es pedag\u00f3gicas na UFPel. Al\u00e9m disso, buscam fomentar a discuss\u00e3o dos fundamentos te\u00f3rico-pr\u00e1ticos da doc\u00eancia superior, propondo, orientando e estimulando a discuss\u00e3o sobre os processos pedag\u00f3gicos ali desenvolvidos.<\/p>\n","protected":false},"excerpt":{"rendered":"<p>O que \u00e9 o GIP? O Grupo de interlocu\u00e7\u00e3o Pedag\u00f3gica &#8211; GIP &#8211; \u00e9 um grupo formado por representantes das Unidades Acad\u00eamicas da UFPel com o objetivo de que seus membros promovam o di\u00e1logo entre a Pr\u00f3 Reitoria de Ensino e o corpo docente de sua Unidade sobre a qualifica\u00e7\u00e3o dos processos pedag\u00f3gicos (ensino, aprendizagem [&hellip;]<\/p>\n","protected":false},"author":918,"featured_media":0,"parent":0,"menu_order":0,"comment_status":"closed","ping_status":"closed","template":"","meta":{"footnotes":""},"class_list":["post-103","page","type-page","status-publish","hentry"],"jetpack-related-posts":[{"id":897,"url":"https:\/\/wp.ufpel.edu.br\/cpu\/documento-de-criacao\/","url_meta":{"origin":103,"position":0},"title":"Documento de cria\u00e7\u00e3o","author":"CPU","date":"09\/06\/2021","format":false,"excerpt":"MINIST\u00c9RIO DA EDUCA\u00c7\u00c3O \u2013 UNIVERSIDADE FEDERAL DE PELOTASPR\u00d3-REITORIA DE ENSINOCOORDENA\u00c7\u00c3O DE PEDAGOGIA UNIVERSIT\u00c1RIAGRUPO DE INTERLOCU\u00c7\u00c3O PEDAG\u00d3GICA \u2013 GIP JUSTIFICATIVA: A preocupa\u00e7\u00e3o com a qualidade na forma\u00e7\u00e3o dos estudantes nos n\u00edveis dagradua\u00e7\u00e3o e p\u00f3s-gradua\u00e7\u00e3o nas Universidades P\u00fablicas \u00e9 sempre tema importante epermanente nas institui\u00e7\u00f5es, visto que envolve processos altamente complexos queacompanham\u2026","rel":"","context":"Post similar","block_context":{"text":"Post similar","link":""},"img":{"alt_text":"","src":"","width":0,"height":0},"classes":[]},{"id":1352,"url":"https:\/\/wp.ufpel.edu.br\/cpu\/gestao-pedagogica\/","url_meta":{"origin":103,"position":1},"title":"Gest\u00e3o Pedag\u00f3gica","author":"marcialopes","date":"03\/10\/2024","format":false,"excerpt":"Encontre aqui as refer\u00eancias sobre quest\u00f5es de organiza\u00e7\u00e3o do curso e pedagogia universit\u00e1ria.\u00a0 Pesquise por assunto na tabela abaixo e acesse o link correspondente para maiores informa\u00e7\u00f5es: AssuntoDescri\u00e7\u00e3oLinkCadastro da matriz curricular no sistema acad\u00eamicoCurr\u00edculo; equival\u00eancias; pr\u00e9-requisitos; CobaltoN\u00facleo de Curr\u00edculos e Hist\u00f3ricos CRADiretrizes Elabora\u00e7\u00e3o PPCDiretrizes para elabora\u00e7\u00e3o do PPC; Fluxograma do\u2026","rel":"","context":"Post similar","block_context":{"text":"Post similar","link":""},"img":{"alt_text":"","src":"","width":0,"height":0},"classes":[]},{"id":20,"url":"https:\/\/wp.ufpel.edu.br\/cpu\/o-programa\/","url_meta":{"origin":103,"position":2},"title":"O Programa","author":"lwdias","date":"29\/03\/2018","format":false,"excerpt":"Resolu\u00e7\u00e3o N\u00b0 15 de 25 de maio de 2017 O ano de 2017 representou um marco para a Pedagogia Universit\u00e1ria na Universidade Federal de Pelotas com a regulamenta\u00e7\u00e3o e aprova\u00e7\u00e3o pelo COCEPE da Resolu\u00e7\u00e3o n\u00ba de 25 de maio de 2017 que institucionalizou o programa dentro da institui\u00e7\u00e3o. Atendendo ao\u2026","rel":"","context":"Post similar","block_context":{"text":"Post similar","link":""},"img":{"alt_text":"","src":"","width":0,"height":0},"classes":[]},{"id":1309,"url":"https:\/\/wp.ufpel.edu.br\/cpu\/referencias-para-coordenacoes-de-curso-e-secretarias\/","url_meta":{"origin":103,"position":3},"title":"Refer\u00eancias para Coordena\u00e7\u00f5es de Curso e Secretarias","author":"marcialopes","date":"03\/10\/2024","format":false,"excerpt":"Apresenta\u00e7\u00e3o Esta p\u00e1gina foi pensada para direcionar voc\u00ea mais rapidamente para a informa\u00e7\u00e3o que deseja. Na aba Gest\u00e3o Acad\u00eamica, encontre direcionamento sobre assuntos relacionados \u00e0 vida acad\u00eamica de seus estudantes. Na aba Gest\u00e3o Pedag\u00f3gica, sobre quest\u00f5es de organiza\u00e7\u00e3o do curso e pedagogia universit\u00e1ria. E na aba Sistemas de Gest\u00e3o, sobre\u2026","rel":"","context":"Post similar","block_context":{"text":"Post similar","link":""},"img":{"alt_text":"","src":"https:\/\/i0.wp.com\/wp.ufpel.edu.br\/cpu\/files\/2023\/11\/Gestao-Academica-3.png?resize=350%2C200&ssl=1","width":350,"height":200,"srcset":"https:\/\/i0.wp.com\/wp.ufpel.edu.br\/cpu\/files\/2023\/11\/Gestao-Academica-3.png?resize=350%2C200&ssl=1 1x, https:\/\/i0.wp.com\/wp.ufpel.edu.br\/cpu\/files\/2023\/11\/Gestao-Academica-3.png?resize=525%2C300&ssl=1 1.5x, https:\/\/i0.wp.com\/wp.ufpel.edu.br\/cpu\/files\/2023\/11\/Gestao-Academica-3.png?resize=700%2C400&ssl=1 2x, https:\/\/i0.wp.com\/wp.ufpel.edu.br\/cpu\/files\/2023\/11\/Gestao-Academica-3.png?resize=1050%2C600&ssl=1 3x"},"classes":[]},{"id":1643,"url":"https:\/\/wp.ufpel.edu.br\/cpu\/formacao-para-professores-ingressantes\/","url_meta":{"origin":103,"position":4},"title":"Forma\u00e7\u00e3o para Professores Ingressantes","author":"marcialopes","date":"12\/05\/2025","format":false,"excerpt":"Prezados(as) Professores(as) Ingressantes, Sejam bem-vindos(as) \u00e0 Universidade Federal de Pelotas! Para apoi\u00e1-los nesse in\u00edcio de jornada acad\u00eamica, a Pr\u00f3-Reitoria de Ensino (PRE), por meio da Coordena\u00e7\u00e3o de Pedagogia Universit\u00e1ria (CPU) e do N\u00facleo de Forma\u00e7\u00e3o de Professores (NUFOR), tem o prazer de convid\u00e1-los para a Forma\u00e7\u00e3o de Professores Ingressantes da\u2026","rel":"","context":"Post similar","block_context":{"text":"Post similar","link":""},"img":{"alt_text":"","src":"","width":0,"height":0},"classes":[]},{"id":1096,"url":"https:\/\/wp.ufpel.edu.br\/cpu\/referenciarapida\/","url_meta":{"origin":103,"position":5},"title":"Refer\u00eancia r\u00e1pida sobre inst\u00e2ncias e suas atribui\u00e7\u00f5es","author":"CPU","date":"03\/10\/2024","format":false,"excerpt":"Encontre aqui as atribui\u00e7\u00f5es de inst\u00e2ncias institucionais ligadas aos cursos de gradua\u00e7\u00e3o, conforme normativas da UFPEL. Menu Colegiado de Curso N\u00facleo Docente Estruturante Coordenador do Colegiado de Curso Departamentos\u00a0(em Faculdades e Institutos) C\u00e2mara de Ensino\u00a0(Centros) COCEPE Se voc\u00ea n\u00e3o encontrou a informa\u00e7\u00e3o que precisa ou quer contribuir com sugest\u00f5es para\u2026","rel":"","context":"Post similar","block_context":{"text":"Post similar","link":""},"img":{"alt_text":"","src":"","width":0,"height":0},"classes":[]}],"jetpack_sharing_enabled":true,"_links":{"self":[{"href":"https:\/\/wp.ufpel.edu.br\/cpu\/wp-json\/wp\/v2\/pages\/103","targetHints":{"allow":["GET"]}}],"collection":[{"href":"https:\/\/wp.ufpel.edu.br\/cpu\/wp-json\/wp\/v2\/pages"}],"about":[{"href":"https:\/\/wp.ufpel.edu.br\/cpu\/wp-json\/wp\/v2\/types\/page"}],"author":[{"embeddable":true,"href":"https:\/\/wp.ufpel.edu.br\/cpu\/wp-json\/wp\/v2\/users\/918"}],"replies":[{"embeddable":true,"href":"https:\/\/wp.ufpel.edu.br\/cpu\/wp-json\/wp\/v2\/comments?post=103"}],"version-history":[{"count":7,"href":"https:\/\/wp.ufpel.edu.br\/cpu\/wp-json\/wp\/v2\/pages\/103\/revisions"}],"predecessor-version":[{"id":1278,"href":"https:\/\/wp.ufpel.edu.br\/cpu\/wp-json\/wp\/v2\/pages\/103\/revisions\/1278"}],"wp:attachment":[{"href":"https:\/\/wp.ufpel.edu.br\/cpu\/wp-json\/wp\/v2\/media?parent=103"}],"curies":[{"name":"wp","href":"https:\/\/api.w.org\/{rel}","templated":true}]}}