{"id":8488,"date":"2026-04-22T22:28:39","date_gmt":"2026-04-23T01:28:39","guid":{"rendered":"https:\/\/wp.ufpel.edu.br\/cpted\/?page_id=8488"},"modified":"2026-04-22T22:45:41","modified_gmt":"2026-04-23T01:45:41","slug":"edital-pgceb-01-2026-coordenadoria-de-curso","status":"publish","type":"page","link":"https:\/\/wp.ufpel.edu.br\/cpted\/editais\/edital-pgceb-01-2026-coordenadoria-de-curso\/","title":{"rendered":"Edital PGCEB 01\/2026 &#8211; Coordenadoria de Curso"},"content":{"rendered":"<p>A Universidade Federal de Pelotas (UFPel), por meio da Universidade Aberta do Brasil (UAB), est\u00e1 com inscri\u00e7\u00f5es abertas para o <strong>Edital PGCEB 01\/2026<\/strong>, que visa selecionar bolsista para atua\u00e7\u00e3o na <strong>Coordenadoria de Curso<\/strong> da P\u00f3s-Gradua\u00e7\u00e3o Lato Sensu em Computa\u00e7\u00e3o na Educa\u00e7\u00e3o B\u00e1sica (PGCEB), na modalidade a dist\u00e2ncia.<\/p>\n<p>A sele\u00e7\u00e3o oferece <strong>01 vaga<\/strong>, destinada a docentes efetivos da UFPel com doutorado na \u00e1rea de Ci\u00eancia da Computa\u00e7\u00e3o. As inscri\u00e7\u00f5es podem ser realizadas entre os dias <strong>16 e 30 de abril de 2026<\/strong>, por meio de envio de documenta\u00e7\u00e3o conforme orienta\u00e7\u00f5es do edital.<\/p>\n<p>O processo seletivo ser\u00e1 composto por <strong>avalia\u00e7\u00e3o curricular<\/strong>, considerando a forma\u00e7\u00e3o acad\u00eamica, experi\u00eancia docente, produ\u00e7\u00e3o cient\u00edfica e atua\u00e7\u00e3o em educa\u00e7\u00e3o a dist\u00e2ncia.<\/p>\n<p>A fun\u00e7\u00e3o prev\u00ea carga hor\u00e1ria de <strong>20 horas semanais<\/strong>, com bolsa no valor de <strong>R$ 2.000,00<\/strong>, conforme regulamenta\u00e7\u00e3o da CAPES.<\/p>\n<p>O edital tamb\u00e9m contempla <strong>pol\u00edticas de a\u00e7\u00f5es afirmativas<\/strong>, assegurando reserva de vagas para candidatos(as) negros(as), ind\u00edgenas, quilombolas, pessoas com defici\u00eancia e pessoas trans.<\/p>\n<p>O cronograma completo, requisitos e demais informa\u00e7\u00f5es est\u00e3o dispon\u00edveis nos arquivos abaixo.<\/p>\n<table class=\"cpted-tables\" style=\"border-collapse: unset;width: 100%\" border=\"0\">\n<thead>\n<tr>\n<th style=\"text-align: left;\"><strong>NOME DO ARQUIVO<\/strong><\/th>\n<th style=\"text-align: center; width: 20%;\"><strong>DATA DE PUBLICA\u00c7\u00c3O<\/strong><\/th>\n<\/tr>\n<\/thead>\n<tbody>\n<tr>\n<td><a href=\"https:\/\/wp.ufpel.edu.br\/cpted\/files\/2026\/04\/Edital_PGCEB_01_2026_Coordenadoria_de_Curso_Portaria_de_Constituicao_da_Comissao_de_Selecao.pdf\">Portaria de Constitui\u00e7\u00e3o da Comiss\u00e3o de Sele\u00e7\u00e3o<\/a><\/td>\n<td style=\"text-align: center\">22\/04\/2026<\/td>\n<\/tr>\n<tr>\n<td><a href=\"https:\/\/wp.ufpel.edu.br\/cpted\/files\/2026\/04\/Edital_PGCEB_01_2026_Coordenadoria_de_Curso_Ficha_de_Cadastramento.pdf\">Ficha de Cadastramento<\/a><\/td>\n<td style=\"text-align: center\">22\/04\/2026<\/td>\n<\/tr>\n<tr>\n<td><a href=\"https:\/\/wp.ufpel.edu.br\/cpted\/files\/2026\/04\/Edital_PGCEB_01_2026_Coordenadoria_de_Curso_Edital_de_Abertura.pdf\">Edital de Abertura<\/a><\/td>\n<td style=\"text-align: center\">22\/04\/2026<\/td>\n<\/tr>\n<\/tbody>\n<\/table>\n<p><\/p>\n","protected":false},"excerpt":{"rendered":"<p>A Universidade Federal de Pelotas (UFPel), por meio da Universidade Aberta do Brasil (UAB), est\u00e1 com inscri\u00e7\u00f5es abertas para o Edital PGCEB 01\/2026, que visa selecionar bolsista para atua\u00e7\u00e3o na Coordenadoria de Curso da P\u00f3s-Gradua\u00e7\u00e3o Lato Sensu em Computa\u00e7\u00e3o na Educa\u00e7\u00e3o B\u00e1sica (PGCEB), na modalidade a dist\u00e2ncia. A sele\u00e7\u00e3o oferece 01 vaga, destinada a docentes [&hellip;]<\/p>\n","protected":false},"author":1448,"featured_media":0,"parent":22,"menu_order":0,"comment_status":"closed","ping_status":"closed","template":"","meta":{"footnotes":""},"class_list":["post-8488","page","type-page","status-publish","hentry"],"_links":{"self":[{"href":"https:\/\/wp.ufpel.edu.br\/cpted\/wp-json\/wp\/v2\/pages\/8488","targetHints":{"allow":["GET"]}}],"collection":[{"href":"https:\/\/wp.ufpel.edu.br\/cpted\/wp-json\/wp\/v2\/pages"}],"about":[{"href":"https:\/\/wp.ufpel.edu.br\/cpted\/wp-json\/wp\/v2\/types\/page"}],"author":[{"embeddable":true,"href":"https:\/\/wp.ufpel.edu.br\/cpted\/wp-json\/wp\/v2\/users\/1448"}],"replies":[{"embeddable":true,"href":"https:\/\/wp.ufpel.edu.br\/cpted\/wp-json\/wp\/v2\/comments?post=8488"}],"version-history":[{"count":3,"href":"https:\/\/wp.ufpel.edu.br\/cpted\/wp-json\/wp\/v2\/pages\/8488\/revisions"}],"predecessor-version":[{"id":8497,"href":"https:\/\/wp.ufpel.edu.br\/cpted\/wp-json\/wp\/v2\/pages\/8488\/revisions\/8497"}],"up":[{"embeddable":true,"href":"https:\/\/wp.ufpel.edu.br\/cpted\/wp-json\/wp\/v2\/pages\/22"}],"wp:attachment":[{"href":"https:\/\/wp.ufpel.edu.br\/cpted\/wp-json\/wp\/v2\/media?parent=8488"}],"curies":[{"name":"wp","href":"https:\/\/api.w.org\/{rel}","templated":true}]}}