{"id":8188,"date":"2026-02-27T23:10:38","date_gmt":"2026-02-28T02:10:38","guid":{"rendered":"https:\/\/wp.ufpel.edu.br\/cpted\/?page_id=8188"},"modified":"2026-04-13T12:00:59","modified_gmt":"2026-04-13T15:00:59","slug":"solicitacao_para_producao_de_disciplinas","status":"publish","type":"page","link":"https:\/\/wp.ufpel.edu.br\/cpted\/solicitacao_para_producao_de_disciplinas\/","title":{"rendered":"Solicita\u00e7\u00e3o para Produ\u00e7\u00e3o de Disciplinas"},"content":{"rendered":"<section id=\"cpted-page_fluxo\" aria-label=\"\"> <!-- BEGIN CONTAINER ? --><\/p>\n<p>\n    Seja bem-vindo a p\u00e1gina Solicita\u00e7\u00e3o para produ\u00e7\u00e3o de disciplinas da CPTED. Aqui voc\u00ea ir\u00e1 encontrar informa\u00e7\u00f5es como:<\/p>\n<ul>\n<li>Link de acesso ao formul\u00e1rio de Solicita\u00e7\u00e3o de Novas Disciplinas para o EaD da UFPEL.<\/li>\n<li>Materiais de apoio voltados a produ\u00e7\u00e3o de conte\u00fados pedag\u00f3gicos (KIT CPTED).<\/li>\n<li>Como a CPTED pode ajudar voc\u00ea na produ\u00e7\u00e3o de disciplinas para o EaD.<\/li>\n<\/ul>\n<div id=\"#wrap\" style=\"display:flex; align-content:center; justify-content:space-between; align-items:center;\">\n<div class=\"left\">Clique na imagem ao lado para acessar o<br \/> formul\u00e1rio de Solicita\u00e7\u00e3o de Novas Disciplinas para o EaD da UFPEL.<\/div>\n<div class=\"right\">\n      <a href=\"https:\/\/forms.gle\/iUDtrm5LNyJMov3p6\"><br \/>\n        <img loading=\"lazy\" decoding=\"async\" src=\"https:\/\/wp.ufpel.edu.br\/cpted\/files\/2026\/04\/IMG_1783-scaled.png\" alt=\"\" width=\"400\" height=\"207\" class=\"aligncenter size-medium wp-image-8211\" \/><br \/>\n      <\/a>\n    <\/div>\n<\/p><\/div>\n<h3>MATERIAS DE APOIO (KIT CPTED)<\/h3>\n<p>Abaixo, a CPTED disponibiliza 4 materiais de apoio para a produ\u00e7\u00e3o de conte\u00fados pedag\u00f3gicos voltados ao EaD. O que voc\u00ea ir\u00e1 encontrar em cada material:<\/p>\n<ol>\n<li><strong>Princ\u00edpios pedag\u00f3gicos para o uso de tecnologias:<\/strong> reflex\u00f5es a respeito do uso mais conveniente das tecnologias digitais para a obten\u00e7\u00e3o dos prop\u00f3sitos educacionais.<\/li>\n<li><strong>Manual de acessibilidade:<\/strong> auxilio na constru\u00e7\u00e3o de cursos inclusivos, acess\u00edveis e engajadores.<\/li>\n<li><strong>Manual de v\u00eddeo aulas:<\/strong> auxilio na produ\u00e7\u00e3o de videoaulas, apresentando um caminho desde o planejamento at\u00e9 a publica\u00e7\u00e3o do v\u00eddeo.<\/li>\n<li><strong>Manual de Podcasts:<\/strong> auxilio na cria\u00e7\u00e3o e publica\u00e7\u00e3o de podcasts educacionais de alta qualidade.<\/li>\n<\/ol>\n<div style=\"display:flex; align-content:center; justify-content:space-between; align-items:center;\">\n<div class=\"container_image\" style=\"width:20%;\">\n<a class=\"cpted-link\" href=\"https:\/\/wp.ufpel.edu.br\/cpted\/files\/2025\/07\/Principios-Pedagogicos.pdf\"><img loading=\"lazy\" decoding=\"async\" class=\"alignnone size-medium wp-image-167\" src=\"https:\/\/wp.ufpel.edu.br\/cpted\/files\/2025\/07\/principios-pedagogicos-v1-725x1024-1.png\" alt=\"\" width=\"283\" height=\"400\" \/><\/a>\n<\/div>\n<div class=\"container_image\" style=\"width:20%;\">\n<a class=\"cpted-link\" href=\"https:\/\/wp.ufpel.edu.br\/cpted\/files\/2025\/07\/Manual-de-Producao-Acessibilidade.pdf\"><img loading=\"lazy\" decoding=\"async\" class=\"alignnone size-medium wp-image-167\" src=\"https:\/\/wp.ufpel.edu.br\/cpted\/files\/2025\/04\/kit-docente_acessibilidade-v1-283x400.png\" alt=\"\" width=\"283\" height=\"400\" srcset=\"https:\/\/wp.ufpel.edu.br\/cpted\/files\/2025\/04\/kit-docente_acessibilidade-v1-283x400.png 283w, https:\/\/wp.ufpel.edu.br\/cpted\/files\/2025\/04\/kit-docente_acessibilidade-v1-725x1024.png 725w, https:\/\/wp.ufpel.edu.br\/cpted\/files\/2025\/04\/kit-docente_acessibilidade-v1-768x1085.png 768w, https:\/\/wp.ufpel.edu.br\/cpted\/files\/2025\/04\/kit-docente_acessibilidade-v1-1087x1536.png 1087w, https:\/\/wp.ufpel.edu.br\/cpted\/files\/2025\/04\/kit-docente_acessibilidade-v1-1450x2048.png 1450w, https:\/\/wp.ufpel.edu.br\/cpted\/files\/2025\/04\/kit-docente_acessibilidade-v1-scaled.png 1812w\" sizes=\"auto, (max-width: 283px) 100vw, 283px\" \/><\/a>\n<\/div>\n<div class=\"container_image\" style=\"width:20%;\">\n<a class=\"cpted-link\" href=\"https:\/\/wp.ufpel.edu.br\/cpted\/files\/2025\/07\/Manual-de-Producao-Videoaulas.pdf\"><img loading=\"lazy\" decoding=\"async\" src=\"https:\/\/wp.ufpel.edu.br\/cpted\/files\/2025\/05\/kit-docente_videoaulas-v1-283x400.png\" alt=\"\" width=\"283\" height=\"400\" class=\"alignnone size-medium wp-image-199\" srcset=\"https:\/\/wp.ufpel.edu.br\/cpted\/files\/2025\/05\/kit-docente_videoaulas-v1-283x400.png 283w, https:\/\/wp.ufpel.edu.br\/cpted\/files\/2025\/05\/kit-docente_videoaulas-v1-725x1024.png 725w, https:\/\/wp.ufpel.edu.br\/cpted\/files\/2025\/05\/kit-docente_videoaulas-v1-768x1085.png 768w, https:\/\/wp.ufpel.edu.br\/cpted\/files\/2025\/05\/kit-docente_videoaulas-v1-1087x1536.png 1087w, https:\/\/wp.ufpel.edu.br\/cpted\/files\/2025\/05\/kit-docente_videoaulas-v1-1450x2048.png 1450w, https:\/\/wp.ufpel.edu.br\/cpted\/files\/2025\/05\/kit-docente_videoaulas-v1-scaled.png 1812w\" sizes=\"auto, (max-width: 283px) 100vw, 283px\" \/><\/a>\n<\/div>\n<div class=\"container_image\" style=\"width:20%;\">\n<a class=\"cpted-link\" href=\"https:\/\/wp.ufpel.edu.br\/cpted\/files\/2025\/06\/Manual-de-Producao-Podcasts.pdf\"><img loading=\"lazy\" decoding=\"async\" src=\"https:\/\/wp.ufpel.edu.br\/cpted\/files\/2025\/05\/kit-docente_podcasts-v1-283x400.png\" alt=\"\" width=\"283\" height=\"400\" class=\"alignnone size-medium wp-image-200\" srcset=\"https:\/\/wp.ufpel.edu.br\/cpted\/files\/2025\/05\/kit-docente_podcasts-v1-283x400.png 283w, https:\/\/wp.ufpel.edu.br\/cpted\/files\/2025\/05\/kit-docente_podcasts-v1-725x1024.png 725w, https:\/\/wp.ufpel.edu.br\/cpted\/files\/2025\/05\/kit-docente_podcasts-v1-768x1085.png 768w, https:\/\/wp.ufpel.edu.br\/cpted\/files\/2025\/05\/kit-docente_podcasts-v1-1087x1536.png 1087w, https:\/\/wp.ufpel.edu.br\/cpted\/files\/2025\/05\/kit-docente_podcasts-v1-1450x2048.png 1450w, https:\/\/wp.ufpel.edu.br\/cpted\/files\/2025\/05\/kit-docente_podcasts-v1-scaled.png 1812w\" sizes=\"auto, (max-width: 283px) 100vw, 283px\" \/><\/a>\n<\/div>\n<\/div>\n<hr class=\"cpted-divisor\" \/>\n<h3>PAPEL DA CPTED E DO PROFESSOR NA CONSTRU\u00c7\u00c3O DAS DISCIPLINAS<\/h3>\n<p>Na EaD da UFPel, professor e CPTED atuam de forma integrada. O professor responde pela concep\u00e7\u00e3o pedag\u00f3gica \u2014 objetivos, conte\u00fados, organiza\u00e7\u00e3o, estrat\u00e9gias e avalia\u00e7\u00e3o \u2014 assegurando alinhamento ao PPC e consist\u00eancia acad\u00eamica. A CPTED oferece suporte t\u00e9cnico-pedag\u00f3gico, orienta o uso do ambiente virtual e das tecnologias, apoia a produ\u00e7\u00e3o de materiais e garante acessibilidade e qualidade, acompanhando todo o processo. Juntos, asseguram disciplinas coerentes e alinhadas \u00e0s diretrizes institucionais.<\/p>\n<\/section>\n<p> <!-- END CONTAINER SOBRE --><\/p>\n<style>\nsection#cpted-page_sobre{\n    margin-top: -30px;\n}\nh2 {\n  font-size: 18px;\n  margin-bottom: 10px;\n}\n<\/style>\n","protected":false},"excerpt":{"rendered":"<p>Seja bem-vindo a p\u00e1gina Solicita\u00e7\u00e3o para produ\u00e7\u00e3o de disciplinas da CPTED. Aqui voc\u00ea ir\u00e1 encontrar informa\u00e7\u00f5es como: Link de acesso ao formul\u00e1rio de Solicita\u00e7\u00e3o de Novas Disciplinas para o EaD da UFPEL. Materiais de apoio voltados a produ\u00e7\u00e3o de conte\u00fados pedag\u00f3gicos (KIT CPTED). Como a CPTED pode ajudar voc\u00ea na produ\u00e7\u00e3o de disciplinas para o [&hellip;]<\/p>\n","protected":false},"author":1448,"featured_media":0,"parent":0,"menu_order":0,"comment_status":"closed","ping_status":"closed","template":"","meta":{"footnotes":""},"class_list":["post-8188","page","type-page","status-publish","hentry"],"_links":{"self":[{"href":"https:\/\/wp.ufpel.edu.br\/cpted\/wp-json\/wp\/v2\/pages\/8188","targetHints":{"allow":["GET"]}}],"collection":[{"href":"https:\/\/wp.ufpel.edu.br\/cpted\/wp-json\/wp\/v2\/pages"}],"about":[{"href":"https:\/\/wp.ufpel.edu.br\/cpted\/wp-json\/wp\/v2\/types\/page"}],"author":[{"embeddable":true,"href":"https:\/\/wp.ufpel.edu.br\/cpted\/wp-json\/wp\/v2\/users\/1448"}],"replies":[{"embeddable":true,"href":"https:\/\/wp.ufpel.edu.br\/cpted\/wp-json\/wp\/v2\/comments?post=8188"}],"version-history":[{"count":4,"href":"https:\/\/wp.ufpel.edu.br\/cpted\/wp-json\/wp\/v2\/pages\/8188\/revisions"}],"predecessor-version":[{"id":8445,"href":"https:\/\/wp.ufpel.edu.br\/cpted\/wp-json\/wp\/v2\/pages\/8188\/revisions\/8445"}],"wp:attachment":[{"href":"https:\/\/wp.ufpel.edu.br\/cpted\/wp-json\/wp\/v2\/media?parent=8188"}],"curies":[{"name":"wp","href":"https:\/\/api.w.org\/{rel}","templated":true}]}}