{"id":8155,"date":"2026-02-26T22:56:40","date_gmt":"2026-02-27T01:56:40","guid":{"rendered":"https:\/\/wp.ufpel.edu.br\/cpted\/?page_id=8155"},"modified":"2026-04-06T16:37:04","modified_gmt":"2026-04-06T19:37:04","slug":"edital-gepem-02-2026-coordenadoria-de-tutoria-cadastro-de-reserva","status":"publish","type":"page","link":"https:\/\/wp.ufpel.edu.br\/cpted\/editais\/edital-gepem-02-2026-coordenadoria-de-tutoria-cadastro-de-reserva\/","title":{"rendered":"Edital GEPEM 02\/2026 &#8211; Coordenadoria de Tutoria &#8211; Cadastro de Reserva"},"content":{"rendered":"<p align=\"justify\">A Universidade Federal de Pelotas, por meio da Coordena\u00e7\u00e3o Institucional da Universidade Aberta do Brasil (UAB\/UFPel), torna p\u00fablico o <strong>Edital de Sele\u00e7\u00e3o n\u00ba 02\/2026\/GEPEM \u2013 Coordenadoria de Tutoria (Cadastro de Reserva)<\/strong> para atua\u00e7\u00e3o no Curso de Especializa\u00e7\u00e3o em Gest\u00e3o da Escola P\u00fablica de Ensino M\u00e9dio (GEPEM), na modalidade a dist\u00e2ncia.<\/p>\n<p align=\"justify\">A sele\u00e7\u00e3o destina-se \u00e0 forma\u00e7\u00e3o de <strong>Cadastro de Reserva (CR)<\/strong> para a fun\u00e7\u00e3o de <strong>Coordenadoria de Tutoria<\/strong>, no \u00e2mbito do Programa UAB\/CAPES, conforme as normativas vigentes.<\/p>\n<h3>Principais informa\u00e7\u00f5es<\/h3>\n<p align=\"justify\">\n<strong>Per\u00edodo de inscri\u00e7\u00f5es:<\/strong> 26 de fevereiro a 13 de mar\u00e7o de 2026<br \/>\n<strong>Forma de inscri\u00e7\u00e3o:<\/strong> envio da documenta\u00e7\u00e3o para o e-mail gepem.coordenacao@ufpel.edu.br<br \/>\n<strong>Carga hor\u00e1ria:<\/strong> 20 horas semanais<br \/>\n<strong>Valor da bolsa:<\/strong> R$ 1.850,00 (conforme Portaria CAPES n\u00ba 309\/2024)<br \/>\n<strong>Validade do processo seletivo:<\/strong> 1 (um) ano\n<\/p>\n<h3>Requisitos principais<\/h3>\n<p align=\"justify\">A sele\u00e7\u00e3o ser\u00e1 realizada por <strong>Avalia\u00e7\u00e3o Curricular<\/strong>, de car\u00e1ter eliminat\u00f3rio e classificat\u00f3rio, considerando titula\u00e7\u00e3o, experi\u00eancia profissional, produ\u00e7\u00e3o bibliogr\u00e1fica e atividades formativas em Educa\u00e7\u00e3o a Dist\u00e2ncia.<\/p>\n<p align=\"justify\">O edital contempla <strong>pol\u00edtica de a\u00e7\u00f5es afirmativas<\/strong>, nos termos da legisla\u00e7\u00e3o vigente e das normativas institucionais da UFPel.<\/p>\n<h3>Validade<\/h3>\n<p align=\"justify\">\nLicenciatura em qualquer \u00e1rea do conhecimento;<br \/>\nMestrado ou Doutorado em Educa\u00e7\u00e3o;<br \/>\nExperi\u00eancia m\u00ednima de 1 (um) ano no magist\u00e9rio superior;<br \/>\nExperi\u00eancia com inform\u00e1tica, internet e Ambiente Virtual de Aprendizagem (Moodle ou similar);<br \/>\nDisponibilidade de 20 horas semanais.\n<\/p>\n<p align=\"justify\">O processo seletivo ser\u00e1 composto por <strong>Avalia\u00e7\u00e3o Curricular<\/strong>, de car\u00e1ter eliminat\u00f3rio e classificat\u00f3rio, conforme crit\u00e9rios estabelecidos no edital.<\/p>\n<p align=\"justify\">A atua\u00e7\u00e3o ocorrer\u00e1 prioritariamente na sede da Faculdade de Educa\u00e7\u00e3o (FaE\/UFPel), podendo envolver atividades junto aos Polos de Apoio Presencial vinculados ao curso.<\/p>\n<hr class=\"cpted-divisor\">\n<p align=\"justify\">O edital completo, cronograma, requisitos, crit\u00e9rios de avalia\u00e7\u00e3o e anexos est\u00e3o dispon\u00edveis para consulta na tabela abaixo.<\/p>\n<p align=\"justify\">Em caso de d\u00favidas, os(as) candidatos(as) dever\u00e3o utilizar exclusivamente o e-mail informado no edital.<\/p>\n<table class=\"cpted-tables\" style=\"border-collapse: unset;width: 100%\" border=\"0\">\n<thead>\n<tr>\n<th style=\"text-align: left;\"><strong>NOME DO ARQUIVO<\/strong><\/th>\n<th style=\"text-align: center; width: 20%;\"><strong>DATA DE PUBLICA\u00c7\u00c3O<\/strong><\/th>\n<\/tr>\n<\/thead>\n<tbody>\n<tr>\n<td><a href=\"https:\/\/wp.ufpel.edu.br\/cpted\/files\/2026\/04\/Edital_GEPEM_02_2026_Coordenadoria_de_Tutoria_CR_Resultado_Final.pdf\">Resultado Final<\/a><\/td>\n<td style=\"text-align: center\">06\/04\/2026<\/td>\n<\/tr>\n<tr>\n<tr>\n<td><a href=\"https:\/\/wp.ufpel.edu.br\/cpted\/files\/2026\/04\/Edital_GEPEM_02_2026_Coordenadoria_de_tutoria_Resultado_Parcial.pdf\">Resultado Parcial<\/a><\/td>\n<td style=\"text-align: center\">01\/04\/2026<\/td>\n<\/tr>\n<tr>\n<td><a href=\"https:\/\/wp.ufpel.edu.br\/cpted\/files\/2026\/03\/Edital_GEPEM_02_2026_Coordenadoria_de_Tutoria_CR_Recursos_Resultado_Final.pdf\">Decis\u00e3o dos Recursos e Homologa\u00e7\u00e3o Definitiva das Inscri\u00e7\u00f5es<\/a><\/td>\n<td style=\"text-align: center\">20\/03\/2026<\/td>\n<\/tr>\n<tr>\n<td><a href=\"https:\/\/wp.ufpel.edu.br\/cpted\/files\/2026\/03\/Edital_GEPEM_02_2026_Coordenadoria_de_Tutoria_CR_Resultado_Preliminar.pdf\">Resultado Preliminar<\/a><\/td>\n<td style=\"text-align: center\">20\/03\/2026<\/td>\n<\/tr>\n<tr>\n<td><a href=\"https:\/\/wp.ufpel.edu.br\/cpted\/files\/2026\/02\/Edital_GEPEM_02_2026_Coordenadoria_de_Tutoria_CR_Anexo_Portaria.pdf\">Portaria de Composi\u00e7\u00e3o de Comiss\u00e3o de Sele\u00e7\u00e3o<\/a><\/td>\n<td style=\"text-align: center\">26\/02\/2026<\/td>\n<\/tr>\n<tr>\n<td><a href=\"https:\/\/wp.ufpel.edu.br\/cpted\/files\/2026\/02\/Edital_GEPEM_02_2026_Coordenadoria_de_Tutoria_CR_Anexo_V.pdf\">Anexo V<\/a><\/td>\n<td style=\"text-align: center\">26\/02\/2026<\/td>\n<\/tr>\n<tr>\n<td><a href=\"https:\/\/wp.ufpel.edu.br\/cpted\/files\/2026\/02\/Edital_GEPEM_02_2026_Coordenadoria_de_Tutoria_CR_Anexo_IV.pdf\">Anexo IV<\/a><\/td>\n<td style=\"text-align: center\">26\/02\/2026<\/td>\n<\/tr>\n<tr>\n<td><a href=\"https:\/\/wp.ufpel.edu.br\/cpted\/files\/2026\/02\/Edital_GEPEM_02_2026_Coordenadoria_de_Tutoria_CR_Anexo_III.pdf\">Anexo III<\/a><\/td>\n<td style=\"text-align: center\">26\/02\/2026<\/td>\n<\/tr>\n<tr>\n<td><a href=\"https:\/\/wp.ufpel.edu.br\/cpted\/files\/2026\/02\/Edital_GEPEM_02_2026_Coordenadoria_de_Tutoria_CR_Anexo_II.pdf\">Anexo II<\/a><\/td>\n<td style=\"text-align: center\">26\/02\/2026<\/td>\n<\/tr>\n<tr>\n<td><a href=\"https:\/\/wp.ufpel.edu.br\/cpted\/files\/2026\/02\/Edital_GEPEM_02_2026_Coordenadoria_de_Tutoria_CR_Anexo_I.pdf\">Anexo I<\/a><\/td>\n<td style=\"text-align: center\">26\/02\/2026<\/td>\n<\/tr>\n<tr>\n<td><a href=\"https:\/\/wp.ufpel.edu.br\/cpted\/files\/2026\/02\/Edital_GEPEM_02_2026_Coordenadoria_de_Tutoria_CR_Abertura.pdf\">Edital de Abertura<\/a><\/td>\n<td style=\"text-align: center\">26\/02\/2026<\/td>\n<\/tr>\n<\/tbody>\n<\/table>\n","protected":false},"excerpt":{"rendered":"<p>A Universidade Federal de Pelotas, por meio da Coordena\u00e7\u00e3o Institucional da Universidade Aberta do Brasil (UAB\/UFPel), torna p\u00fablico o Edital de Sele\u00e7\u00e3o n\u00ba 02\/2026\/GEPEM \u2013 Coordenadoria de Tutoria (Cadastro de Reserva) para atua\u00e7\u00e3o no Curso de Especializa\u00e7\u00e3o em Gest\u00e3o da Escola P\u00fablica de Ensino M\u00e9dio (GEPEM), na modalidade a dist\u00e2ncia. A sele\u00e7\u00e3o destina-se \u00e0 forma\u00e7\u00e3o [&hellip;]<\/p>\n","protected":false},"author":1448,"featured_media":0,"parent":22,"menu_order":0,"comment_status":"closed","ping_status":"closed","template":"","meta":{"footnotes":""},"class_list":["post-8155","page","type-page","status-publish","hentry"],"_links":{"self":[{"href":"https:\/\/wp.ufpel.edu.br\/cpted\/wp-json\/wp\/v2\/pages\/8155","targetHints":{"allow":["GET"]}}],"collection":[{"href":"https:\/\/wp.ufpel.edu.br\/cpted\/wp-json\/wp\/v2\/pages"}],"about":[{"href":"https:\/\/wp.ufpel.edu.br\/cpted\/wp-json\/wp\/v2\/types\/page"}],"author":[{"embeddable":true,"href":"https:\/\/wp.ufpel.edu.br\/cpted\/wp-json\/wp\/v2\/users\/1448"}],"replies":[{"embeddable":true,"href":"https:\/\/wp.ufpel.edu.br\/cpted\/wp-json\/wp\/v2\/comments?post=8155"}],"version-history":[{"count":3,"href":"https:\/\/wp.ufpel.edu.br\/cpted\/wp-json\/wp\/v2\/pages\/8155\/revisions"}],"predecessor-version":[{"id":8394,"href":"https:\/\/wp.ufpel.edu.br\/cpted\/wp-json\/wp\/v2\/pages\/8155\/revisions\/8394"}],"up":[{"embeddable":true,"href":"https:\/\/wp.ufpel.edu.br\/cpted\/wp-json\/wp\/v2\/pages\/22"}],"wp:attachment":[{"href":"https:\/\/wp.ufpel.edu.br\/cpted\/wp-json\/wp\/v2\/media?parent=8155"}],"curies":[{"name":"wp","href":"https:\/\/api.w.org\/{rel}","templated":true}]}}