{"id":8132,"date":"2026-02-26T17:24:01","date_gmt":"2026-02-26T20:24:01","guid":{"rendered":"https:\/\/wp.ufpel.edu.br\/cpted\/?page_id=8132"},"modified":"2026-04-06T16:44:32","modified_gmt":"2026-04-06T19:44:32","slug":"edital-gepem-01-2026-tutor-a-distancia-cadastro-de-reserva","status":"publish","type":"page","link":"https:\/\/wp.ufpel.edu.br\/cpted\/editais\/edital-gepem-01-2026-tutor-a-distancia-cadastro-de-reserva\/","title":{"rendered":"Edital GEPEM 01\/2026 \u2013 Tutor a Dist\u00e2ncia &#8211; Cadastro de Reserva"},"content":{"rendered":"<p align=\"justify\"A Universidade Federal de Pelotas (UFPel), por meio da Coordena\u00e7\u00e3o Institucional da Universidade Aberta do Brasil (UAB\/UFPel), torna p\u00fablica a abertura do <strong>Edital de Sele\u00e7\u00e3o n\u00ba 01\/2026\/GEPEM \u2013 Tutor(a) a Dist\u00e2ncia (Cadastro de Reserva)<\/strong> para atua\u00e7\u00e3o no <strong>Curso de Especializa\u00e7\u00e3o em Gest\u00e3o da Escola P\u00fablica de Ensino M\u00e9dio (GEPEM\/UFPel)<\/strong>, na modalidade a dist\u00e2ncia.<\/p>\n<p align=\"justify\">O processo seletivo visa \u00e0 forma\u00e7\u00e3o de Cadastro de Reserva (CR) para a fun\u00e7\u00e3o de Tutor(a) a Dist\u00e2ncia, com atua\u00e7\u00e3o vinculada aos polos de apoio presencial localizados em: Porto Alegre, Esteio, Novo Hamburgo, Passo Fundo, Gramado, Tr\u00eas Passos, Cerro Largo, Santana do Livramento, Cachoeira do Sul e Agudo.<\/p>\n<p align=\"justify\">As inscri\u00e7\u00f5es estar\u00e3o abertas de <strong>26 de fevereiro a 12 de mar\u00e7o de 2026<\/strong>, devendo ser realizadas exclusivamente por e-mail, conforme orienta\u00e7\u00f5es previstas no Edital.<\/p>\n<h3>Sobre a fun\u00e7\u00e3o<\/h3>\n<p align=\"justify\">O(a) Tutor(a) selecionado(a) atuar\u00e1 no acompanhamento pedag\u00f3gico dos cursistas, media\u00e7\u00e3o das atividades no Ambiente Virtual de Aprendizagem (AVA), apoio aos docentes e \u00e0 coordena\u00e7\u00e3o do curso, participa\u00e7\u00e3o em capacita\u00e7\u00f5es e, quando necess\u00e1rio, em atividades presenciais nos polos.<\/p>\n<p align=\"justify\">A carga hor\u00e1ria prevista \u00e9 de <strong>20 horas semanais<\/strong>, com bolsa no valor de <strong>R$ 1.100,00<\/strong>, conforme regulamenta\u00e7\u00e3o vigente da CAPES.<\/p>\n<h3>Sele\u00e7\u00e3o<\/h3>\n<p align=\"justify\">A sele\u00e7\u00e3o ser\u00e1 realizada por <strong>Avalia\u00e7\u00e3o Curricular<\/strong>, de car\u00e1ter eliminat\u00f3rio e classificat\u00f3rio, considerando titula\u00e7\u00e3o, experi\u00eancia profissional, produ\u00e7\u00e3o bibliogr\u00e1fica e atividades formativas em Educa\u00e7\u00e3o a Dist\u00e2ncia.<\/p>\n<p align=\"justify\">O edital contempla <strong>pol\u00edtica de a\u00e7\u00f5es afirmativas<\/strong>, nos termos da legisla\u00e7\u00e3o vigente e das normativas institucionais da UFPel.<\/p>\n<h3>Validade<\/h3>\n<p align=\"justify\">O processo seletivo ter\u00e1 validade de <strong>1 (um) ano<\/strong>, a contar da homologa\u00e7\u00e3o do resultado final.<\/p>\n<hr class=\"cpted-divisor\">\n<p align=\"justify\">O edital completo, cronograma, requisitos, crit\u00e9rios de avalia\u00e7\u00e3o e anexos est\u00e3o dispon\u00edveis para consulta na tabela abaixo.<\/p>\n<p align=\"justify\">Em caso de d\u00favidas, os(as) candidatos(as) dever\u00e3o utilizar exclusivamente o e-mail informado no edital.<\/p>\n<table class=\"cpted-tables\" style=\"border-collapse: unset;width: 100%\" border=\"0\">\n<thead>\n<tr>\n<th style=\"text-align: left;\"><strong>NOME DO ARQUIVO<\/strong><\/th>\n<th style=\"text-align: center; width: 20%;\"><strong>DATA DE PUBLICA\u00c7\u00c3O<\/strong><\/th>\n<\/tr>\n<\/thead>\n<tbody>\n<tr>\n<td><a href=\"https:\/\/wp.ufpel.edu.br\/cpted\/files\/2026\/04\/Edital_GEPEM_01_2026_Tutor_a_Distancia_CR_Resultado_Final.pdf\">Resultado Final<\/a><\/td>\n<td style=\"text-align: center\">06\/04\/2026<\/td>\n<\/tr>\n<tr>\n<td><a href=\"https:\/\/wp.ufpel.edu.br\/cpted\/files\/2026\/04\/Edital_GEPEM_01_2026_Tutor_Distancia_Resultado_Parcial.pdf\">Resultado Parcial<\/a><\/td>\n<td style=\"text-align: center\">01\/04\/2026<\/td>\n<\/tr>\n<tr>\n<td><a href=\"https:\/\/wp.ufpel.edu.br\/cpted\/files\/2026\/03\/Edital_GEPEM_01_2026_Tutor_Distancia_Errata_Recursos_Resultado_Final.pdf\">Retifica\u00e7\u00e3o &#8211; Decis\u00e3o dos Recursos e Homologa\u00e7\u00e3o Definitiva das Inscri\u00e7\u00f5es<\/a><\/td>\n<td style=\"text-align: center\">27\/03\/2026<\/td>\n<\/tr>\n<tr>\n<td><a href=\"https:\/\/wp.ufpel.edu.br\/cpted\/files\/2026\/03\/Edital_GEPEM_01_2026_Tutor_a_Distancia_CR_Recursos_Resultado_Final.pdf\"> Decis\u00e3o dos Recursos e Homologa\u00e7\u00e3o Definitiva das Inscri\u00e7\u00f5es<\/a><\/td>\n<td style=\"text-align: center\">25\/03\/2026<\/td>\n<\/tr>\n<tr>\n<td><a href=\"https:\/\/wp.ufpel.edu.br\/cpted\/files\/2026\/03\/Edital_GEPEM_01_2026_Tutor_a_Distancia_CR_Resultado_Preliminar.pdf\">Resultado Preliminar<\/a><\/td>\n<td style=\"text-align: center\">20\/03\/2026<\/td>\n<\/tr>\n<tr>\n<td><a href=\"https:\/\/wp.ufpel.edu.br\/cpted\/files\/2026\/02\/Edital_GEPEM_01_2026_Tutor_a_Distancia_CR_Portaria.pdf\">Portaria de Composi\u00e7\u00e3o de Comiss\u00e3o de Sele\u00e7\u00e3o<\/a><\/td>\n<td style=\"text-align: center\">26\/02\/2026<\/td>\n<\/tr>\n<tr>\n<td><a href=\"https:\/\/wp.ufpel.edu.br\/cpted\/files\/2026\/02\/Edital_GEPEM_01_2026_Tutor_a_Distancia_CR_Anexo_XII.pdf\">Anexo XII<\/a><\/td>\n<td style=\"text-align: center\">26\/02\/2026<\/td>\n<\/tr>\n<tr>\n<td><a href=\"https:\/\/wp.ufpel.edu.br\/cpted\/files\/2026\/02\/Edital_GEPEM_01_2026_Tutor_a_Distancia_CR_Anexo_XI.pdf\">Anexo XI<\/a><\/td>\n<td style=\"text-align: center\">26\/02\/2026<\/td>\n<\/tr>\n<tr>\n<td><a href=\"https:\/\/wp.ufpel.edu.br\/cpted\/files\/2026\/02\/Edital_GEPEM_01_2026_Tutor_a_Distancia_CR_Anexo_X.pdf\">Anexo X<\/a><\/td>\n<td style=\"text-align: center\">26\/02\/2026<\/td>\n<\/tr>\n<tr>\n<td><a href=\"https:\/\/wp.ufpel.edu.br\/cpted\/files\/2026\/02\/Edital_GEPEM_01_2026_Tutor_a_Distancia_CR_Anexo_IX.pdf\">Anexo IX<\/a><\/td>\n<td style=\"text-align: center\">26\/02\/2026<\/td>\n<\/tr>\n<tr>\n<td><a href=\"https:\/\/wp.ufpel.edu.br\/cpted\/files\/2026\/02\/Edital_GEPEM_01_2026_Tutor_a_Distancia_CR_Anexo_VIII.pdf\">Anexo VIII<\/a><\/td>\n<td style=\"text-align: center\">26\/02\/2026<\/td>\n<\/tr>\n<tr>\n<td><a href=\"https:\/\/wp.ufpel.edu.br\/cpted\/files\/2026\/02\/Edital_GEPEM_01_2026_Tutor_a_Distancia_CR_Anexo_VII.pdf\">Anexo VII<\/a><\/td>\n<td style=\"text-align: center\">26\/02\/2026<\/td>\n<\/tr>\n<tr>\n<td><a href=\"https:\/\/wp.ufpel.edu.br\/cpted\/files\/2026\/02\/Edital_GEPEM_01_2026_Tutor_a_Distancia_CR_Anexo_VI.pdf\">Anexo VI<\/a><\/td>\n<td style=\"text-align: center\">26\/02\/2026<\/td>\n<\/tr>\n<tr>\n<td><a href=\"https:\/\/wp.ufpel.edu.br\/cpted\/files\/2026\/02\/Edital_GEPEM_01_2026_Tutor_a_Distancia_CR_Anexo_V.pdf\">Anexo V<\/a><\/td>\n<td style=\"text-align: center\">26\/02\/2026<\/td>\n<\/tr>\n<tr>\n<td><a href=\"https:\/\/wp.ufpel.edu.br\/cpted\/files\/2026\/02\/Edital_GEPEM_01_2026_Tutor_a_Distancia_CR_Anexo_IV.pdf\">Anexo IV<\/a><\/td>\n<td style=\"text-align: center\">26\/02\/2026<\/td>\n<\/tr>\n<tr>\n<td><a href=\"https:\/\/wp.ufpel.edu.br\/cpted\/files\/2026\/02\/Edital_GEPEM_01_2026_Tutor_a_Distancia_CR_Anexo_III.pdf\">Anexo III<\/a><\/td>\n<td style=\"text-align: center\">26\/02\/2026<\/td>\n<\/tr>\n<tr>\n<td><a href=\"https:\/\/wp.ufpel.edu.br\/cpted\/files\/2026\/02\/Edital_GEPEM_01_2026_Tutor_a_Distancia_CR_Anexo_II.pdf\">Anexo II<\/a><\/td>\n<td style=\"text-align: center\">26\/02\/2026<\/td>\n<\/tr>\n<tr>\n<td><a href=\"https:\/\/wp.ufpel.edu.br\/cpted\/files\/2026\/02\/Edital_GEPEM_01_2026_Tutor_a_Distancia_CR_Anexo_I.pdf\">Anexo I<\/a><\/td>\n<td style=\"text-align: center\">26\/02\/2026<\/td>\n<\/tr>\n<tr>\n<td><a href=\"https:\/\/wp.ufpel.edu.br\/cpted\/files\/2026\/02\/Edital_GEPEM_01_2026_Tutor_a_Distancia_CR_Abertura.pdf\">Edital de Abertura<\/a><\/td>\n<td style=\"text-align: center\">26\/02\/2026<\/td>\n<\/tr>\n<\/tbody>\n<\/table>\n","protected":false},"excerpt":{"rendered":"","protected":false},"author":1448,"featured_media":0,"parent":22,"menu_order":0,"comment_status":"closed","ping_status":"closed","template":"","meta":{"footnotes":""},"class_list":["post-8132","page","type-page","status-publish","hentry"],"_links":{"self":[{"href":"https:\/\/wp.ufpel.edu.br\/cpted\/wp-json\/wp\/v2\/pages\/8132","targetHints":{"allow":["GET"]}}],"collection":[{"href":"https:\/\/wp.ufpel.edu.br\/cpted\/wp-json\/wp\/v2\/pages"}],"about":[{"href":"https:\/\/wp.ufpel.edu.br\/cpted\/wp-json\/wp\/v2\/types\/page"}],"author":[{"embeddable":true,"href":"https:\/\/wp.ufpel.edu.br\/cpted\/wp-json\/wp\/v2\/users\/1448"}],"replies":[{"embeddable":true,"href":"https:\/\/wp.ufpel.edu.br\/cpted\/wp-json\/wp\/v2\/comments?post=8132"}],"version-history":[{"count":4,"href":"https:\/\/wp.ufpel.edu.br\/cpted\/wp-json\/wp\/v2\/pages\/8132\/revisions"}],"predecessor-version":[{"id":8398,"href":"https:\/\/wp.ufpel.edu.br\/cpted\/wp-json\/wp\/v2\/pages\/8132\/revisions\/8398"}],"up":[{"embeddable":true,"href":"https:\/\/wp.ufpel.edu.br\/cpted\/wp-json\/wp\/v2\/pages\/22"}],"wp:attachment":[{"href":"https:\/\/wp.ufpel.edu.br\/cpted\/wp-json\/wp\/v2\/media?parent=8132"}],"curies":[{"name":"wp","href":"https:\/\/api.w.org\/{rel}","templated":true}]}}