{"id":8037,"date":"2026-01-27T16:31:56","date_gmt":"2026-01-27T19:31:56","guid":{"rendered":"https:\/\/wp.ufpel.edu.br\/cpted\/?page_id=8037"},"modified":"2026-03-05T09:56:41","modified_gmt":"2026-03-05T12:56:41","slug":"edital-clmd-01-2026-professor-formador","status":"publish","type":"page","link":"https:\/\/wp.ufpel.edu.br\/cpted\/editais\/edital-clmd-01-2026-professor-formador\/","title":{"rendered":"EDITAL CLMD 01\/2026 \u2013 PROFESSOR FORMADOR"},"content":{"rendered":"<p style=\"text-aling:justify;\">Para mais detalhes sobre o processo seletivo, os crit\u00e9rios de participa\u00e7\u00e3o e a documenta\u00e7\u00e3o necess\u00e1ria, consulte os arquivos abaixo.<\/p>\n<table class=\"cpted-tables\" style=\"border-collapse: unset;width: 100%\" border=\"0\">\n<thead>\n<tr>\n<th style=\"text-align: left;\"><strong>NOME DO ARQUIVO<\/strong><\/th>\n<th style=\"text-align: center; width: 20%;\"><strong>DATA DE PUBLICA\u00c7\u00c3O<\/strong><\/th>\n<\/tr>\n<\/thead>\n<tbody>\n<tr style=\"cursor: pointer;\">\n<td><a href=\"https:\/\/wp.ufpel.edu.br\/cpted\/files\/2026\/03\/Edital_CLMD_01_2026_Professor_Formador_Resultado_Final.pdf\">CLMD Edital &#8211; Professor Formador 01\/2026 &#8211; Resultado Final<\/a><\/td>\n<td style=\"text-align: center;\">05\/03\/2026<\/td>\n<\/tr>\n<tr style=\"cursor: pointer;\">\n<td><a href=\"https:\/\/wp.ufpel.edu.br\/cpted\/files\/2026\/02\/Edital_CLMD_01_2026_Professor_Formador_Resultado_Parcial.pdf\">CLMD Edital &#8211; Professor Formador 01\/2026 &#8211; Resultado Parcial<\/a><\/td>\n<td style=\"text-align: center;\">27\/02\/2026<\/td>\n<\/tr>\n<tr style=\"cursor: pointer;\">\n<td><a href=\"https:\/\/wp.ufpel.edu.br\/cpted\/files\/2026\/02\/Edital_CLMD_01_2026_Entrevistas.pdf\">CLMD Edital &#8211; Professor Formador 01\/2026 &#8211; Entrevistas<\/a><\/td>\n<td style=\"text-align: center;\">19\/02\/2026<\/td>\n<\/tr>\n<tr style=\"cursor: pointer;\">\n<td><a href=\"https:\/\/wp.ufpel.edu.br\/cpted\/files\/2026\/02\/Edital_CLMD_01_2026_Homologacao_Preliminar.pdf\">CLMD Edital &#8211; Professor Formador 01\/2026 &#8211; Homologa\u00e7\u00e3o preliminar<\/a><\/td>\n<td style=\"text-align: center;\">19\/02\/2026<\/td>\n<\/tr>\n<tr style=\"cursor: pointer;\">\n<td><a href=\"https:\/\/wp.ufpel.edu.br\/cpted\/files\/2026\/01\/Edital_CLMD_01_2026_Anexo_XIII.pdf\">CLMD Edital &#8211; Professor Formador 01\/2026 &#8211; Anexo XIII<\/a><\/td>\n<td style=\"text-align: center;\">27\/01\/2026<\/td>\n<\/tr>\n<tr style=\"cursor: pointer;\">\n<td><a href=\"https:\/\/wp.ufpel.edu.br\/cpted\/files\/2026\/01\/Edital_CLMD_01_2026_Anexo_XII.pdf\">CLMD Edital &#8211; Professor Formador 01\/2026 &#8211; Anexo XII<\/a><\/td>\n<td style=\"text-align: center;\">27\/01\/2026<\/td>\n<\/tr>\n<tr style=\"cursor: pointer;\">\n<td><a href=\"https:\/\/wp.ufpel.edu.br\/cpted\/files\/2026\/01\/Edital_CLMD_01_2026_Anexo_XI.pdf\">CLMD Edital &#8211; Professor Formador 01\/2026 &#8211; Anexo XI<\/a><\/td>\n<td style=\"text-align: center;\">27\/01\/2026<\/td>\n<\/tr>\n<tr style=\"cursor: pointer;\">\n<td><a href=\"https:\/\/wp.ufpel.edu.br\/cpted\/files\/2026\/01\/Edital_CLMD_01_2026_Anexo_X.pdf\">CLMD Edital &#8211; Professor Formador 01\/2026 &#8211; Anexo X<\/a><\/td>\n<td style=\"text-align: center;\">27\/01\/2026<\/td>\n<\/tr>\n<tr style=\"cursor: pointer;\">\n<td><a href=\"https:\/\/wp.ufpel.edu.br\/cpted\/files\/2026\/01\/Edital_CLMD_01_2026_Anexo_IX.pdf\">CLMD Edital &#8211; Professor Formador 01\/2026 &#8211; Anexo IX<\/a><\/td>\n<td style=\"text-align: center;\">27\/01\/2026<\/td>\n<\/tr>\n<tr style=\"cursor: pointer;\">\n<td><a href=\"https:\/\/wp.ufpel.edu.br\/cpted\/files\/2026\/01\/Edital_CLMD_01_2026_Anexo_VIII.pdf\">CLMD Edital &#8211; Professor Formador 01\/2026 &#8211; Anexo VIII<\/a><\/td>\n<td style=\"text-align: center;\">27\/01\/2026<\/td>\n<\/tr>\n<tr style=\"cursor: pointer;\">\n<td><a href=\"https:\/\/wp.ufpel.edu.br\/cpted\/files\/2026\/01\/Edital_CLMD_01_2026_Anexo_VII.pdf\">CLMD Edital &#8211; Professor Formador 01\/2026 &#8211; Anexo VII<\/a><\/td>\n<td style=\"text-align: center;\">27\/01\/2026<\/td>\n<\/tr>\n<tr style=\"cursor: pointer;\">\n<td><a href=\"https:\/\/wp.ufpel.edu.br\/cpted\/files\/2026\/01\/Edital_CLMD_01_2026_Anexo_VI.pdf\">CLMD Edital &#8211; Professor Formador 01\/2026 &#8211; Anexo VI<\/a><\/td>\n<td style=\"text-align: center;\">27\/01\/2026<\/td>\n<\/tr>\n<tr style=\"cursor: pointer;\">\n<td><a href=\"https:\/\/wp.ufpel.edu.br\/cpted\/files\/2026\/01\/Edital_CLMD_01_2026_Anexo_V.pdf\">CLMD Edital &#8211; Professor Formador 01\/2026 &#8211; Anexo V<\/a><\/td>\n<td style=\"text-align: center;\">27\/01\/2026<\/td>\n<\/tr>\n<tr style=\"cursor: pointer;\">\n<td><a href=\"https:\/\/wp.ufpel.edu.br\/cpted\/files\/2026\/01\/Edital_CLMD_01_2026_Anexo_IV.pdf\">CLMD Edital &#8211; Professor Formador 01\/2026 &#8211; Anexo IV<\/a><\/td>\n<td style=\"text-align: center;\">27\/01\/2026<\/td>\n<\/tr>\n<tr style=\"cursor: pointer;\">\n<td><a href=\"https:\/\/wp.ufpel.edu.br\/cpted\/files\/2026\/01\/Edital_CLMD_01_2026_Anexo_III.pdf\">CLMD Edital &#8211; Professor Formador 01\/2026 &#8211; Anexo III<\/a><\/td>\n<td style=\"text-align: center;\">27\/01\/2026<\/td>\n<\/tr>\n<tr style=\"cursor: pointer;\">\n<td><a href=\"https:\/\/wp.ufpel.edu.br\/cpted\/files\/2026\/01\/Edital_CLMD_01_2026_Anexo_II.pdf\">CLMD Edital &#8211; Professor Formador 01\/2026 &#8211; Anexo II<\/a><\/td>\n<td style=\"text-align: center;\">27\/01\/2026<\/td>\n<\/tr>\n<tr style=\"cursor: pointer;\">\n<td><a href=\"https:\/\/wp.ufpel.edu.br\/cpted\/files\/2026\/01\/Edital_CLMD_01_2026_Anexo_I.pdf\">CLMD Edital &#8211; Professor Formador 01\/2026 &#8211; Anexo I<\/a><\/td>\n<td style=\"text-align: center;\">27\/01\/2026<\/td>\n<\/tr>\n<tr style=\"cursor: pointer;\">\n<td><a href=\"https:\/\/wp.ufpel.edu.br\/cpted\/files\/2026\/01\/Edital_CLMD_01_2026_Edital_de_selecao.pdf\">CLMD Edital &#8211; Professor Formador 01\/2026 Vers\u00e3o Final<\/a><\/td>\n<td style=\"text-align: center;\">27\/01\/2026<\/td>\n<\/tr>\n<tr style=\"cursor: pointer;\">\n<td><a href=\"https:\/\/wp.ufpel.edu.br\/cpted\/files\/2026\/01\/Edital_CLMD_01_2026_Banca_de_selecao.pdf\">Portaria Interna 1 Comiss\u00e3o Sele\u00e7\u00e3o Professor Formador CLMD\/UAB<\/a><\/td>\n<td style=\"text-align: center;\">27\/01\/2026<\/td>\n<\/tr>\n<\/tbody>\n<\/table>\n<p><\/p>\n","protected":false},"excerpt":{"rendered":"<p>Para mais detalhes sobre o processo seletivo, os crit\u00e9rios de participa\u00e7\u00e3o e a documenta\u00e7\u00e3o necess\u00e1ria, consulte os arquivos abaixo. NOME DO ARQUIVO DATA DE PUBLICA\u00c7\u00c3O CLMD Edital &#8211; Professor Formador 01\/2026 &#8211; Resultado Final 05\/03\/2026 CLMD Edital &#8211; Professor Formador 01\/2026 &#8211; Resultado Parcial 27\/02\/2026 CLMD Edital &#8211; Professor Formador 01\/2026 &#8211; Entrevistas 19\/02\/2026 CLMD [&hellip;]<\/p>\n","protected":false},"author":1448,"featured_media":0,"parent":22,"menu_order":0,"comment_status":"closed","ping_status":"closed","template":"","meta":{"footnotes":""},"class_list":["post-8037","page","type-page","status-publish","hentry"],"_links":{"self":[{"href":"https:\/\/wp.ufpel.edu.br\/cpted\/wp-json\/wp\/v2\/pages\/8037","targetHints":{"allow":["GET"]}}],"collection":[{"href":"https:\/\/wp.ufpel.edu.br\/cpted\/wp-json\/wp\/v2\/pages"}],"about":[{"href":"https:\/\/wp.ufpel.edu.br\/cpted\/wp-json\/wp\/v2\/types\/page"}],"author":[{"embeddable":true,"href":"https:\/\/wp.ufpel.edu.br\/cpted\/wp-json\/wp\/v2\/users\/1448"}],"replies":[{"embeddable":true,"href":"https:\/\/wp.ufpel.edu.br\/cpted\/wp-json\/wp\/v2\/comments?post=8037"}],"version-history":[{"count":4,"href":"https:\/\/wp.ufpel.edu.br\/cpted\/wp-json\/wp\/v2\/pages\/8037\/revisions"}],"predecessor-version":[{"id":8219,"href":"https:\/\/wp.ufpel.edu.br\/cpted\/wp-json\/wp\/v2\/pages\/8037\/revisions\/8219"}],"up":[{"embeddable":true,"href":"https:\/\/wp.ufpel.edu.br\/cpted\/wp-json\/wp\/v2\/pages\/22"}],"wp:attachment":[{"href":"https:\/\/wp.ufpel.edu.br\/cpted\/wp-json\/wp\/v2\/media?parent=8037"}],"curies":[{"name":"wp","href":"https:\/\/api.w.org\/{rel}","templated":true}]}}