{"id":7994,"date":"2026-01-23T17:41:56","date_gmt":"2026-01-23T20:41:56","guid":{"rendered":"https:\/\/wp.ufpel.edu.br\/cpted\/?page_id=7994"},"modified":"2026-02-11T08:33:31","modified_gmt":"2026-02-11T11:33:31","slug":"edital-cpted-01-2026-auxiliares-tecnico-pedagogicos-i","status":"publish","type":"page","link":"https:\/\/wp.ufpel.edu.br\/cpted\/editais\/edital-cpted-01-2026-auxiliares-tecnico-pedagogicos-i\/","title":{"rendered":"Edital CPTED 01\/2026 &#8211; AUXILIARES T\u00c9CNICO-PEDAG\u00d3GICOS I"},"content":{"rendered":"<h4 class=\"cpted-title\">Edital CPTED 01\/2026 &#8211; AUXILIARES T\u00c9CNICO-PEDAG\u00d3GICOS I<\/h4>\n<p style=\"text-aling: justify;\">A Universidade Federal de Pelotas (UFPEL), por meio do Gabinete da Vice Reitoria (GVR) e ainda da Coordena\u00e7\u00e3o de Pol\u00edticas e Tecnologias para EaD (CPTED) torna p\u00fablica a abertura de processo seletivo para sele\u00e7\u00e3o de BOLSISTAS, alunos de gradua\u00e7\u00e3o, que atuar\u00e3o como AUXILIARES T\u00c9CNICO-PEDAG\u00d3GICOS I junto \u00e0 CPTED.<\/p>\n<p style=\"text-aling: justify;\">Para mais detalhes sobre o processo seletivo, os crit\u00e9rios de participa\u00e7\u00e3o e a documenta\u00e7\u00e3o necess\u00e1ria, consulte os arquivos abaixo.<\/p>\n<table class=\"cpted-tables\" style=\"border-collapse: unset; width: 100%;\" border=\"0\">\n<thead>\n<tr>\n<th style=\"text-align: left;\"><strong>NOME DO ARQUIVO<\/strong><\/th>\n<th style=\"text-align: center; width: 20%;\"><strong>DATA DE PUBLICA\u00c7\u00c3O<\/strong><\/th>\n<\/tr>\n<\/thead>\n<tbody>\n<tr style=\"cursor: pointer;\">\n<td><a href=\"https:\/\/wp.ufpel.edu.br\/cpted\/files\/2026\/02\/Ata-resultado-final-CPTED.pdf\">Resultado da Final<\/a><\/td>\n<td style=\"text-align: center;\">11\/02\/2026<\/td>\n<\/tr>\n<tr style=\"cursor: pointer;\">\n<td><a href=\"https:\/\/wp.ufpel.edu.br\/cpted\/files\/2026\/02\/Ata-resultado-final.pdf\">Resultado da An\u00e1lise do Curr\u00edculo<\/a><\/td>\n<td style=\"text-align: center;\">09\/02\/2026<\/td>\n<\/tr>\n<tr style=\"cursor: pointer;\">\n<td><a href=\"https:\/\/wp.ufpel.edu.br\/cpted\/files\/2026\/02\/PDF-23110.001649_2026-43-SEI_3639908_Ata___Homologacao_de_Inscricoes-1.pdf\">Resultado Parcial da An\u00e1lise do Curr\u00edculo<\/a><\/td>\n<td style=\"text-align: center;\">05\/02\/2026<\/td>\n<\/tr>\n<tr style=\"cursor: pointer;\">\n<td><a href=\"https:\/\/wp.ufpel.edu.br\/cpted\/files\/2026\/02\/Ata_Resultado_Final_Homologacao_de_Inscricoes.pdf\">Resultado Final<\/a><\/td>\n<td style=\"text-align: center;\">03\/02\/2026<\/td>\n<\/tr>\n<tr style=\"cursor: pointer;\">\n<td><a href=\"https:\/\/wp.ufpel.edu.br\/cpted\/files\/2026\/01\/Edital_CPTED_01_2026_Homologacao_das_inscricoes.pdf\">Homologa\u00e7\u00e3o das inscri\u00e7\u00f5es<\/a><\/td>\n<td style=\"text-align: center;\">29\/01\/2026<\/td>\n<\/tr>\n<tr style=\"cursor: pointer;\">\n<td><a href=\"https:\/\/wp.ufpel.edu.br\/cpted\/files\/2026\/01\/Edital_CPTED_01_2026_Edital_de_abertura.pdf\">Edital de Abertura<\/a><\/td>\n<td style=\"text-align: center;\">23\/01\/2026<\/td>\n<\/tr>\n<\/tbody>\n<\/table>\n<p>&nbsp;<\/p>\n","protected":false},"excerpt":{"rendered":"<p>Edital CPTED 01\/2026 &#8211; AUXILIARES T\u00c9CNICO-PEDAG\u00d3GICOS I A Universidade Federal de Pelotas (UFPEL), por meio do Gabinete da Vice Reitoria (GVR) e ainda da Coordena\u00e7\u00e3o de Pol\u00edticas e Tecnologias para EaD (CPTED) torna p\u00fablica a abertura de processo seletivo para sele\u00e7\u00e3o de BOLSISTAS, alunos de gradua\u00e7\u00e3o, que atuar\u00e3o como AUXILIARES T\u00c9CNICO-PEDAG\u00d3GICOS I junto \u00e0 CPTED. [&hellip;]<\/p>\n","protected":false},"author":1448,"featured_media":0,"parent":22,"menu_order":0,"comment_status":"closed","ping_status":"closed","template":"","meta":{"footnotes":""},"class_list":["post-7994","page","type-page","status-publish","hentry"],"_links":{"self":[{"href":"https:\/\/wp.ufpel.edu.br\/cpted\/wp-json\/wp\/v2\/pages\/7994","targetHints":{"allow":["GET"]}}],"collection":[{"href":"https:\/\/wp.ufpel.edu.br\/cpted\/wp-json\/wp\/v2\/pages"}],"about":[{"href":"https:\/\/wp.ufpel.edu.br\/cpted\/wp-json\/wp\/v2\/types\/page"}],"author":[{"embeddable":true,"href":"https:\/\/wp.ufpel.edu.br\/cpted\/wp-json\/wp\/v2\/users\/1448"}],"replies":[{"embeddable":true,"href":"https:\/\/wp.ufpel.edu.br\/cpted\/wp-json\/wp\/v2\/comments?post=7994"}],"version-history":[{"count":3,"href":"https:\/\/wp.ufpel.edu.br\/cpted\/wp-json\/wp\/v2\/pages\/7994\/revisions"}],"predecessor-version":[{"id":8096,"href":"https:\/\/wp.ufpel.edu.br\/cpted\/wp-json\/wp\/v2\/pages\/7994\/revisions\/8096"}],"up":[{"embeddable":true,"href":"https:\/\/wp.ufpel.edu.br\/cpted\/wp-json\/wp\/v2\/pages\/22"}],"wp:attachment":[{"href":"https:\/\/wp.ufpel.edu.br\/cpted\/wp-json\/wp\/v2\/media?parent=7994"}],"curies":[{"name":"wp","href":"https:\/\/api.w.org\/{rel}","templated":true}]}}