{"id":7867,"date":"2025-11-20T21:27:19","date_gmt":"2025-11-21T00:27:19","guid":{"rendered":"https:\/\/wp.ufpel.edu.br\/cpted\/?page_id=7867"},"modified":"2025-12-26T08:48:26","modified_gmt":"2025-12-26T11:48:26","slug":"edital-gepem-02-2025-selecao-de-estudantes","status":"publish","type":"page","link":"https:\/\/wp.ufpel.edu.br\/cpted\/editais\/edital-gepem-02-2025-selecao-de-estudantes\/","title":{"rendered":"Edital GEPEM 02\/2025 &#8211; Sele\u00e7\u00e3o de Estudantes"},"content":{"rendered":"<p align=\"justify\">A Universidade Federal de Pelotas (UFPel), por meio da Faculdade de Educa\u00e7\u00e3o (FaE) e da Coordena\u00e7\u00e3o Institucional da Universidade Aberta do Brasil (UAB\/UFPel), torna p\u00fablica a abertura do <strong>Edital de Sele\u00e7\u00e3o n\u00ba 02\/2025\/FaE\/GEPEM<\/strong>, destinado ao ingresso no <strong>Curso de P\u00f3s-Gradua\u00e7\u00e3o Lato Sensu em Gest\u00e3o da Escola P\u00fablica de Ensino M\u00e9dio (GEPEM)<\/strong>, ofertado na modalidade <strong>Educa\u00e7\u00e3o a Dist\u00e2ncia (EaD)<\/strong>, em parceria com a CAPES e a Secretaria de Educa\u00e7\u00e3o do Estado do Rio Grande do Sul (SEDUC\/RS).<\/p>\n<p align=\"justify\">O curso tem como objetivo qualificar equipes gestoras das escolas p\u00fablicas de Ensino M\u00e9dio, fortalecendo pr\u00e1ticas de gest\u00e3o democr\u00e1tica, planejamento estrat\u00e9gico, an\u00e1lise de dados educacionais, governan\u00e7a escolar e a\u00e7\u00f5es voltadas \u00e0 melhoria dos resultados de aprendizagem. Com dura\u00e7\u00e3o de 12 meses e carga hor\u00e1ria de 360 horas, o percurso formativo inclui atividades s\u00edncronas, ass\u00edncronas e presenciais nos polos UAB, al\u00e9m da produ\u00e7\u00e3o de memorial de forma\u00e7\u00e3o e plano de gest\u00e3o como trabalho de conclus\u00e3o.<\/p>\n<p align=\"justify\">O processo seletivo \u00e9 direcionado prioritariamente a <strong>diretores(as)<\/strong>, <strong>vice-diretores(as)<\/strong> e <strong>supervisores(as)<\/strong> de escolas estaduais de Ensino M\u00e9dio do Rio Grande do Sul, seguindo crit\u00e9rios e prioridades definidos no Edital. S\u00e3o ofertadas <strong>409 vagas<\/strong>, distribu\u00eddas entre diversos polos UAB do estado, com reserva de vagas para a\u00e7\u00f5es afirmativas conforme normas da UFPel e da CAPES.<\/p>\n<p align=\"justify\"As inscri\u00e7\u00f5es s\u00e3o <strong>gratuitas<\/strong>, realizadas exclusivamente por meio de formul\u00e1rio eletr\u00f4nico, mediante envio da documenta\u00e7\u00e3o exigida. Todas as etapas, prazos e orienta\u00e7\u00f5es referentes ao processo seletivo encontram-se detalhadas no Edital.<\/p>\n<p align=\"justify\"A UFPel convida as equipes diretivas das escolas p\u00fablicas a participarem desta forma\u00e7\u00e3o estrat\u00e9gica, voltada ao fortalecimento da gest\u00e3o escolar, \u00e0 qualifica\u00e7\u00e3o das pol\u00edticas educacionais e ao compromisso com uma educa\u00e7\u00e3o p\u00fablica de qualidade, inclusiva e socialmente referenciada.<\/p>\n<p align=\"justify\">O edital completo, contendo o cronograma, requisitos e demais informa\u00e7\u00f5es, est\u00e1 dispon\u00edvel abaixo.<\/p>\n<table class=\"cpted-tables\" style=\"border-collapse: unset;width: 100%\" border=\"0\">\n<thead>\n<tr>\n<th style=\"text-align: left;\"><strong>NOME DO ARQUIVO<\/strong><\/th>\n<th style=\"text-align: center; width: 20%;\"><strong>DATA DE PUBLICA\u00c7\u00c3O<\/strong><\/th>\n<\/tr>\n<\/thead>\n<tbody>\n<tr>\n<td><a href=\"https:\/\/wp.ufpel.edu.br\/cpted\/files\/2025\/12\/Edital_GEPEM_02_2025_Resultado_Final.pdf\">Homologa\u00e7\u00e3o do resultado final<\/a><\/td>\n<td style=\"text-align: center\">26\/12\/2025<\/td>\n<\/tr>\n<tr>\n<td><a href=\"https:\/\/wp.ufpel.edu.br\/cpted\/files\/2025\/12\/Edital_GEPEM_02_2025_Selecao_de_Alunos_Homologacao_das_Inscricoes_e_Resultado_Parcial.pdf\">Homologa\u00e7\u00e3o das Inscri\u00e7\u00f5es e Resultados Parciais<\/a><\/td>\n<td style=\"text-align: center\">16\/12\/2025<\/td>\n<\/tr>\n<tr>\n<td><a href=\"https:\/\/wp.ufpel.edu.br\/cpted\/files\/2025\/12\/Edital_GEPEM_02_2025_Selecao_de_Alunos_Retificacao.pdf\">Edital Retificado<\/a><\/td>\n<td style=\"text-align: center\">09\/12\/2025<\/td>\n<\/tr>\n<tr>\n<td><a href=\"https:\/\/wp.ufpel.edu.br\/cpted\/files\/2025\/11\/Edital_GEPEM_02_2025_Selecao_de_Alunos_Anexo_VIII.pdf\">Anexo VIII &#8211; Formul\u00e1rio de Recurso<\/a><\/td>\n<td style=\"text-align: center\">20\/11\/2025<\/td>\n<\/tr>\n<tr>\n<td><a href=\"https:\/\/wp.ufpel.edu.br\/cpted\/files\/2025\/11\/Edital_GEPEM_02_2025_Selecao_de_Alunos_Anexo_VII.pdf\">Anexo VII &#8211; Declara\u00e7\u00e3o de Pertencimento \u00c9tnico: Quilombola<\/a><\/td>\n<td style=\"text-align: center\">20\/11\/2025<\/td>\n<\/tr>\n<tr>\n<td><a href=\"https:\/\/wp.ufpel.edu.br\/cpted\/files\/2025\/11\/Edital_GEPEM_02_2025_Selecao_de_Alunos_Anexo_VI.pdf\">Anexo VI &#8211; Declara\u00e7\u00e3o de Pertencimento \u00c9tnico: Ind\u00edgena<\/a><\/td>\n<td style=\"text-align: center\">20\/11\/2025<\/td>\n<\/tr>\n<tr>\n<td><a href=\"https:\/\/wp.ufpel.edu.br\/cpted\/files\/2025\/11\/Edital_GEPEM_02_2025_Selecao_de_Alunos_Anexo_V.pdf\">Anexo V &#8211; Formul\u00e1rio de Autodeclara\u00e7\u00e3o de Identidade Trans: Travesti, Transexual ou Transg\u00eanero<\/a><\/td>\n<td style=\"text-align: center\">20\/11\/2025<\/td>\n<\/tr>\n<tr>\n<td><a href=\"https:\/\/wp.ufpel.edu.br\/cpted\/files\/2025\/11\/Edital_GEPEM_02_2025_Selecao_de_Alunos_Anexo_IV.pdf\">Anexo IV &#8211; Formul\u00e1rio de Autodeclara\u00e7\u00e3o de Pessoa com Defici\u00eancia<\/a><\/td>\n<td style=\"text-align: center\">20\/11\/2025<\/td>\n<\/tr>\n<tr>\n<tr>\n<td><a href=\"https:\/\/wp.ufpel.edu.br\/cpted\/files\/2025\/11\/Edital_GEPEM_02_2025_Selecao_de_Alunos_Anexo_III.pdf\">Anexo III &#8211; Formul\u00e1rio de Autodeclara\u00e7\u00e3o \u00c9tnico-Racial: Quilombola<\/a><\/td>\n<td style=\"text-align: center\">20\/11\/2025<\/td>\n<\/tr>\n<tr>\n<td><a href=\"https:\/\/wp.ufpel.edu.br\/cpted\/files\/2025\/11\/Edital_GEPEM_02_2025_Selecao_de_Alunos_Anexo_II.pdf\">Anexo II &#8211; Formul\u00e1rio de Autodeclara\u00e7\u00e3o \u00c9tnico-Racial: Ind\u00edgena<\/a><\/td>\n<td style=\"text-align: center\">20\/11\/2025<\/td>\n<\/tr>\n<tr>\n<td><a href=\"https:\/\/wp.ufpel.edu.br\/cpted\/files\/2025\/11\/Edital_GEPEM_02_2025_Selecao_de_Alunos_Anexo_I.pdf\">Anexo I &#8211; Formul\u00e1rio de Autodeclara\u00e7\u00e3o \u00c9tnico-Racial: Negro(a)<\/a><\/td>\n<td style=\"text-align: center\">20\/11\/2025<\/td>\n<\/tr>\n<tr>\n<td><a href=\"https:\/\/wp.ufpel.edu.br\/cpted\/files\/2025\/11\/Edital_GEPEM_02_2025_Selecao_de_Alunos_Abertura.pdf\">Edital de Abertura<\/a><\/td>\n<td style=\"text-align: center\">20\/11\/2025<\/td>\n<\/tr>\n<\/tbody>\n<\/table>\n","protected":false},"excerpt":{"rendered":"<p>A Universidade Federal de Pelotas (UFPel), por meio da Faculdade de Educa\u00e7\u00e3o (FaE) e da Coordena\u00e7\u00e3o Institucional da Universidade Aberta do Brasil (UAB\/UFPel), torna p\u00fablica a abertura do Edital de Sele\u00e7\u00e3o n\u00ba 02\/2025\/FaE\/GEPEM, destinado ao ingresso no Curso de P\u00f3s-Gradua\u00e7\u00e3o Lato Sensu em Gest\u00e3o da Escola P\u00fablica de Ensino M\u00e9dio (GEPEM), ofertado na modalidade Educa\u00e7\u00e3o [&hellip;]<\/p>\n","protected":false},"author":1448,"featured_media":0,"parent":22,"menu_order":0,"comment_status":"closed","ping_status":"closed","template":"","meta":{"footnotes":""},"class_list":["post-7867","page","type-page","status-publish","hentry"],"_links":{"self":[{"href":"https:\/\/wp.ufpel.edu.br\/cpted\/wp-json\/wp\/v2\/pages\/7867","targetHints":{"allow":["GET"]}}],"collection":[{"href":"https:\/\/wp.ufpel.edu.br\/cpted\/wp-json\/wp\/v2\/pages"}],"about":[{"href":"https:\/\/wp.ufpel.edu.br\/cpted\/wp-json\/wp\/v2\/types\/page"}],"author":[{"embeddable":true,"href":"https:\/\/wp.ufpel.edu.br\/cpted\/wp-json\/wp\/v2\/users\/1448"}],"replies":[{"embeddable":true,"href":"https:\/\/wp.ufpel.edu.br\/cpted\/wp-json\/wp\/v2\/comments?post=7867"}],"version-history":[{"count":3,"href":"https:\/\/wp.ufpel.edu.br\/cpted\/wp-json\/wp\/v2\/pages\/7867\/revisions"}],"predecessor-version":[{"id":7978,"href":"https:\/\/wp.ufpel.edu.br\/cpted\/wp-json\/wp\/v2\/pages\/7867\/revisions\/7978"}],"up":[{"embeddable":true,"href":"https:\/\/wp.ufpel.edu.br\/cpted\/wp-json\/wp\/v2\/pages\/22"}],"wp:attachment":[{"href":"https:\/\/wp.ufpel.edu.br\/cpted\/wp-json\/wp\/v2\/media?parent=7867"}],"curies":[{"name":"wp","href":"https:\/\/api.w.org\/{rel}","templated":true}]}}