{"id":7816,"date":"2025-11-13T17:00:02","date_gmt":"2025-11-13T20:00:02","guid":{"rendered":"https:\/\/wp.ufpel.edu.br\/cpted\/?page_id=7816"},"modified":"2026-02-04T15:45:08","modified_gmt":"2026-02-04T18:45:08","slug":"edital-uab-05-2025-assistente-pedagogico-equipe-multidisciplinar","status":"publish","type":"page","link":"https:\/\/wp.ufpel.edu.br\/cpted\/editais\/edital-uab-05-2025-assistente-pedagogico-equipe-multidisciplinar\/","title":{"rendered":"Edital UAB 05\/2025 &#8211; Assistente Pedag\u00f3gico \u2013 Equipe Multidisciplinar"},"content":{"rendered":"<p align=\"justify\">A Universidade Federal de Pelotas (UFPel), por meio da Coordena\u00e7\u00e3o de Pol\u00edticas e Tecnologias para a Educa\u00e7\u00e3o a Dist\u00e2ncia (CPTED) e da Coordena\u00e7\u00e3o Institucional do Sistema Universidade Aberta do Brasil (UAB), torna p\u00fablica a abertura do <strong>Edital n\u00ba 05\/2025<\/strong>, destinado \u00e0 <strong>sele\u00e7\u00e3o de bolsistas para a fun\u00e7\u00e3o de Assistente Pedag\u00f3gico<\/strong>, que integrar\u00e3o a <strong>Equipe Multidisciplinar da UAB\/UFPel<\/strong>.<\/p>\n<p align=\"justify\">O processo seletivo tem como objetivo o preenchimento de <strong>6 (seis) vagas<\/strong>, al\u00e9m da forma\u00e7\u00e3o de <strong>cadastro de reserva<\/strong>, distribu\u00eddas entre diferentes \u00e1reas de atua\u00e7\u00e3o: <strong>Desenvolvimento de Softwares e Sistemas na EaD, Produ\u00e7\u00e3o de Conte\u00fado Audiovisual, Tradu\u00e7\u00e3o e Interpreta\u00e7\u00e3o de Libras na EaD, Design Gr\u00e1fico e Digital na EaD, Comunica\u00e7\u00e3o e Linguagens Multimodais na EaD e Educa\u00e7\u00e3o para as Rela\u00e7\u00f5es \u00c9tnico-Raciais na EaD<\/strong>.<\/p>\n<p align=\"justify\">As bolsas s\u00e3o concedidas no \u00e2mbito do <strong>Programa Universidade Aberta do Brasil (UAB\/CAPES)<\/strong>, com carga hor\u00e1ria de <strong>20 horas semanais<\/strong> e valor mensal de <strong>R$ 1.550,00<\/strong>, conforme Portaria CAPES n\u00ba 309\/2024.<\/p>\n<p align=\"justify\">Podem se candidatar profissionais com <strong>forma\u00e7\u00e3o de n\u00edvel superior<\/strong> e <strong>experi\u00eancia comprovada na \u00e1rea de inscri\u00e7\u00e3o<\/strong>, conforme os requisitos descritos no edital. As inscri\u00e7\u00f5es s\u00e3o <strong>gratuitas <\/strong>e estar\u00e3o abertas no per\u00edodo de <strong>13 a 27 de novembro de 2025<\/strong>, mediante o envio do formul\u00e1rio e da documenta\u00e7\u00e3o exigida.<\/p>\n<p align=\"justify\">O processo de sele\u00e7\u00e3o ser\u00e1 composto por quatro etapas: <strong>An\u00e1lise de Memorial Descritivo, An\u00e1lise de Plano de Trabalho, Defesa do Memorial e do Plano de Trabalho e Avalia\u00e7\u00e3o Curricular (T\u00edtulos)<\/strong>, observando crit\u00e9rios t\u00e9cnicos e pedag\u00f3gicos que asseguram a transpar\u00eancia e a qualidade da sele\u00e7\u00e3o.<\/p>\n<p align=\"justify\">Com esta iniciativa, a UFPel reafirma seu compromisso com a <strong>qualidade da Educa\u00e7\u00e3o a Dist\u00e2ncia<\/strong> e com o fortalecimento de equipes qualificadas e diversas, que contribuam para o desenvolvimento de pr\u00e1ticas inovadoras, inclusivas e alinhadas \u00e0s pol\u00edticas p\u00fablicas de democratiza\u00e7\u00e3o do acesso ao ensino superior.<\/p>\n<p align=\"justify\">O edital completo, contendo o cronograma, requisitos e demais informa\u00e7\u00f5es, est\u00e1 dispon\u00edvel abaixo.<\/p>\n<table class=\"cpted-tables\" style=\"border-collapse: unset;width: 100%\" border=\"0\">\n<thead>\n<tr>\n<th style=\"text-align: left;\"><strong>NOME DO ARQUIVO<\/strong><\/th>\n<th style=\"text-align: center; width: 20%;\"><strong>DATA DE PUBLICA\u00c7\u00c3O<\/strong><\/th>\n<\/tr>\n<\/thead>\n<tbody>\n<tr>\n<td><a href=\"https:\/\/wp.ufpel.edu.br\/cpted\/files\/2026\/02\/Edital_UAB_05_2025_Assistente_Pedagogico_Resultado_Final.pdf\">Resultado Final<\/a><\/td>\n<td style=\"text-align: center\">04\/02\/2026<\/td>\n<\/tr>\n<tr>\n<td><a href=\"https:\/\/wp.ufpel.edu.br\/cpted\/files\/2026\/02\/Edital_UAB_05_2025_Assistente_Pedagogico_Resultado_Recurso.pdf\">Resultado &#8211; Recurso<\/a><\/td>\n<td style=\"text-align: center\">04\/02\/2026<\/td>\n<\/tr>\n<tr>\n<td><a href=\"https:\/\/wp.ufpel.edu.br\/cpted\/files\/2026\/01\/Edital_UAB_05_2025_Assistente_Pedagogico_Quadro_Pontuacao.pdf\">Quadro de Pontua\u00e7\u00f5es<\/a><\/td>\n<td style=\"text-align: center\">24\/01\/2025<\/td>\n<\/tr>\n<tr>\n<td><a href=\"https:\/\/wp.ufpel.edu.br\/cpted\/files\/2026\/01\/Edital_UAB_05_2025_Assistente_Pedagogico_Resultado_Parcial.pdf\">Resultado Parcial<\/a><\/td>\n<td style=\"text-align: center\">24\/01\/2025<\/td>\n<\/tr>\n<tr>\n<td><a href=\"https:\/\/wp.ufpel.edu.br\/cpted\/files\/2026\/01\/Edital_UAB_05_2025_Assistente_Pedagogico_Resultado_Parcial.pdf\">Resultado Parcial<\/a><\/td>\n<td style=\"text-align: center\">24\/01\/2025<\/td>\n<\/tr>\n<tr>\n<td><a href=\"https:\/\/wp.ufpel.edu.br\/cpted\/files\/2026\/01\/Edital_UAB_05_2025_Assistente_Pedagogico_Retificacao_03.pdf\">Retifica\u00e7\u00e3o do Edital &#8211; Altera\u00e7\u00e3o no Cronograma<\/a><\/td>\n<td style=\"text-align: center\">15\/12\/2025<\/td>\n<\/tr>\n<tr>\n<td><a href=\"https:\/\/wp.ufpel.edu.br\/cpted\/files\/2025\/12\/Edital_UAB_05_2025_Assistente_Pedagogico_Retificacao_02.pdf\">Retifica\u00e7\u00e3o do Edital &#8211; Altera\u00e7\u00e3o no Cronograma<\/a><\/td>\n<td style=\"text-align: center\">15\/12\/2025<\/td>\n<\/tr>\n<tr>\n<td><a href=\"https:\/\/wp.ufpel.edu.br\/cpted\/files\/2025\/12\/Edital_UAB_05_2025_Assistente_Pedagogico_Convocacao_para_Defesa.pdf\">Convoca\u00e7\u00e3o para Defesa<\/a><\/td>\n<td style=\"text-align: center\">12\/12\/2025<\/td>\n<\/tr>\n<tr>\n<td><a href=\"https:\/\/wp.ufpel.edu.br\/cpted\/files\/2025\/12\/Edital_UAB_05_2025_Assistente_Pedagogico_Homologacao_das_Inscricoes_Final.pdf\">Homologa\u00e7\u00e3o Final das Inscri\u00e7\u00e3o<\/a><\/td>\n<td style=\"text-align: center\">08\/12\/2025<\/td>\n<\/tr>\n<tr>\n<tr>\n<td><a href=\"https:\/\/wp.ufpel.edu.br\/cpted\/files\/2025\/12\/Edital_UAB_05_2025_Assistente_Pedagogico_Homologacao_das_Inscricoes.pdf\">Homologa\u00e7\u00e3o das Inscri\u00e7\u00e3o<\/a><\/td>\n<td style=\"text-align: center\">03\/12\/2025<\/td>\n<\/tr>\n<tr>\n<td><a href=\"https:\/\/wp.ufpel.edu.br\/cpted\/files\/2025\/11\/Edital_UAB_05_2025_Assistente_Pedagogico_Abertura_Retificado.pdf\">Retifica\u00e7\u00e3o do Edital &#8211; Prorroga\u00e7\u00e3o do Prazo de Inscri\u00e7\u00e3o<\/a><\/td>\n<td style=\"text-align: center\">27\/11\/2025<\/td>\n<\/tr>\n<tr>\n<td><a href=\"https:\/\/wp.ufpel.edu.br\/cpted\/files\/2025\/11\/Edital_UAB_05_2025_Assistente_Pedagogico_Comissao_de_Selecao.pdf\">Portaria de Nomea\u00e7\u00e3o da Comiss\u00e3o de Sele\u00e7\u00e3o<\/a><\/td>\n<td style=\"text-align: center\">25\/11\/2025<\/td>\n<\/tr>\n<tr>\n<td><a href=\"https:\/\/wp.ufpel.edu.br\/cpted\/files\/2025\/11\/Edital_UAB_05_2025_Assistente_Pedagogico_Equipe_Multidisciplinar_Atribuicoes.pdf.pdf\">Anexo XIII &#8211; Atribui\u00e7\u00f5es  Espec\u00edficas da Fun\u00e7\u00e3o de Assistente Pedag\u00f3gico<\/a><\/td>\n<td style=\"text-align: center\">13\/11\/2025<\/td>\n<\/tr>\n<tr>\n<td><a href=\"https:\/\/wp.ufpel.edu.br\/cpted\/files\/2025\/11\/Edital_UAB_05_2025_Assistente_Pedagogico_Equipe_Multidisciplinar_Termo_de_Compromisso.pdf\">Anexo XII &#8211; Termo de Compromisso<\/a><\/td>\n<td style=\"text-align: center\">13\/11\/2025<\/td>\n<\/tr>\n<tr>\n<td><a href=\"https:\/\/wp.ufpel.edu.br\/cpted\/files\/2025\/11\/Edital_UAB_05_2025_Assistente_Pedagogico_Equipe_Multidisciplinar_Formulario_de_Recurso.pdf\">Anexo XI &#8211; Formul\u00e1rio de Recurso<\/a><\/td>\n<td style=\"text-align: center\">13\/11\/2025<\/td>\n<\/tr>\n<tr>\n<td><a href=\"https:\/\/wp.ufpel.edu.br\/cpted\/files\/2025\/11\/Edital_UAB_05_2025_Assistente_Pedagogico_Equipe_Multidisciplinar_Formulario_de_Titulos.pdf\">Anexo X &#8211; Formul\u00e1rio para Entrega dos T\u00edtulos<\/a><\/td>\n<td style=\"text-align: center\">13\/11\/2025<\/td>\n<\/tr>\n<tr>\n<td><a href=\"https:\/\/wp.ufpel.edu.br\/cpted\/files\/2025\/11\/Edital_UAB_05_2025_Assistente_Pedagogico_Equipe_Multidisciplinar_Autoavaliacao_Curricular.pdf\">Anexo IX &#8211; Formul\u00e1rio de Avalia\u00e7\u00e3o Curricular<\/a><\/td>\n<td style=\"text-align: center\">13\/11\/2025<\/td>\n<\/tr>\n<tr>\n<td><a href=\"https:\/\/wp.ufpel.edu.br\/cpted\/files\/2025\/11\/Edital_UAB_05_2025_Assistente_Pedagogico_Equipe_Multidisciplinar_Ficha_de_Inscricao.pdf\">Anexo VIII &#8211; Ficha de Inscri\u00e7\u00e3o<\/a><\/td>\n<td style=\"text-align: center\">13\/11\/2025<\/td>\n<\/tr>\n<tr>\n<td><a href=\"https:\/\/wp.ufpel.edu.br\/cpted\/files\/2025\/11\/Edital_UAB_05_2025_Assistente_Pedagogico_Equipe_Multidisciplinar_Declaracao_Pertencimento_Etnico_Quilombola.pdf\">Anexo VII &#8211; Declara\u00e7\u00e3o de Pertencimento \u00c9tnico: Quilombola<\/a><\/td>\n<td style=\"text-align: center\">13\/11\/2025<\/td>\n<\/tr>\n<tr>\n<td><a href=\"https:\/\/wp.ufpel.edu.br\/cpted\/files\/2025\/11\/Edital_UAB_05_2025_Assistente_Pedagogico_Equipe_Multidisciplinar_Declaracao_Pertencimento_Etnico_Indigena.pdf\">Anexo VI &#8211; Declara\u00e7\u00e3o de Pertencimento \u00c9tnico: Ind\u00edgena<\/a><\/td>\n<td style=\"text-align: center\">13\/11\/2025<\/td>\n<\/tr>\n<tr>\n<td><a href=\"https:\/\/wp.ufpel.edu.br\/cpted\/files\/2025\/11\/Edital_UAB_05_2025_Assistente_Pedagogico_Equipe_Multidisciplinar_Autodeclaracao_de_Identidade_Trans.pdf\">Anexo V &#8211; Formul\u00e1rio de Autodeclara\u00e7\u00e3o de Identidade Trans: Travesti, Transexual ou Transg\u00eanero<\/a><\/td>\n<td style=\"text-align: center\">13\/11\/2025<\/td>\n<\/tr>\n<tr>\n<td><a href=\"https:\/\/wp.ufpel.edu.br\/cpted\/files\/2025\/11\/Edital_UAB_05_2025_Assistente_Pedagogico_Equipe_Multidisciplinar_Autodeclaracao_de_Pessoa_com_Deficiencia.pdf\">Anexo IV &#8211; Formul\u00e1rio de Autodeclara\u00e7\u00e3o de Pessoa com Defici\u00eancia<\/a><\/td>\n<td style=\"text-align: center\">13\/11\/2025<\/td>\n<\/tr>\n<tr>\n<tr>\n<td><a href=\"https:\/\/wp.ufpel.edu.br\/cpted\/files\/2025\/11\/Edital_UAB_05_2025_Assistente_Pedagogico_Equipe_Multidisciplinar_Autodeclaracao_Etnico_Racial_Quilombola.pdf\">Anexo III &#8211; Formul\u00e1rio de Autodeclara\u00e7\u00e3o \u00c9tnico-Racial: Quilombola<\/a><\/td>\n<td style=\"text-align: center\">13\/11\/2025<\/td>\n<\/tr>\n<tr>\n<td><a href=\"https:\/\/wp.ufpel.edu.br\/cpted\/files\/2025\/11\/Edital_UAB_05_2025_Assistente_Pedagogico_Equipe_Multidisciplinar_Autodeclaracao_Etnico_Racial_Indigena.pdf\">Anexo II &#8211; Formul\u00e1rio de Autodeclara\u00e7\u00e3o \u00c9tnico-Racial: Ind\u00edgena<\/a><\/td>\n<td style=\"text-align: center\">13\/11\/2025<\/td>\n<\/tr>\n<tr>\n<td><a href=\"https:\/\/wp.ufpel.edu.br\/cpted\/files\/2025\/11\/Edital_UAB_05_2025_Assistente_Pedagogico_Equipe_Multidisciplinar_Autodeclaracao_Etnico_Racial_Negro.pdf\">Anexo I &#8211; Formul\u00e1rio de Autodeclara\u00e7\u00e3o \u00c9tnico-Racial: Negro(a)<\/a><\/td>\n<td style=\"text-align: center\">13\/11\/2025<\/td>\n<\/tr>\n<tr>\n<td><a href=\"https:\/\/wp.ufpel.edu.br\/cpted\/files\/2025\/11\/Edital_UAB_05_2025_Assistente_Pedagogico_Equipe_Multidisciplinar_Abertura.pdf\">Edital de Abertura<\/a><\/td>\n<td style=\"text-align: center\">13\/11\/2025<\/td>\n<\/tr>\n<\/tbody>\n<\/table>\n","protected":false},"excerpt":{"rendered":"<p>A Universidade Federal de Pelotas (UFPel), por meio da Coordena\u00e7\u00e3o de Pol\u00edticas e Tecnologias para a Educa\u00e7\u00e3o a Dist\u00e2ncia (CPTED) e da Coordena\u00e7\u00e3o Institucional do Sistema Universidade Aberta do Brasil (UAB), torna p\u00fablica a abertura do Edital n\u00ba 05\/2025, destinado \u00e0 sele\u00e7\u00e3o de bolsistas para a fun\u00e7\u00e3o de Assistente Pedag\u00f3gico, que integrar\u00e3o a Equipe Multidisciplinar [&hellip;]<\/p>\n","protected":false},"author":1448,"featured_media":0,"parent":22,"menu_order":0,"comment_status":"closed","ping_status":"closed","template":"","meta":{"footnotes":""},"class_list":["post-7816","page","type-page","status-publish","hentry"],"_links":{"self":[{"href":"https:\/\/wp.ufpel.edu.br\/cpted\/wp-json\/wp\/v2\/pages\/7816","targetHints":{"allow":["GET"]}}],"collection":[{"href":"https:\/\/wp.ufpel.edu.br\/cpted\/wp-json\/wp\/v2\/pages"}],"about":[{"href":"https:\/\/wp.ufpel.edu.br\/cpted\/wp-json\/wp\/v2\/types\/page"}],"author":[{"embeddable":true,"href":"https:\/\/wp.ufpel.edu.br\/cpted\/wp-json\/wp\/v2\/users\/1448"}],"replies":[{"embeddable":true,"href":"https:\/\/wp.ufpel.edu.br\/cpted\/wp-json\/wp\/v2\/comments?post=7816"}],"version-history":[{"count":4,"href":"https:\/\/wp.ufpel.edu.br\/cpted\/wp-json\/wp\/v2\/pages\/7816\/revisions"}],"predecessor-version":[{"id":8085,"href":"https:\/\/wp.ufpel.edu.br\/cpted\/wp-json\/wp\/v2\/pages\/7816\/revisions\/8085"}],"up":[{"embeddable":true,"href":"https:\/\/wp.ufpel.edu.br\/cpted\/wp-json\/wp\/v2\/pages\/22"}],"wp:attachment":[{"href":"https:\/\/wp.ufpel.edu.br\/cpted\/wp-json\/wp\/v2\/media?parent=7816"}],"curies":[{"name":"wp","href":"https:\/\/api.w.org\/{rel}","templated":true}]}}