{"id":7774,"date":"2025-10-23T18:51:34","date_gmt":"2025-10-23T21:51:34","guid":{"rendered":"https:\/\/wp.ufpel.edu.br\/cpted\/?page_id=7774"},"modified":"2026-04-02T11:58:35","modified_gmt":"2026-04-02T14:58:35","slug":"edital-eefd-01-2025-coordenadoria-de-curso","status":"publish","type":"page","link":"https:\/\/wp.ufpel.edu.br\/cpted\/editais\/edital-eefd-01-2025-coordenadoria-de-curso\/","title":{"rendered":"Edital EEFD 01\/2025 &#8211; Coordenadoria de Curso"},"content":{"rendered":"<p style=\"text-aling:justify;\">A Universidade Federal de Pelotas (UFPel), por meio da <strong>Coordena\u00e7\u00e3o Institucional da Universidade Aberta do Brasil (UAB\/UFPel)<\/strong>, torna p\u00fablica a abertura de inscri\u00e7\u00f5es para sele\u00e7\u00e3o de bolsista que atuar\u00e1 na <strong>Coordenadoria de Curso da Especializa\u00e7\u00e3o em Ensino de Filosofia \u2013 EaD<\/strong>.<\/p>\n<p style=\"text-aling:justify;\">O edital destina-se \u00e0 sele\u00e7\u00e3o de <strong>1 (uma) vaga<\/strong> para a fun\u00e7\u00e3o de <strong>Coordenadoria de Curso<\/strong>, com <strong>titulac\u0327a\u0303o m\u00ednima de doutorado em Filosofia<\/strong> e <strong>disponibilidade de 20 horas semanais<\/strong>, conforme as normas da CAPES e regulamentos da UFPel.<\/p>\n<p style=\"text-aling:justify;\">As inscri\u00e7\u00f5es estar\u00e3o abertas no per\u00edodo de 23 de outubro a 6 de novembro de 2025, e dever\u00e3o ser realizadas exclusivamente pelo e-mail filoposufpel@gmail.com<br \/>\n, mediante envio da documenta\u00e7\u00e3o exigida no edital.<\/p>\n<p style=\"text-aling:justify;\">Todas as informa\u00e7\u00f5es podem ser encontradas no edital dispon\u00edvel abaixo.<\/p>\n<table class=\"cpted-tables\" style=\"border-collapse: unset;width: 100%\" border=\"0\">\n<thead>\n<tr>\n<th style=\"text-align: left;\"><strong>NOME DO ARQUIVO<\/strong><\/th>\n<th style=\"text-align: center; width: 20%;\"><strong>DATA DE PUBLICA\u00c7\u00c3O<\/strong><\/th>\n<\/tr>\n<\/thead>\n<tbody>\n<tr>\n<td><a href=\"https:\/\/wp.ufpel.edu.br\/cpted\/files\/2025\/11\/Edital_EEFD_01_2025_Coordenadoria_de_Curso_Resultado_Final.pdf\">Resultado Final<\/td>\n<td style=\"text-align: center\">17\/11\/2025<\/td>\n<\/tr>\n<tr>\n<td><a href=\"https:\/\/wp.ufpel.edu.br\/cpted\/files\/2025\/11\/Edital_EEFD_01_2025-Resultado-Parcial.pdf\">Resultado Parcial<\/td>\n<td style=\"text-align: center\">12\/11\/2025<\/td>\n<\/tr>\n<tr>\n<td><a href=\"https:\/\/wp.ufpel.edu.br\/cpted\/files\/2025\/11\/Edital_EEFD_01_2025_Coordenadoria_de_Curso_Homologacao_Definitiva_das_Inscricoes.pdf\">Homologa\u00e7\u00e3o Definitiva das Inscri\u00e7\u00f5es<\/td>\n<td style=\"text-align: center\">11\/11\/2025<\/td>\n<\/tr>\n<tr>\n<td><a href=\"https:\/\/wp.ufpel.edu.br\/cpted\/files\/2025\/11\/Edital_EEFD_04_2025_Retificacao-1.pdf\">Retifica\u00e7\u00e3o do edital<\/td>\n<td style=\"text-align: center\">04\/11\/2025<\/td>\n<\/tr>\n<tr>\n<td><a href=\"https:\/\/wp.ufpel.edu.br\/cpted\/files\/2025\/11\/Edital_EEFD_01_2025_comissao.pdf\">Portaria de Comiss\u00e3o da Sele\u00e7\u00e3o<\/td>\n<td style=\"text-align: center\">04\/11\/2025<\/td>\n<\/tr>\n<tr>\n<td><a href=\"https:\/\/wp.ufpel.edu.br\/cpted\/files\/2025\/11\/Edital_EEFD_01_2025_Homologacao_das_Inscricoes.pdf\">Homologa\u00e7\u00e3o das inscri\u00e7\u00f5es<\/td>\n<td style=\"text-align: center\">04\/11\/2025<\/td>\n<\/tr>\n<tr>\n<td><a href=\"https:\/\/wp.ufpel.edu.br\/cpted\/files\/2025\/11\/Edital_EEFD_04_2025_coordenadoria_de_Curso_Anexos.docx\">Anexos I a V<\/td>\n<td style=\"text-align: center\">04\/11\/2025<\/td>\n<\/tr>\n<tr>\n<td><a href=\"https:\/\/wp.ufpel.edu.br\/cpted\/files\/2025\/10\/Edital_EEFD_01_2025_Coordenadoria_de_Curso_Abertura.pdf\">Edital de Abertura<\/td>\n<td style=\"text-align: center\">23\/10\/2025<\/td>\n<\/tr>\n<\/tbody>\n<\/table>\n<p><\/p>\n","protected":false},"excerpt":{"rendered":"<p>A Universidade Federal de Pelotas (UFPel), por meio da Coordena\u00e7\u00e3o Institucional da Universidade Aberta do Brasil (UAB\/UFPel), torna p\u00fablica a abertura de inscri\u00e7\u00f5es para sele\u00e7\u00e3o de bolsista que atuar\u00e1 na Coordenadoria de Curso da Especializa\u00e7\u00e3o em Ensino de Filosofia \u2013 EaD. O edital destina-se \u00e0 sele\u00e7\u00e3o de 1 (uma) vaga para a fun\u00e7\u00e3o de Coordenadoria [&hellip;]<\/p>\n","protected":false},"author":1448,"featured_media":0,"parent":22,"menu_order":0,"comment_status":"closed","ping_status":"closed","template":"","meta":{"footnotes":""},"class_list":["post-7774","page","type-page","status-publish","hentry"],"_links":{"self":[{"href":"https:\/\/wp.ufpel.edu.br\/cpted\/wp-json\/wp\/v2\/pages\/7774","targetHints":{"allow":["GET"]}}],"collection":[{"href":"https:\/\/wp.ufpel.edu.br\/cpted\/wp-json\/wp\/v2\/pages"}],"about":[{"href":"https:\/\/wp.ufpel.edu.br\/cpted\/wp-json\/wp\/v2\/types\/page"}],"author":[{"embeddable":true,"href":"https:\/\/wp.ufpel.edu.br\/cpted\/wp-json\/wp\/v2\/users\/1448"}],"replies":[{"embeddable":true,"href":"https:\/\/wp.ufpel.edu.br\/cpted\/wp-json\/wp\/v2\/comments?post=7774"}],"version-history":[{"count":4,"href":"https:\/\/wp.ufpel.edu.br\/cpted\/wp-json\/wp\/v2\/pages\/7774\/revisions"}],"predecessor-version":[{"id":8355,"href":"https:\/\/wp.ufpel.edu.br\/cpted\/wp-json\/wp\/v2\/pages\/7774\/revisions\/8355"}],"up":[{"embeddable":true,"href":"https:\/\/wp.ufpel.edu.br\/cpted\/wp-json\/wp\/v2\/pages\/22"}],"wp:attachment":[{"href":"https:\/\/wp.ufpel.edu.br\/cpted\/wp-json\/wp\/v2\/media?parent=7774"}],"curies":[{"name":"wp","href":"https:\/\/api.w.org\/{rel}","templated":true}]}}