{"id":7738,"date":"2025-10-08T12:10:44","date_gmt":"2025-10-08T15:10:44","guid":{"rendered":"https:\/\/wp.ufpel.edu.br\/cpted\/?page_id=7738"},"modified":"2025-12-09T11:04:51","modified_gmt":"2025-12-09T14:04:51","slug":"edital-uab-04-2025-coordenadoria-de-tutoria","status":"publish","type":"page","link":"https:\/\/wp.ufpel.edu.br\/cpted\/editais\/edital-uab-04-2025-coordenadoria-de-tutoria\/","title":{"rendered":"Edital UAB 04\/2025 &#8211; Coordenadoria de Tutoria"},"content":{"rendered":"<p align=\"justify\">A Universidade Federal de Pelotas (UFPel), por meio da Coordena\u00e7\u00e3o Institucional da Universidade Aberta do Brasil (UAB\/UFPel), torna p\u00fablica a abertura de inscri\u00e7\u00f5es para sele\u00e7\u00e3o de bolsista para a fun\u00e7\u00e3o de <strong>Coordenador(a) de Tutoria<\/strong>, conforme as normas da CAPES e regulamentos internos da institui\u00e7\u00e3o.<\/p>\n<p align=\"justify\">O(a) bolsista selecionado(a) atuar\u00e1 em apoio \u00e0 Coordenadoria Geral da UAB\/UFPel, desenvolvendo atividades de supervis\u00e3o, acompanhamento pedag\u00f3gico e apoio \u00e0s equipes de tutoria dos cursos ofertados na modalidade a dist\u00e2ncia.<\/p>\n<p align=\"justify\">O processo seletivo oferece <strong>1 (uma) vaga<\/strong>, al\u00e9m de <strong>cadastro de reserva<\/strong>, e ser\u00e1 composto por tr\u00eas etapas: <strong>avalia\u00e7\u00e3o curricular, an\u00e1lise de memorial descritivo e entrevista<\/strong>. A carga hor\u00e1ria \u00e9 de <strong>20 horas semanais<\/strong>, com bolsa mensal no valor de <strong>R$ 1.850,00<\/strong>, conforme Portaria CAPES n\u00ba 309\/2024.<\/p>\n<p align=\"justify\">As inscri\u00e7\u00f5es estar\u00e3o abertas de <strong>08 a 22 de outubro de 2025<\/strong> e dever\u00e3o ser realizadas exclusivamente pelo e-mail <strong>uuab@ufpel.edu.br<\/strong><br \/>\n.<\/p>\n<p align=\"justify\">O edital completo, contendo o cronograma, requisitos e demais informa\u00e7\u00f5es, est\u00e1 dispon\u00edvel abaixo.<\/p>\n<table class=\"cpted-tables\" style=\"border-collapse: unset;width: 100%\" border=\"0\">\n<thead>\n<tr>\n<th style=\"text-align: left;\"><strong>NOME DO ARQUIVO<\/strong><\/th>\n<th style=\"text-align: center; width: 20%;\"><strong>DATA DE PUBLICA\u00c7\u00c3O<\/strong><\/th>\n<\/tr>\n<\/thead>\n<tbody>\n<tr>\n<td><a href=\"https:\/\/wp.ufpel.edu.br\/cpted\/files\/2025\/12\/Edital_UAB_04_2025_Coordenadoria_de_Tutoria_Resultado_Final.pdf\">Resultado Final<\/a><\/td>\n<td style=\"text-align: center\">08\/12\/2025<\/td>\n<\/tr>\n<tr>\n<tr>\n<td><a href=\"https:\/\/wp.ufpel.edu.br\/cpted\/files\/2025\/12\/Edital_UAB_01_2025_Coordenadoria_de_Tutoria_Resultado_Parcial.pdf\">Resultado Parcial<\/a><\/td>\n<td style=\"text-align: center\">01\/12\/2025<\/td>\n<\/tr>\n<tr>\n<td><a href=\"https:\/\/wp.ufpel.edu.br\/cpted\/files\/2025\/11\/Edital_UAB_04_2025_Coordenadoria_de_Tutoria_Convocacao_Entrevista.pdf\">Convoca\u00e7\u00e3o para a Etapa de Entrevista<\/a><\/td>\n<td style=\"text-align: center\">25\/11\/2025<\/td>\n<\/tr>\n<tr>\n<td><a href=\"https:\/\/wp.ufpel.edu.br\/cpted\/files\/2025\/11\/Edital_04_2025_UAB_Homologacao_Definitiva_das_Inscricoes.pdf\">Homologa\u00e7\u00e3o Definitiva das Inscri\u00e7\u00f5es<\/a><\/td>\n<td style=\"text-align: center\">03\/11\/2025<\/td>\n<\/tr>\n<tr>\n<td><a href=\"https:\/\/wp.ufpel.edu.br\/cpted\/files\/2025\/10\/Edital_UAB_04_2025_Coordenadoria_de_Tutoria_Homologacao_das_Inscricoes.pdf\">Homologa\u00e7\u00e3o das Inscri\u00e7\u00f5es<\/a><\/td>\n<td style=\"text-align: center\">24\/10\/2025<\/td>\n<\/tr>\n<tr>\n<tr>\n<td><a href=\"https:\/\/wp.ufpel.edu.br\/cpted\/files\/2025\/10\/Edital_UAB_04_2025_Coordenadoria_de_Tutoria_Comissao_de_Selecao_Retificacao.pdf\">Comiss\u00e3o de Sele\u00e7\u00e3o &#8211; Retifica\u00e7\u00e3o<\/a><\/td>\n<td style=\"text-align: center\">14\/10\/2025<\/td>\n<\/tr>\n<tr>\n<td><a href=\"https:\/\/wp.ufpel.edu.br\/cpted\/files\/2025\/10\/Edital_UAB_04_2025_Coordenadoria_de_Tutoria_Comissao_de_Selecao.pdf\">Comiss\u00e3o de Sele\u00e7\u00e3o<\/a><\/td>\n<td style=\"text-align: center\">14\/10\/2025<\/td>\n<\/tr>\n<tr>\n<td><a href=\"https:\/\/wp.ufpel.edu.br\/cpted\/files\/2025\/10\/Edital_UAB_04_2025_Coordenadoria_de_Tutoria_Anexo.docx\">Anexos do Edital<\/a><\/td>\n<td style=\"text-align: center\">09\/10\/2025<\/td>\n<\/tr>\n<tr>\n<td><a href=\"https:\/\/wp.ufpel.edu.br\/cpted\/files\/2025\/10\/Edital_UAB_04_2025_Coordenador_de_Tutoria_Abertura.pdf\">Edital de Abertura<\/a><\/td>\n<td style=\"text-align: center\">08\/10\/2025<\/td>\n<\/tr>\n<\/tbody>\n<\/table>\n","protected":false},"excerpt":{"rendered":"<p>A Universidade Federal de Pelotas (UFPel), por meio da Coordena\u00e7\u00e3o Institucional da Universidade Aberta do Brasil (UAB\/UFPel), torna p\u00fablica a abertura de inscri\u00e7\u00f5es para sele\u00e7\u00e3o de bolsista para a fun\u00e7\u00e3o de Coordenador(a) de Tutoria, conforme as normas da CAPES e regulamentos internos da institui\u00e7\u00e3o. O(a) bolsista selecionado(a) atuar\u00e1 em apoio \u00e0 Coordenadoria Geral da UAB\/UFPel, [&hellip;]<\/p>\n","protected":false},"author":1448,"featured_media":0,"parent":22,"menu_order":0,"comment_status":"closed","ping_status":"closed","template":"","meta":{"footnotes":""},"class_list":["post-7738","page","type-page","status-publish","hentry"],"_links":{"self":[{"href":"https:\/\/wp.ufpel.edu.br\/cpted\/wp-json\/wp\/v2\/pages\/7738","targetHints":{"allow":["GET"]}}],"collection":[{"href":"https:\/\/wp.ufpel.edu.br\/cpted\/wp-json\/wp\/v2\/pages"}],"about":[{"href":"https:\/\/wp.ufpel.edu.br\/cpted\/wp-json\/wp\/v2\/types\/page"}],"author":[{"embeddable":true,"href":"https:\/\/wp.ufpel.edu.br\/cpted\/wp-json\/wp\/v2\/users\/1448"}],"replies":[{"embeddable":true,"href":"https:\/\/wp.ufpel.edu.br\/cpted\/wp-json\/wp\/v2\/comments?post=7738"}],"version-history":[{"count":4,"href":"https:\/\/wp.ufpel.edu.br\/cpted\/wp-json\/wp\/v2\/pages\/7738\/revisions"}],"predecessor-version":[{"id":7950,"href":"https:\/\/wp.ufpel.edu.br\/cpted\/wp-json\/wp\/v2\/pages\/7738\/revisions\/7950"}],"up":[{"embeddable":true,"href":"https:\/\/wp.ufpel.edu.br\/cpted\/wp-json\/wp\/v2\/pages\/22"}],"wp:attachment":[{"href":"https:\/\/wp.ufpel.edu.br\/cpted\/wp-json\/wp\/v2\/media?parent=7738"}],"curies":[{"name":"wp","href":"https:\/\/api.w.org\/{rel}","templated":true}]}}