{"id":7484,"date":"2025-07-09T18:20:59","date_gmt":"2025-07-09T21:20:59","guid":{"rendered":"https:\/\/wp.ufpel.edu.br\/cpted\/?page_id=7484"},"modified":"2025-09-02T08:24:00","modified_gmt":"2025-09-02T11:24:00","slug":"edital-clfd-01-2025-coordenador-de-curso","status":"publish","type":"page","link":"https:\/\/wp.ufpel.edu.br\/cpted\/editais\/edital-clfd-01-2025-coordenador-de-curso\/","title":{"rendered":"Edital CLFD 01\/2025 &#8211; Coordenador de Curso"},"content":{"rendered":"<h4 class=\"cpted-title\">EDITAL CLFD 12\/2025 &#8211; COORDENADOR DE CURSO<\/h4>\n<p style=\"text-aling:justify;\">A Universidade Federal de Pelotas (UFPel) divulga o Edital CLFD n\u00ba 01\/2025, que estabelece as normas para o processo seletivo destinado \u00e0 fun\u00e7\u00e3o de <strong>Coordenador de Curso<\/strong> do Curso de Licenciatura em Filosofia na modalidade a dist\u00e2ncia, no \u00e2mbito do Sistema Universidade Aberta do Brasil (UAB). A sele\u00e7\u00e3o oferece uma vaga, voltada exclusivamente a docentes efetivos do quadro permanente da UFPel, com <strong>forma\u00e7\u00e3o e doutorado em Filosofi<\/strong>a, al\u00e9m de <strong>experi\u00eancia no magist\u00e9rio superior<\/strong>.<\/p>\n<p style=\"text-aling:justify;\">A atua\u00e7\u00e3o ser\u00e1 desenvolvida com dedica\u00e7\u00e3o de <strong>20 horas semanais<\/strong> e bolsa mensal no valor de <strong>R$ 2.000,00<\/strong>, conforme regulamenta\u00e7\u00e3o da CAPES. O processo seletivo ser\u00e1 realizado por meio de an\u00e1lise curricular, conforme crit\u00e9rios estabelecidos no edital. As inscri\u00e7\u00f5es estar\u00e3o abertas de <strong>10 a 24 de julho de 2025<\/strong>, via e-mail, e todas as etapas seguir\u00e3o o cronograma detalhado no documento.<\/p>\n<table class=\"cpted-tables\" style=\"border-collapse: unset;width: 100%\" border=\"0\">\n<thead>\n<tr>\n<th style=\"text-align: left;\"><strong>NOME DO ARQUIVO<\/strong><\/th>\n<th style=\"text-align: center; width: 20%;\"><strong>DATA DE PUBLICA\u00c7\u00c3O<\/strong><\/th>\n<\/tr>\n<\/thead>\n<tbody>\n<tr onclick=\"location.href = 'https:\/\/wp.ufpel.edu.br\/cpted\/files\/2025\/09\/Edital_CLFD_01_2025_Coordenador_Curso_Resultado_Final.pdf';\" style=\"cursor: pointer;\">\n<td>Resultado Final<\/td>\n<td style=\"text-align: center\">02\/09\/2025<\/td>\n<\/tr>\n<tr onclick=\"location.href = 'https:\/\/wp.ufpel.edu.br\/cpted\/files\/2025\/09\/Edital_CLFD_01_2025_Coordenador_Curso_Resultado_Parcial.pdf';\" style=\"cursor: pointer;\">\n<td>Resultado Parcial<\/td>\n<td style=\"text-align: center\">02\/09\/2025<\/td>\n<\/tr>\n<tr onclick=\"location.href = 'https:\/\/wp.ufpel.edu.br\/cpted\/files\/2025\/07\/Edital_CLFD_01_2025_Homologacao_das_inscricoes.pdf.pdf';\" style=\"cursor: pointer;\">\n<td>Homologa\u00e7\u00e3o das inscri\u00e7\u00f5es<\/td>\n<td style=\"text-align: center\">28\/07\/2025<\/td>\n<\/tr>\n<tr onclick=\"location.href = 'https:\/\/wp.ufpel.edu.br\/cpted\/files\/2025\/07\/Edital_CLFD_01_2025_Coordenador_de_Curso.pdf';\" style=\"cursor: pointer;\">\n<td>Edital de Abertura<\/td>\n<td style=\"text-align: center\">09\/07\/2025<\/td>\n<\/tr>\n<\/tbody>\n<\/table>\n<p><\/p>\n","protected":false},"excerpt":{"rendered":"<p>EDITAL CLFD 12\/2025 &#8211; COORDENADOR DE CURSO A Universidade Federal de Pelotas (UFPel) divulga o Edital CLFD n\u00ba 01\/2025, que estabelece as normas para o processo seletivo destinado \u00e0 fun\u00e7\u00e3o de Coordenador de Curso do Curso de Licenciatura em Filosofia na modalidade a dist\u00e2ncia, no \u00e2mbito do Sistema Universidade Aberta do Brasil (UAB). A sele\u00e7\u00e3o [&hellip;]<\/p>\n","protected":false},"author":1448,"featured_media":0,"parent":22,"menu_order":0,"comment_status":"closed","ping_status":"closed","template":"","meta":{"footnotes":""},"class_list":["post-7484","page","type-page","status-publish","hentry"],"_links":{"self":[{"href":"https:\/\/wp.ufpel.edu.br\/cpted\/wp-json\/wp\/v2\/pages\/7484","targetHints":{"allow":["GET"]}}],"collection":[{"href":"https:\/\/wp.ufpel.edu.br\/cpted\/wp-json\/wp\/v2\/pages"}],"about":[{"href":"https:\/\/wp.ufpel.edu.br\/cpted\/wp-json\/wp\/v2\/types\/page"}],"author":[{"embeddable":true,"href":"https:\/\/wp.ufpel.edu.br\/cpted\/wp-json\/wp\/v2\/users\/1448"}],"replies":[{"embeddable":true,"href":"https:\/\/wp.ufpel.edu.br\/cpted\/wp-json\/wp\/v2\/comments?post=7484"}],"version-history":[{"count":3,"href":"https:\/\/wp.ufpel.edu.br\/cpted\/wp-json\/wp\/v2\/pages\/7484\/revisions"}],"predecessor-version":[{"id":7661,"href":"https:\/\/wp.ufpel.edu.br\/cpted\/wp-json\/wp\/v2\/pages\/7484\/revisions\/7661"}],"up":[{"embeddable":true,"href":"https:\/\/wp.ufpel.edu.br\/cpted\/wp-json\/wp\/v2\/pages\/22"}],"wp:attachment":[{"href":"https:\/\/wp.ufpel.edu.br\/cpted\/wp-json\/wp\/v2\/media?parent=7484"}],"curies":[{"name":"wp","href":"https:\/\/api.w.org\/{rel}","templated":true}]}}