{"id":7321,"date":"2025-06-04T10:25:31","date_gmt":"2025-06-04T13:25:31","guid":{"rendered":"https:\/\/wp.ufpel.edu.br\/cpted\/?page_id=7321"},"modified":"2025-06-12T21:03:45","modified_gmt":"2025-06-13T00:03:45","slug":"reserva-de-salas","status":"publish","type":"page","link":"https:\/\/wp.ufpel.edu.br\/cpted\/reserva-de-salas\/","title":{"rendered":"Reserva de Salas"},"content":{"rendered":"<section id=\"cpted-page_agendas\" aria-label=\"P\u00e1gina de Agendas da CPTED\">\n<h6>Regras Gerais para Empr\u00e9stimo de Salas<\/h6>\n<ol>\n<li>\n<p style=\"margin-bottom:0; margin-top:15px;\"><strong>Agendamento<\/strong><\/p>\n<ul>\n<li>O uso das salas deve ser agendado com pelo menos <strong>48 horas de anteced\u00eancia<\/strong>.<\/li>\n<li>As reservas s\u00e3o <strong>preferencialmente realizadas de segunda a sexta-feira<\/strong>, nos hor\u00e1rios <strong>das 8h \u00e0s 12h e das 14h \u00e0s 18h<\/strong>.<\/li>\n<li>As solicita\u00e7\u00f5es est\u00e3o sujeitas \u00e0 disponibilidade e ser\u00e3o confirmadas por ordem de chegada.<\/li>\n<li>O agendamento deve ser feito via <a class=\"cpted-link\" href=\"http:\/\/atendimento.ufpel.edu.br\" target=\"_blank\">atendimento.ufpel.edu.br<\/a>.<\/li>\n<\/ul>\n<\/li>\n<li>\n<p style=\"margin-bottom:0; margin-top:15px;\"><strong>Usu\u00e1rios Autorizados<\/strong><\/p>\n<ul>\n<li>Apenas membros autorizados da institui\u00e7\u00e3o (ex.: alunos, professores, t\u00e9cnicos administrativos) podem solicitar o uso das salas.<\/li>\n<li>\u00c9 necess\u00e1rio apresentar um documento institucional v\u00e1lido no momento do uso.<\/li>\n<\/ul>\n<\/li>\n<li>\n<p style=\"margin-bottom:0; margin-top:15px;\"><strong>Hor\u00e1rio de Funcionamento<\/strong><\/p>\n<ul>\n<li>As salas podem ser utilizadas de segunda a sexta, das <strong>8h \u00e0s 18h<\/strong>, exceto feriados.<\/li>\n<li>Empr\u00e9stimos no <strong>turno da noite<\/strong> (a partir das 18h) exigem que a chave seja:\n<ul>\n<li><strong>Retirada at\u00e9 as 18h na sala da CPTED (sala 102A)<\/strong>.<\/li>\n<li><strong>Devolvida no mesmo dia na portaria do pr\u00e9dio do Anglo<\/strong>.<\/li>\n<\/ul>\n<\/li>\n<\/ul>\n<\/li>\n<li>\n<p style=\"margin-bottom:0; margin-top:15px;\"><strong>Responsabilidade<\/strong><\/p>\n<ul>\n<li>O usu\u00e1rio \u00e9 respons\u00e1vel por qualquer dano causado ao espa\u00e7o ou aos equipamentos durante o per\u00edodo de uso.<\/li>\n<li>Ao final do uso, a sala deve ser deixada <strong>limpa, organizada e com todos os equipamentos desligados<\/strong>.<\/li>\n<\/ul>\n<\/li>\n<\/ol>\n<hr class=\"cpted-divisor\">\n<h2>Sala 310 &#8211; Reuni\u00f5es e Webconf<\/h2>\n<p><iframe loading=\"lazy\" src=\"https:\/\/calendar.google.com\/calendar\/embed?height=400&#038;wkst=1&#038;ctz=America%2FSao_Paulo&#038;title=Sala%20310%20-%20Reuni%C3%B5es%20e%20Webconf&#038;mode=MONTH&#038;showCalendars=0&#038;showTz=0&#038;showTabs=0&#038;showPrint=0&#038;showTitle=0&#038;src=Y18zZTgxZmVjNTE1NGNlOWMyMjhkZDZlNzk5ZTczYmJmMWUzMWQ2YTVhNTllYzUxZTIxYTlhMWEzNjNiMjExODMwQGdyb3VwLmNhbGVuZGFyLmdvb2dsZS5jb20&#038;color=%23c0ca33\" style=\"border-width:0\" width=\"600\" height=\"400\" frameborder=\"0\" scrolling=\"no\"><\/iframe><\/p>\n<hr class=\"cpted-divisor\">\n<h2>Sala 319 &#8211; Est\u00fadio<\/h2>\n<p><iframe loading=\"lazy\" src=\"https:\/\/calendar.google.com\/calendar\/embed?height=400&#038;wkst=1&#038;ctz=America%2FSao_Paulo&#038;title=Sala%20310%20-%20Reuni%C3%B5es%20e%20Webconf&#038;mode=MONTH&#038;showCalendars=0&#038;showTz=0&#038;showTabs=0&#038;showPrint=0&#038;showTitle=0&#038;src=Y19mYmZkMTUyNGRkN2NmNjg1YzE0ZDc1MTMxMDlhNmZkZTk5OTc1NmNmOWNlZDkwMTA5NmI5YmNlYzVlYWJjM2RkQGdyb3VwLmNhbGVuZGFyLmdvb2dsZS5jb20&#038;color=%233f51b5\" style=\"border-width:0\" width=\"600\" height=\"400\" frameborder=\"0\" scrolling=\"no\"><\/iframe><\/p>\n<\/div>\n<p> <!-- END PAGE AGENDAS --><\/p>\n<style>\n#cpted-page_agendas iframe {\n  max-width: 100%;\n  width: 100%;\n  height: 450px;\n  border: solid 1px #ccc;\n  border-radius: 10px;\n}\n<\/style>\n","protected":false},"excerpt":{"rendered":"<p>Regras Gerais para Empr\u00e9stimo de Salas Agendamento O uso das salas deve ser agendado com pelo menos 48 horas de anteced\u00eancia. As reservas s\u00e3o preferencialmente realizadas de segunda a sexta-feira, nos hor\u00e1rios das 8h \u00e0s 12h e das 14h \u00e0s 18h. As solicita\u00e7\u00f5es est\u00e3o sujeitas \u00e0 disponibilidade e ser\u00e3o confirmadas por ordem de chegada. O [&hellip;]<\/p>\n","protected":false},"author":1448,"featured_media":0,"parent":0,"menu_order":0,"comment_status":"closed","ping_status":"closed","template":"","meta":{"footnotes":""},"class_list":["post-7321","page","type-page","status-publish","hentry"],"_links":{"self":[{"href":"https:\/\/wp.ufpel.edu.br\/cpted\/wp-json\/wp\/v2\/pages\/7321","targetHints":{"allow":["GET"]}}],"collection":[{"href":"https:\/\/wp.ufpel.edu.br\/cpted\/wp-json\/wp\/v2\/pages"}],"about":[{"href":"https:\/\/wp.ufpel.edu.br\/cpted\/wp-json\/wp\/v2\/types\/page"}],"author":[{"embeddable":true,"href":"https:\/\/wp.ufpel.edu.br\/cpted\/wp-json\/wp\/v2\/users\/1448"}],"replies":[{"embeddable":true,"href":"https:\/\/wp.ufpel.edu.br\/cpted\/wp-json\/wp\/v2\/comments?post=7321"}],"version-history":[{"count":22,"href":"https:\/\/wp.ufpel.edu.br\/cpted\/wp-json\/wp\/v2\/pages\/7321\/revisions"}],"predecessor-version":[{"id":7419,"href":"https:\/\/wp.ufpel.edu.br\/cpted\/wp-json\/wp\/v2\/pages\/7321\/revisions\/7419"}],"wp:attachment":[{"href":"https:\/\/wp.ufpel.edu.br\/cpted\/wp-json\/wp\/v2\/media?parent=7321"}],"curies":[{"name":"wp","href":"https:\/\/api.w.org\/{rel}","templated":true}]}}