{"id":7215,"date":"2025-05-30T08:58:25","date_gmt":"2025-05-30T11:58:25","guid":{"rendered":"https:\/\/wp.ufpel.edu.br\/cpted\/?page_id=7215"},"modified":"2025-07-08T09:52:21","modified_gmt":"2025-07-08T12:52:21","slug":"edital-clmd-05-2025-tutor-presencial","status":"publish","type":"page","link":"https:\/\/wp.ufpel.edu.br\/cpted\/editais\/edital-clmd-05-2025-tutor-presencial\/","title":{"rendered":"Edital CLMD 05\/2025 \u2013 Tutor Presencial"},"content":{"rendered":"<p align=\"justify\">A Universidade Federal de Pelotas (UFPel), por meio da Coordena\u00e7\u00e3o Institucional da Universidade Aberta do Brasil (UAB\/UFPel), torna p\u00fablica a abertura de inscri\u00e7\u00f5es para o processo seletivo de bolsista para a fun\u00e7\u00e3o de <strong>Tutor Presencial<\/strong> no Curso de Licenciatura em Matem\u00e1tica a Dist\u00e2ncia (CLMD). H\u00e1 1 (uma) vaga dispon\u00edvel para atua\u00e7\u00e3o no Polo UAB de Gravata\u00ed\/RS.<\/p>\n<p align=\"justify\">A bolsa \u00e9 no valor de <strong>R$ 1.100,00<\/strong>, com carga hor\u00e1ria de <strong>20 horas semanais<\/strong>, preferencialmente no turno da noite. \u00c9 exigida forma\u00e7\u00e3o em <strong>Licenciatura em Matem\u00e1tica<\/strong>, experi\u00eancia em EaD e disponibilidade para atua\u00e7\u00e3o no polo.<\/p>\n<p align=\"justify\">As inscri\u00e7\u00f5es devem ser realizadas de 30\/05\/2025 a 15\/06\/2025, por meio de formul\u00e1rio on-line e envio de documenta\u00e7\u00e3o comprobat\u00f3ria.<\/p>\n<p align=\"justify\">Haver\u00e1 reserva de vagas para a\u00e7\u00f5es afirmativas conforme as resolu\u00e7\u00f5es da UFPel.<\/p>\n<table class=\"cpted-tables\" style=\"border-collapse: unset;width: 100%\" border=\"0\">\n<thead>\n<tr>\n<th style=\"text-align: left;\"><strong>NOME DO ARQUIVO<\/strong><\/th>\n<th style=\"text-align: center; width: 20%;\"><strong>DATA DE PUBLICA\u00c7\u00c3O<\/strong><\/th>\n<\/tr>\n<\/thead>\n<tbody>\n<tr onclick=\"location.href = 'https:\/\/wp.ufpel.edu.br\/cpted\/files\/2025\/07\/Edital_CLMD_05_2025_Resultado_Final.pdf';\" style=\"cursor: pointer;\">\n<td>Resultado Final<\/td>\n<td style=\"text-align: center\">05\/07\/2025<\/td>\n<\/tr>\n<tr onclick=\"location.href = 'https:\/\/wp.ufpel.edu.br\/cpted\/files\/2025\/06\/Edital_CLMD_05_2025_Resultado_Parcial.pdf';\" style=\"cursor: pointer;\">\n<td>Resultado Parcial<\/td>\n<td style=\"text-align: center\">27\/06\/2025<\/td>\n<\/tr>\n<tr onclick=\"location.href = 'https:\/\/wp.ufpel.edu.br\/cpted\/files\/2025\/06\/Edital_CLMD_05_2025_Homologacao_Inscricoes.pdf';\" style=\"cursor: pointer;\">\n<td>Homologa\u00e7\u00e3o das Inscri\u00e7\u00f5es<\/td>\n<td style=\"text-align: center\">16\/06\/2025<\/td>\n<\/tr>\n<tr onclick=\"location.href = 'https:\/\/wp.ufpel.edu.br\/cpted\/files\/2025\/05\/Edital-CLMD-05-2025-Tutor-Presencial.pdf';\" style=\"cursor: pointer;\">\n<td>Edital de Abertura<\/td>\n<td style=\"text-align: center\">30\/05\/2025<\/td>\n<\/tr>\n<\/tbody>\n<\/table>\n<p><\/p>\n","protected":false},"excerpt":{"rendered":"<p>A Universidade Federal de Pelotas (UFPel), por meio da Coordena\u00e7\u00e3o Institucional da Universidade Aberta do Brasil (UAB\/UFPel), torna p\u00fablica a abertura de inscri\u00e7\u00f5es para o processo seletivo de bolsista para a fun\u00e7\u00e3o de Tutor Presencial no Curso de Licenciatura em Matem\u00e1tica a Dist\u00e2ncia (CLMD). H\u00e1 1 (uma) vaga dispon\u00edvel para atua\u00e7\u00e3o no Polo UAB de [&hellip;]<\/p>\n","protected":false},"author":1448,"featured_media":0,"parent":22,"menu_order":0,"comment_status":"closed","ping_status":"closed","template":"","meta":{"footnotes":""},"class_list":["post-7215","page","type-page","status-publish","hentry"],"_links":{"self":[{"href":"https:\/\/wp.ufpel.edu.br\/cpted\/wp-json\/wp\/v2\/pages\/7215","targetHints":{"allow":["GET"]}}],"collection":[{"href":"https:\/\/wp.ufpel.edu.br\/cpted\/wp-json\/wp\/v2\/pages"}],"about":[{"href":"https:\/\/wp.ufpel.edu.br\/cpted\/wp-json\/wp\/v2\/types\/page"}],"author":[{"embeddable":true,"href":"https:\/\/wp.ufpel.edu.br\/cpted\/wp-json\/wp\/v2\/users\/1448"}],"replies":[{"embeddable":true,"href":"https:\/\/wp.ufpel.edu.br\/cpted\/wp-json\/wp\/v2\/comments?post=7215"}],"version-history":[{"count":6,"href":"https:\/\/wp.ufpel.edu.br\/cpted\/wp-json\/wp\/v2\/pages\/7215\/revisions"}],"predecessor-version":[{"id":7474,"href":"https:\/\/wp.ufpel.edu.br\/cpted\/wp-json\/wp\/v2\/pages\/7215\/revisions\/7474"}],"up":[{"embeddable":true,"href":"https:\/\/wp.ufpel.edu.br\/cpted\/wp-json\/wp\/v2\/pages\/22"}],"wp:attachment":[{"href":"https:\/\/wp.ufpel.edu.br\/cpted\/wp-json\/wp\/v2\/media?parent=7215"}],"curies":[{"name":"wp","href":"https:\/\/api.w.org\/{rel}","templated":true}]}}