{"id":6931,"date":"2025-05-21T12:29:14","date_gmt":"2025-05-21T15:29:14","guid":{"rendered":"https:\/\/wp.ufpel.edu.br\/cpted\/?page_id=6931"},"modified":"2025-06-04T12:30:17","modified_gmt":"2025-06-04T15:30:17","slug":"contatos","status":"publish","type":"page","link":"https:\/\/wp.ufpel.edu.br\/cpted\/contatos\/","title":{"rendered":"Contatos"},"content":{"rendered":"<section id=\"cpted-page_contatos\" aria-label=\"P\u00e1gina de Contatos da CPTED\">\n<p>\nEstamos aqui para ajudar! Se voc\u00ea tem d\u00favidas, sugest\u00f5es ou precisa de suporte, entre em contato conosco pelos canais abaixo. Ser\u00e1 um prazer atend\u00ea-lo!\n  <\/p>\n<p>&nbsp;<\/p>\n<div class=\"container\">\n<div align=\"center\">\n      <i class=\"fi fi-rr-comment-alt\" style=\"font-size: 28px; color: #00529f;\"><\/i><br \/>\n      <strong>Abra um chamado<\/strong><br \/>\n      <a class=\"cpted-link\" href=\"http:\/\/atendimento.ufpel.edu.br\">atendimento.ufpel.edu.br<\/a>\n    <\/div>\n<div class=\"divisor\"><\/div>\n<div align=\"center\">\n      <i class=\"fi fi-rr-land-layer-location\" style=\"font-size: 28px; color: #00529f;\"><\/i><br \/>\n      <strong>Endere\u00e7o<\/strong><br \/>\n      <span>Rua Gomes Carneiro, 1 \u2013 Centro<\/span><br \/>\n      <span>Sala 102 A \u2013 Campus Anglo<\/span><br \/>\n      <span>Pelotas \u2013 RS, 96010-610<\/span>\n    <\/div>\n<div class=\"divisor\"><\/div>\n<div align=\"center\">\n      <i class=\"fi fi-rr-phone-call\" style=\"font-size: 28px; color: #00529f;\"><\/i><br \/>\n      <strong>Telefone<\/strong><br \/>\n      <span>(53) 3284.4068<\/span>\n    <\/div>\n<div class=\"divisor\"><\/div>\n<div align=\"center\">\n      <i class=\"fi fi-rr-hastag\" style=\"font-size: 28px; color: #00529f;\"><\/i><br \/>\n      <strong>Redes Sociais<\/strong><br \/>\n      <a class=\"cpted-link\" href=\"https:\/\/www.facebook.com\/nupedUFPel\" target=\"_blank\">Facebook<\/a><br \/>\n      <a class=\"cpted-link\" href=\"https:\/\/www.instagram.com\/cpted.ufpel\/\" target=\"_blank\">Instagram<\/a><br \/>\n      <a class=\"cpted-link\" href=\"https:\/\/www.youtube.com\/@nuped__ufpel\/featured\" target=\"_blank\">YouTube<\/a>\n    <\/div>\n<\/p><\/div>\n<p>&nbsp;<\/p>\n<div class=\"alert alert-warning\" role=\"alert\" style=\"border-color: #ffc107; border-style: dotted !important;\">\n    <i class=\"fi fi-rr-diamond-exclamation\"><\/i> <small>Para d\u00favidas ou suporte sobre os ambientes virtuais (e-AULA, e-PROJETO e e-TESTE), selecione a op\u00e7\u00e3o &#8220;Ambientes: e-AULA, e-PROJETO e e-TESTE&#8221; no sistema de atendimento. J\u00e1 para quest\u00f5es administrativas ou pedag\u00f3gicas, escolha a op\u00e7\u00e3o &#8220;CPTED\/UAB&#8221;.<\/small>\n  <\/div>\n<p>&nbsp;<\/p>\n<h4 style=\"color: #00529f;\">Equipe CPTED \u2013 Sempre \u00e0 disposi\u00e7\u00e3o para auxili\u00e1-lo!<\/h4>\n<\/section>\n<style>\n#cpted-page_contatos .container {\n  display: flex;\n  flex-direction: row;\n  flex-wrap: wrap;\n  align-content: center;\n  justify-content: space-between;\n  align-items: flex-start;\n}\n#cpted-page_contatos .container div:not(.divisor) {\n    width: 20%;\n}\n#cpted-page_contatos .container .divisor {\n  min-width: 100%;\n  background: #dedede;\n  height: 1px;\n  margin: 10px auto;\n}\n@media screen and (min-width: 720px) {\n#cpted-page_contatos .container .divisor {\n    min-width: 1px;\n    background: #dedede;\n    height: 120px;\n  }\n}\n<\/style>\n<p><script src=\"https:\/\/cdn.jsdelivr.net\/npm\/bootstrap@5.0.2\/dist\/js\/bootstrap.bundle.min.js\" integrity=\"sha384-MrcW6ZMFYlzcLA8Nl+NtUVF0sA7MsXsP1UyJoMp4YLEuNSfAP+JcXn\/tWtIaxVXM\" crossorigin=\"anonymous\"><\/script>\n<link href=\"https:\/\/cdn.jsdelivr.net\/npm\/bootstrap@5.0.2\/dist\/css\/bootstrap.min.css\" rel=\"stylesheet\" integrity=\"sha384-EVSTQN3\/azprG1Anm3QDgpJLIm9Nao0Yz1ztcQTwFspd3yD65VohhpuuCOmLASjC\" crossorigin=\"anonymous\">\n","protected":false},"excerpt":{"rendered":"<p>Estamos aqui para ajudar! Se voc\u00ea tem d\u00favidas, sugest\u00f5es ou precisa de suporte, entre em contato conosco pelos canais abaixo. Ser\u00e1 um prazer atend\u00ea-lo! &nbsp; Abra um chamado atendimento.ufpel.edu.br Endere\u00e7o Rua Gomes Carneiro, 1 \u2013 Centro Sala 102 A \u2013 Campus Anglo Pelotas \u2013 RS, 96010-610 Telefone (53) 3284.4068 Redes Sociais Facebook Instagram YouTube &nbsp; [&hellip;]<\/p>\n","protected":false},"author":1448,"featured_media":0,"parent":0,"menu_order":0,"comment_status":"closed","ping_status":"closed","template":"","meta":{"footnotes":""},"class_list":["post-6931","page","type-page","status-publish","hentry"],"_links":{"self":[{"href":"https:\/\/wp.ufpel.edu.br\/cpted\/wp-json\/wp\/v2\/pages\/6931","targetHints":{"allow":["GET"]}}],"collection":[{"href":"https:\/\/wp.ufpel.edu.br\/cpted\/wp-json\/wp\/v2\/pages"}],"about":[{"href":"https:\/\/wp.ufpel.edu.br\/cpted\/wp-json\/wp\/v2\/types\/page"}],"author":[{"embeddable":true,"href":"https:\/\/wp.ufpel.edu.br\/cpted\/wp-json\/wp\/v2\/users\/1448"}],"replies":[{"embeddable":true,"href":"https:\/\/wp.ufpel.edu.br\/cpted\/wp-json\/wp\/v2\/comments?post=6931"}],"version-history":[{"count":44,"href":"https:\/\/wp.ufpel.edu.br\/cpted\/wp-json\/wp\/v2\/pages\/6931\/revisions"}],"predecessor-version":[{"id":7348,"href":"https:\/\/wp.ufpel.edu.br\/cpted\/wp-json\/wp\/v2\/pages\/6931\/revisions\/7348"}],"wp:attachment":[{"href":"https:\/\/wp.ufpel.edu.br\/cpted\/wp-json\/wp\/v2\/media?parent=6931"}],"curies":[{"name":"wp","href":"https:\/\/api.w.org\/{rel}","templated":true}]}}