{"id":6924,"date":"2025-05-21T11:46:22","date_gmt":"2025-05-21T14:46:22","guid":{"rendered":"https:\/\/wp.ufpel.edu.br\/cpted\/?page_id=6924"},"modified":"2025-05-21T11:46:22","modified_gmt":"2025-05-21T14:46:22","slug":"especializacao-em-ensino-de-filosofia","status":"publish","type":"page","link":"https:\/\/wp.ufpel.edu.br\/cpted\/uab\/cursos\/especializacao-em-ensino-de-filosofia\/","title":{"rendered":"Especializa\u00e7\u00e3o em Ensino de Filosofia"},"content":{"rendered":"<h4>ESPECIALIZA\u00c7\u00c3O EM ENSINO DE FILOSOFIA<\/h4>\n<p align=\"justify\">A Especializa\u00e7\u00e3o em Ensino de Filosofia EAD capacita profissionais a lecionar filosofia de forma cr\u00edtica e reflexiva. O curso aborda hist\u00f3ria da filosofia, metodologias de ensino e pr\u00e1ticas did\u00e1ticas inovadoras. Com flexibilidade e recursos online, adapta-se \u00e0s necessidades dos educadores modernos.<\/p>\n<ul class=\"infobox\">\n<li>\n    <i class=\"fi fi-rr-site-alt\"><\/i><\/p>\n<div>\n      <strong>Site:<\/strong><br \/>\n      <a href=\"https:\/\/wp.ufpel.edu.br\/ed\/\">https:\/\/wp.ufpel.edu.br\/ed\/<\/a>\n    <\/div>\n<\/li>\n<li class=\"divisor\"><\/li>\n<li>\n    <i class=\"fi fi-rr-clock-three\"><\/i><\/p>\n<div>\n      <strong>Dura\u00e7\u00e3o:<\/strong><br \/>\n      <span>748 horas<\/span>\n    <\/div>\n<\/li>\n<li class=\"divisor\"><\/li>\n<li>\n    <i class=\"fi fi-rr-computer\"><\/i><\/p>\n<div>\n      <strong>Modalidade:<\/strong><br \/>\n      <span>EaD<\/span>\n    <\/div>\n<\/li>\n<li class=\"divisor\"><\/li>\n<li>\n    <i class=\"fi fi-rr-graduation-cap\"><\/i><\/p>\n<div>\n      <strong>N\u00edvel:<\/strong><br \/>\n      <span>P\u00f3s-gradua\u00e7\u00e3o<\/span>\n    <\/div>\n<\/li>\n<\/ul>\n<ul class=\"nav nav-tabs\" id=\"myTab\" role=\"tablist\" style=\"margin-left:0;\">\n<li class=\"nav-item\" role=\"presentation\">\n    <button class=\"nav-link active\" id=\"about-tab\" data-bs-toggle=\"tab\" data-bs-target=\"#course_about\" type=\"button\" role=\"tab\" aria-controls=\"about\" aria-selected=\"true\">Sobre<\/button>\n  <\/li>\n<li class=\"nav-item\" role=\"presentation\">\n    <button class=\"nav-link\" id=\"structure-tab\" data-bs-toggle=\"tab\" data-bs-target=\"#course_structure\" type=\"button\" role=\"tab\" aria-controls=\"structure\" aria-selected=\"false\">Estrutura<\/button>\n  <\/li>\n<li class=\"nav-item\" role=\"presentation\">\n    <button class=\"nav-link\" id=\"teachers-tab\" data-bs-toggle=\"tab\" data-bs-target=\"#course_teachers\" type=\"button\" role=\"tab\" aria-controls=\"teachers\" aria-selected=\"false\">Professores<\/button>\n  <\/li>\n<\/ul>\n<div class=\"tab-content\" id=\"myTabContent\">\n<div class=\"tab-pane fade show active\" id=\"course_about\" role=\"tabpanel\" aria-labelledby=\"about-tab\">\n<p align=\"justify\">Atualmente h\u00e1 uma demanda em ascens\u00e3o pela capacita\u00e7\u00e3o de professores no \u00e2mbito do Ensino de Filosofia na Educa\u00e7\u00e3o B\u00e1sica. Esta necessidade \u00e9 reflexo da implementa\u00e7\u00e3o da disciplina de Filosofia no Ensino M\u00e9dio e tamb\u00e9m nos \u00faltimos anos do Ensino Fundamental.<\/p>\n<p align=\"justify\">Acreditamos que o Curso de P\u00f3s-Gradua\u00e7\u00e3o Lato Sensu na \u00c1rea de Ensino de Filosofia na Modalidade a Dist\u00e2ncia poder\u00e1 contribuir de modo significativo para a implementa\u00e7\u00e3o da disciplina de Filosofia nos \u00faltimos anos do Ensino Fundamental, bem como para fortalecer e desenvolver a forma\u00e7\u00e3o atualmente ofertada no Ensino M\u00e9dio. Al\u00e9m disso, a flexibilidade inerente da modalidade permite que o aluno realize o curso em seu pr\u00f3prio munic\u00edpio, nos hor\u00e1rios que melhor se ajustam \u00e0s suas necessidades. Nossa experi\u00eancia junto ao Curso de Licenciatura em Filosofia a Dist\u00e2ncia tem evidenciado a car\u00eancia de iniciativas semelhantes mesmo em regi\u00f5es em que existe a oferta de p\u00f3s-gradua\u00e7\u00e3o em Filosofia j\u00e1 \u00e9 bastante consolidada. Outrossim, \u00e9 fundamental fortalecer a forma\u00e7\u00e3o dos profissionais que j\u00e1 atuam na \u00e1rea, sobretudo no que se refere \u00e0s novas metodologias e tecnologias de informa\u00e7\u00e3o e comunica\u00e7\u00e3o.<\/p>\n<p align=\"justify\"><strong>Coordenador(a):<\/strong><br \/>\nJULIANO SANTOS DO CARMO<\/p>\n<\/p><\/div>\n<div class=\"tab-pane fade\" id=\"course_structure\" role=\"tabpanel\" aria-labelledby=\"structure-tab\">\n    <table class=\"dados-cobalto tabela-disciplinas cobalto-tabela-zebrada\"><tr><th colspan=\"5\" class=\"tabela-quebra\">1\u00ba Semestre<\/th><\/tr><tr><th>C\u00f3digo<\/th><th>Disciplina<\/th><th>Car\u00e1ter<\/th><th>Cr.<\/th><th>Horas<\/th><\/tr><tr><td>06730402<\/td><td><a href=\"https:\/\/institucional.ufpel.edu.br\/disciplinas\/id\/54027\" target=\"_blank\">A Filosofia como proped\u00eautica para a compreens\u00e3o de outras \u00e1reas de conhecimento do Ensino Fundamental<\/a><\/td><td>Obrigat\u00f3ria<\/td><td><\/td><td>68<\/td><\/tr><tr><td>06730401<\/td><td><a href=\"https:\/\/institucional.ufpel.edu.br\/disciplinas\/id\/54026\" target=\"_blank\">A neuroci\u00eancia da aprendizagem e o desenvolvimento de habilidades no ensino fundamental<\/a><\/td><td>Obrigat\u00f3ria<\/td><td><\/td><td>68<\/td><\/tr><tr><td>06730407<\/td><td><a href=\"https:\/\/institucional.ufpel.edu.br\/disciplinas\/id\/54032\" target=\"_blank\">A transposi\u00e7\u00e3o did\u00e1tica no Ensino de Filosofia<\/a><\/td><td>Obrigat\u00f3ria<\/td><td><\/td><td>68<\/td><\/tr><tr><td>06730357<\/td><td><a href=\"https:\/\/institucional.ufpel.edu.br\/disciplinas\/id\/53982\" target=\"_blank\">A TRANSVERSALIDADE DOS TEMAS FILOS\u00d3FICOS NA EDUCA\u00c7\u00c3O B\u00c1SICA<\/a><\/td><td>Obrigat\u00f3ria<\/td><td><\/td><td>68<\/td><\/tr><tr><td>06730404<\/td><td><a href=\"https:\/\/institucional.ufpel.edu.br\/disciplinas\/id\/54029\" target=\"_blank\">A transversalidade dos temas filos\u00f3ficos na Educa\u00e7\u00e3o B\u00e1sica I<\/a><\/td><td>Obrigat\u00f3ria<\/td><td><\/td><td>68<\/td><\/tr><tr><td>06730405<\/td><td><a href=\"https:\/\/institucional.ufpel.edu.br\/disciplinas\/id\/54030\" target=\"_blank\">A transversalidade dos temas filos\u00f3ficos na Educa\u00e7\u00e3o B\u00e1sica II<\/a><\/td><td>Obrigat\u00f3ria<\/td><td><\/td><td>68<\/td><\/tr><tr><td>06730356<\/td><td><a href=\"https:\/\/institucional.ufpel.edu.br\/disciplinas\/id\/53981\" target=\"_blank\">METODOLOGIA DE PESQUISA E PRODU\u00c7\u00c3O DE TEXTOS ACAD\u00caMICOS<\/a><\/td><td>Obrigat\u00f3ria<\/td><td><\/td><td>68<\/td><\/tr><tr><td>06730358<\/td><td><a href=\"https:\/\/institucional.ufpel.edu.br\/disciplinas\/id\/53983\" target=\"_blank\">O ENSINO ATRAV\u00c9S DE METODOLOGIAS ATIVAS<\/a><\/td><td>Obrigat\u00f3ria<\/td><td><\/td><td>68<\/td><\/tr><tr><td>06730403<\/td><td><a href=\"https:\/\/institucional.ufpel.edu.br\/disciplinas\/id\/54028\" target=\"_blank\">O ensino de Filosofia atrav\u00e9s de problemas filos\u00f3ficos<\/a><\/td><td>Obrigat\u00f3ria<\/td><td><\/td><td>68<\/td><\/tr><tr><td>06730406<\/td><td><a href=\"https:\/\/institucional.ufpel.edu.br\/disciplinas\/id\/54031\" target=\"_blank\">Semin\u00e1rio de Orienta\u00e7\u00e3o<\/a><\/td><td>Obrigat\u00f3ria<\/td><td><\/td><td>68<\/td><\/tr><tr><th colspan=\"5\" class=\"tabela-quebra\">2\u00ba Semestre<\/th><\/tr><tr><th>C\u00f3digo<\/th><th>Disciplina<\/th><th>Car\u00e1ter<\/th><th>Cr.<\/th><th>Horas<\/th><\/tr><tr><td>06730359<\/td><td><a href=\"https:\/\/institucional.ufpel.edu.br\/disciplinas\/id\/53984\" target=\"_blank\">ESTUDOS AVAN\u00c7ADOS SOBRE NOVA BASE NACIONAL COMUM CURRICULAR<\/a><\/td><td>Obrigat\u00f3ria<\/td><td><\/td><td>68<\/td><\/tr><tr><td>06730361<\/td><td><a href=\"https:\/\/institucional.ufpel.edu.br\/disciplinas\/id\/53986\" target=\"_blank\">MODALIDADES DE ENSINO:DESAFIOS E POSSIBILIDADES<\/a><\/td><td>Obrigat\u00f3ria<\/td><td><\/td><td>68<\/td><\/tr><tr><td>06730363<\/td><td><a href=\"https:\/\/institucional.ufpel.edu.br\/disciplinas\/id\/53988\" target=\"_blank\">O ENSINO DE FILOSOFIA ATRAV\u00c9S DE EXPERIMENTOS DE PENSAMENTO<\/a><\/td><td>Obrigat\u00f3ria<\/td><td><\/td><td>68<\/td><\/tr><tr><td>06730360<\/td><td><a href=\"https:\/\/institucional.ufpel.edu.br\/disciplinas\/id\/53985\" target=\"_blank\">O ENSINO E O PROJETO DE VIDA<\/a><\/td><td>Obrigat\u00f3ria<\/td><td><\/td><td>68<\/td><\/tr><tr><td>06730362<\/td><td><a href=\"https:\/\/institucional.ufpel.edu.br\/disciplinas\/id\/53987\" target=\"_blank\">TRABALHO DE CONCLUS\u00c3O DE CURSO<\/a><\/td><td>Obrigat\u00f3ria<\/td><td><\/td><td>68<\/td><\/tr><\/table>\n  <\/div>\n<div class=\"tab-pane fade\" id=\"course_teachers\" role=\"tabpanel\" aria-labelledby=\"teachers-tab\">\n    <div class=\"dados-cobalto cobalto-lista-servidores\"><table class=\"tabela-grid\"><tr><td><div class=\"servidor-foto\"><a href=\"https:\/\/institucional.ufpel.edu.br\/servidores\/id\/155072\"><\/a><\/div><a href=\"https:\/\/institucional.ufpel.edu.br\/servidores\/id\/155072\"><span class=\"tabela-detalhe-titulo\">ADRIANE DA SILVA MACHADO M\u00d6BBS<\/span><\/td><\/tr><tr><td><div class=\"servidor-foto\"><a href=\"https:\/\/institucional.ufpel.edu.br\/servidores\/id\/170281\"><img decoding=\"async\" src=\"https:\/\/institucional.ufpel.edu.br\/cache\/imagens\/9832d9a4-3837-4cb0-9282-e15f9f35bee7.jpg\"><\/a><\/div><a href=\"https:\/\/institucional.ufpel.edu.br\/servidores\/id\/170281\"><span class=\"tabela-detalhe-titulo\">CAMILA DALCIN<\/span><\/td><\/tr><tr><td><div class=\"servidor-foto\"><a href=\"https:\/\/institucional.ufpel.edu.br\/servidores\/id\/144003\"><img decoding=\"async\" src=\"https:\/\/institucional.ufpel.edu.br\/cache\/imagens\/a97b7220-b25c-4534-ac20-800cc66f9c62.png\"><\/a><\/div><a href=\"https:\/\/institucional.ufpel.edu.br\/servidores\/id\/144003\"><span class=\"tabela-detalhe-titulo\">EVANDRO BARBOSA<\/span><\/td><\/tr><tr><td><div class=\"servidor-foto\"><a href=\"https:\/\/institucional.ufpel.edu.br\/servidores\/id\/64023\"><\/a><\/div><a href=\"https:\/\/institucional.ufpel.edu.br\/servidores\/id\/64023\"><span class=\"tabela-detalhe-titulo\">JULIANO SANTOS DO CARMO<\/span><\/td><\/tr><tr><td><div class=\"servidor-foto\"><a href=\"https:\/\/institucional.ufpel.edu.br\/servidores\/id\/181226\"><\/a><\/div><a href=\"https:\/\/institucional.ufpel.edu.br\/servidores\/id\/181226\"><span class=\"tabela-detalhe-titulo\">TATIANA DE MELLO RIBEIRO CRUZ<\/span><\/td><\/tr><\/table><\/div>\n  <\/div>\n<\/div>\n<hr class=\"cpted-divisor\" \/>\n<style>\na {\n  text-decoration: none !important;\n}\n.vl-container {\n  padding: 0 20px !important;\n}\n.tab-content {\n    padding: 20px 0 !important;\n}\n.infobox {\n  display: flex;\n  padding: 16px 34px 16px 24px;\n  border: 1px solid #dedede;\n  -moz-border-radius: 16px;\n  border-radius: 10px;\n  -webkit-box-shadow: 0 4px 8px rgba(51, 51, 51, .08);\n  -moz-box-shadow: 0 4px 8px rgba(51,51,51,.08);\n  box-shadow: 0 4px 8px rgba(51, 51, 51, .08);\n  flex-direction: column;\n  flex-wrap: wrap;\n  align-content: center;\n  justify-content: space-between;\n  align-items: center;\n  list-style: none;\n  margin-left: 0;\n  margin-bottom: 50px;\n}\n.infobox li {\n  display: flex;\n  flex-direction: row;\n  flex-wrap: nowrap;\n  align-content: center;\n  justify-content: center;\n  align-items: center;\n}\n.infobox li i {\n  font-size: 28px;\n  margin-right: 10px;\n  color: #00529f;\n}\n.infobox li.divisor {\n  min-width: 100%;\n  background: #dedede;\n  height: 1px;\n  margin: 10px auto;\n}\n.tabela-disciplinas .tabela-quebra {\n  border: 0;\n  text-transform: uppercase;\n}\n.tabela-disciplinas .tabela-quebra:before {\n    content: ' ';\n    width: 100%;\n    height: 30px;\n    display: block;\n}\n.tabela-disciplinas tbody tr th {\n  border-bottom: 0 !important;\n  border-left: 1px dashed #b9b9b9 !important;\n  border-top: 0;\n  padding: 5px 10px !important;\n  font-size: 11px;\n}\n.tabela-disciplinas tbody tr th:not(.tabela-quebra) {\n  background-color: #cfcfcf;\n}\n.tabela-disciplinas tbody tr th:first-child {\n  border-left: 0 !important;\n  border-radius: 5px 0 0 0;\n}\n.tabela-disciplinas tbody tr th:last-child {\n  border-radius: 0 5px 0 0;\n}\n.tabela-disciplinas tbody tr td {\n  border-width: 0px 0px !important;\n  border-bottom: 1px dotted #ccc !important;\n  border-left: 1px dashed #ccc !important;\n  padding: 2px 2px !important;\n  font-size: 11px;\n}\n.tabela-disciplinas tbody tr td:first-child {\n  border-left: 0 !important;\n}\n.tabela-disciplinas tbody tr th:nth-child(1),\n.tabela-disciplinas tbody tr th:nth-child(3),\n.tabela-disciplinas tbody tr th:nth-child(4),\n.tabela-disciplinas tbody tr th:nth-child(5),\n.tabela-disciplinas tbody tr td:nth-child(1),\n.tabela-disciplinas tbody tr td:nth-child(3),\n.tabela-disciplinas tbody tr td:nth-child(4),\n.tabela-disciplinas tbody tr td:nth-child(5) {\n  text-align: center;\n}\n#course_poles ul {\n  list-style: none;\n}\n#course_poles ul li {\n  border-bottom: 1px dotted #ccc;\n  padding: 5px 10px;\n}\n#course_poles ul li:nth-child(even) {\n  background-color: #f1f1f1;\n}\n.cobalto-lista-servidores .tabela-grid tr {\n  width: 33%;\n}\n.cobalto-lista-servidores .servidor-foto {\n    border: 0px solid #8888;\n    border-radius: 10px;\n}\n@media screen and (min-width: 480px) {\n  .vl-container {\n    padding: 0 50px !important;\n  }\n  .tab-content {\n    padding: 20px !important;\n  }\n  .tabela-disciplinas tbody tr th {\n    font-size: 12px;\n  }\n  .tabela-disciplinas tbody tr td {\n    padding: 5px 10px !important;\n    font-size: 12px;\n  }\n  .cobalto-lista-servidores .tabela-grid tr {\n    width: 25%;\n  }\n}\n@media screen and (min-width: 720px) {\n  .infobox {\n    flex-direction: row;\n  }\n  .infobox li.divisor {\n    min-width: 1px;\n    background: #dedede;\n    height: 40px;\n  }\n}\n<\/style>\n<p><script src=\"https:\/\/cdn.jsdelivr.net\/npm\/bootstrap@5.0.2\/dist\/js\/bootstrap.bundle.min.js\" integrity=\"sha384-MrcW6ZMFYlzcLA8Nl+NtUVF0sA7MsXsP1UyJoMp4YLEuNSfAP+JcXn\/tWtIaxVXM\" crossorigin=\"anonymous\"><\/script>\n<link href=\"https:\/\/cdn.jsdelivr.net\/npm\/bootstrap@5.0.2\/dist\/css\/bootstrap.min.css\" rel=\"stylesheet\" integrity=\"sha384-EVSTQN3\/azprG1Anm3QDgpJLIm9Nao0Yz1ztcQTwFspd3yD65VohhpuuCOmLASjC\" crossorigin=\"anonymous\">\n","protected":false},"excerpt":{"rendered":"<p>ESPECIALIZA\u00c7\u00c3O EM ENSINO DE FILOSOFIA A Especializa\u00e7\u00e3o em Ensino de Filosofia EAD capacita profissionais a lecionar filosofia de forma cr\u00edtica e reflexiva. O curso aborda hist\u00f3ria da filosofia, metodologias de ensino e pr\u00e1ticas did\u00e1ticas inovadoras. Com flexibilidade e recursos online, adapta-se \u00e0s necessidades dos educadores modernos. Site: https:\/\/wp.ufpel.edu.br\/ed\/ Dura\u00e7\u00e3o: 748 horas Modalidade: EaD N\u00edvel: P\u00f3s-gradua\u00e7\u00e3o [&hellip;]<\/p>\n","protected":false},"author":1448,"featured_media":0,"parent":6623,"menu_order":0,"comment_status":"closed","ping_status":"closed","template":"","meta":{"footnotes":""},"class_list":["post-6924","page","type-page","status-publish","hentry"],"_links":{"self":[{"href":"https:\/\/wp.ufpel.edu.br\/cpted\/wp-json\/wp\/v2\/pages\/6924","targetHints":{"allow":["GET"]}}],"collection":[{"href":"https:\/\/wp.ufpel.edu.br\/cpted\/wp-json\/wp\/v2\/pages"}],"about":[{"href":"https:\/\/wp.ufpel.edu.br\/cpted\/wp-json\/wp\/v2\/types\/page"}],"author":[{"embeddable":true,"href":"https:\/\/wp.ufpel.edu.br\/cpted\/wp-json\/wp\/v2\/users\/1448"}],"replies":[{"embeddable":true,"href":"https:\/\/wp.ufpel.edu.br\/cpted\/wp-json\/wp\/v2\/comments?post=6924"}],"version-history":[{"count":1,"href":"https:\/\/wp.ufpel.edu.br\/cpted\/wp-json\/wp\/v2\/pages\/6924\/revisions"}],"predecessor-version":[{"id":6926,"href":"https:\/\/wp.ufpel.edu.br\/cpted\/wp-json\/wp\/v2\/pages\/6924\/revisions\/6926"}],"up":[{"embeddable":true,"href":"https:\/\/wp.ufpel.edu.br\/cpted\/wp-json\/wp\/v2\/pages\/6623"}],"wp:attachment":[{"href":"https:\/\/wp.ufpel.edu.br\/cpted\/wp-json\/wp\/v2\/media?parent=6924"}],"curies":[{"name":"wp","href":"https:\/\/api.w.org\/{rel}","templated":true}]}}