{"id":6921,"date":"2025-05-21T11:41:40","date_gmt":"2025-05-21T14:41:40","guid":{"rendered":"https:\/\/wp.ufpel.edu.br\/cpted\/?page_id=6921"},"modified":"2025-05-21T11:42:34","modified_gmt":"2025-05-21T14:42:34","slug":"especializacao-em-educacao-fisica-escolar","status":"publish","type":"page","link":"https:\/\/wp.ufpel.edu.br\/cpted\/uab\/cursos\/especializacao-em-educacao-fisica-escolar\/","title":{"rendered":"Especializa\u00e7\u00e3o em Educa\u00e7\u00e3o F\u00edsica Escolar"},"content":{"rendered":"<h4>ESPECIALIZA\u00c7\u00c3O EM EDUCA\u00c7\u00c3O F\u00cdSICA ESCOLAR<\/h4>\n<p align=\"justify\">A Especializa\u00e7\u00e3o em Educa\u00e7\u00e3o F\u00edsica Escolar EAD forma profissionais capacitados para desenvolver programas de educa\u00e7\u00e3o f\u00edsica no \u00e2mbito escolar. O curso abrange teorias e pr\u00e1ticas pedag\u00f3gicas, promovendo a sa\u00fade e o bem-estar dos estudantes. Com flexibilidade e metodologia inovadora, adapta-se \u00e0 rotina dos educadores<\/p>\n<ul class=\"infobox\">\n<li>\n    <i class=\"fi fi-rr-site-alt\"><\/i><\/p>\n<div>\n      <strong>Site:<\/strong><br \/>\n      <a href=\"https:\/\/wp.ufpel.edu.br\/esef\/especializacao-ead\/\">https:\/\/wp.ufpel.edu.br\/esef\/especializacao-ead\/<\/a>\n    <\/div>\n<\/li>\n<li class=\"divisor\"><\/li>\n<li>\n    <i class=\"fi fi-rr-clock-three\"><\/i><\/p>\n<div>\n      <strong>Dura\u00e7\u00e3o:<\/strong><br \/>\n      <span>442 horas<\/span>\n    <\/div>\n<\/li>\n<li class=\"divisor\"><\/li>\n<li>\n    <i class=\"fi fi-rr-computer\"><\/i><\/p>\n<div>\n      <strong>Modalidade:<\/strong><br \/>\n      <span>EaD<\/span>\n    <\/div>\n<\/li>\n<li class=\"divisor\"><\/li>\n<li>\n    <i class=\"fi fi-rr-graduation-cap\"><\/i><\/p>\n<div>\n      <strong>N\u00edvel:<\/strong><br \/>\n      <span>P\u00f3s-gradua\u00e7\u00e3o<\/span>\n    <\/div>\n<\/li>\n<\/ul>\n<ul class=\"nav nav-tabs\" id=\"myTab\" role=\"tablist\" style=\"margin-left:0;\">\n<li class=\"nav-item\" role=\"presentation\">\n    <button class=\"nav-link active\" id=\"about-tab\" data-bs-toggle=\"tab\" data-bs-target=\"#course_about\" type=\"button\" role=\"tab\" aria-controls=\"about\" aria-selected=\"true\">Sobre<\/button>\n  <\/li>\n<li class=\"nav-item\" role=\"presentation\">\n    <button class=\"nav-link\" id=\"structure-tab\" data-bs-toggle=\"tab\" data-bs-target=\"#course_structure\" type=\"button\" role=\"tab\" aria-controls=\"structure\" aria-selected=\"false\">Estrutura<\/button>\n  <\/li>\n<li class=\"nav-item\" role=\"presentation\">\n    <button class=\"nav-link\" id=\"teachers-tab\" data-bs-toggle=\"tab\" data-bs-target=\"#course_teachers\" type=\"button\" role=\"tab\" aria-controls=\"teachers\" aria-selected=\"false\">Professores<\/button>\n  <\/li>\n<\/ul>\n<div class=\"tab-content\" id=\"myTabContent\">\n<div class=\"tab-pane fade show active\" id=\"course_about\" role=\"tabpanel\" aria-labelledby=\"about-tab\">\n<p align=\"justify\">A Educa\u00e7\u00e3o F\u00edsica \u00e9 considerada tanto uma \u00e1rea de conhecimento quanto uma \u00e1rea de interven\u00e7\u00e3o profissional. No \u00e2mbito escolar, a Educa\u00e7\u00e3o F\u00edsica \u00e9 uma disciplina que tem como objetivo a forma\u00e7\u00e3o do(a) aluno(a) atrav\u00e9s dos conte\u00fados da cultura e das pr\u00e1ticas Culturais: esportes, jogos, dan\u00e7as, gin\u00e1sticas e lutas. Para tanto, utiliza-se de procedimentos pedag\u00f3gicos que sistematizam o conhecimento desses conte\u00fados, adequando-se aos diferentes n\u00edveis da educa\u00e7\u00e3o formal.<\/p>\n<p align=\"justify\">Neste contexto, o oferecimento de cursos de especializa\u00e7\u00e3o pode representar uma das mais importantes formas de atua\u00e7\u00e3o das institui\u00e7\u00f5es de ensino superior, principalmente porque estes cursos operacionalizam-se como oportunidades de atualiza\u00e7\u00e3o e educa\u00e7\u00e3o continuada para os trabalhadores que atuam ou pretendem atuar em uma \u00e1rea com demandas latentes, como \u00e9 o caso da educa\u00e7\u00e3o f\u00edsica escolar.<\/p>\n<p align=\"justify\">O curso Latu Senso \u00e0 dist\u00e2ncia oportunizar\u00e1, al\u00e9m da especializa\u00e7\u00e3o profissional, o desenvolvimento cr\u00edtico e a inicia\u00e7\u00e3o \u00e0 pesquisa na \u00e1rea da educa\u00e7\u00e3o f\u00edsica escolar. Nesse sentido, espera-se atingir a forma\u00e7\u00e3o continuada de cerca de 60 profissionais, preparando-os para trabalhar em todos os setores do cotidiano da educa\u00e7\u00e3o f\u00edsica escolar.<\/p>\n<p align=\"justify\"><strong>Coordenador(a):<\/strong><br \/>\nFRANCIELE ROOS DA SILVA ILHA<\/p>\n<\/p><\/div>\n<div class=\"tab-pane fade\" id=\"course_structure\" role=\"tabpanel\" aria-labelledby=\"structure-tab\">\n    <table class=\"dados-cobalto tabela-disciplinas cobalto-tabela-zebrada\"><tr><th colspan=\"5\" class=\"tabela-quebra\">1\u00ba Semestre<\/th><\/tr><tr><th>C\u00f3digo<\/th><th>Disciplina<\/th><th>Car\u00e1ter<\/th><th>Cr.<\/th><th>Horas<\/th><\/tr><tr><td>13380269<\/td><td><a href=\"https:\/\/institucional.ufpel.edu.br\/disciplinas\/id\/53816\" target=\"_blank\">APRENDIZAGEM MOTORA<\/a><\/td><td>Obrigat\u00f3ria<\/td><td><\/td><td>51<\/td><\/tr><tr><td>13380256<\/td><td><a href=\"https:\/\/institucional.ufpel.edu.br\/disciplinas\/id\/53803\" target=\"_blank\">EDUCA\u00c7\u00c3O F\u00cdSICA INCLUSIVA<\/a><\/td><td>Obrigat\u00f3ria<\/td><td><\/td><td>51<\/td><\/tr><tr><td>13380254<\/td><td><a href=\"https:\/\/institucional.ufpel.edu.br\/disciplinas\/id\/53801\" target=\"_blank\">METODOLOGIA DO ENSINO DA DAN\u00c7A NA ESCOLA<\/a><\/td><td>Obrigat\u00f3ria<\/td><td><\/td><td>51<\/td><\/tr><tr><td>13380255<\/td><td><a href=\"https:\/\/institucional.ufpel.edu.br\/disciplinas\/id\/53802\" target=\"_blank\">METODOLOGIA DO ENSINO DA GIN\u00c1STICA NA ESCOLA<\/a><\/td><td>Obrigat\u00f3ria<\/td><td><\/td><td>51<\/td><\/tr><tr><td>13380265<\/td><td><a href=\"https:\/\/institucional.ufpel.edu.br\/disciplinas\/id\/53812\" target=\"_blank\">METODOLOGIA DO ENSINO DAS LUTAS NA ESCOLA<\/a><\/td><td>Obrigat\u00f3ria<\/td><td><\/td><td>51<\/td><\/tr><tr><td>13380253<\/td><td><a href=\"https:\/\/institucional.ufpel.edu.br\/disciplinas\/id\/53800\" target=\"_blank\">METODOLOGIA DO ENSINO DOS JOGOS E DOS ESPORTES NA ESCOLA<\/a><\/td><td>Obrigat\u00f3ria<\/td><td><\/td><td>51<\/td><\/tr><tr><td>13380267<\/td><td><a href=\"https:\/\/institucional.ufpel.edu.br\/disciplinas\/id\/53814\" target=\"_blank\">METODOLOGIA E PROCEDIMENTOS DE PESQUISA QUALITATIVA E QUANTITATIVA NA EDUCA\u00c7\u00c3O F\u00cdSICA<\/a><\/td><td>Obrigat\u00f3ria<\/td><td><\/td><td>51<\/td><\/tr><tr><td>13380266<\/td><td><a href=\"https:\/\/institucional.ufpel.edu.br\/disciplinas\/id\/53813\" target=\"_blank\">ORGANIZA\u00c7\u00c3O DO TRABALHO PEDAG\u00d3GICO DA EDUCA\u00c7\u00c3O F\u00cdSICA E GEST\u00c3O ESCOLAR<\/a><\/td><td>Obrigat\u00f3ria<\/td><td><\/td><td>51<\/td><\/tr><tr><td>13380268<\/td><td><a href=\"https:\/\/institucional.ufpel.edu.br\/disciplinas\/id\/53815\" target=\"_blank\">SEMIN\u00c1RIO DE MONOGRAFIA E ESTUDOS ORIENTADOS<\/a><\/td><td>Obrigat\u00f3ria<\/td><td><\/td><td>34<\/td><\/tr><\/table>\n  <\/div>\n<div class=\"tab-pane fade\" id=\"course_teachers\" role=\"tabpanel\" aria-labelledby=\"teachers-tab\">\n    <div class=\"dados-cobalto cobalto-lista-servidores\"><table class=\"tabela-grid\"><tr><td><div class=\"servidor-foto\"><a href=\"https:\/\/institucional.ufpel.edu.br\/servidores\/id\/34594\"><\/a><\/div><a href=\"https:\/\/institucional.ufpel.edu.br\/servidores\/id\/34594\"><span class=\"tabela-detalhe-titulo\">ANIE COUTINHO DE OLIVEIRA<\/span><\/td><\/tr><tr><td><div class=\"servidor-foto\"><a href=\"https:\/\/institucional.ufpel.edu.br\/servidores\/id\/53287\"><img decoding=\"async\" src=\"https:\/\/institucional.ufpel.edu.br\/cache\/imagens\/5032fd4f-8d49-457d-9250-39b3f7fd7c30.png\"><\/a><\/div><a href=\"https:\/\/institucional.ufpel.edu.br\/servidores\/id\/53287\"><span class=\"tabela-detalhe-titulo\">DANIELA LLOPART CASTRO<\/span><\/td><\/tr><tr><td><div class=\"servidor-foto\"><a href=\"https:\/\/institucional.ufpel.edu.br\/servidores\/id\/143993\"><img decoding=\"async\" src=\"https:\/\/institucional.ufpel.edu.br\/cache\/imagens\/6b66373c-bbad-4737-856b-4ef3bbbc12c1.jpg\"><\/a><\/div><a href=\"https:\/\/institucional.ufpel.edu.br\/servidores\/id\/143993\"><span class=\"tabela-detalhe-titulo\">EDUARDO MERINO<\/span><\/td><\/tr><tr><td><div class=\"servidor-foto\"><a href=\"https:\/\/institucional.ufpel.edu.br\/servidores\/id\/174888\"><\/a><\/div><a href=\"https:\/\/institucional.ufpel.edu.br\/servidores\/id\/174888\"><span class=\"tabela-detalhe-titulo\">ELIANE REGINA CRESTANI TORTOLA<\/span><\/td><\/tr><tr><td><div class=\"servidor-foto\"><a href=\"https:\/\/institucional.ufpel.edu.br\/servidores\/id\/175006\"><img decoding=\"async\" src=\"https:\/\/institucional.ufpel.edu.br\/cache\/imagens\/157d648e-7da5-4b25-b402-2ebf040b35dc.jpg\"><\/a><\/div><a href=\"https:\/\/institucional.ufpel.edu.br\/servidores\/id\/175006\"><span class=\"tabela-detalhe-titulo\">JOSE FRANCISCO BARONI SILVEIRA<\/span><\/td><\/tr><tr><td><div class=\"servidor-foto\"><a href=\"https:\/\/institucional.ufpel.edu.br\/servidores\/id\/29851\"><\/a><\/div><a href=\"https:\/\/institucional.ufpel.edu.br\/servidores\/id\/29851\"><span class=\"tabela-detalhe-titulo\">MARCELO COZZENSA DA SILVA<\/span><\/td><\/tr><tr><td><div class=\"servidor-foto\"><a href=\"https:\/\/institucional.ufpel.edu.br\/servidores\/id\/80303\"><img decoding=\"async\" src=\"https:\/\/institucional.ufpel.edu.br\/cache\/imagens\/26a43c03-2791-4f28-a379-4494469f1bdf.jpg\"><\/a><\/div><a href=\"https:\/\/institucional.ufpel.edu.br\/servidores\/id\/80303\"><span class=\"tabela-detalhe-titulo\">PRISCILA LOPES CARDOZO<\/span><\/td><\/tr><tr><td><div class=\"servidor-foto\"><a href=\"https:\/\/institucional.ufpel.edu.br\/servidores\/id\/179895\"><\/a><\/div><a href=\"https:\/\/institucional.ufpel.edu.br\/servidores\/id\/179895\"><span class=\"tabela-detalhe-titulo\">RICARDO REZER<\/span><\/td><\/tr><\/table><\/div>\n  <\/div>\n<\/div>\n<hr class=\"cpted-divisor\" \/>\n<style>\na {\n  text-decoration: none !important;\n}\n.vl-container {\n  padding: 0 20px !important;\n}\n.tab-content {\n    padding: 20px 0 !important;\n}\n.infobox {\n  display: flex;\n  padding: 16px 34px 16px 24px;\n  border: 1px solid #dedede;\n  -moz-border-radius: 16px;\n  border-radius: 10px;\n  -webkit-box-shadow: 0 4px 8px rgba(51, 51, 51, .08);\n  -moz-box-shadow: 0 4px 8px rgba(51,51,51,.08);\n  box-shadow: 0 4px 8px rgba(51, 51, 51, .08);\n  flex-direction: column;\n  flex-wrap: wrap;\n  align-content: center;\n  justify-content: space-between;\n  align-items: center;\n  list-style: none;\n  margin-left: 0;\n  margin-bottom: 50px;\n}\n.infobox li {\n  display: flex;\n  flex-direction: row;\n  flex-wrap: nowrap;\n  align-content: center;\n  justify-content: center;\n  align-items: center;\n}\n.infobox li i {\n  font-size: 28px;\n  margin-right: 10px;\n  color: #00529f;\n}\n.infobox li.divisor {\n  min-width: 100%;\n  background: #dedede;\n  height: 1px;\n  margin: 10px auto;\n}\n.tabela-disciplinas .tabela-quebra {\n  border: 0;\n  text-transform: uppercase;\n}\n.tabela-disciplinas .tabela-quebra:before {\n    content: ' ';\n    width: 100%;\n    height: 30px;\n    display: block;\n}\n.tabela-disciplinas tbody tr th {\n  border-bottom: 0 !important;\n  border-left: 1px dashed #b9b9b9 !important;\n  border-top: 0;\n  padding: 5px 10px !important;\n  font-size: 11px;\n}\n.tabela-disciplinas tbody tr th:not(.tabela-quebra) {\n  background-color: #cfcfcf;\n}\n.tabela-disciplinas tbody tr th:first-child {\n  border-left: 0 !important;\n  border-radius: 5px 0 0 0;\n}\n.tabela-disciplinas tbody tr th:last-child {\n  border-radius: 0 5px 0 0;\n}\n.tabela-disciplinas tbody tr td {\n  border-width: 0px 0px !important;\n  border-bottom: 1px dotted #ccc !important;\n  border-left: 1px dashed #ccc !important;\n  padding: 2px 2px !important;\n  font-size: 11px;\n}\n.tabela-disciplinas tbody tr td:first-child {\n  border-left: 0 !important;\n}\n.tabela-disciplinas tbody tr th:nth-child(1),\n.tabela-disciplinas tbody tr th:nth-child(3),\n.tabela-disciplinas tbody tr th:nth-child(4),\n.tabela-disciplinas tbody tr th:nth-child(5),\n.tabela-disciplinas tbody tr td:nth-child(1),\n.tabela-disciplinas tbody tr td:nth-child(3),\n.tabela-disciplinas tbody tr td:nth-child(4),\n.tabela-disciplinas tbody tr td:nth-child(5) {\n  text-align: center;\n}\n#course_poles ul {\n  list-style: none;\n}\n#course_poles ul li {\n  border-bottom: 1px dotted #ccc;\n  padding: 5px 10px;\n}\n#course_poles ul li:nth-child(even) {\n  background-color: #f1f1f1;\n}\n.cobalto-lista-servidores .tabela-grid tr {\n  width: 33%;\n}\n.cobalto-lista-servidores .servidor-foto {\n    border: 0px solid #8888;\n    border-radius: 10px;\n}\n@media screen and (min-width: 480px) {\n  .vl-container {\n    padding: 0 50px !important;\n  }\n  .tab-content {\n    padding: 20px !important;\n  }\n  .tabela-disciplinas tbody tr th {\n    font-size: 12px;\n  }\n  .tabela-disciplinas tbody tr td {\n    padding: 5px 10px !important;\n    font-size: 12px;\n  }\n  .cobalto-lista-servidores .tabela-grid tr {\n    width: 25%;\n  }\n}\n@media screen and (min-width: 720px) {\n  .infobox {\n    flex-direction: row;\n  }\n  .infobox li.divisor {\n    min-width: 1px;\n    background: #dedede;\n    height: 40px;\n  }\n}\n<\/style>\n<p><script src=\"https:\/\/cdn.jsdelivr.net\/npm\/bootstrap@5.0.2\/dist\/js\/bootstrap.bundle.min.js\" integrity=\"sha384-MrcW6ZMFYlzcLA8Nl+NtUVF0sA7MsXsP1UyJoMp4YLEuNSfAP+JcXn\/tWtIaxVXM\" crossorigin=\"anonymous\"><\/script>\n<link href=\"https:\/\/cdn.jsdelivr.net\/npm\/bootstrap@5.0.2\/dist\/css\/bootstrap.min.css\" rel=\"stylesheet\" integrity=\"sha384-EVSTQN3\/azprG1Anm3QDgpJLIm9Nao0Yz1ztcQTwFspd3yD65VohhpuuCOmLASjC\" crossorigin=\"anonymous\">\n","protected":false},"excerpt":{"rendered":"<p>ESPECIALIZA\u00c7\u00c3O EM EDUCA\u00c7\u00c3O F\u00cdSICA ESCOLAR A Especializa\u00e7\u00e3o em Educa\u00e7\u00e3o F\u00edsica Escolar EAD forma profissionais capacitados para desenvolver programas de educa\u00e7\u00e3o f\u00edsica no \u00e2mbito escolar. O curso abrange teorias e pr\u00e1ticas pedag\u00f3gicas, promovendo a sa\u00fade e o bem-estar dos estudantes. Com flexibilidade e metodologia inovadora, adapta-se \u00e0 rotina dos educadores Site: https:\/\/wp.ufpel.edu.br\/esef\/especializacao-ead\/ Dura\u00e7\u00e3o: 442 horas Modalidade: [&hellip;]<\/p>\n","protected":false},"author":1448,"featured_media":0,"parent":6623,"menu_order":0,"comment_status":"closed","ping_status":"closed","template":"","meta":{"footnotes":""},"class_list":["post-6921","page","type-page","status-publish","hentry"],"_links":{"self":[{"href":"https:\/\/wp.ufpel.edu.br\/cpted\/wp-json\/wp\/v2\/pages\/6921","targetHints":{"allow":["GET"]}}],"collection":[{"href":"https:\/\/wp.ufpel.edu.br\/cpted\/wp-json\/wp\/v2\/pages"}],"about":[{"href":"https:\/\/wp.ufpel.edu.br\/cpted\/wp-json\/wp\/v2\/types\/page"}],"author":[{"embeddable":true,"href":"https:\/\/wp.ufpel.edu.br\/cpted\/wp-json\/wp\/v2\/users\/1448"}],"replies":[{"embeddable":true,"href":"https:\/\/wp.ufpel.edu.br\/cpted\/wp-json\/wp\/v2\/comments?post=6921"}],"version-history":[{"count":1,"href":"https:\/\/wp.ufpel.edu.br\/cpted\/wp-json\/wp\/v2\/pages\/6921\/revisions"}],"predecessor-version":[{"id":6923,"href":"https:\/\/wp.ufpel.edu.br\/cpted\/wp-json\/wp\/v2\/pages\/6921\/revisions\/6923"}],"up":[{"embeddable":true,"href":"https:\/\/wp.ufpel.edu.br\/cpted\/wp-json\/wp\/v2\/pages\/6623"}],"wp:attachment":[{"href":"https:\/\/wp.ufpel.edu.br\/cpted\/wp-json\/wp\/v2\/media?parent=6921"}],"curies":[{"name":"wp","href":"https:\/\/api.w.org\/{rel}","templated":true}]}}