{"id":6918,"date":"2025-05-21T11:37:52","date_gmt":"2025-05-21T14:37:52","guid":{"rendered":"https:\/\/wp.ufpel.edu.br\/cpted\/?page_id=6918"},"modified":"2025-05-21T11:37:52","modified_gmt":"2025-05-21T14:37:52","slug":"especializacao-em-educacao-ambiental-para-espacos-sustentaveis","status":"publish","type":"page","link":"https:\/\/wp.ufpel.edu.br\/cpted\/uab\/cursos\/especializacao-em-educacao-ambiental-para-espacos-sustentaveis\/","title":{"rendered":"Especializa\u00e7\u00e3o em Educa\u00e7\u00e3o Ambiental para Espa\u00e7os Sustent\u00e1veis."},"content":{"rendered":"<h4>ESPECIALIZA\u00c7\u00c3O EM EDUCA\u00c7\u00c3O AMBIENTAL PARA ESPA\u00c7OS SUSTENT\u00c1VEIS<\/h4>\n<p align=\"justify\">A Especializa\u00e7\u00e3o em Educa\u00e7\u00e3o Ambiental para Espa\u00e7os Sustent\u00e1veis EAD capacita profissionais a promover pr\u00e1ticas sustent\u00e1veis em diversos ambientes. O curso abrange ecologia, gest\u00e3o de recursos naturais e educa\u00e7\u00e3o ambiental, oferecendo flexibilidade e metodologias inovadoras para um aprendizado efetivo e aplic\u00e1vel.<\/p>\n<ul class=\"infobox\">\n<li>\n    <i class=\"fi fi-rr-site-alt\"><\/i><\/p>\n<div>\n      <strong>Site:<\/strong><br \/>\n      <a href=\"https:\/\/wp.ufpel.edu.br\/educambiental\/\">https:\/\/wp.ufpel.edu.br\/educambiental\/<\/a>\n    <\/div>\n<\/li>\n<li class=\"divisor\"><\/li>\n<li>\n    <i class=\"fi fi-rr-clock-three\"><\/i><\/p>\n<div>\n      <strong>Dura\u00e7\u00e3o:<\/strong><br \/>\n      <span>374 horas<\/span>\n    <\/div>\n<\/li>\n<li class=\"divisor\"><\/li>\n<li>\n    <i class=\"fi fi-rr-computer\"><\/i><\/p>\n<div>\n      <strong>Modalidade:<\/strong><br \/>\n      <span>EaD<\/span>\n    <\/div>\n<\/li>\n<li class=\"divisor\"><\/li>\n<li>\n    <i class=\"fi fi-rr-graduation-cap\"><\/i><\/p>\n<div>\n      <strong>N\u00edvel:<\/strong><br \/>\n      <span>P\u00f3s-gradua\u00e7\u00e3o<\/span>\n    <\/div>\n<\/li>\n<\/ul>\n<ul class=\"nav nav-tabs\" id=\"myTab\" role=\"tablist\" style=\"margin-left:0;\">\n<li class=\"nav-item\" role=\"presentation\">\n    <button class=\"nav-link active\" id=\"about-tab\" data-bs-toggle=\"tab\" data-bs-target=\"#course_about\" type=\"button\" role=\"tab\" aria-controls=\"about\" aria-selected=\"true\">Sobre<\/button>\n  <\/li>\n<li class=\"nav-item\" role=\"presentation\">\n    <button class=\"nav-link\" id=\"structure-tab\" data-bs-toggle=\"tab\" data-bs-target=\"#course_structure\" type=\"button\" role=\"tab\" aria-controls=\"structure\" aria-selected=\"false\">Estrutura<\/button>\n  <\/li>\n<li class=\"nav-item\" role=\"presentation\">\n    <button class=\"nav-link\" id=\"teachers-tab\" data-bs-toggle=\"tab\" data-bs-target=\"#course_teachers\" type=\"button\" role=\"tab\" aria-controls=\"teachers\" aria-selected=\"false\">Professores<\/button>\n  <\/li>\n<\/ul>\n<div class=\"tab-content\" id=\"myTabContent\">\n<div class=\"tab-pane fade show active\" id=\"course_about\" role=\"tabpanel\" aria-labelledby=\"about-tab\">\n<p align=\"justify\">O Curso de P\u00f3s-Gradua\u00e7\u00e3o \u201clato sensu\u201d em Educa\u00e7\u00e3o Ambiental com \u00canfase em Espa\u00e7os Educadores Sustent\u00e1veis (EAEES) aborda quest\u00f5es essenciais para o desenvolvimento da educa\u00e7\u00e3o ambiental nas escolas, como inter e transdisciplinariedade, o projeto pol\u00edtico-pedag\u00f3gico, a forma\u00e7\u00e3o de redes, movimentos de juventude e outros aspectos relacionados \u00e0 gest\u00e3o ambiental na escola e na comunidade, considerando as mudan\u00e7as ambientais globais e a constru\u00e7\u00e3o de espa\u00e7os educadores sustent\u00e1veis.<\/p>\n<p align=\"justify\">O Curso de P\u00f3s-Gradua\u00e7\u00e3o \u201clato sensu\u201d (Especializa\u00e7\u00e3o) em Educa\u00e7\u00e3o Ambiental com \u00canfase em Espa\u00e7os Educadores Sustent\u00e1veis (EAEES) \u2013 EaD, surgiu da edi\u00e7\u00e3o de um Curso de Aperfei\u00e7oamento realizado na Institui\u00e7\u00e3o em 2010). O Curso faz parte do Instituto de Biologia da UFPel e na sua primeira vers\u00e3o (2014) ofertou 60 vagas. Na segunda vers\u00e3o (2018) ofertou 20 vagas. As disciplinas do Curso est\u00e3o distribu\u00eddas em diversas unidades da UFPel, sendo que sua maioria est\u00e1 sob responsabilidade do Instituto de Biologia. O Curso funciona na modalidade EaD e tem a dura\u00e7\u00e3o m\u00ednima de dois anos.<\/p>\n<p align=\"justify\"><strong>Coordenador(a):<\/strong><br \/>\nANA PAULA NUNES<\/p>\n<\/p><\/div>\n<div class=\"tab-pane fade\" id=\"course_structure\" role=\"tabpanel\" aria-labelledby=\"structure-tab\">\n    <table class=\"dados-cobalto tabela-disciplinas cobalto-tabela-zebrada\"><tr><th colspan=\"5\" class=\"tabela-quebra\">1\u00ba Semestre<\/th><\/tr><tr><th>C\u00f3digo<\/th><th>Disciplina<\/th><th>Car\u00e1ter<\/th><th>Cr.<\/th><th>Horas<\/th><\/tr><tr><td>09030159<\/td><td><a href=\"https:\/\/institucional.ufpel.edu.br\/disciplinas\/id\/54754\" target=\"_blank\">ESCOLAS E SOCIEDADES<\/a><\/td><td>Obrigat\u00f3ria<\/td><td><\/td><td>68<\/td><\/tr><tr><td>09030158<\/td><td><a href=\"https:\/\/institucional.ufpel.edu.br\/disciplinas\/id\/54753\" target=\"_blank\">INSTRUMENTA\u00c7\u00c3O PARA A EDUCA\u00c7\u00c3O AMBIENTAL E A PR\u00c1TICA INTERDISCIPLINAR<\/a><\/td><td>Obrigat\u00f3ria<\/td><td><\/td><td>68<\/td><\/tr><tr><td>09030160<\/td><td><a href=\"https:\/\/institucional.ufpel.edu.br\/disciplinas\/id\/54755\" target=\"_blank\">PROJETOS DE PESQUISA\/INTERVEN\u00c7\u00c3O E SEMIN\u00c1RIOS TEM\u00c1TICOS<\/a><\/td><td>Obrigat\u00f3ria<\/td><td><\/td><td>68<\/td><\/tr><tr><td>09030157<\/td><td><a href=\"https:\/\/institucional.ufpel.edu.br\/disciplinas\/id\/54752\" target=\"_blank\">TEMAS GERADORES: MUDAN\u00c7AS AMBIENTAIS GLOBAIS<\/a><\/td><td>Obrigat\u00f3ria<\/td><td><\/td><td>68<\/td><\/tr><tr><td>09030098<\/td><td><a href=\"https:\/\/institucional.ufpel.edu.br\/disciplinas\/id\/54693\" target=\"_blank\">TEMAS GERADORES: MUDAN\u00c7AS AMBIENTAIS GLOBAIS II<\/a><\/td><td>Obrigat\u00f3ria<\/td><td><\/td><td>51<\/td><\/tr><tr><th colspan=\"5\" class=\"tabela-quebra\">2\u00ba Semestre<\/th><\/tr><tr><th>C\u00f3digo<\/th><th>Disciplina<\/th><th>Car\u00e1ter<\/th><th>Cr.<\/th><th>Horas<\/th><\/tr><tr><td>09030154<\/td><td><a href=\"https:\/\/institucional.ufpel.edu.br\/disciplinas\/id\/54749\" target=\"_blank\">EDUCA\u00c7\u00c3O \u00c0 DIST\u00c2NCIA E AMBIENTE VIRTUAL DE APRENDIZAGEM<\/a><\/td><td>Obrigat\u00f3ria<\/td><td><\/td><td>34<\/td><\/tr><tr><td>09030095<\/td><td><a href=\"https:\/\/institucional.ufpel.edu.br\/disciplinas\/id\/54690\" target=\"_blank\">EDUCA\u00c7\u00c3O \u00c0 DIST\u00c2NCIA E AMBIENTE VIRTUAL DE APRENDIZAGEM M\u00d3DULO I<\/a><\/td><td>Obrigat\u00f3ria<\/td><td><\/td><td>17<\/td><\/tr><tr><td>09030155<\/td><td><a href=\"https:\/\/institucional.ufpel.edu.br\/disciplinas\/id\/54750\" target=\"_blank\">EDUCA\u00c7\u00c3O AMBIENTAL,SUJEITOS E IDENTIDADES<\/a><\/td><td>Obrigat\u00f3ria<\/td><td><\/td><td>51<\/td><\/tr><tr><td>09030096<\/td><td><a href=\"https:\/\/institucional.ufpel.edu.br\/disciplinas\/id\/54691\" target=\"_blank\">PANORAMA DA EDUCA\u00c7\u00c3O AMBIENTAL NO BRASIL<\/a><\/td><td>Obrigat\u00f3ria<\/td><td><\/td><td>51<\/td><\/tr><tr><td>09030156<\/td><td><a href=\"https:\/\/institucional.ufpel.edu.br\/disciplinas\/id\/54751\" target=\"_blank\">PANORAMA DA EDUCA\u00c7\u00c3O AMBIENTAL NO BRASIL<\/a><\/td><td>Obrigat\u00f3ria<\/td><td><\/td><td>68<\/td><\/tr><tr><td>09030099<\/td><td><a href=\"https:\/\/institucional.ufpel.edu.br\/disciplinas\/id\/54694\" target=\"_blank\">POSSIBILIDADES METODOL\u00d3GICAS PARA A PESQUISA EM EDUCA\u00c7\u00c3O AMBIENTAL<\/a><\/td><td>Obrigat\u00f3ria<\/td><td><\/td><td>68<\/td><\/tr><tr><td>09030161<\/td><td><a href=\"https:\/\/institucional.ufpel.edu.br\/disciplinas\/id\/54756\" target=\"_blank\">RELAT\u00d3RIO DO TRABALHO DE CONCLUS\u00c3O DE CURSO (TCC)<\/a><\/td><td>Obrigat\u00f3ria<\/td><td><\/td><td>51<\/td><\/tr><tr><td>09030097<\/td><td><a href=\"https:\/\/institucional.ufpel.edu.br\/disciplinas\/id\/54692\" target=\"_blank\">TEMAS GERADORES: MUDAN\u00c7AS AMBIENTAIS GLOBAIS I<\/a><\/td><td>Obrigat\u00f3ria<\/td><td><\/td><td>51<\/td><\/tr><tr><th colspan=\"5\" class=\"tabela-quebra\">3\u00ba Semestre<\/th><\/tr><tr><th>C\u00f3digo<\/th><th>Disciplina<\/th><th>Car\u00e1ter<\/th><th>Cr.<\/th><th>Horas<\/th><\/tr><tr><td>15001062<\/td><td><a href=\"https:\/\/institucional.ufpel.edu.br\/disciplinas\/id\/53029\" target=\"_blank\">EDUCA\u00c7\u00c3O \u00c0 DIST\u00c2NCIA E AMBIENTE VIRTUAL DE APRENDIZAGEM<\/a><\/td><td>Obrigat\u00f3ria<\/td><td><\/td><td>34<\/td><\/tr><tr><td>09030139<\/td><td><a href=\"https:\/\/institucional.ufpel.edu.br\/disciplinas\/id\/54734\" target=\"_blank\">EDUCA\u00c7\u00c3O AMBIENTAL, SUJEITOS E IDENTIDADES<\/a><\/td><td>Obrigat\u00f3ria<\/td><td><\/td><td>34<\/td><\/tr><tr><td>09030140<\/td><td><a href=\"https:\/\/institucional.ufpel.edu.br\/disciplinas\/id\/54735\" target=\"_blank\">ESCOLAS E SOCIEDADES<\/a><\/td><td>Obrigat\u00f3ria<\/td><td><\/td><td>51<\/td><\/tr><tr><td>09040068<\/td><td><a href=\"https:\/\/institucional.ufpel.edu.br\/disciplinas\/id\/54764\" target=\"_blank\">INSTRUMENTA\u00c7\u00c3O PARA A EDUCA\u00c7\u00c3O AMBIENTAL E A PR\u00c1TICA INTERDISCIPLINAR I<\/a><\/td><td>Obrigat\u00f3ria<\/td><td><\/td><td>17<\/td><\/tr><tr><td>09040069<\/td><td><a href=\"https:\/\/institucional.ufpel.edu.br\/disciplinas\/id\/54765\" target=\"_blank\">INSTRUMENTA\u00c7\u00c3O PARA A EDUCA\u00c7\u00c3O AMBIENTAL E A PR\u00c1TICA INTERDISCIPLINAR II<\/a><\/td><td>Obrigat\u00f3ria<\/td><td><\/td><td>34<\/td><\/tr><tr><td>15001063<\/td><td><a href=\"https:\/\/institucional.ufpel.edu.br\/disciplinas\/id\/53030\" target=\"_blank\">PANORAMA DA EDUCA\u00c7\u00c3O AMBIENTAL NO BRASIL<\/a><\/td><td>Obrigat\u00f3ria<\/td><td><\/td><td>34<\/td><\/tr><tr><td>15001064<\/td><td><a href=\"https:\/\/institucional.ufpel.edu.br\/disciplinas\/id\/53031\" target=\"_blank\">PROJETOS DE PESQUISA\/INTERVEN\u00c7\u00c3O E SEMIN\u00c1RIOS TEM\u00c1TICOS<\/a><\/td><td>Obrigat\u00f3ria<\/td><td><\/td><td>51<\/td><\/tr><tr><td>09030141<\/td><td><a href=\"https:\/\/institucional.ufpel.edu.br\/disciplinas\/id\/54736\" target=\"_blank\">RELAT\u00d3RIO DO TRABALHO DE CONCLUS\u00c3O DE CURSO (TCC)<\/a><\/td><td>Obrigat\u00f3ria<\/td><td><\/td><td>68<\/td><\/tr><tr><td>02510220<\/td><td><a href=\"https:\/\/institucional.ufpel.edu.br\/disciplinas\/id\/53615\" target=\"_blank\">TEMAS GERADORES I: DESAFIOS AMBIENTAIS GLOBAIS<\/a><\/td><td>Obrigat\u00f3ria<\/td><td><\/td><td>17<\/td><\/tr><tr><td>09050146<\/td><td><a href=\"https:\/\/institucional.ufpel.edu.br\/disciplinas\/id\/53668\" target=\"_blank\">TEMAS GERADORES II: DESAFIOS AMBIENTAIS BRASILEIROS<\/a><\/td><td>Obrigat\u00f3ria<\/td><td><\/td><td>34<\/td><\/tr><\/table>\n  <\/div>\n<div class=\"tab-pane fade\" id=\"course_teachers\" role=\"tabpanel\" aria-labelledby=\"teachers-tab\">\n    <div class=\"dados-cobalto cobalto-lista-servidores\"><table class=\"tabela-grid\"><tr><td><div class=\"servidor-foto\"><a href=\"https:\/\/institucional.ufpel.edu.br\/servidores\/id\/28149\"><img decoding=\"async\" src=\"https:\/\/institucional.ufpel.edu.br\/cache\/imagens\/f07c646a-cf97-4d0f-918e-676e93a2f920.jpg\"><\/a><\/div><a href=\"https:\/\/institucional.ufpel.edu.br\/servidores\/id\/28149\"><span class=\"tabela-detalhe-titulo\">ANA PAULA NUNES<\/span><\/td><\/tr><tr><td><div class=\"servidor-foto\"><a href=\"https:\/\/institucional.ufpel.edu.br\/servidores\/id\/64863\"><img decoding=\"async\" src=\"https:\/\/institucional.ufpel.edu.br\/cache\/imagens\/0297384d-1100-4cca-9d47-544d3c6f2029.png\"><\/a><\/div><a href=\"https:\/\/institucional.ufpel.edu.br\/servidores\/id\/64863\"><span class=\"tabela-detalhe-titulo\">CARLA DENIZE OTT FELCHER<\/span><\/td><\/tr><tr><td><div class=\"servidor-foto\"><a href=\"https:\/\/institucional.ufpel.edu.br\/servidores\/id\/29188\"><img decoding=\"async\" src=\"https:\/\/institucional.ufpel.edu.br\/cache\/imagens\/0032a7b3-ecfa-4aed-b477-751b36283704.jpg\"><\/a><\/div><a href=\"https:\/\/institucional.ufpel.edu.br\/servidores\/id\/29188\"><span class=\"tabela-detalhe-titulo\">ERICO KUNDE CORREA<\/span><\/td><\/tr><tr><td><div class=\"servidor-foto\"><a href=\"https:\/\/institucional.ufpel.edu.br\/servidores\/id\/143430\"><img decoding=\"async\" src=\"https:\/\/institucional.ufpel.edu.br\/cache\/imagens\/1e667dfa-a5f0-45e6-9b51-86b74df33a02.jpg\"><\/a><\/div><a href=\"https:\/\/institucional.ufpel.edu.br\/servidores\/id\/143430\"><span class=\"tabela-detalhe-titulo\">FRANCELE DE ABREU CARLAN<\/span><\/td><\/tr><tr><td><div class=\"servidor-foto\"><a href=\"https:\/\/institucional.ufpel.edu.br\/servidores\/id\/5980\"><img decoding=\"async\" src=\"https:\/\/institucional.ufpel.edu.br\/cache\/imagens\/d56af14a-d317-4a46-ba1d-ccec1bd13201.png\"><\/a><\/div><a href=\"https:\/\/institucional.ufpel.edu.br\/servidores\/id\/5980\"><span class=\"tabela-detalhe-titulo\">GREICI MAIA BEHLING<\/span><\/td><\/tr><tr><td><div class=\"servidor-foto\"><a href=\"https:\/\/institucional.ufpel.edu.br\/servidores\/id\/33825\"><img decoding=\"async\" src=\"https:\/\/institucional.ufpel.edu.br\/cache\/imagens\/ec2852c0-95b3-478f-a2c1-76cffd8c5122.jpg\"><\/a><\/div><a href=\"https:\/\/institucional.ufpel.edu.br\/servidores\/id\/33825\"><span class=\"tabela-detalhe-titulo\">LUCIARA BILHALVA CORREA<\/span><\/td><\/tr><tr><td><div class=\"servidor-foto\"><a href=\"https:\/\/institucional.ufpel.edu.br\/servidores\/id\/175036\"><\/a><\/div><a href=\"https:\/\/institucional.ufpel.edu.br\/servidores\/id\/175036\"><span class=\"tabela-detalhe-titulo\">RAQUELI TERESINHA FRANCA<\/span><\/td><\/tr><\/table><\/div>\n  <\/div>\n<\/div>\n<hr class=\"cpted-divisor\" \/>\n<style>\na {\n  text-decoration: none !important;\n}\n.vl-container {\n  padding: 0 20px !important;\n}\n.tab-content {\n    padding: 20px 0 !important;\n}\n.infobox {\n  display: flex;\n  padding: 16px 34px 16px 24px;\n  border: 1px solid #dedede;\n  -moz-border-radius: 16px;\n  border-radius: 10px;\n  -webkit-box-shadow: 0 4px 8px rgba(51, 51, 51, .08);\n  -moz-box-shadow: 0 4px 8px rgba(51,51,51,.08);\n  box-shadow: 0 4px 8px rgba(51, 51, 51, .08);\n  flex-direction: column;\n  flex-wrap: wrap;\n  align-content: center;\n  justify-content: space-between;\n  align-items: center;\n  list-style: none;\n  margin-left: 0;\n  margin-bottom: 50px;\n}\n.infobox li {\n  display: flex;\n  flex-direction: row;\n  flex-wrap: nowrap;\n  align-content: center;\n  justify-content: center;\n  align-items: center;\n}\n.infobox li i {\n  font-size: 28px;\n  margin-right: 10px;\n  color: #00529f;\n}\n.infobox li.divisor {\n  min-width: 100%;\n  background: #dedede;\n  height: 1px;\n  margin: 10px auto;\n}\n.tabela-disciplinas .tabela-quebra {\n  border: 0;\n  text-transform: uppercase;\n}\n.tabela-disciplinas .tabela-quebra:before {\n    content: ' ';\n    width: 100%;\n    height: 30px;\n    display: block;\n}\n.tabela-disciplinas tbody tr th {\n  border-bottom: 0 !important;\n  border-left: 1px dashed #b9b9b9 !important;\n  border-top: 0;\n  padding: 5px 10px !important;\n  font-size: 11px;\n}\n.tabela-disciplinas tbody tr th:not(.tabela-quebra) {\n  background-color: #cfcfcf;\n}\n.tabela-disciplinas tbody tr th:first-child {\n  border-left: 0 !important;\n  border-radius: 5px 0 0 0;\n}\n.tabela-disciplinas tbody tr th:last-child {\n  border-radius: 0 5px 0 0;\n}\n.tabela-disciplinas tbody tr td {\n  border-width: 0px 0px !important;\n  border-bottom: 1px dotted #ccc !important;\n  border-left: 1px dashed #ccc !important;\n  padding: 2px 2px !important;\n  font-size: 11px;\n}\n.tabela-disciplinas tbody tr td:first-child {\n  border-left: 0 !important;\n}\n.tabela-disciplinas tbody tr th:nth-child(1),\n.tabela-disciplinas tbody tr th:nth-child(3),\n.tabela-disciplinas tbody tr th:nth-child(4),\n.tabela-disciplinas tbody tr th:nth-child(5),\n.tabela-disciplinas tbody tr td:nth-child(1),\n.tabela-disciplinas tbody tr td:nth-child(3),\n.tabela-disciplinas tbody tr td:nth-child(4),\n.tabela-disciplinas tbody tr td:nth-child(5) {\n  text-align: center;\n}\n#course_poles ul {\n  list-style: none;\n}\n#course_poles ul li {\n  border-bottom: 1px dotted #ccc;\n  padding: 5px 10px;\n}\n#course_poles ul li:nth-child(even) {\n  background-color: #f1f1f1;\n}\n.cobalto-lista-servidores .tabela-grid tr {\n  width: 33%;\n}\n.cobalto-lista-servidores .servidor-foto {\n    border: 0px solid #8888;\n    border-radius: 10px;\n}\n@media screen and (min-width: 480px) {\n  .vl-container {\n    padding: 0 50px !important;\n  }\n  .tab-content {\n    padding: 20px !important;\n  }\n  .tabela-disciplinas tbody tr th {\n    font-size: 12px;\n  }\n  .tabela-disciplinas tbody tr td {\n    padding: 5px 10px !important;\n    font-size: 12px;\n  }\n  .cobalto-lista-servidores .tabela-grid tr {\n    width: 25%;\n  }\n}\n@media screen and (min-width: 720px) {\n  .infobox {\n    flex-direction: row;\n  }\n  .infobox li.divisor {\n    min-width: 1px;\n    background: #dedede;\n    height: 40px;\n  }\n}\n<\/style>\n<p><script src=\"https:\/\/cdn.jsdelivr.net\/npm\/bootstrap@5.0.2\/dist\/js\/bootstrap.bundle.min.js\" integrity=\"sha384-MrcW6ZMFYlzcLA8Nl+NtUVF0sA7MsXsP1UyJoMp4YLEuNSfAP+JcXn\/tWtIaxVXM\" crossorigin=\"anonymous\"><\/script>\n<link href=\"https:\/\/cdn.jsdelivr.net\/npm\/bootstrap@5.0.2\/dist\/css\/bootstrap.min.css\" rel=\"stylesheet\" integrity=\"sha384-EVSTQN3\/azprG1Anm3QDgpJLIm9Nao0Yz1ztcQTwFspd3yD65VohhpuuCOmLASjC\" crossorigin=\"anonymous\">\n","protected":false},"excerpt":{"rendered":"<p>ESPECIALIZA\u00c7\u00c3O EM EDUCA\u00c7\u00c3O AMBIENTAL PARA ESPA\u00c7OS SUSTENT\u00c1VEIS A Especializa\u00e7\u00e3o em Educa\u00e7\u00e3o Ambiental para Espa\u00e7os Sustent\u00e1veis EAD capacita profissionais a promover pr\u00e1ticas sustent\u00e1veis em diversos ambientes. O curso abrange ecologia, gest\u00e3o de recursos naturais e educa\u00e7\u00e3o ambiental, oferecendo flexibilidade e metodologias inovadoras para um aprendizado efetivo e aplic\u00e1vel. Site: https:\/\/wp.ufpel.edu.br\/educambiental\/ Dura\u00e7\u00e3o: 374 horas Modalidade: EaD N\u00edvel: [&hellip;]<\/p>\n","protected":false},"author":1448,"featured_media":0,"parent":6623,"menu_order":0,"comment_status":"closed","ping_status":"closed","template":"","meta":{"footnotes":""},"class_list":["post-6918","page","type-page","status-publish","hentry"],"_links":{"self":[{"href":"https:\/\/wp.ufpel.edu.br\/cpted\/wp-json\/wp\/v2\/pages\/6918","targetHints":{"allow":["GET"]}}],"collection":[{"href":"https:\/\/wp.ufpel.edu.br\/cpted\/wp-json\/wp\/v2\/pages"}],"about":[{"href":"https:\/\/wp.ufpel.edu.br\/cpted\/wp-json\/wp\/v2\/types\/page"}],"author":[{"embeddable":true,"href":"https:\/\/wp.ufpel.edu.br\/cpted\/wp-json\/wp\/v2\/users\/1448"}],"replies":[{"embeddable":true,"href":"https:\/\/wp.ufpel.edu.br\/cpted\/wp-json\/wp\/v2\/comments?post=6918"}],"version-history":[{"count":1,"href":"https:\/\/wp.ufpel.edu.br\/cpted\/wp-json\/wp\/v2\/pages\/6918\/revisions"}],"predecessor-version":[{"id":6920,"href":"https:\/\/wp.ufpel.edu.br\/cpted\/wp-json\/wp\/v2\/pages\/6918\/revisions\/6920"}],"up":[{"embeddable":true,"href":"https:\/\/wp.ufpel.edu.br\/cpted\/wp-json\/wp\/v2\/pages\/6623"}],"wp:attachment":[{"href":"https:\/\/wp.ufpel.edu.br\/cpted\/wp-json\/wp\/v2\/media?parent=6918"}],"curies":[{"name":"wp","href":"https:\/\/api.w.org\/{rel}","templated":true}]}}