{"id":6011,"date":"2025-03-26T07:26:14","date_gmt":"2025-03-26T10:26:14","guid":{"rendered":"https:\/\/wp.ufpel.edu.br\/nuped\/?page_id=6011"},"modified":"2025-05-10T01:08:54","modified_gmt":"2025-05-10T04:08:54","slug":"edital-clmd-03-2025-professor-formador","status":"publish","type":"page","link":"https:\/\/wp.ufpel.edu.br\/cpted\/editais\/edital-clmd-03-2025-professor-formador\/","title":{"rendered":"Edital CLMD 03\/2025 \u2013 Professor Formador"},"content":{"rendered":"<h4 class=\"cpted-title\">EDITAL CLMD 03\/2025 &#8211; PROFESSOR FORMADOR<\/h4>\n<p align=\"justify\">A Coordena\u00e7\u00e3o Institucional da Universidade Aberta do Brasil da Universidade Federal de Pelotas (UAB- UFPEL), torna p\u00fablica a abertura das inscri\u00e7\u00f5es para a sele\u00e7\u00e3o de bolsistas UAB\/CAPES para a fun\u00e7\u00e3o de PROFESSOR FORMADOR junto ao Curso de Licenciatura em Matem\u00e1tica a Dist\u00e2ncia \u2013 CLMD.<\/p>\n<p align=\"justify\">Os bolsistas ser\u00e3o selecionados e atuar\u00e3o no apoio ao Curso de Licenciatura em Matem\u00e1tica a Dist\u00e2ncia \u2013 CLMD, atendendo ao regramento estabelecido pela Portaria CAPES n\u00ba 309, de 27 de setembro de 2024, pela Portaria CAPES n\u00ba 33, de 16 de fevereiro de 2023, Instru\u00e7\u00e3o Normativa Capes n\u00ba 1, de 01 de outubro de 2024, bem como em observ\u00e2ncia ao parecer n\u00ba 00442\/2024\/GAB\/PFFUFPEL\/AGU, nos termos do Art. 13 da Portaria CAPES n\u00ba 309, de 27 de setembro de 2024<\/p>\n<p align=\"justify\">Qualquer d\u00favida sobre o edital pode ser esclarecida entrando em contato pelo e-mail <a style=\"color: #3366ff\" href=\"mailto:editaisclmd@gmail.com\" rel=\"noopener\">editaisclmd@gmail.com<\/a>.<\/p>\n<p align=\"justify\">E para mais detalhes sobre o processo seletivo, os crit\u00e9rios de participa\u00e7\u00e3o e a documenta\u00e7\u00e3o necess\u00e1ria, consulte os arquivos abaixo.<\/p>\n<table class=\"cpted-tables\" style=\"border-collapse: unset;width: 100%\" border=\"0\">\n<thead>\n<tr>\n<th style=\"text-align: left;\"><strong>NOME DO ARQUIVO<\/strong><\/th>\n<th style=\"text-align: center; width: 20%;\"><strong>DATA DE PUBLICA\u00c7\u00c3O<\/strong><\/th>\n<\/tr>\n<\/thead>\n<tbody>\n<tr onclick=\"location.href = 'https:\/\/wp.ufpel.edu.br\/cpted\/files\/2025\/05\/SEI_3048796_Edital_CLMD_03_2025.pdf';\" style=\"cursor: pointer;\">\n<td>Resultado Final<\/td>\n<td style=\"text-align: center\">30\/04\/2025<\/td>\n<\/tr>\n<tr onclick=\"location.href = 'https:\/\/wp.ufpel.edu.br\/cpted\/files\/2025\/04\/SEI_3037269_Edital_CLMD_03_2025.pdf';\" style=\"cursor: pointer;\">\n<td>Resultado Parcial<\/td>\n<td style=\"text-align: center\">23\/04\/2025<\/td>\n<\/tr>\n<tr onclick=\"location.href = 'https:\/\/wp.ufpel.edu.br\/cpted\/files\/2025\/04\/SEI_3025980_Ata___Homologacao_de_Inscricoes.pdf';\" style=\"cursor: pointer;\">\n<td>Homologa\u00e7\u00e3o das Inscri\u00e7\u00f5es<\/td>\n<td style=\"text-align: center\">26\/03\/2025<\/td>\n<\/tr>\n<tr onclick=\"location.href = 'https:\/\/wp.ufpel.edu.br\/cpted\/files\/2025\/03\/SEI_3000824_Edital_CLMD_03_2025.pdf';\" style=\"cursor: pointer;\">\n<td>Edital de Abertura<\/td>\n<td style=\"text-align: center\">26\/03\/2025<\/td>\n<\/tr>\n<\/tbody>\n<\/table>\n<p><\/p>\n","protected":false},"excerpt":{"rendered":"<p>EDITAL CLMD 03\/2025 &#8211; PROFESSOR FORMADOR A Coordena\u00e7\u00e3o Institucional da Universidade Aberta do Brasil da Universidade Federal de Pelotas (UAB- UFPEL), torna p\u00fablica a abertura das inscri\u00e7\u00f5es para a sele\u00e7\u00e3o de bolsistas UAB\/CAPES para a fun\u00e7\u00e3o de PROFESSOR FORMADOR junto ao Curso de Licenciatura em Matem\u00e1tica a Dist\u00e2ncia \u2013 CLMD. Os bolsistas ser\u00e3o selecionados e [&hellip;]<\/p>\n","protected":false},"author":1448,"featured_media":0,"parent":22,"menu_order":0,"comment_status":"closed","ping_status":"closed","template":"","meta":{"footnotes":""},"class_list":["post-6011","page","type-page","status-publish","hentry"],"_links":{"self":[{"href":"https:\/\/wp.ufpel.edu.br\/cpted\/wp-json\/wp\/v2\/pages\/6011","targetHints":{"allow":["GET"]}}],"collection":[{"href":"https:\/\/wp.ufpel.edu.br\/cpted\/wp-json\/wp\/v2\/pages"}],"about":[{"href":"https:\/\/wp.ufpel.edu.br\/cpted\/wp-json\/wp\/v2\/types\/page"}],"author":[{"embeddable":true,"href":"https:\/\/wp.ufpel.edu.br\/cpted\/wp-json\/wp\/v2\/users\/1448"}],"replies":[{"embeddable":true,"href":"https:\/\/wp.ufpel.edu.br\/cpted\/wp-json\/wp\/v2\/comments?post=6011"}],"version-history":[{"count":3,"href":"https:\/\/wp.ufpel.edu.br\/cpted\/wp-json\/wp\/v2\/pages\/6011\/revisions"}],"predecessor-version":[{"id":6408,"href":"https:\/\/wp.ufpel.edu.br\/cpted\/wp-json\/wp\/v2\/pages\/6011\/revisions\/6408"}],"up":[{"embeddable":true,"href":"https:\/\/wp.ufpel.edu.br\/cpted\/wp-json\/wp\/v2\/pages\/22"}],"wp:attachment":[{"href":"https:\/\/wp.ufpel.edu.br\/cpted\/wp-json\/wp\/v2\/media?parent=6011"}],"curies":[{"name":"wp","href":"https:\/\/api.w.org\/{rel}","templated":true}]}}