{"id":5939,"date":"2025-03-14T11:34:02","date_gmt":"2025-03-14T14:34:02","guid":{"rendered":"https:\/\/wp.ufpel.edu.br\/nuped\/?page_id=5939"},"modified":"2025-05-07T23:58:11","modified_gmt":"2025-05-08T02:58:11","slug":"edital-clhd-04-2025-coordenadoria-de-curso","status":"publish","type":"page","link":"https:\/\/wp.ufpel.edu.br\/cpted\/editais\/edital-clhd-04-2025-coordenadoria-de-curso\/","title":{"rendered":"Edital CLHD 04\/2025 &#8211; Coordenadoria de Curso"},"content":{"rendered":"<h4 class=\"cpted-title\">EDITAL CLHD 04\/2025 &#8211; COORDENADORIA DE CURSO<\/h4>\n<p style=\"text-aling:justify;\">A Coordena\u00e7\u00e3o Institucional da Universidade Aberta do Brasil da Universidade Federal de Pelotas (UAB-UFPEL), torna p\u00fablica a abertura das inscri\u00e7\u00f5es para a sele\u00e7\u00e3o de bolsistas UAB\/CAPES para a fun\u00e7\u00e3o de COORDENADORIA DE CURSO junto ao Curso de Licenciatura em Hist\u00f3ria \u00e0 Dist\u00e2ncia &#8211; CLHD.<\/p>\n<p style=\"text-aling:justify;\">Para mais detalhes sobre o processo seletivo, os crit\u00e9rios de participa\u00e7\u00e3o e a documenta\u00e7\u00e3o necess\u00e1ria, consulte os arquivos abaixo.<\/p>\n<table class=\"cpted-tables\" style=\"border-collapse: unset;width: 100%\" border=\"0\">\n<thead>\n<tr>\n<th style=\"text-align: left;\"><strong>NOME DO ARQUIVO<\/strong><\/th>\n<th style=\"text-align: center; width: 20%;\"><strong>DATA DE PUBLICA\u00c7\u00c3O<\/strong><\/th>\n<\/tr>\n<\/thead>\n<tbody>\n<tr onclick=\"location.href = 'https:\/\/wp.ufpel.edu.br\/cpted\/files\/2025\/03\/Edital_COORDENADOR___04_2025_corrigido_NUPED_assinado.pdf';\" style=\"cursor: pointer;\">\n<td>Edital de Abertura<\/td>\n<td style=\"text-align: center\">14\/03\/2025<\/td>\n<\/tr>\n<\/tbody>\n<\/table>\n<p><\/p>\n","protected":false},"excerpt":{"rendered":"<p>EDITAL CLHD 04\/2025 &#8211; COORDENADORIA DE CURSO A Coordena\u00e7\u00e3o Institucional da Universidade Aberta do Brasil da Universidade Federal de Pelotas (UAB-UFPEL), torna p\u00fablica a abertura das inscri\u00e7\u00f5es para a sele\u00e7\u00e3o de bolsistas UAB\/CAPES para a fun\u00e7\u00e3o de COORDENADORIA DE CURSO junto ao Curso de Licenciatura em Hist\u00f3ria \u00e0 Dist\u00e2ncia &#8211; CLHD. Para mais detalhes sobre [&hellip;]<\/p>\n","protected":false},"author":1448,"featured_media":0,"parent":22,"menu_order":0,"comment_status":"closed","ping_status":"closed","template":"","meta":{"footnotes":""},"class_list":["post-5939","page","type-page","status-publish","hentry"],"_links":{"self":[{"href":"https:\/\/wp.ufpel.edu.br\/cpted\/wp-json\/wp\/v2\/pages\/5939","targetHints":{"allow":["GET"]}}],"collection":[{"href":"https:\/\/wp.ufpel.edu.br\/cpted\/wp-json\/wp\/v2\/pages"}],"about":[{"href":"https:\/\/wp.ufpel.edu.br\/cpted\/wp-json\/wp\/v2\/types\/page"}],"author":[{"embeddable":true,"href":"https:\/\/wp.ufpel.edu.br\/cpted\/wp-json\/wp\/v2\/users\/1448"}],"replies":[{"embeddable":true,"href":"https:\/\/wp.ufpel.edu.br\/cpted\/wp-json\/wp\/v2\/comments?post=5939"}],"version-history":[{"count":3,"href":"https:\/\/wp.ufpel.edu.br\/cpted\/wp-json\/wp\/v2\/pages\/5939\/revisions"}],"predecessor-version":[{"id":6304,"href":"https:\/\/wp.ufpel.edu.br\/cpted\/wp-json\/wp\/v2\/pages\/5939\/revisions\/6304"}],"up":[{"embeddable":true,"href":"https:\/\/wp.ufpel.edu.br\/cpted\/wp-json\/wp\/v2\/pages\/22"}],"wp:attachment":[{"href":"https:\/\/wp.ufpel.edu.br\/cpted\/wp-json\/wp\/v2\/media?parent=5939"}],"curies":[{"name":"wp","href":"https:\/\/api.w.org\/{rel}","templated":true}]}}