{"id":5832,"date":"2025-02-27T20:33:48","date_gmt":"2025-02-27T23:33:48","guid":{"rendered":"https:\/\/wp.ufpel.edu.br\/nuped\/?page_id=5832"},"modified":"2025-06-04T10:10:19","modified_gmt":"2025-06-04T13:10:19","slug":"edital-cled-04-2025-tutor-presencial","status":"publish","type":"page","link":"https:\/\/wp.ufpel.edu.br\/cpted\/editais\/edital-cled-04-2025-tutor-presencial\/","title":{"rendered":"Edital CLED 04\/2025 &#8211; Tutor Presencial"},"content":{"rendered":"<h4 class=\"cpted-title\">EDITAL CLED 04\/2025 &#8211; TUTOR PRESENCIAL<\/h4>\n<p style=\"text-aling:justify;\">Para mais detalhes sobre o processo seletivo, os crit\u00e9rios de participa\u00e7\u00e3o e a documenta\u00e7\u00e3o necess\u00e1ria, consulte os arquivos abaixo.<\/p>\n<table class=\"cpted-tables\" style=\"border-collapse: unset;width: 100%\" border=\"0\">\n<thead>\n<tr>\n<th style=\"text-align: left;\"><strong>NOME DO ARQUIVO<\/strong><\/th>\n<th style=\"text-align: center; width: 20%;\"><strong>DATA DE PUBLICA\u00c7\u00c3O<\/strong><\/th>\n<\/tr>\n<\/thead>\n<tbody>\n<tr onclick=\"location.href = 'https:\/\/wp.ufpel.edu.br\/cpted\/files\/2025\/03\/edital_presencial_04_2025_classificacao_assinado.pdf';\" style=\"cursor: pointer;\">\n<td>Classifica\u00e7\u00e3o Final<\/td>\n<td style=\"text-align: center\">21\/03\/2025<\/td>\n<\/tr>\n<tr onclick=\"location.href = 'https:\/\/wp.ufpel.edu.br\/cpted\/files\/2025\/06\/Edital-CLED-04-2025-Resultado-Parcial.pdf';\" style=\"cursor: pointer;\">\n<td>Resultado Parcial<\/td>\n<td style=\"text-align: center\">21\/03\/2025<\/td>\n<\/tr>\n<tr onclick=\"location.href = 'https:\/\/wp.ufpel.edu.br\/cpted\/files\/2025\/03\/edital_presencial_04_2025_homologacao_assinado.pdf';\" style=\"cursor: pointer;\">\n<td>Homologa\u00e7\u00e3o de Inscri\u00e7\u00f5es<\/td>\n<td style=\"text-align: center\">14\/03\/2025<\/td>\n<\/tr>\n<tr onclick=\"location.href = 'https:\/\/wp.ufpel.edu.br\/cpted\/files\/2025\/02\/Edital_CLED_tutor_presencial_04_2025_assinado.pdf';\" style=\"cursor: pointer;\">\n<td>Edital de Abertura<\/td>\n<td style=\"text-align: center\">27\/02\/2025<\/td>\n<\/tr>\n<\/tbody>\n<\/table>\n<p><\/p>\n","protected":false},"excerpt":{"rendered":"<p>EDITAL CLED 04\/2025 &#8211; TUTOR PRESENCIAL Para mais detalhes sobre o processo seletivo, os crit\u00e9rios de participa\u00e7\u00e3o e a documenta\u00e7\u00e3o necess\u00e1ria, consulte os arquivos abaixo. NOME DO ARQUIVO DATA DE PUBLICA\u00c7\u00c3O Classifica\u00e7\u00e3o Final 21\/03\/2025 Resultado Parcial 21\/03\/2025 Homologa\u00e7\u00e3o de Inscri\u00e7\u00f5es 14\/03\/2025 Edital de Abertura 27\/02\/2025<\/p>\n","protected":false},"author":1448,"featured_media":0,"parent":22,"menu_order":0,"comment_status":"closed","ping_status":"closed","template":"","meta":{"footnotes":""},"class_list":["post-5832","page","type-page","status-publish","hentry"],"_links":{"self":[{"href":"https:\/\/wp.ufpel.edu.br\/cpted\/wp-json\/wp\/v2\/pages\/5832","targetHints":{"allow":["GET"]}}],"collection":[{"href":"https:\/\/wp.ufpel.edu.br\/cpted\/wp-json\/wp\/v2\/pages"}],"about":[{"href":"https:\/\/wp.ufpel.edu.br\/cpted\/wp-json\/wp\/v2\/types\/page"}],"author":[{"embeddable":true,"href":"https:\/\/wp.ufpel.edu.br\/cpted\/wp-json\/wp\/v2\/users\/1448"}],"replies":[{"embeddable":true,"href":"https:\/\/wp.ufpel.edu.br\/cpted\/wp-json\/wp\/v2\/comments?post=5832"}],"version-history":[{"count":3,"href":"https:\/\/wp.ufpel.edu.br\/cpted\/wp-json\/wp\/v2\/pages\/5832\/revisions"}],"predecessor-version":[{"id":7317,"href":"https:\/\/wp.ufpel.edu.br\/cpted\/wp-json\/wp\/v2\/pages\/5832\/revisions\/7317"}],"up":[{"embeddable":true,"href":"https:\/\/wp.ufpel.edu.br\/cpted\/wp-json\/wp\/v2\/pages\/22"}],"wp:attachment":[{"href":"https:\/\/wp.ufpel.edu.br\/cpted\/wp-json\/wp\/v2\/media?parent=5832"}],"curies":[{"name":"wp","href":"https:\/\/api.w.org\/{rel}","templated":true}]}}