{"id":5722,"date":"2025-02-18T12:20:57","date_gmt":"2025-02-18T15:20:57","guid":{"rendered":"https:\/\/wp.ufpel.edu.br\/nuped\/?page_id=5722"},"modified":"2025-05-07T23:39:17","modified_gmt":"2025-05-08T02:39:17","slug":"edital-cled-03-2025-professor-formador","status":"publish","type":"page","link":"https:\/\/wp.ufpel.edu.br\/cpted\/editais\/edital-cled-03-2025-professor-formador\/","title":{"rendered":"Edital CLED 03\/2025 &#8211; Professor Formador"},"content":{"rendered":"<h4 class=\"cpted-title\">EDITAL CLED 03\/2025 &#8211; PROFESSOR FORMADOR<\/h4>\n<p style=\"text-aling:justify;\">Para mais detalhes sobre o processo seletivo, os crit\u00e9rios de participa\u00e7\u00e3o e a documenta\u00e7\u00e3o necess\u00e1ria, consulte os arquivos abaixo.<\/p>\n<table class=\"cpted-tables\" style=\"border-collapse: unset;width: 100%\" border=\"0\">\n<thead>\n<tr>\n<th style=\"text-align: left;\"><strong>NOME DO ARQUIVO<\/strong><\/th>\n<th style=\"text-align: center; width: 20%;\"><strong>DATA DE PUBLICA\u00c7\u00c3O<\/strong><\/th>\n<\/tr>\n<\/thead>\n<tbody>\n<tr onclick=\"location.href = 'https:\/\/wp.ufpel.edu.br\/cpted\/files\/2025\/02\/Classificacao_final_formador_portugues_03_2025_assinado.pdf';\" style=\"cursor: pointer;\">\n<td>Classifica\u00e7\u00e3o Final ap\u00f3s Recursos<\/td>\n<td style=\"text-align: center\">20\/02\/2025<\/td>\n<\/tr>\n<tr onclick=\"location.href = 'https:\/\/wp.ufpel.edu.br\/cpted\/files\/2025\/02\/Classificacao_Formador_portugues_03_2025_assinado.pdf';\" style=\"cursor: pointer;\">\n<td>Classifica\u00e7\u00e3o<\/td>\n<td style=\"text-align: center\">13\/02\/2025<\/td>\n<\/tr>\n<tr onclick=\"location.href = 'https:\/\/wp.ufpel.edu.br\/nuped\/files\/2025\/02\/homologac%CC%A7a%CC%83o_Formador_portugue%CC%82s_03_2025.pdf';\" style=\"cursor: pointer;\">\n<td>Inscri\u00e7\u00f5es Homologadas<\/td>\n<td style=\"text-align: center\">05\/02\/2025<\/td>\n<\/tr>\n<tr onclick=\"location.href = 'https:\/\/wp.ufpel.edu.br\/cpted\/files\/2025\/01\/Edital_CLED_FORMADOR_03_2025.pdf';\" style=\"cursor: pointer;\">\n<td>Edital de Abertura<\/td>\n<td style=\"text-align: center\">21\/01\/2025<\/td>\n<\/tr>\n<\/tbody>\n<\/table>\n<p><\/p>\n","protected":false},"excerpt":{"rendered":"<p>EDITAL CLED 03\/2025 &#8211; PROFESSOR FORMADOR Para mais detalhes sobre o processo seletivo, os crit\u00e9rios de participa\u00e7\u00e3o e a documenta\u00e7\u00e3o necess\u00e1ria, consulte os arquivos abaixo. NOME DO ARQUIVO DATA DE PUBLICA\u00c7\u00c3O Classifica\u00e7\u00e3o Final ap\u00f3s Recursos 20\/02\/2025 Classifica\u00e7\u00e3o 13\/02\/2025 Inscri\u00e7\u00f5es Homologadas 05\/02\/2025 Edital de Abertura 21\/01\/2025<\/p>\n","protected":false},"author":1448,"featured_media":0,"parent":22,"menu_order":0,"comment_status":"closed","ping_status":"closed","template":"","meta":{"footnotes":""},"class_list":["post-5722","page","type-page","status-publish","hentry"],"_links":{"self":[{"href":"https:\/\/wp.ufpel.edu.br\/cpted\/wp-json\/wp\/v2\/pages\/5722","targetHints":{"allow":["GET"]}}],"collection":[{"href":"https:\/\/wp.ufpel.edu.br\/cpted\/wp-json\/wp\/v2\/pages"}],"about":[{"href":"https:\/\/wp.ufpel.edu.br\/cpted\/wp-json\/wp\/v2\/types\/page"}],"author":[{"embeddable":true,"href":"https:\/\/wp.ufpel.edu.br\/cpted\/wp-json\/wp\/v2\/users\/1448"}],"replies":[{"embeddable":true,"href":"https:\/\/wp.ufpel.edu.br\/cpted\/wp-json\/wp\/v2\/comments?post=5722"}],"version-history":[{"count":2,"href":"https:\/\/wp.ufpel.edu.br\/cpted\/wp-json\/wp\/v2\/pages\/5722\/revisions"}],"predecessor-version":[{"id":6299,"href":"https:\/\/wp.ufpel.edu.br\/cpted\/wp-json\/wp\/v2\/pages\/5722\/revisions\/6299"}],"up":[{"embeddable":true,"href":"https:\/\/wp.ufpel.edu.br\/cpted\/wp-json\/wp\/v2\/pages\/22"}],"wp:attachment":[{"href":"https:\/\/wp.ufpel.edu.br\/cpted\/wp-json\/wp\/v2\/media?parent=5722"}],"curies":[{"name":"wp","href":"https:\/\/api.w.org\/{rel}","templated":true}]}}