{"id":5694,"date":"2025-02-18T11:05:30","date_gmt":"2025-02-18T14:05:30","guid":{"rendered":"https:\/\/wp.ufpel.edu.br\/nuped\/?page_id=5694"},"modified":"2025-05-08T00:07:29","modified_gmt":"2025-05-08T03:07:29","slug":"edital-clhd-06-2025-professor-formador","status":"publish","type":"page","link":"https:\/\/wp.ufpel.edu.br\/cpted\/editais\/edital-clhd-06-2025-professor-formador\/","title":{"rendered":"Edital CLHD 06\/2025 &#8211; Professor Formador"},"content":{"rendered":"<h4 class=\"cpted-title\">EDITAL CLHD 06\/2025 &#8211; PROFESSOR FORMADOR<\/h4>\n<p style=\"text-align:justify;\">A Universidade Federal de Pelotas (UFPel), por meio da Coordena\u00e7\u00e3o Institucional da Universidade Aberta do Brasil (UAB\/UFPel), est\u00e1 com inscri\u00e7\u00f5es abertas para a sele\u00e7\u00e3o de Professores Formadores no Curso de Licenciatura em Hist\u00f3ria a Dist\u00e2ncia (CLHD).<\/p>\n<p style=\"text-align:justify;\">O processo seletivo busca docentes com forma\u00e7\u00e3o em Hist\u00f3ria ou na \u00e1rea de Ensino, experi\u00eancia m\u00ednima de um ano no Magist\u00e9rio Superior e disponibilidade para atuar de acordo com as diretrizes do curso. Os selecionados ser\u00e3o respons\u00e1veis por atividades de ensino, orienta\u00e7\u00e3o acad\u00eamica e desenvolvimento de conte\u00fados na modalidade EaD.<\/p>\n<p style=\"text-align:justify;\">As inscri\u00e7\u00f5es estar\u00e3o abertas de 18 de fevereiro a 4 de mar\u00e7o de 2025 e devem ser realizadas online. A bolsa, no valor de R$ 1.850,00, ser\u00e1 concedida pela CAPES conforme a regulamenta\u00e7\u00e3o vigente.<\/p>\n<p style=\"text-align:justify;\">Para mais detalhes sobre o processo seletivo, os crit\u00e9rios de participa\u00e7\u00e3o e a documenta\u00e7\u00e3o necess\u00e1ria, consulte os arquivos abaixo.<\/p>\n<table class=\"cpted-tables\" style=\"border-collapse: unset;width: 100%\" border=\"0\">\n<thead>\n<tr>\n<th style=\"text-align: left;\"><strong>NOME DO ARQUIVO<\/strong><\/th>\n<th style=\"text-align: center; width: 20%;\"><strong>DATA DE PUBLICA\u00c7\u00c3O<\/strong><\/th>\n<\/tr>\n<\/thead>\n<tbody>\n<tr onclick=\"location.href = 'https:\/\/wp.ufpel.edu.br\/cpted\/files\/2025\/03\/SEI_2992192_Despacho.pdf';\" style=\"cursor: pointer;\">\n<td>Resultado Final<\/td>\n<td style=\"text-align: center\">20\/03\/2025<\/td>\n<\/tr>\n<tr onclick=\"location.href = 'https:\/\/wp.ufpel.edu.br\/cpted\/files\/2025\/03\/SEI_2985214_Despacho.pdf';\" style=\"cursor: pointer;\">\n<td>Resultado Parcial<\/td>\n<td style=\"text-align: center\">13\/03\/2025<\/td>\n<\/tr>\n<tr onclick=\"location.href = 'https:\/\/wp.ufpel.edu.br\/cpted\/files\/2025\/03\/SEI_2979154_Memorando_58.pdf';\" style=\"cursor: pointer;\">\n<td>Homologa\u00e7\u00e3o das Inscri\u00e7\u00f5es<\/td>\n<td style=\"text-align: center\">10\/03\/2025<\/td>\n<\/tr>\n<tr onclick=\"location.href = 'https:\/\/wp.ufpel.edu.br\/cpted\/files\/2025\/02\/Edital_CLHD_06_.ANO_2025_Professor_Formador_VERSAOFINAL.pdf';\" style=\"cursor: pointer;\">\n<td>Edital de Abertura<\/td>\n<td style=\"text-align: center\">18\/02\/2025<\/td>\n<\/tr>\n<\/tbody>\n<\/table>\n<p><\/p>\n","protected":false},"excerpt":{"rendered":"<p>EDITAL CLHD 06\/2025 &#8211; PROFESSOR FORMADOR A Universidade Federal de Pelotas (UFPel), por meio da Coordena\u00e7\u00e3o Institucional da Universidade Aberta do Brasil (UAB\/UFPel), est\u00e1 com inscri\u00e7\u00f5es abertas para a sele\u00e7\u00e3o de Professores Formadores no Curso de Licenciatura em Hist\u00f3ria a Dist\u00e2ncia (CLHD). O processo seletivo busca docentes com forma\u00e7\u00e3o em Hist\u00f3ria ou na \u00e1rea de [&hellip;]<\/p>\n","protected":false},"author":1448,"featured_media":0,"parent":22,"menu_order":0,"comment_status":"closed","ping_status":"closed","template":"","meta":{"footnotes":""},"class_list":["post-5694","page","type-page","status-publish","hentry"],"_links":{"self":[{"href":"https:\/\/wp.ufpel.edu.br\/cpted\/wp-json\/wp\/v2\/pages\/5694","targetHints":{"allow":["GET"]}}],"collection":[{"href":"https:\/\/wp.ufpel.edu.br\/cpted\/wp-json\/wp\/v2\/pages"}],"about":[{"href":"https:\/\/wp.ufpel.edu.br\/cpted\/wp-json\/wp\/v2\/types\/page"}],"author":[{"embeddable":true,"href":"https:\/\/wp.ufpel.edu.br\/cpted\/wp-json\/wp\/v2\/users\/1448"}],"replies":[{"embeddable":true,"href":"https:\/\/wp.ufpel.edu.br\/cpted\/wp-json\/wp\/v2\/comments?post=5694"}],"version-history":[{"count":2,"href":"https:\/\/wp.ufpel.edu.br\/cpted\/wp-json\/wp\/v2\/pages\/5694\/revisions"}],"predecessor-version":[{"id":6309,"href":"https:\/\/wp.ufpel.edu.br\/cpted\/wp-json\/wp\/v2\/pages\/5694\/revisions\/6309"}],"up":[{"embeddable":true,"href":"https:\/\/wp.ufpel.edu.br\/cpted\/wp-json\/wp\/v2\/pages\/22"}],"wp:attachment":[{"href":"https:\/\/wp.ufpel.edu.br\/cpted\/wp-json\/wp\/v2\/media?parent=5694"}],"curies":[{"name":"wp","href":"https:\/\/api.w.org\/{rel}","templated":true}]}}