{"id":5689,"date":"2025-02-18T11:01:40","date_gmt":"2025-02-18T14:01:40","guid":{"rendered":"https:\/\/wp.ufpel.edu.br\/nuped\/?page_id=5689"},"modified":"2025-05-08T00:15:57","modified_gmt":"2025-05-08T03:15:57","slug":"edital-clhd-08-2025-tutoria-a-distancia","status":"publish","type":"page","link":"https:\/\/wp.ufpel.edu.br\/cpted\/editais\/edital-clhd-08-2025-tutoria-a-distancia\/","title":{"rendered":"Edital CLHD 08\/2025 &#8211; Tutoria a Dist\u00e2ncia"},"content":{"rendered":"<h4 class=\"cpted-title\">EDITAL CLHD 08\/2025 &#8211; TUTORIA A DIST\u00c2NCIA<\/h4>\n<p style=\"text-align:justify;\">A Universidade Federal de Pelotas (UFPel), por meio da Coordena\u00e7\u00e3o Institucional da Universidade Aberta do Brasil (UAB\/UFPel), anunciou a abertura do processo seletivo para a contrata\u00e7\u00e3o de tutores(as) a dist\u00e2ncia no Curso de Licenciatura em Hist\u00f3ria a Dist\u00e2ncia (CLHD).<\/p>\n<p style=\"text-align:justify;\">A sele\u00e7\u00e3o busca profissionais com forma\u00e7\u00e3o em Hist\u00f3ria ou \u00e1reas afins, experi\u00eancia em educa\u00e7\u00e3o a dist\u00e2ncia e disponibilidade para atua\u00e7\u00e3o conforme as diretrizes do programa. Os tutores selecionados atuar\u00e3o no suporte pedag\u00f3gico aos estudantes do curso, al\u00e9m de outras atividades acad\u00eamicas e administrativas previstas no edital.<\/p>\n<p style=\"text-align:justify;\">As inscri\u00e7\u00f5es estar\u00e3o abertas de 18 de fevereiro a 4 de mar\u00e7o de 2025 e devem ser realizadas online. A concess\u00e3o de bolsas ser\u00e1 feita pela CAPES, seguindo as normativas vigentes.<\/p>\n<p style=\"text-align:justify;\">Para mais detalhes sobre o processo seletivo, os crit\u00e9rios de participa\u00e7\u00e3o e a documenta\u00e7\u00e3o necess\u00e1ria, consulte os arquivos abaixo.<\/p>\n<table class=\"cpted-tables\" style=\"border-collapse: unset;width: 100%\" border=\"0\">\n<thead>\n<tr>\n<th style=\"text-align: left;\"><strong>NOME DO ARQUIVO<\/strong><\/th>\n<th style=\"text-align: center; width: 20%;\"><strong>DATA DE PUBLICA\u00c7\u00c3O<\/strong><\/th>\n<\/tr>\n<\/thead>\n<tbody>\n<tr onclick=\"location.href = 'https:\/\/wp.ufpel.edu.br\/cpted\/files\/2025\/03\/SEI_2992165_Despacho.pdf';\" style=\"cursor: pointer;\">\n<td>Resultado Final<\/td>\n<td style=\"text-align: center\">21\/03\/2025<\/td>\n<\/tr>\n<tr onclick=\"location.href = 'https:\/\/wp.ufpel.edu.br\/cpted\/files\/2025\/03\/SEI_2987960_Memorando_65.pdf';\" style=\"cursor: pointer;\">\n<td>Resultado dos Parcial<\/td>\n<td style=\"text-align: center\">17\/03\/2025<\/td>\n<\/tr>\n<tr onclick=\"location.href = 'https:\/\/wp.ufpel.edu.br\/cpted\/files\/2025\/03\/SEI_2976665_Memorando_57.pdf';\" style=\"cursor: pointer;\">\n<td>Homologa\u00e7\u00e3o das Inscri\u00e7\u00f5es<\/td>\n<td style=\"text-align: center\">07\/03\/2025<\/td>\n<\/tr>\n<tr onclick=\"location.href = 'https:\/\/wp.ufpel.edu.br\/cpted\/files\/2025\/02\/Edital_CLHD_08.2025___Tutoria_a_distancia.docx_VERSAOFINALnuped_assinado.pdf';\" style=\"cursor: pointer;\">\n<td>Edital de Abertura<\/td>\n<td style=\"text-align: center\">18\/02\/2025<\/td>\n<\/tr>\n<\/tbody>\n<\/table>\n<p><\/p>\n","protected":false},"excerpt":{"rendered":"<p>EDITAL CLHD 08\/2025 &#8211; TUTORIA A DIST\u00c2NCIA A Universidade Federal de Pelotas (UFPel), por meio da Coordena\u00e7\u00e3o Institucional da Universidade Aberta do Brasil (UAB\/UFPel), anunciou a abertura do processo seletivo para a contrata\u00e7\u00e3o de tutores(as) a dist\u00e2ncia no Curso de Licenciatura em Hist\u00f3ria a Dist\u00e2ncia (CLHD). A sele\u00e7\u00e3o busca profissionais com forma\u00e7\u00e3o em Hist\u00f3ria ou [&hellip;]<\/p>\n","protected":false},"author":1448,"featured_media":0,"parent":22,"menu_order":0,"comment_status":"closed","ping_status":"closed","template":"","meta":{"footnotes":""},"class_list":["post-5689","page","type-page","status-publish","hentry"],"_links":{"self":[{"href":"https:\/\/wp.ufpel.edu.br\/cpted\/wp-json\/wp\/v2\/pages\/5689","targetHints":{"allow":["GET"]}}],"collection":[{"href":"https:\/\/wp.ufpel.edu.br\/cpted\/wp-json\/wp\/v2\/pages"}],"about":[{"href":"https:\/\/wp.ufpel.edu.br\/cpted\/wp-json\/wp\/v2\/types\/page"}],"author":[{"embeddable":true,"href":"https:\/\/wp.ufpel.edu.br\/cpted\/wp-json\/wp\/v2\/users\/1448"}],"replies":[{"embeddable":true,"href":"https:\/\/wp.ufpel.edu.br\/cpted\/wp-json\/wp\/v2\/comments?post=5689"}],"version-history":[{"count":2,"href":"https:\/\/wp.ufpel.edu.br\/cpted\/wp-json\/wp\/v2\/pages\/5689\/revisions"}],"predecessor-version":[{"id":6313,"href":"https:\/\/wp.ufpel.edu.br\/cpted\/wp-json\/wp\/v2\/pages\/5689\/revisions\/6313"}],"up":[{"embeddable":true,"href":"https:\/\/wp.ufpel.edu.br\/cpted\/wp-json\/wp\/v2\/pages\/22"}],"wp:attachment":[{"href":"https:\/\/wp.ufpel.edu.br\/cpted\/wp-json\/wp\/v2\/media?parent=5689"}],"curies":[{"name":"wp","href":"https:\/\/api.w.org\/{rel}","templated":true}]}}