{"id":5639,"date":"2025-02-18T09:44:48","date_gmt":"2025-02-18T12:44:48","guid":{"rendered":"https:\/\/wp.ufpel.edu.br\/nuped\/?page_id=5639"},"modified":"2025-08-27T11:55:57","modified_gmt":"2025-08-27T14:55:57","slug":"edital-egps-01-2025-coordenador-de-curso","status":"publish","type":"page","link":"https:\/\/wp.ufpel.edu.br\/cpted\/editais\/edital-egps-01-2025-coordenador-de-curso\/","title":{"rendered":"Edital EGPS 01\/2025 &#8211; Coordenador de Curso"},"content":{"rendered":"<h4 class=\"cpted-title\">EDITAL EGPS 01\/2025 &#8211; COORDENADOR DE CURSO<\/h4>\n<p align=\"justify\">A Coordena\u00e7\u00e3o Institucional da Universidade Aberta do Brasil da Universidade Federal de Pelotas (UAB UFPEL), torna p\u00fablica a abertura das inscri\u00e7\u00f5es para a sele\u00e7\u00e3o de bolsistas UAB\/CAPES para a fun\u00e7\u00e3o de COORDENADORIA DE CURSO junto ao Centro de Integra\u00e7\u00e3o do Mercosul &#8211; CIM. O bolsista ser\u00e1 selecionado e atuar\u00e1 junto ao curso de Especializa\u00e7\u00e3o em Gest\u00e3o para a Sustentabilidade &#8211; EGPS_UAB, atendendo ao regramento estabelecido pela Portaria CAPES n\u00ba 309, de 27 de setembro de 2024, pela Portaria CAPES n\u00ba 33, de 16 de fevereiro de 2023, Instru\u00e7\u00e3o Normativa n\u00ba 1, de 1 de outubro de 2024 e demais regulamenta\u00e7\u00f5es aplic\u00e1veis.<\/p>\n<p align=\"justify\">Para mais detalhes sobre o processo seletivo, os crit\u00e9rios de participa\u00e7\u00e3o e a documenta\u00e7\u00e3o necess\u00e1ria, consulte os arquivos abaixo.<\/p>\n<table class=\"cpted-tables\" style=\"border-collapse: unset;width: 100%\" border=\"0\">\n<thead>\n<tr>\n<th style=\"text-align: left;\"><strong>NOME DO ARQUIVO<\/strong><\/th>\n<th style=\"text-align: center; width: 20%;\"><strong>DATA DE PUBLICA\u00c7\u00c3O<\/strong><\/th>\n<\/tr>\n<\/thead>\n<tbody>\n<tr onclick=\"location.href = 'https:\/\/wp.ufpel.edu.br\/cpted\/files\/2025\/08\/Edital_EGPS_UAB_01_2025_Selecao_de_Alunos_Resultado_Final.pdf';\" style=\"cursor: pointer;\">\n<td>Resultado Final &#8211; P\u00f3s Recursos<\/td>\n<td style=\"text-align: center\">27\/08\/2025<\/td>\n<\/tr>\n<tr onclick=\"location.href = 'https:\/\/wp.ufpel.edu.br\/cpted\/files\/2025\/03\/SEI_2975355_Edital_7-RESULTADO-FINAL_1.pdf';\" style=\"cursor: pointer;\">\n<td>Resultado Final<\/td>\n<td style=\"text-align: center\">07\/03\/2025<\/td>\n<\/tr>\n<tr onclick=\"location.href = 'https:\/\/wp.ufpel.edu.br\/cpted\/files\/2025\/02\/SEI_2963973_Edital_6.pdf';\" style=\"cursor: pointer;\">\n<td>Resultado Parcial<\/td>\n<td style=\"text-align: center\">24\/02\/2025<\/td>\n<\/tr>\n<tr onclick=\"location.href = 'https:\/\/wp.ufpel.edu.br\/cpted\/files\/2025\/02\/SEI_23110.002530_2025_15.pdf';\" style=\"cursor: pointer;\">\n<td>Retifica\u00e7\u00e3o do Edital de Abertura<\/td>\n<td style=\"text-align: center\">17\/02\/2025<\/td>\n<\/tr>\n<tr onclick=\"location.href = 'https:\/\/wp.ufpel.edu.br\/cpted\/files\/2025\/02\/SEI_23110.002530_2025_15-3.pdf';\" style=\"cursor: pointer;\">\n<td>Homologa\u00e7\u00e3o das Incri\u00e7\u00f5es<\/td>\n<td style=\"text-align: center\">12\/02\/2025<\/td>\n<\/tr>\n<tr onclick=\"location.href = 'https:\/\/wp.ufpel.edu.br\/cpted\/files\/2025\/01\/SEI_23110.002530_2025_15-1.pdf';\" style=\"cursor: pointer;\">\n<td>Retifica\u00e7\u00e3o do Edital de Abertura<\/td>\n<td style=\"text-align: center\">31\/01\/2025<\/td>\n<\/tr>\n<tr onclick=\"location.href = 'https:\/\/wp.ufpel.edu.br\/cpted\/files\/2025\/01\/SEI_23110.002530_2025_15.pdf';\" style=\"cursor: pointer;\">\n<td>Edital de Abertura<\/td>\n<td style=\"text-align: center\">27\/01\/2025<\/td>\n<\/tr>\n<\/tbody>\n<\/table>\n<p><\/p>\n","protected":false},"excerpt":{"rendered":"<p>EDITAL EGPS 01\/2025 &#8211; COORDENADOR DE CURSO A Coordena\u00e7\u00e3o Institucional da Universidade Aberta do Brasil da Universidade Federal de Pelotas (UAB UFPEL), torna p\u00fablica a abertura das inscri\u00e7\u00f5es para a sele\u00e7\u00e3o de bolsistas UAB\/CAPES para a fun\u00e7\u00e3o de COORDENADORIA DE CURSO junto ao Centro de Integra\u00e7\u00e3o do Mercosul &#8211; CIM. O bolsista ser\u00e1 selecionado e [&hellip;]<\/p>\n","protected":false},"author":1448,"featured_media":0,"parent":22,"menu_order":0,"comment_status":"closed","ping_status":"closed","template":"","meta":{"footnotes":""},"class_list":["post-5639","page","type-page","status-publish","hentry"],"_links":{"self":[{"href":"https:\/\/wp.ufpel.edu.br\/cpted\/wp-json\/wp\/v2\/pages\/5639","targetHints":{"allow":["GET"]}}],"collection":[{"href":"https:\/\/wp.ufpel.edu.br\/cpted\/wp-json\/wp\/v2\/pages"}],"about":[{"href":"https:\/\/wp.ufpel.edu.br\/cpted\/wp-json\/wp\/v2\/types\/page"}],"author":[{"embeddable":true,"href":"https:\/\/wp.ufpel.edu.br\/cpted\/wp-json\/wp\/v2\/users\/1448"}],"replies":[{"embeddable":true,"href":"https:\/\/wp.ufpel.edu.br\/cpted\/wp-json\/wp\/v2\/comments?post=5639"}],"version-history":[{"count":3,"href":"https:\/\/wp.ufpel.edu.br\/cpted\/wp-json\/wp\/v2\/pages\/5639\/revisions"}],"predecessor-version":[{"id":7641,"href":"https:\/\/wp.ufpel.edu.br\/cpted\/wp-json\/wp\/v2\/pages\/5639\/revisions\/7641"}],"up":[{"embeddable":true,"href":"https:\/\/wp.ufpel.edu.br\/cpted\/wp-json\/wp\/v2\/pages\/22"}],"wp:attachment":[{"href":"https:\/\/wp.ufpel.edu.br\/cpted\/wp-json\/wp\/v2\/media?parent=5639"}],"curies":[{"name":"wp","href":"https:\/\/api.w.org\/{rel}","templated":true}]}}