{"id":5618,"date":"2025-02-06T08:18:56","date_gmt":"2025-02-06T11:18:56","guid":{"rendered":"https:\/\/wp.ufpel.edu.br\/nuped\/?page_id=5618"},"modified":"2025-06-04T10:12:27","modified_gmt":"2025-06-04T13:12:27","slug":"edital-clmd-01-2025-professor-formador","status":"publish","type":"page","link":"https:\/\/wp.ufpel.edu.br\/cpted\/editais\/edital-clmd-01-2025-professor-formador\/","title":{"rendered":"Edital CLMD 01\/2025 &#8211; Professor Formador"},"content":{"rendered":"<h4 class=\"cpted-title\">EDITAL CLMD 01\/2025 &#8211; PROFESSOR FORMADOR<\/h4>\n<p align=\"justify\">A Universidade Federal de Pelotas (UFPel), por meio da Coordena\u00e7\u00e3o Institucional da Universidade Aberta do Brasil (UAB\/UFPel), torna p\u00fablica a abertura do Edital 01\/2025 para a sele\u00e7\u00e3o de professores formadores que atuar\u00e3o no Curso de Licenciatura em Matem\u00e1tica a Dist\u00e2ncia (CLMD).<\/p>\n<p align=\"justify\">O processo seletivo destina-se ao preenchimento de duas vagas e forma\u00e7\u00e3o de cadastro reserva, abrangendo \u00e1reas como Ensino de Matem\u00e1tica, Matem\u00e1tica Pura e Aplicada, Letras \u2013 LIBRAS e Psicologia Educacional\/Ensino-Aprendizagem. As bolsas s\u00e3o concedidas pela CAPES, conforme crit\u00e9rios estabelecidos nas normativas vigentes.<\/p>\n<p align=\"justify\">As inscri\u00e7\u00f5es estar\u00e3o abertas de <strong>07 a 22 de fevereiro de 2025<\/strong>, e os candidatos devem atender aos requisitos exigidos no edital, incluindo forma\u00e7\u00e3o superior na \u00e1rea de inscri\u00e7\u00e3o e experi\u00eancia docente.<\/p>\n<p align=\"justify\">Qualquer d\u00favida sobre o edital pode ser esclarecida entrando em contato pelo e-mail <a style=\"color: #3366ff\" href=\"mailto:editaisclmd@gmail.com\" rel=\"noopener\">editaisclmd@gmail.com<\/a>.<\/p>\n<p align=\"justify\">E para mais detalhes sobre o processo seletivo, os crit\u00e9rios de participa\u00e7\u00e3o e a documenta\u00e7\u00e3o necess\u00e1ria, consulte os arquivos abaixo.<\/p>\n<table class=\"cpted-tables\" style=\"border-collapse: unset;width: 100%\" border=\"0\">\n<thead>\n<tr>\n<th style=\"text-align: left;\"><strong>NOME DO ARQUIVO<\/strong><\/th>\n<th style=\"text-align: center; width: 20%;\"><strong>DATA DE PUBLICA\u00c7\u00c3O<\/strong><\/th>\n<\/tr>\n<\/thead>\n<tbody>\n<tr onclick=\"location.href = 'https:\/\/wp.ufpel.edu.br\/cpted\/files\/2025\/03\/SEI_2981518_Edital_01_2025.pdf';\" style=\"cursor: pointer;\">\n<td>Resultado Final<\/td>\n<td style=\"text-align: center\">12\/03\/2025<\/td>\n<\/tr>\n<tr onclick=\"location.href = 'https:\/\/wp.ufpel.edu.br\/cpted\/files\/2025\/06\/Edital-CLMD-01-2025-Resultado-Parcial.pdf';\" style=\"cursor: pointer;\">\n<td>Resultado Parcial<\/td>\n<td style=\"text-align: center\">03\/03\/2025<\/td>\n<\/tr>\n<tr onclick=\"location.href = 'https:\/\/wp.ufpel.edu.br\/cpted\/files\/2025\/02\/SEI_2964844_Ata___Homologacao_de_Inscricoes.pdf';\" style=\"cursor: pointer;\">\n<td>Homologa\u00e7\u00e3o das Inscri\u00e7\u00f5es<\/td>\n<td style=\"text-align: center\">22\/02\/2025<\/td>\n<\/tr>\n<tr onclick=\"location.href = 'https:\/\/wp.ufpel.edu.br\/cpted\/files\/2025\/02\/SEI_2943296_Edital_01_2025.pdf';\" style=\"cursor: pointer;\">\n<td>Edital de Abertura<\/td>\n<td style=\"text-align: center\">07\/02\/2025<\/td>\n<\/tr>\n<\/tbody>\n<\/table>\n<p><\/p>\n","protected":false},"excerpt":{"rendered":"<p>EDITAL CLMD 01\/2025 &#8211; PROFESSOR FORMADOR A Universidade Federal de Pelotas (UFPel), por meio da Coordena\u00e7\u00e3o Institucional da Universidade Aberta do Brasil (UAB\/UFPel), torna p\u00fablica a abertura do Edital 01\/2025 para a sele\u00e7\u00e3o de professores formadores que atuar\u00e3o no Curso de Licenciatura em Matem\u00e1tica a Dist\u00e2ncia (CLMD). O processo seletivo destina-se ao preenchimento de duas [&hellip;]<\/p>\n","protected":false},"author":1448,"featured_media":0,"parent":22,"menu_order":0,"comment_status":"closed","ping_status":"closed","template":"","meta":{"footnotes":""},"class_list":["post-5618","page","type-page","status-publish","hentry"],"_links":{"self":[{"href":"https:\/\/wp.ufpel.edu.br\/cpted\/wp-json\/wp\/v2\/pages\/5618","targetHints":{"allow":["GET"]}}],"collection":[{"href":"https:\/\/wp.ufpel.edu.br\/cpted\/wp-json\/wp\/v2\/pages"}],"about":[{"href":"https:\/\/wp.ufpel.edu.br\/cpted\/wp-json\/wp\/v2\/types\/page"}],"author":[{"embeddable":true,"href":"https:\/\/wp.ufpel.edu.br\/cpted\/wp-json\/wp\/v2\/users\/1448"}],"replies":[{"embeddable":true,"href":"https:\/\/wp.ufpel.edu.br\/cpted\/wp-json\/wp\/v2\/comments?post=5618"}],"version-history":[{"count":4,"href":"https:\/\/wp.ufpel.edu.br\/cpted\/wp-json\/wp\/v2\/pages\/5618\/revisions"}],"predecessor-version":[{"id":7320,"href":"https:\/\/wp.ufpel.edu.br\/cpted\/wp-json\/wp\/v2\/pages\/5618\/revisions\/7320"}],"up":[{"embeddable":true,"href":"https:\/\/wp.ufpel.edu.br\/cpted\/wp-json\/wp\/v2\/pages\/22"}],"wp:attachment":[{"href":"https:\/\/wp.ufpel.edu.br\/cpted\/wp-json\/wp\/v2\/media?parent=5618"}],"curies":[{"name":"wp","href":"https:\/\/api.w.org\/{rel}","templated":true}]}}