{"id":246,"date":"2025-05-01T14:02:31","date_gmt":"2025-05-01T17:02:31","guid":{"rendered":"https:\/\/wp.ufpel.edu.br\/cpted\/?page_id=246"},"modified":"2025-06-18T14:28:43","modified_gmt":"2025-06-18T17:28:43","slug":"e-books","status":"publish","type":"page","link":"https:\/\/wp.ufpel.edu.br\/cpted\/e-books\/","title":{"rendered":"E-books"},"content":{"rendered":"<section id=\"cpted-page_ebooks\" aria-label=\"P\u00e1gina de e-Books da CPTED\">\n<p>\nNesta se\u00e7\u00e3o, o NUPED disponibiliza gratuitamente uma colet\u00e2nea de eBooks produzidos por pesquisadores, professores e colaboradores do grupo. Os materiais aqui reunidos abordam temas diversos ligados \u00e0 educa\u00e7\u00e3o, sa\u00fade, pol\u00edticas p\u00fablicas e outras \u00e1reas de interesse social, promovendo o acesso aberto ao conhecimento cient\u00edfico e \u00e0 produ\u00e7\u00e3o acad\u00eamica. Explore, leia e compartilhe!\n  <\/p>\n<hr class=\"cpted-divisor\" \/>\n<p>  <!-- E-BOOK 02 --><\/p>\n<div class=\"container\">\n<div class=\"container_image\">\n      <a class=\"cpted-link\" href=\"https:\/\/wp.ufpel.edu.br\/cpted\/files\/2025\/06\/UFPel_Sem_Distancia_2_Anais_do_Evento.pdf\"><img loading=\"lazy\" decoding=\"async\" class=\"alignnone wp-image-248\" src=\"https:\/\/wp.ufpel.edu.br\/cpted\/files\/2025\/05\/ebook-02-283x400.png\" alt=\"\" width=\"200\" height=\"283\" \/><\/a>\n    <\/div>\n<div class=\"container_infos\">\n<h6 style=\"margin-bottom:0;\">\n        <a class=\"cpted-link\" href=\"https:\/\/wp.ufpel.edu.br\/cpted\/files\/2025\/06\/UFPel_Sem_Distancia_2_Anais_do_Evento.pdf\">2\u00aa Edi\u00e7\u00e3o UFPel Sem Dist\u00e2ncia \u2013 Anais do Evento<\/a><br \/>\n      <\/h6>\n<p>      <small style=\"color: #a3a3a3;\">1\u00aa Edi\u00e7\u00e3o<\/small><\/p>\n<hr class=\"infos_divisor\" \/>\n<p>\n        <strong>Equipe Respons\u00e1vel:<\/strong><br \/>\n        <span>Larissa Medianeira Bolzan, Christiano Martino Otero \u00c1vila, Rosaura Esp\u00edrito Santo da Silva, Carla Denize Ott Felcher<\/span>\n      <\/p>\n<p>\n        <strong>Organizadores:<\/strong><br \/>\n        <span>Miguel Martins dos Santos, Lucas Brandolt, Larissa Medianeira Bolzan, Christiano Martino Otero \u00c1vila, Rosaura Esp\u00edrito Santo da Silva, Carla Denize Ott Felcher<\/span>\n      <\/p>\n<p>\n        <strong>Ano:<\/strong><br \/>\n        2024\n      <\/p>\n<\/p><\/div>\n<\/p><\/div>\n<hr class=\"cpted-divisor\" \/>\n<p>  <!-- E-BOOK 01 --><\/p>\n<div class=\"container\">\n<div class=\"container_image\">\n      <a class=\"cpted-link\" href=\"https:\/\/wp.ufpel.edu.br\/cpted\/files\/2025\/06\/Relatos_de_Praticas_Exitosas_no_Ensino_Remoto.pdf\"><img loading=\"lazy\" decoding=\"async\" class=\"alignnone wp-image-248\" src=\"https:\/\/wp.ufpel.edu.br\/cpted\/files\/2025\/05\/ebook-01-283x400.png\" alt=\"\" width=\"200\" height=\"283\" srcset=\"https:\/\/wp.ufpel.edu.br\/cpted\/files\/2025\/05\/ebook-01-283x400.png 283w, https:\/\/wp.ufpel.edu.br\/cpted\/files\/2025\/05\/ebook-01-724x1024.png 724w, https:\/\/wp.ufpel.edu.br\/cpted\/files\/2025\/05\/ebook-01-768x1086.png 768w, https:\/\/wp.ufpel.edu.br\/cpted\/files\/2025\/05\/ebook-01-1086x1536.png 1086w, https:\/\/wp.ufpel.edu.br\/cpted\/files\/2025\/05\/ebook-01.png 1414w\" sizes=\"auto, (max-width: 200px) 100vw, 200px\" \/><\/a>\n    <\/div>\n<div class=\"container_infos\">\n<h6 style=\"margin-bottom:0;\">\n        <a class=\"cpted-link\" href=\"https:\/\/wp.ufpel.edu.br\/cpted\/files\/2025\/06\/Relatos_de_Praticas_Exitosas_no_Ensino_Remoto.pdf\">Relatos de Pr\u00e1ticas Exitosas no Ensino Remoto<\/a><br \/>\n      <\/h6>\n<p>      <small style=\"color: #a3a3a3;\">1\u00aa Edi\u00e7\u00e3o \u2013 ISBN 978-65-00-68788-0<\/small><\/p>\n<hr class=\"infos_divisor\" \/>\n<p>\n        <strong>Autores:<\/strong><br \/>\n        AVILA, Christiano M. O; BOLZAN, Larissa M; N\u00d6RNBERG, Lui; SILVA, Rosaura E. S.\n      <\/p>\n<p>\n        <strong>Ano:<\/strong><br \/>\n        2023\n      <\/p>\n<\/p><\/div>\n<\/p><\/div>\n<hr class=\"cpted-divisor\" \/>\n<\/section>\n<style>\n#cpted-page_ebooks .container {\n  display: flex;\n  flex-direction: column;\n  flex-wrap: wrap;\n  align-content: center;\n  justify-content: flex-start;\n  align-items: center;\n}\n#cpted-page_ebooks .container_image {\n  margin-bottom: 20px;\n}\n#cpted-page_ebooks .container_image img {\n  border-radius: 5px;\n  width: 200px;\n  height: 283px;\n  box-shadow: rgba(0, 0, 0, 0.45) 0px 25px 20px -20px\n}\n#cpted-page_ebooks .container_infos {\n  width: 100%;\n}\n#cpted-page_ebooks .infos_divisor {\n  border-top: 1px dotted #ccc;\n  height: 0;\n  width: 20%;\n  margin: -20px 0 15px 0;\n  background-color: unset;\n}\n@media only screen and (min-width: 721px) {\n  #cpted-page_ebooks .container {\n    flex-direction: row !important;\n    align-items: flex-start;\n  }\n  #cpted-page_ebooks .container_infos {\n    margin-left: 40px;\n    width: calc(100% - 240px);\n  }\n}\n<\/style>\n","protected":false},"excerpt":{"rendered":"<p>Nesta se\u00e7\u00e3o, o NUPED disponibiliza gratuitamente uma colet\u00e2nea de eBooks produzidos por pesquisadores, professores e colaboradores do grupo. Os materiais aqui reunidos abordam temas diversos ligados \u00e0 educa\u00e7\u00e3o, sa\u00fade, pol\u00edticas p\u00fablicas e outras \u00e1reas de interesse social, promovendo o acesso aberto ao conhecimento cient\u00edfico e \u00e0 produ\u00e7\u00e3o acad\u00eamica. Explore, leia e compartilhe! 2\u00aa Edi\u00e7\u00e3o UFPel [&hellip;]<\/p>\n","protected":false},"author":1448,"featured_media":0,"parent":0,"menu_order":0,"comment_status":"closed","ping_status":"closed","template":"","meta":{"footnotes":""},"class_list":["post-246","page","type-page","status-publish","hentry"],"_links":{"self":[{"href":"https:\/\/wp.ufpel.edu.br\/cpted\/wp-json\/wp\/v2\/pages\/246","targetHints":{"allow":["GET"]}}],"collection":[{"href":"https:\/\/wp.ufpel.edu.br\/cpted\/wp-json\/wp\/v2\/pages"}],"about":[{"href":"https:\/\/wp.ufpel.edu.br\/cpted\/wp-json\/wp\/v2\/types\/page"}],"author":[{"embeddable":true,"href":"https:\/\/wp.ufpel.edu.br\/cpted\/wp-json\/wp\/v2\/users\/1448"}],"replies":[{"embeddable":true,"href":"https:\/\/wp.ufpel.edu.br\/cpted\/wp-json\/wp\/v2\/comments?post=246"}],"version-history":[{"count":39,"href":"https:\/\/wp.ufpel.edu.br\/cpted\/wp-json\/wp\/v2\/pages\/246\/revisions"}],"predecessor-version":[{"id":7432,"href":"https:\/\/wp.ufpel.edu.br\/cpted\/wp-json\/wp\/v2\/pages\/246\/revisions\/7432"}],"wp:attachment":[{"href":"https:\/\/wp.ufpel.edu.br\/cpted\/wp-json\/wp\/v2\/media?parent=246"}],"curies":[{"name":"wp","href":"https:\/\/api.w.org\/{rel}","templated":true}]}}