{"id":22,"date":"2025-04-30T11:11:52","date_gmt":"2025-04-30T14:11:52","guid":{"rendered":"https:\/\/wp.ufpel.edu.br\/cpted\/?page_id=22"},"modified":"2025-11-14T22:49:56","modified_gmt":"2025-11-15T01:49:56","slug":"editais","status":"publish","type":"page","link":"https:\/\/wp.ufpel.edu.br\/cpted\/editais\/","title":{"rendered":"Editais"},"content":{"rendered":"<section id=\"cpted-page_editais\" aria-label=\"P\u00e1gina de Editais da CPTED\">\n<p>\nNesta p\u00e1gina est\u00e3o dispon\u00edveis os editais publicados pela Universidade Aberta do Brasil (UAB) na UFPel, incluindo sele\u00e7\u00f5es para bolsistas, tutores, coordena\u00e7\u00f5es e demais fun\u00e7\u00f5es ligadas aos cursos ofertados. Os documentos visam garantir a transpar\u00eancia e o acesso \u00e0s oportunidades no \u00e2mbito da educa\u00e7\u00e3o a dist\u00e2ncia.\n  <\/p>\n<h6>Organiza\u00e7\u00e3o dos Editais<\/h6>\n<p>\nOs editais est\u00e3o agrupados por curso ou unidade, vinculados \u00e0 Universidade Aberta do Brasil (UAB). Cada edital \u00e9 identificado pela sigla do curso (CLMD, CLHD, CLED, entre outros), seguido do n\u00famero e ano de publica\u00e7\u00e3o (por exemplo, 03\/2025), e acompanhado de uma breve descri\u00e7\u00e3o da vaga ou fun\u00e7\u00e3o ofertada, como &#8220;Professor Formador&#8221;, &#8220;Tutor Presencial&#8221;, &#8220;Coordenadoria de Curso&#8221;, entre outros. Al\u00e9m disso, \u00e9 informada a data da \u00faltima atualiza\u00e7\u00e3o de cada edital, permitindo que os usu\u00e1rios acompanhem poss\u00edveis altera\u00e7\u00f5es ou prorroga\u00e7\u00f5es.\n  <\/p>\n<p>\nAs linhas que cont\u00eam, na \u00faltima coluna, o \u00edcone de uma ampulheta <i class=\"fi fi-rr-hourglass-end\"><\/i> indicam que o processo seletivo do edital foi finalizado. Essa sinaliza\u00e7\u00e3o visual permite ao visitante identificar facilmente os processos seletivos encerrados, mesmo quando ainda est\u00e3o dispon\u00edveis na p\u00e1gina para consulta.\n  <\/p>\n<hr class=\"cpted-divisor\" \/>\n<h6 class=\"cpted-title\"><strong>Lista de Editais<\/strong><\/h6>\n<div class=\"cpted-collapse\" >\n    <span class=\"collapseomatic \" id=\"id69d75e94614e0\"  tabindex=\"0\" title=\"Universidade Aberta do Brasil\"  data-togglegroup=\"docs-highlander\"  >Universidade Aberta do Brasil<\/span><div id=\"target-id69d75e94614e0\" class=\"collapseomatic_content \">\n      \n<table id=\"tablepress-uab\" class=\"tablepress tablepress-id-uab\">\n<thead>\n<tr class=\"row-1\">\n\t<th class=\"column-1\">EDITAL<\/th><th class=\"column-2\">DESCRI\u00c7\u00c3O<\/th><th class=\"column-3\">ATUALIZA\u00c7\u00c3O<\/th><th class=\"column-4\"> <\/th>\n<\/tr>\n<\/thead>\n<tbody class=\"row-hover\">\n<tr class=\"row-2\">\n\t<td class=\"column-1\">UAB 05\/2025<\/td><td class=\"column-2\"><a href=\"https:\/\/wp.ufpel.edu.br\/cpted\/editais\/edital-uab-05-2025-assistente-pedagogico-equipe-multidisciplinar\/\">Assistente Pedag\u00f3gico \u2013 Equipe Multidisciplinar<\/a><\/td><td class=\"column-3\">04\/02\/2026<\/td><td class=\"column-4\"><\/td>\n<\/tr>\n<tr class=\"row-3\">\n\t<td class=\"column-1\">UAB 04\/2025<\/td><td class=\"column-2\"><a href=\"https:\/\/wp.ufpel.edu.br\/cpted\/editais\/edital-uab-04-2025-coordenadoria-de-tutoria\/\">Coordenadoria de Tutoria<\/a><\/td><td class=\"column-3\">08\/12\/2025<\/td><td class=\"column-4\"><\/td>\n<\/tr>\n<tr class=\"row-4\">\n\t<td class=\"column-1\">UAB 03\/2025<\/td><td class=\"column-2\"><a href=\"https:\/\/wp.ufpel.edu.br\/cpted\/editais\/edital-03-2025-auxilio-financeiro-para-discentes-da-uab-ufpel\/\">Aux\u00edlio Financeiro para Discentes da UAB\/UFPel<\/a><\/td><td class=\"column-3\">20\/10\/2025<\/td><td class=\"column-4\"><\/td>\n<\/tr>\n<tr class=\"row-5\">\n\t<td class=\"column-1\">UAB 02\/2025<\/td><td class=\"column-2\"><a href=\"https:\/\/wp.ufpel.edu.br\/cpted\/editais\/edital-uab-02-2025-coordernador-de-curso-e-coordenador-de-tutoria\/\">Coordenador de Curso e Coordenador de Tutoria<\/a><\/td><td class=\"column-3\">06\/06\/2025<\/td><td class=\"column-4\"><\/td>\n<\/tr>\n<tr class=\"row-6\">\n\t<td class=\"column-1\">UAB 01\/2025<\/td><td class=\"column-2\"><a href=\"https:\/\/wp.ufpel.edu.br\/cpted\/editais\/edital-uab-01-2025-assistente-pedagogico-equipe-multidisciplinar\/\">Assistente Pedag\u00f3gico - Equipe Multidisciplinar<\/a><\/td><td class=\"column-3\">30\/04\/2025<\/td><td class=\"column-4\"><\/td>\n<\/tr>\n<\/tbody>\n<\/table>\n<!-- #tablepress-uab from cache -->\n    <\/div>\n  <\/div>\n<div class=\"cpted-collapse\" >\n    <span class=\"collapseomatic \" id=\"id69d75e9462e02\"  tabindex=\"0\" title=\"Curso de Licenciatura em Espanhol a Dist\u00e2ncia\"  data-togglegroup=\"docs-highlander\"  >Curso de Licenciatura em Espanhol a Dist\u00e2ncia<\/span><div id=\"target-id69d75e9462e02\" class=\"collapseomatic_content \">\n      \n<table id=\"tablepress-cled\" class=\"tablepress tablepress-id-cled\">\n<thead>\n<tr class=\"row-1\">\n\t<th class=\"column-1\">EDITAL<\/th><th class=\"column-2\">DESCRI\u00c7\u00c3O<\/th><th class=\"column-3\">ATUALIZA\u00c7\u00c3O<\/th><th class=\"column-4\"> <\/th>\n<\/tr>\n<\/thead>\n<tbody class=\"row-hover\">\n<tr class=\"row-2\">\n\t<td class=\"column-1\">CLED 01\/2026<\/td><td class=\"column-2\"><a href=\"https:\/\/wp.ufpel.edu.br\/cpted\/editais\/edital-cled-01-2026-tutor-presencial\/\">Tutor Presencial<\/a><\/td><td class=\"column-3\">01\/04\/2026<\/td><td class=\"column-4\"><\/td>\n<\/tr>\n<tr class=\"row-3\">\n\t<td class=\"column-1\">CLED 07\/2025<\/td><td class=\"column-2\"><a href=\"https:\/\/wp.ufpel.edu.br\/cpted\/editais\/edital-cled-07-2025-professor-formador\/\">Professor Formador<\/a><\/td><td class=\"column-3\">22\/12\/2025<\/td><td class=\"column-4\"><\/td>\n<\/tr>\n<tr class=\"row-4\">\n\t<td class=\"column-1\">CLED 06\/2025<\/td><td class=\"column-2\"><a href=\"https:\/\/wp.ufpel.edu.br\/cpted\/editais\/edital-cled-06-2025-professor-formador\/\">Professor Formador<\/a><\/td><td class=\"column-3\">23\/10\/2025<\/td><td class=\"column-4\"><\/td>\n<\/tr>\n<tr class=\"row-5\">\n\t<td class=\"column-1\">CLED 05\/2025<\/td><td class=\"column-2\"><a href=\"https:\/\/wp.ufpel.edu.br\/cpted\/editais\/edital-cled-05-2025-tutor-presencial\/\">Tutor Presencial<\/a><\/td><td class=\"column-3\">12\/08\/2025<\/td><td class=\"column-4\"><\/td>\n<\/tr>\n<tr class=\"row-6\">\n\t<td class=\"column-1\">CLED 04\/2025<\/td><td class=\"column-2\"><a href=\"https:\/\/wp.ufpel.edu.br\/cpted\/editais\/edital-cled-04-2025-tutor-presencial\/\">Tutor Presencial<\/a><\/td><td class=\"column-3\">27\/02\/2025<\/td><td class=\"column-4\"><center><i class=\"fi fi-rr-hourglass-end\"><\/i><\/center><\/td>\n<\/tr>\n<tr class=\"row-7\">\n\t<td class=\"column-1\">CLED 01\/2025<\/td><td class=\"column-2\"><a href=\"https:\/\/wp.ufpel.edu.br\/cpted\/editais\/edital-cled-01-2025-tutor-a-distancia\/\">Tutor a Dist\u00e2ncia<\/a><\/td><td class=\"column-3\">20\/02\/2025<\/td><td class=\"column-4\"><center><i class=\"fi fi-rr-hourglass-end\"><\/i><\/center><\/td>\n<\/tr>\n<tr class=\"row-8\">\n\t<td class=\"column-1\">CLED 02\/2025<\/td><td class=\"column-2\"><a href=\"https:\/\/wp.ufpel.edu.br\/cpted\/editais\/edital-cled-02-2025-professor-formador\/\">Professor Formador<\/a><\/td><td class=\"column-3\">20\/02\/2025<\/td><td class=\"column-4\"><center><i class=\"fi fi-rr-hourglass-end\"><\/i><\/center><\/td>\n<\/tr>\n<tr class=\"row-9\">\n\t<td class=\"column-1\">CLED 03\/2025<\/td><td class=\"column-2\"><a href=\"https:\/\/wp.ufpel.edu.br\/cpted\/editais\/edital-cled-03-2025-professor-formador\/\">Professor Formador<\/a><\/td><td class=\"column-3\">20\/02\/2025<\/td><td class=\"column-4\"><center><i class=\"fi fi-rr-hourglass-end\"><\/i><\/center><\/td>\n<\/tr>\n<\/tbody>\n<\/table>\n<!-- #tablepress-cled from cache -->\n    <\/div>\n  <\/div>\n<div class=\"cpted-collapse\" >\n    <span class=\"collapseomatic \" id=\"id69d75e946316f\"  tabindex=\"0\" title=\"Curso de Licenciatura em Filosofia a Dist\u00e2ncia\"  data-togglegroup=\"docs-highlander\"  >Curso de Licenciatura em Filosofia a Dist\u00e2ncia<\/span><div id=\"target-id69d75e946316f\" class=\"collapseomatic_content \">\n      \n<table id=\"tablepress-clfd\" class=\"tablepress tablepress-id-clfd\">\n<thead>\n<tr class=\"row-1\">\n\t<th class=\"column-1\">EDITAL<\/th><th class=\"column-2\">DESCRI\u00c7\u00c3O<\/th><th class=\"column-3\">ATUALIZA\u00c7\u00c3O<\/th><th class=\"column-4\"> <\/th>\n<\/tr>\n<\/thead>\n<tbody class=\"row-hover\">\n<tr class=\"row-2\">\n\t<td class=\"column-1\">CLFD 01\/2025<\/td><td class=\"column-2\"><a href=\"https:\/\/wp.ufpel.edu.br\/cpted\/editais\/edital-clfd-01-2025-coordenador-de-curso\/\">Coordenador de Curso<\/a><\/td><td class=\"column-3\">02\/09\/2025<\/td><td class=\"column-4\"><\/td>\n<\/tr>\n<\/tbody>\n<\/table>\n<!-- #tablepress-clfd from cache -->\n    <\/div>\n  <\/div>\n<div class=\"cpted-collapse\" >\n    <span class=\"collapseomatic \" id=\"id69d75e9463bc2\"  tabindex=\"0\" title=\"Curso de Licenciatura em Hist\u00f3ria a Dist\u00e2ncia\"  data-togglegroup=\"docs-highlander\"  >Curso de Licenciatura em Hist\u00f3ria a Dist\u00e2ncia<\/span><div id=\"target-id69d75e9463bc2\" class=\"collapseomatic_content \">\n      \n<table id=\"tablepress-clhd\" class=\"tablepress tablepress-id-clhd\">\n<thead>\n<tr class=\"row-1\">\n\t<th class=\"column-1\">EDITAL<\/th><th class=\"column-2\">DESCRI\u00c7\u00c3O<\/th><th class=\"column-3\">ATUALIZA\u00c7\u00c3O<\/th><th class=\"column-4\"> <\/th>\n<\/tr>\n<\/thead>\n<tbody class=\"row-hover\">\n<tr class=\"row-2\">\n\t<td class=\"column-1\">CLHD 02\/2026<\/td><td class=\"column-2\"><a href=\"https:\/\/wp.ufpel.edu.br\/cpted\/editais\/edital-clhd-02-2026-tutor-a-distancia\/\">Tutor a Dist\u00e2ncia<\/a><\/td><td class=\"column-3\">07\/04\/2026<\/td><td class=\"column-4\"><\/td>\n<\/tr>\n<tr class=\"row-3\">\n\t<td class=\"column-1\">CLHD 01\/2026<\/td><td class=\"column-2\"><a href=\"https:\/\/wp.ufpel.edu.br\/cpted\/editais\/edital-clhd-01-2026-tutor-presencial\/\">Tutor Presencial<\/a><\/td><td class=\"column-3\">24\/03\/2026<br \/>\n<\/td><td class=\"column-4\"><\/td>\n<\/tr>\n<tr class=\"row-4\">\n\t<td class=\"column-1\">CLHD 09\/2025<\/td><td class=\"column-2\"><a href=\"https:\/\/wp.ufpel.edu.br\/cpted\/editais\/edital-clhd-09-2025-coordenadoria-de-curso\/\">Coordenadoria de Curso<\/a><\/td><td class=\"column-3\">26\/05\/2025<\/td><td class=\"column-4\"><center><i class=\"fi fi-rr-hourglass-end\"><\/i><\/center><\/td>\n<\/tr>\n<tr class=\"row-5\">\n\t<td class=\"column-1\">CLHD 08\/2025<\/td><td class=\"column-2\"><a href=\"https:\/\/wp.ufpel.edu.br\/cpted\/editais\/edital-clhd-08-2025-tutoria-a-distancia\/\">Tutoria a Dist\u00e2ncia<\/a><\/td><td class=\"column-3\">21\/03\/2025<\/td><td class=\"column-4\"><center><i class=\"fi fi-rr-hourglass-end\"><\/i><\/center><\/td>\n<\/tr>\n<tr class=\"row-6\">\n\t<td class=\"column-1\">CLHD 05\/2025<\/td><td class=\"column-2\"><a href=\"https:\/\/wp.ufpel.edu.br\/cpted\/editais\/edital-clhd-05-2025-tutoria-presencial\/\">Tutoria Presencial<\/a><\/td><td class=\"column-3\">20\/03\/2025<\/td><td class=\"column-4\"><center><i class=\"fi fi-rr-hourglass-end\"><\/i><\/center><\/td>\n<\/tr>\n<tr class=\"row-7\">\n\t<td class=\"column-1\">CLHD 06\/2025<\/td><td class=\"column-2\"><a href=\"https:\/\/wp.ufpel.edu.br\/cpted\/editais\/edital-clhd-06-2025-professor-formador\/\">Professor Formador<\/a><\/td><td class=\"column-3\">20\/03\/2025<\/td><td class=\"column-4\"><center><i class=\"fi fi-rr-hourglass-end\"><\/i><\/center><\/td>\n<\/tr>\n<tr class=\"row-8\">\n\t<td class=\"column-1\">CLHD 04\/2025<\/td><td class=\"column-2\"><a href=\"https:\/\/wp.ufpel.edu.br\/cpted\/editais\/edital-clhd-04-2025-coordenadoria-de-curso\/\">Coordenadoria de Curso<\/a><\/td><td class=\"column-3\">14\/03\/2025<\/td><td class=\"column-4\"><\/td>\n<\/tr>\n<tr class=\"row-9\">\n\t<td class=\"column-1\">CLHD 07\/2025<\/td><td class=\"column-2\"><a href=\"https:\/\/wp.ufpel.edu.br\/cpted\/editais\/edital-clhd-07-2025-tutoria\/\">Tutoria<\/a><\/td><td class=\"column-3\">07\/03\/2025<\/td><td class=\"column-4\"><\/td>\n<\/tr>\n<\/tbody>\n<\/table>\n<!-- #tablepress-clhd from cache -->\n    <\/div>\n  <\/div>\n<div class=\"cpted-collapse\" >\n    <span class=\"collapseomatic \" id=\"id69d75e94644e3\"  tabindex=\"0\" title=\"Curso de Licenciatura em Matem\u00e1tica a Dist\u00e2ncia\"  data-togglegroup=\"docs-highlander\"  >Curso de Licenciatura em Matem\u00e1tica a Dist\u00e2ncia<\/span><div id=\"target-id69d75e94644e3\" class=\"collapseomatic_content \">\n      \n<table id=\"tablepress-clmd\" class=\"tablepress tablepress-id-clmd\">\n<thead>\n<tr class=\"row-1\">\n\t<th class=\"column-1\">EDITAL<\/th><th class=\"column-2\">DESCRI\u00c7\u00c3O<\/th><th class=\"column-3\">ATUALIZA\u00c7\u00c3O<\/th><th class=\"column-4\"> <\/th>\n<\/tr>\n<\/thead>\n<tbody class=\"row-hover\">\n<tr class=\"row-2\">\n\t<td class=\"column-1\">CLMD 01\/2026<\/td><td class=\"column-2\"><a href=\"https:\/\/wp.ufpel.edu.br\/cpted\/editais\/edital-clmd-01-2026-professor-formador\/\">Professor Formador<\/a><\/td><td class=\"column-3\">05\/03\/2026<\/td><td class=\"column-4\"><center><i class=\"fi fi-rr-hourglass-end\"><\/i><\/center><\/td>\n<\/tr>\n<tr class=\"row-3\">\n\t<td class=\"column-1\">CLMD 05\/2025<\/td><td class=\"column-2\"><a href=\"https:\/\/wp.ufpel.edu.br\/cpted\/editais\/edital-clmd-05-2025-tutor-presencial\/\">Tutor Presencial<\/a><\/td><td class=\"column-3\">05\/07\/2025<\/td><td class=\"column-4\"><center><i class=\"fi fi-rr-hourglass-end\"><\/i><\/center><\/td>\n<\/tr>\n<tr class=\"row-4\">\n\t<td class=\"column-1\">CLMD 04\/2025<\/td><td class=\"column-2\"><a href=\"https:\/\/wp.ufpel.edu.br\/cpted\/editais\/edital-clmd-04-2025-tutoria-presencial-e-a-distancia\/\">Tutoria Presencial e a Dist\u00e2ncia<\/a><\/td><td class=\"column-3\">30\/04\/2025<\/td><td class=\"column-4\"><center><i class=\"fi fi-rr-hourglass-end\"><\/i><\/center><\/td>\n<\/tr>\n<tr class=\"row-5\">\n\t<td class=\"column-1\">CLMD 03\/2025<\/td><td class=\"column-2\"><a href=\"https:\/\/wp.ufpel.edu.br\/cpted\/editais\/edital-clmd-03-2025-professor-formador\/\">Professor Formador<\/a><\/td><td class=\"column-3\">30\/04\/2025<\/td><td class=\"column-4\"><center><i class=\"fi fi-rr-hourglass-end\"><\/i><\/center><\/td>\n<\/tr>\n<tr class=\"row-6\">\n\t<td class=\"column-1\">CLMD 02\/2025<\/td><td class=\"column-2\"><a href=\"https:\/\/wp.ufpel.edu.br\/cpted\/editais\/edital-clmd-02-2025-tutor\/\">Tutor<\/a><\/td><td class=\"column-3\">12\/03\/2025<\/td><td class=\"column-4\"><center><i class=\"fi fi-rr-hourglass-end\"><\/i><\/center><\/td>\n<\/tr>\n<tr class=\"row-7\">\n\t<td class=\"column-1\">CLMD 01\/2025<\/td><td class=\"column-2\"><a href=\"https:\/\/wp.ufpel.edu.br\/cpted\/editais\/edital-clmd-01-2025-professor-formador\/\">Professor Formador<\/a><\/td><td class=\"column-3\">12\/03\/2025<\/td><td class=\"column-4\"><center><i class=\"fi fi-rr-hourglass-end\"><\/i><\/center><\/td>\n<\/tr>\n<\/tbody>\n<\/table>\n<!-- #tablepress-clmd from cache -->\n    <\/div>\n  <\/div>\n<div class=\"cpted-collapse\" >\n    <span class=\"collapseomatic \" id=\"id69d75e9464de9\"  tabindex=\"0\" title=\"Especializa\u00e7\u00e3o em Ensino de Filosofia \u2013 EaD\"  data-togglegroup=\"docs-highlander\"  >Especializa\u00e7\u00e3o em Ensino de Filosofia \u2013 EaD<\/span><div id=\"target-id69d75e9464de9\" class=\"collapseomatic_content \">\n      \n<table id=\"tablepress-eefd\" class=\"tablepress tablepress-id-eefd\">\n<thead>\n<tr class=\"row-1\">\n\t<th class=\"column-1\">EDITAL<\/th><th class=\"column-2\">DESCRI\u00c7\u00c3O<\/th><th class=\"column-3\">ATUALIZA\u00c7\u00c3O<\/th><th class=\"column-4\"> <\/th>\n<\/tr>\n<\/thead>\n<tbody class=\"row-hover\">\n<tr class=\"row-2\">\n\t<td class=\"column-1\">UAB 01\/2025<\/td><td class=\"column-2\"><a href=\"https:\/\/wp.ufpel.edu.br\/cpted\/editais\/edital-eefd-01-2025-coordenadoria-de-curso\/\">Coordenadoria de Curso<\/a><\/td><td class=\"column-3\">12\/11\/2025<\/td><td class=\"column-4\"><\/td>\n<\/tr>\n<\/tbody>\n<\/table>\n<!-- #tablepress-eefd from cache -->\n    <\/div>\n  <\/div>\n<div class=\"cpted-collapse\" >\n    <span class=\"collapseomatic \" id=\"id69d75e94659b5\"  tabindex=\"0\" title=\"Especializa\u00e7\u00e3o em Gest\u00e3o para a Sustentabilidade\"  data-togglegroup=\"docs-highlander\"  >Especializa\u00e7\u00e3o em Gest\u00e3o para a Sustentabilidade<\/span><div id=\"target-id69d75e94659b5\" class=\"collapseomatic_content \">\n      \n<table id=\"tablepress-egps\" class=\"tablepress tablepress-id-egps\">\n<thead>\n<tr class=\"row-1\">\n\t<th class=\"column-1\">EDITAL<\/th><th class=\"column-2\">DESCRI\u00c7\u00c3O<\/th><th class=\"column-3\">ATUALIZA\u00c7\u00c3O<\/th><th class=\"column-4\"> <\/th>\n<\/tr>\n<\/thead>\n<tbody class=\"row-hover\">\n<tr class=\"row-2\">\n\t<td class=\"column-1\">EGPS 01\/2026<\/td><td class=\"column-2\"><a href=\"https:\/\/wp.ufpel.edu.br\/cpted\/editais\/edital-egps-01-2026-professor-formador\/\">Professor formador<\/a><\/td><td class=\"column-3\">16\/03\/2026<\/td><td class=\"column-4\"><center><i class=\"fi fi-rr-hourglass-end\"><\/i><\/center><\/td>\n<\/tr>\n<tr class=\"row-3\">\n\t<td class=\"column-1\">EGPS 03\/2025<\/td><td class=\"column-2\"><a href=\"https:\/\/wp.ufpel.edu.br\/cpted\/editais\/edital-egps-uab-03-2025-tutor-a-distancia\/\">Tutoria a Dist\u00e2ncia<\/a><\/td><td class=\"column-3\">08\/09\/2025<\/td><td class=\"column-4\"><center><i class=\"fi fi-rr-hourglass-end\"><\/i><\/center><\/td>\n<\/tr>\n<tr class=\"row-4\">\n\t<td class=\"column-1\">EGPS 01\/2025<\/td><td class=\"column-2\"><a href=\"https:\/\/wp.ufpel.edu.br\/cpted\/editais\/edital-egps-01-2025-coordenador-de-curso\/\">Coordenador de Curso<\/a><\/td><td class=\"column-3\">27\/08\/2025<\/td><td class=\"column-4\"><center><i class=\"fi fi-rr-hourglass-end\"><\/i><\/center><\/td>\n<\/tr>\n<tr class=\"row-5\">\n\t<td class=\"column-1\">EGPS 02\/2025<\/td><td class=\"column-2\"><a href=\"https:\/\/wp.ufpel.edu.br\/cpted\/editais\/edital-egps-uab-02-2025-professor-formador\/\">Professor Formador<\/a><\/td><td class=\"column-3\">18\/08\/2025<\/td><td class=\"column-4\"><center><i class=\"fi fi-rr-hourglass-end\"><\/i><\/center><\/td>\n<\/tr>\n<\/tbody>\n<\/table>\n<!-- #tablepress-egps from cache -->\n    <\/div>\n  <\/div>\n<div class=\"cpted-collapse\" >\n    <span class=\"collapseomatic \" id=\"id69d75e9466002\"  tabindex=\"0\" title=\"Especializa\u00e7\u00e3o em Gest\u00e3o P\u00fablica\"  data-togglegroup=\"docs-highlander\"  >Especializa\u00e7\u00e3o em Gest\u00e3o P\u00fablica<\/span><div id=\"target-id69d75e9466002\" class=\"collapseomatic_content \">\n      \n<table id=\"tablepress-egpuab\" class=\"tablepress tablepress-id-egpuab\">\n<thead>\n<tr class=\"row-1\">\n\t<th class=\"column-1\">EDITAL<\/th><th class=\"column-2\">DESCRI\u00c7\u00c3O<\/th><th class=\"column-3\">ATUALIZA\u00c7\u00c3O<\/th><th class=\"column-4\"> <\/th>\n<\/tr>\n<\/thead>\n<tbody class=\"row-hover\">\n<tr class=\"row-2\">\n\t<td class=\"column-1\">EGPUAB 01\/2025<\/td><td class=\"column-2\"><a href=\"https:\/\/wp.ufpel.edu.br\/cpted\/editais\/edital-egpuab-01-2025-coordenadoria-de-curso\/\">Coordenadoria de Curso<\/a><\/td><td class=\"column-3\">10\/12\/2025<\/td><td class=\"column-4\"><\/td>\n<\/tr>\n<\/tbody>\n<\/table>\n<!-- #tablepress-egpuab from cache -->\n    <\/div>\n  <\/div>\n<div class=\"cpted-collapse\" >\n    <span class=\"collapseomatic \" id=\"id69d75e9466b8b\"  tabindex=\"0\" title=\"Curso de P\u00f3s-Gradua\u00e7\u00e3o Lato Sensu em Gest\u00e3o da Escola P\u00fablica de Ensino M\u00e9dio\"  data-togglegroup=\"docs-highlander\"  >Curso de P\u00f3s-Gradua\u00e7\u00e3o Lato Sensu em Gest\u00e3o da Escola P\u00fablica de Ensino M\u00e9dio<\/span><div id=\"target-id69d75e9466b8b\" class=\"collapseomatic_content \">\n      \n<table id=\"tablepress-gepem\" class=\"tablepress tablepress-id-gepem\">\n<thead>\n<tr class=\"row-1\">\n\t<th class=\"column-1\">EDITAL<\/th><th class=\"column-2\">DESCRI\u00c7\u00c3O<\/th><th class=\"column-3\">ATUALIZA\u00c7\u00c3O<\/th><th class=\"column-4\"> <\/th>\n<\/tr>\n<\/thead>\n<tbody class=\"row-hover\">\n<tr class=\"row-2\">\n\t<td class=\"column-1\">GEPEM 01\/2026<\/td><td class=\"column-2\"><a href=\"https:\/\/wp.ufpel.edu.br\/cpted\/editais\/edital-gepem-01-2026-tutor-a-distancia-cadastro-de-reserva\/\">Tutoria a Dist\u00e2ncia<\/a><\/td><td class=\"column-3\">06\/04\/2026<\/td><td class=\"column-4\"><\/td>\n<\/tr>\n<tr class=\"row-3\">\n\t<td class=\"column-1\">GEPEM 02\/2026<\/td><td class=\"column-2\"><a href=\"https:\/\/wp.ufpel.edu.br\/cpted\/editais\/edital-gepem-02-2026-coordenadoria-de-tutoria-cadastro-de-reserva\/\">Coordenadoria de Tutoria<\/a><\/td><td class=\"column-3\">06\/04\/2026<\/td><td class=\"column-4\"><\/td>\n<\/tr>\n<tr class=\"row-4\">\n\t<td class=\"column-1\">GEPEM 03\/2026<\/td><td class=\"column-2\"><a href=\"https:\/\/wp.ufpel.edu.br\/cpted\/editais\/edital-gepem-03-2026-professor-formador-cadastro-de-reserva\/\">Professor Formador <\/a><\/td><td class=\"column-3\">06\/04\/2026<\/td><td class=\"column-4\"><\/td>\n<\/tr>\n<tr class=\"row-5\">\n\t<td class=\"column-1\">GEPEM 02\/2025<\/td><td class=\"column-2\"><a href=\"https:\/\/wp.ufpel.edu.br\/cpted\/?page_id=7867&amp;preview=true\">Sele\u00e7\u00e3o de Estudantes<\/a><\/td><td class=\"column-3\">26\/12\/2025<\/td><td class=\"column-4\"><\/td>\n<\/tr>\n<tr class=\"row-6\">\n\t<td class=\"column-1\">GEPEM 01\/2025<\/td><td class=\"column-2\"><a href=\"https:\/\/wp.ufpel.edu.br\/cpted\/editais\/edital-gepem-01-2025-cadastro-de-reserva-para-coordenadoria-do-curso\/\">Coordenadoria de Curso<\/a><\/td><td class=\"column-3\">16\/10\/2025<\/td><td class=\"column-4\"><\/td>\n<\/tr>\n<\/tbody>\n<\/table>\n<!-- #tablepress-gepem from cache -->\n    <\/div>\n  <\/div>\n<\/section>\n<style>\n#cpted-page_editais .dt-container {\n  width: 100%;\n}\n#cpted-page_editais .dt-container .dt-paging .dt-paging-button.current {\n  border: 0;\n  font-weight: bold;\n  color: #00529f !important;\n}\n<\/style>\n","protected":false},"excerpt":{"rendered":"<p>Nesta p\u00e1gina est\u00e3o dispon\u00edveis os editais publicados pela Universidade Aberta do Brasil (UAB) na UFPel, incluindo sele\u00e7\u00f5es para bolsistas, tutores, coordena\u00e7\u00f5es e demais fun\u00e7\u00f5es ligadas aos cursos ofertados. Os documentos visam garantir a transpar\u00eancia e o acesso \u00e0s oportunidades no \u00e2mbito da educa\u00e7\u00e3o a dist\u00e2ncia. Organiza\u00e7\u00e3o dos Editais Os editais est\u00e3o agrupados por curso ou [&hellip;]<\/p>\n","protected":false},"author":1448,"featured_media":0,"parent":0,"menu_order":0,"comment_status":"closed","ping_status":"closed","template":"","meta":{"footnotes":""},"class_list":["post-22","page","type-page","status-publish","hentry"],"_links":{"self":[{"href":"https:\/\/wp.ufpel.edu.br\/cpted\/wp-json\/wp\/v2\/pages\/22","targetHints":{"allow":["GET"]}}],"collection":[{"href":"https:\/\/wp.ufpel.edu.br\/cpted\/wp-json\/wp\/v2\/pages"}],"about":[{"href":"https:\/\/wp.ufpel.edu.br\/cpted\/wp-json\/wp\/v2\/types\/page"}],"author":[{"embeddable":true,"href":"https:\/\/wp.ufpel.edu.br\/cpted\/wp-json\/wp\/v2\/users\/1448"}],"replies":[{"embeddable":true,"href":"https:\/\/wp.ufpel.edu.br\/cpted\/wp-json\/wp\/v2\/comments?post=22"}],"version-history":[{"count":4,"href":"https:\/\/wp.ufpel.edu.br\/cpted\/wp-json\/wp\/v2\/pages\/22\/revisions"}],"predecessor-version":[{"id":7864,"href":"https:\/\/wp.ufpel.edu.br\/cpted\/wp-json\/wp\/v2\/pages\/22\/revisions\/7864"}],"wp:attachment":[{"href":"https:\/\/wp.ufpel.edu.br\/cpted\/wp-json\/wp\/v2\/media?parent=22"}],"curies":[{"name":"wp","href":"https:\/\/api.w.org\/{rel}","templated":true}]}}