{"id":162,"date":"2025-04-30T23:26:31","date_gmt":"2025-05-01T02:26:31","guid":{"rendered":"https:\/\/wp.ufpel.edu.br\/cpted\/?page_id=162"},"modified":"2025-07-30T12:08:44","modified_gmt":"2025-07-30T15:08:44","slug":"kit-docente","status":"publish","type":"page","link":"https:\/\/wp.ufpel.edu.br\/cpted\/kit-docente\/","title":{"rendered":"Kit Docente"},"content":{"rendered":"<section id=\"cpted-page_kitdocente\" aria-label=\"P\u00e1gina do Kit Docente da CPTED\">\n<p>\nO <strong>Kit Docente<\/strong>, desenvolvido pelo N\u00facleo de Pol\u00edticas de Educa\u00e7\u00e3o a Dist\u00e2ncia (NUPED) da Universidade Federal de Pelotas (UFPel), re\u00fane materiais de apoio voltados \u00e0 produ\u00e7\u00e3o de conte\u00fados pedag\u00f3gicos de qualidade para ambientes virtuais de aprendizagem e a\u00e7\u00f5es de Educa\u00e7\u00e3o a Dist\u00e2ncia (EaD).\n  <\/p>\n<p>\nO material oferece orienta\u00e7\u00f5es pr\u00e1ticas sobre a cria\u00e7\u00e3o de videoaulas, podcasts e recursos acess\u00edveis, contribuindo para o uso pedag\u00f3gico das tecnologias digitais na doc\u00eancia.\n  <\/p>\n<p>\n<strong>Confira os manuais abaixo<\/strong> e utilize-os como refer\u00eancia para qualificar suas atividades did\u00e1ticas em ambientes virtuais.\n  <\/p>\n<hr class=\"cpted-divisor\" \/>\n  <!-- PRINCIPIOS PEDAGOGICOS --><\/p>\n<div class=\"container\">\n<div class=\"container_image\">\n      <a class=\"cpted-link\" href=\"https:\/\/wp.ufpel.edu.br\/cpted\/files\/2025\/07\/Principios-Pedagogicos.pdf\"><img loading=\"lazy\" decoding=\"async\" class=\"alignnone size-medium wp-image-167\" src=\"https:\/\/wp.ufpel.edu.br\/cpted\/files\/2025\/07\/principios-pedagogicos-v1-725x1024-1.png\" alt=\"\" width=\"283\" height=\"400\" \/><\/a>\n    <\/div>\n<div class=\"container_infos\">\n<h6 style=\"margin-bottom:0;\">\n        <a class=\"cpted-link\" href=\"https:\/\/wp.ufpel.edu.br\/cpted\/files\/2025\/07\/Principios-Pedagogicos.pdf\">Princ\u00edpios pedag\u00f3gicos para uso de tecnologias digitais<\/a><br \/>\n      <\/h6>\n<p>      <small style=\"color: #a3a3a3;\">1\u00aa Edi\u00e7\u00e3o &#8211; \u00daltima Revis\u00e3o: 29 de Julho de 2025<\/small><\/p>\n<hr class=\"divisor\" \/>\n<p>\n<strong>ISBN:<\/strong><br \/>978-65-01-60250-9\u2009\n      <\/p>\n<p>\n<strong>Organizadores:<\/strong><br \/>Carla Denize Ott Felcher, Christiano Martino Otero \u00c1vila, Larissa Medianeira Bolzan, Rosaura Esp\u00edrito Santo da Silva\n      <\/p>\n<p>\n<strong>Autores:<\/strong><br \/>Am\u00e9lia Teresinha Brum da Cunha, Ant\u00f4nio Maur\u00edcio Medeiros Alves, Carla Denize Ott Felcher, Christiano Martino Otero \u00c1vila, Eduardo Ferreira das Neves Filho, Francisco dos Santos Kieling, J\u00falio Carlos Balzano de Mattos, Larissa Medianeira Bolzan, Lui N\u00f6rnberg, Regina Trilho Otero Xavier, R\u00e9gis Leonardo Gusm\u00e3o Barcelos, Rosaura Esp\u00edrito Santo da Silva, Rose Adriana Andrade de Miranda, Sabrina Bobsin Salazar, Tiago Thompsen Primo, Vania Grim Thies\n      <\/p>\n<p>\n<strong>Design Instrucional:<\/strong><br \/>Fabiane Belletti da Silva\n      <\/p>\n<p>\n<strong>Design Gr\u00e1fico:<\/strong><br \/>Fabiane Belletti da Silva, Tobias M\u00fclling\n      <\/p>\n<p>\n<strong>Revis\u00e3o Lingu\u00edstica:<\/strong><br \/>Jael S\u00e2nera, Luciane Botelho Martins\n      <\/p>\n<p>\n<strong>Apoio Administrativo &#8211; Colaborador:<\/strong><br \/>R\u00e9gis Noremberg Karnopp, Cristiane Medianeira Canabarro Flores Hubner\n      <\/p>\n<\/p><\/div>\n<\/p><\/div>\n<hr class=\"cpted-divisor\" \/>\n<hr class=\"cpted-divisor\" \/>\n  <!-- MANUAL DE ACESSIBILIDADE --><\/p>\n<div class=\"container\">\n<div class=\"container_image\">\n      <a class=\"cpted-link\" href=\"https:\/\/wp.ufpel.edu.br\/cpted\/files\/2025\/07\/Manual-de-Producao-Acessibilidade.pdf\"><img loading=\"lazy\" decoding=\"async\" class=\"alignnone size-medium wp-image-167\" src=\"https:\/\/wp.ufpel.edu.br\/cpted\/files\/2025\/04\/kit-docente_acessibilidade-v1-283x400.png\" alt=\"\" width=\"283\" height=\"400\" srcset=\"https:\/\/wp.ufpel.edu.br\/cpted\/files\/2025\/04\/kit-docente_acessibilidade-v1-283x400.png 283w, https:\/\/wp.ufpel.edu.br\/cpted\/files\/2025\/04\/kit-docente_acessibilidade-v1-725x1024.png 725w, https:\/\/wp.ufpel.edu.br\/cpted\/files\/2025\/04\/kit-docente_acessibilidade-v1-768x1085.png 768w, https:\/\/wp.ufpel.edu.br\/cpted\/files\/2025\/04\/kit-docente_acessibilidade-v1-1087x1536.png 1087w, https:\/\/wp.ufpel.edu.br\/cpted\/files\/2025\/04\/kit-docente_acessibilidade-v1-1450x2048.png 1450w, https:\/\/wp.ufpel.edu.br\/cpted\/files\/2025\/04\/kit-docente_acessibilidade-v1-scaled.png 1812w\" sizes=\"auto, (max-width: 283px) 100vw, 283px\" \/><\/a>\n    <\/div>\n<div class=\"container_infos\">\n<h6 style=\"margin-bottom:0;\">\n        <a class=\"cpted-link\" href=\"https:\/\/wp.ufpel.edu.br\/cpted\/files\/2025\/07\/Manual-de-Producao-Acessibilidade.pdf\">Manual de Acessibilidade<\/a><br \/>\n      <\/h6>\n<p>      <small style=\"color: #a3a3a3;\">1\u00aa Edi\u00e7\u00e3o &#8211; \u00daltima Revis\u00e3o: 29 de Julho de 2025<\/small><\/p>\n<hr class=\"divisor\" \/>\n<p>\n<strong>ISBN:<\/strong><br \/>978-65-01-60249-3\n      <\/p>\n<p>\n<strong>Organizadores:<\/strong><br \/>Christiano Martino Otero Avila, Rosaura Esp\u00edrito Santo da Silva, Carla Denize Ott Felcher, Larissa Medianeira Bolzan\n      <\/p>\n<p>\n<strong>Autores:<\/strong><br \/>Larissa Medianeira Bolzan, Jer\u00f4nimo Medina Madruga, Rodrigo Padilha Silveira\n      <\/p>\n<p>\n<strong>Design Instrucional:<\/strong><br \/>Fabiane Belletti da Silva, Fatima de Oliveira\n      <\/p>\n<p>\n<strong>Design Gr\u00e1fico:<\/strong><br \/>Tobias Mulling, Fabiane Belleti da Silva\n      <\/p>\n<p>\n<strong>Revis\u00e3o Lingu\u00edstica:<\/strong><br \/>Jael S\u00e2nera\n      <\/p>\n<\/p><\/div>\n<\/p><\/div>\n<hr class=\"cpted-divisor\" \/>\n<p>  <!-- MANUAL DE VIDEOAULAS--><\/p>\n<div class=\"container\">\n<div class=\"container_image\">\n      <a class=\"cpted-link\" href=\"https:\/\/wp.ufpel.edu.br\/cpted\/files\/2025\/07\/Manual-de-Producao-Videoaulas.pdf\"><img loading=\"lazy\" decoding=\"async\" src=\"https:\/\/wp.ufpel.edu.br\/cpted\/files\/2025\/05\/kit-docente_videoaulas-v1-283x400.png\" alt=\"\" width=\"283\" height=\"400\" class=\"alignnone size-medium wp-image-199\" srcset=\"https:\/\/wp.ufpel.edu.br\/cpted\/files\/2025\/05\/kit-docente_videoaulas-v1-283x400.png 283w, https:\/\/wp.ufpel.edu.br\/cpted\/files\/2025\/05\/kit-docente_videoaulas-v1-725x1024.png 725w, https:\/\/wp.ufpel.edu.br\/cpted\/files\/2025\/05\/kit-docente_videoaulas-v1-768x1085.png 768w, https:\/\/wp.ufpel.edu.br\/cpted\/files\/2025\/05\/kit-docente_videoaulas-v1-1087x1536.png 1087w, https:\/\/wp.ufpel.edu.br\/cpted\/files\/2025\/05\/kit-docente_videoaulas-v1-1450x2048.png 1450w, https:\/\/wp.ufpel.edu.br\/cpted\/files\/2025\/05\/kit-docente_videoaulas-v1-scaled.png 1812w\" sizes=\"auto, (max-width: 283px) 100vw, 283px\" \/><\/a>\n    <\/div>\n<div class=\"container_infos\">\n<h6 style=\"margin-bottom:0;\">\n        <a class=\"cpted-link\" href=\"https:\/\/wp.ufpel.edu.br\/cpted\/files\/2025\/07\/Manual-de-Producao-Videoaulas.pdf\">Manual de V\u00eddeoaulas<\/a><br \/>\n      <\/h6>\n<p>      <small style=\"color: #a3a3a3;\">1\u00aa Edi\u00e7\u00e3o &#8211; \u00daltima Revis\u00e3o: 29 de Julho de 2025<\/small><\/p>\n<hr class=\"divisor\" \/>\n<p>\n<strong>ISBN:<\/strong><br \/>978-65-01-60251-6\u2009\n      <\/p>\n<p>\n<strong>Organizadores:<\/strong><br \/>\nChristiano Martino Otero Avila, Rosaura Esp\u00edrito Santo da Silva, Carla Denize Ott Felcher, Larissa Medianeira Bolzan\n      <\/p>\n<p>\n<strong>Autores:<\/strong><br \/>\nLarissa Medianeira Bolzan, Jer\u00f4nimo Medina Madruga, Rodrigo Padilha Silveira\n      <\/p>\n<p>\n<strong>Design Instrucional:<\/strong><br \/>\nFabiane Belletti da Silva, Fatima de Oliveira\n      <\/p>\n<p>\n<strong>Design Gr\u00e1fico:<\/strong><br \/>\nTobias Mulling, Fabiane Belleti da Silva\n      <\/p>\n<p>\n<strong>Revis\u00e3o Lingu\u00edstica:<\/strong><br \/>\nJael S\u00e2nera\n      <\/p>\n<\/p><\/div>\n<\/p><\/div>\n<hr class=\"cpted-divisor\" \/>\n<p>  <!-- MANUAL DE PODCASTS--><\/p>\n<div class=\"container\">\n<div class=\"container_image\">\n      <a class=\"cpted-link\" href=\"https:\/\/wp.ufpel.edu.br\/cpted\/files\/2025\/06\/Manual-de-Producao-Podcasts.pdf\"><img loading=\"lazy\" decoding=\"async\" src=\"https:\/\/wp.ufpel.edu.br\/cpted\/files\/2025\/05\/kit-docente_podcasts-v1-283x400.png\" alt=\"\" width=\"283\" height=\"400\" class=\"alignnone size-medium wp-image-200\" srcset=\"https:\/\/wp.ufpel.edu.br\/cpted\/files\/2025\/05\/kit-docente_podcasts-v1-283x400.png 283w, https:\/\/wp.ufpel.edu.br\/cpted\/files\/2025\/05\/kit-docente_podcasts-v1-725x1024.png 725w, https:\/\/wp.ufpel.edu.br\/cpted\/files\/2025\/05\/kit-docente_podcasts-v1-768x1085.png 768w, https:\/\/wp.ufpel.edu.br\/cpted\/files\/2025\/05\/kit-docente_podcasts-v1-1087x1536.png 1087w, https:\/\/wp.ufpel.edu.br\/cpted\/files\/2025\/05\/kit-docente_podcasts-v1-1450x2048.png 1450w, https:\/\/wp.ufpel.edu.br\/cpted\/files\/2025\/05\/kit-docente_podcasts-v1-scaled.png 1812w\" sizes=\"auto, (max-width: 283px) 100vw, 283px\" \/><\/a>\n    <\/div>\n<div class=\"container_infos\">\n<h6 style=\"margin-bottom:0;\">\n        <a class=\"cpted-link\" href=\"https:\/\/wp.ufpel.edu.br\/cpted\/files\/2025\/06\/Manual-de-Producao-Podcasts.pdf\">Manual de Podcasts<\/a><br \/>\n      <\/h6>\n<p>      <small style=\"color: #a3a3a3;\">1\u00aa Edi\u00e7\u00e3o &#8211; \u00daltima Revis\u00e3o: 29 de Julho de 2025<\/small><\/p>\n<hr class=\"divisor\" \/>\n<p>\n<strong>ISBN:<\/strong><br \/>978-65-01-60248-6\n      <\/p>\n<p>\n<strong>Organizadores:<\/strong><br \/>\nChristiano Martino Otero Avila, Rosaura Esp\u00edrito Santo da Silva, Carla Denize Ott Felcher, Larissa Medianeira Bolzan\n      <\/p>\n<p>\n<strong>Autores:<\/strong><br \/>\nLarissa Medianeira Bolzan, Jer\u00f4nimo Medina Madruga, Rodrigo Padilha Silveira\n      <\/p>\n<p>\n<strong>Design Instrucional:<\/strong><br \/>\nFabiane Belletti da Silva, Fatima de Oliveira\n      <\/p>\n<p>\n<strong>Design Gr\u00e1fico:<\/strong><br \/>\nTobias Mulling, Fabiane Belleti da Silva\n      <\/p>\n<p>\n<strong>Revis\u00e3o Lingu\u00edstica:<\/strong><br \/>\nJael S\u00e2nera\n      <\/p>\n<\/p><\/div>\n<\/p><\/div>\n<hr class=\"cpted-divisor\" \/>\n<\/section>\n<style>\n#cpted-page_kitdocente .container {\n  display: flex;\n  flex-direction: column;\n  flex-wrap: wrap;\n  align-content: center;\n  justify-content: flex-start;\n  align-items: center;\n}\n#cpted-page_kitdocente .container_image {\n  margin-bottom: 20px;\n}\n#cpted-page_kitdocente .container_image img {\n  border-radius: 5px;\n  width: 200px;\n  height: 283px;\n  box-shadow: rgba(0, 0, 0, 0.45) 0px 25px 20px -20px\n}\n#cpted-page_kitdocente .container_infos {\n  width: 100%;\n}\n#cpted-page_kitdocente .divisor {\n  border-top: 1px dotted #ccc;\n  height: 0;\n  width: 20%;\n  margin: -20px 0 15px 0;\n  background-color: unset;\n}\n@media only screen and (min-width: 1001px) {\n  #cpted-page_kitdocente .container {\n    flex-direction: row !important;\n    align-items: flex-start;\n  }\n  #cpted-page_kitdocente .container_infos {\n    margin-left: 40px;\n    width: calc(100% - 240px);\n  }\n}\n<\/style>\n","protected":false},"excerpt":{"rendered":"<p>O Kit Docente, desenvolvido pelo N\u00facleo de Pol\u00edticas de Educa\u00e7\u00e3o a Dist\u00e2ncia (NUPED) da Universidade Federal de Pelotas (UFPel), re\u00fane materiais de apoio voltados \u00e0 produ\u00e7\u00e3o de conte\u00fados pedag\u00f3gicos de qualidade para ambientes virtuais de aprendizagem e a\u00e7\u00f5es de Educa\u00e7\u00e3o a Dist\u00e2ncia (EaD). O material oferece orienta\u00e7\u00f5es pr\u00e1ticas sobre a cria\u00e7\u00e3o de videoaulas, podcasts e [&hellip;]<\/p>\n","protected":false},"author":1448,"featured_media":0,"parent":0,"menu_order":0,"comment_status":"closed","ping_status":"closed","template":"","meta":{"footnotes":""},"class_list":["post-162","page","type-page","status-publish","hentry"],"_links":{"self":[{"href":"https:\/\/wp.ufpel.edu.br\/cpted\/wp-json\/wp\/v2\/pages\/162","targetHints":{"allow":["GET"]}}],"collection":[{"href":"https:\/\/wp.ufpel.edu.br\/cpted\/wp-json\/wp\/v2\/pages"}],"about":[{"href":"https:\/\/wp.ufpel.edu.br\/cpted\/wp-json\/wp\/v2\/types\/page"}],"author":[{"embeddable":true,"href":"https:\/\/wp.ufpel.edu.br\/cpted\/wp-json\/wp\/v2\/users\/1448"}],"replies":[{"embeddable":true,"href":"https:\/\/wp.ufpel.edu.br\/cpted\/wp-json\/wp\/v2\/comments?post=162"}],"version-history":[{"count":52,"href":"https:\/\/wp.ufpel.edu.br\/cpted\/wp-json\/wp\/v2\/pages\/162\/revisions"}],"predecessor-version":[{"id":7584,"href":"https:\/\/wp.ufpel.edu.br\/cpted\/wp-json\/wp\/v2\/pages\/162\/revisions\/7584"}],"wp:attachment":[{"href":"https:\/\/wp.ufpel.edu.br\/cpted\/wp-json\/wp\/v2\/media?parent=162"}],"curies":[{"name":"wp","href":"https:\/\/api.w.org\/{rel}","templated":true}]}}