{"id":850,"date":"2018-12-18T12:59:23","date_gmt":"2018-12-18T14:59:23","guid":{"rendered":"https:\/\/wp.ufpel.edu.br\/cppmet\/?page_id=850"},"modified":"2019-01-17T10:49:05","modified_gmt":"2019-01-17T12:49:05","slug":"estacao-ddpa","status":"publish","type":"page","link":"https:\/\/wp.ufpel.edu.br\/cppmet\/estacao-ddpa\/","title":{"rendered":"Esta\u00e7\u00e3o DDPA"},"content":{"rendered":"\n<!-- iframe plugin v.6.0 wordpress.org\/plugins\/iframe\/ -->\n<iframe src=\"https:\/\/cppmet.ufpel.edu.br\/site\/estacao-ddpa.html\" width=\"100%\" height=\"900\" scrolling=\"yes\" class=\"iframe-class\" frameborder=\"0\"><\/iframe>\n\n<p>&nbsp;<\/p>\n<p>Os dados podem ser vistos no site da Noaa no link abaixo.<\/p>\n<div dir=\"ltr\"><a href=\"https:\/\/dcs4.noaa.gov\/Account\/FieldTest\" target=\"_blank\" rel=\"noopener\">https:\/\/dcs4.noaa.gov\/Account\/FieldTest<\/a><\/div>\n<div>C\u00f3digo ID: FE50E33C<\/div>\n<div dir=\"ltr\"><\/div>\n<div dir=\"ltr\">\n<div dir=\"ltr\">Ordem dos dados na NOAA<\/div>\n<div dir=\"ltr\">01)\u00a0 \u00a0Press\u00e3o atmosf\u00e9rica m\u00e9dia 1h<\/div>\n<div dir=\"ltr\">02)\u00a0 \u00a0Press\u00e3o atmosf\u00e9rica m\u00e1xima 1h<\/div>\n<div dir=\"ltr\">03)\u00a0 \u00a0Press\u00e3o atmosf\u00e9rica m\u00ednima 1h<\/div>\n<div dir=\"ltr\">04)\u00a0 \u00a0Temperatura do ar m\u00e9dia 1h<\/div>\n<div dir=\"ltr\">05)\u00a0 \u00a0Temperatura do ar m\u00e1xima 1h<\/div>\n<div dir=\"ltr\">06)\u00a0 \u00a0Temperatura do ar m\u00ednima 1h<\/div>\n<div dir=\"ltr\">07)\u00a0 \u00a0Umidade relativa do ar m\u00e9dia 1h<\/div>\n<div dir=\"ltr\">08)\u00a0 \u00a0Umidade relativa do ar m\u00e1xima 1h<\/div>\n<div dir=\"ltr\">09)\u00a0 \u00a0Umidade relativa do ar m\u00ednima 1h<\/div>\n<div dir=\"ltr\">10)\u00a0 \u00a0Umidade foliar m\u00e9dia 1h<\/div>\n<div dir=\"ltr\">11)\u00a0 \u00a0Umidade foliar m\u00e1xima 1h<\/div>\n<div dir=\"ltr\">12)\u00a0 \u00a0Umidade foliar m\u00ednima 1h<\/div>\n<div dir=\"ltr\">13)\u00a0 \u00a0Temperatura do solo m\u00e9dia 1h<\/div>\n<div dir=\"ltr\">14)\u00a0 \u00a0Temperatura do solo m\u00e1xima 1h<\/div>\n<div dir=\"ltr\">15)\u00a0 \u00a0Temperatura do solo m\u00ednima 1h<\/div>\n<div dir=\"ltr\">16)\u00a0 \u00a0Umidade do solo m\u00e9dia 1h<\/div>\n<div dir=\"ltr\">17)\u00a0 \u00a0Radia\u00e7\u00e3o solar global m\u00e9dia 1h<\/div>\n<div dir=\"ltr\">18)\u00a0 \u00a0Radia\u00e7\u00e3o solar global totaliza\u00e7\u00e3o 24h<\/div>\n<div dir=\"ltr\">19)\u00a0 \u00a0Radia\u00e7\u00e3o PAR m\u00e9dia 1h<\/div>\n<div dir=\"ltr\">20)\u00a0 \u00a0Dire\u00e7\u00e3o do vento m\u00e9dia 1h<\/div>\n<div dir=\"ltr\">21)\u00a0 \u00a0Dire\u00e7\u00e3o da m\u00e1xima velocidade do vento<\/div>\n<div dir=\"ltr\">22)\u00a0 \u00a0Velocidade do vento m\u00e9dia 1h<\/div>\n<div dir=\"ltr\">23)\u00a0 \u00a0Velocidade do vento m\u00e1xima 1h<\/div>\n<div dir=\"ltr\">24)\u00a0 \u00a0Velocidade do vento m\u00ednima 1h<\/div>\n<div dir=\"ltr\">25)\u00a0 \u00a0Precipita\u00e7\u00e3o 1h<\/div>\n<div dir=\"ltr\">26)\u00a0 \u00a0Precipita\u00e7\u00e3o 24h<\/div>\n<div dir=\"ltr\">27)\u00a0 \u00a0Precipita\u00e7\u00e3o mensal<\/div>\n<div dir=\"ltr\">28)\u00a0 \u00a0Tens\u00e3o da bateria<\/div>\n<\/div>\n","protected":false},"excerpt":{"rendered":"<p>&nbsp; Os dados podem ser vistos no site da Noaa no link abaixo. https:\/\/dcs4.noaa.gov\/Account\/FieldTest C\u00f3digo ID: FE50E33C Ordem dos dados na NOAA 01)\u00a0 \u00a0Press\u00e3o atmosf\u00e9rica m\u00e9dia 1h 02)\u00a0 \u00a0Press\u00e3o atmosf\u00e9rica m\u00e1xima 1h 03)\u00a0 \u00a0Press\u00e3o atmosf\u00e9rica m\u00ednima 1h 04)\u00a0 \u00a0Temperatura do ar m\u00e9dia 1h 05)\u00a0 \u00a0Temperatura do ar m\u00e1xima 1h 06)\u00a0 \u00a0Temperatura do ar m\u00ednima 1h [&hellip;]<\/p>\n","protected":false},"author":681,"featured_media":0,"parent":0,"menu_order":0,"comment_status":"closed","ping_status":"closed","template":"","meta":{"footnotes":""},"class_list":["post-850","page","type-page","status-publish","hentry"],"yoast_head":"<!-- This site is optimized with the Yoast SEO plugin v26.7 - https:\/\/yoast.com\/wordpress\/plugins\/seo\/ -->\n<title>Esta\u00e7\u00e3o DDPA - CPPMET - UFPEL<\/title>\n<meta name=\"robots\" content=\"index, follow, max-snippet:-1, max-image-preview:large, max-video-preview:-1\" \/>\n<link rel=\"canonical\" href=\"https:\/\/wp.ufpel.edu.br\/cppmet\/estacao-ddpa\/\" \/>\n<meta property=\"og:locale\" content=\"pt_BR\" \/>\n<meta property=\"og:type\" content=\"article\" \/>\n<meta property=\"og:title\" content=\"Esta\u00e7\u00e3o DDPA - CPPMET - UFPEL\" \/>\n<meta property=\"og:description\" content=\"&nbsp; Os dados podem ser vistos no site da Noaa no link abaixo. https:\/\/dcs4.noaa.gov\/Account\/FieldTest C\u00f3digo ID: FE50E33C Ordem dos dados na NOAA 01)\u00a0 \u00a0Press\u00e3o atmosf\u00e9rica m\u00e9dia 1h 02)\u00a0 \u00a0Press\u00e3o atmosf\u00e9rica m\u00e1xima 1h 03)\u00a0 \u00a0Press\u00e3o atmosf\u00e9rica m\u00ednima 1h 04)\u00a0 \u00a0Temperatura do ar m\u00e9dia 1h 05)\u00a0 \u00a0Temperatura do ar m\u00e1xima 1h 06)\u00a0 \u00a0Temperatura do ar m\u00ednima 1h [&hellip;]\" \/>\n<meta property=\"og:url\" content=\"https:\/\/wp.ufpel.edu.br\/cppmet\/estacao-ddpa\/\" \/>\n<meta property=\"og:site_name\" content=\"CPPMET - UFPEL\" \/>\n<meta property=\"article:publisher\" content=\"https:\/\/www.facebook.com\/cppmet\/\" \/>\n<meta property=\"article:modified_time\" content=\"2019-01-17T12:49:05+00:00\" \/>\n<meta name=\"twitter:card\" content=\"summary_large_image\" \/>\n<meta name=\"twitter:site\" content=\"@cppmet\" \/>\n<meta name=\"twitter:label1\" content=\"Est. tempo de leitura\" \/>\n\t<meta name=\"twitter:data1\" content=\"1 minuto\" \/>\n<script type=\"application\/ld+json\" class=\"yoast-schema-graph\">{\"@context\":\"https:\/\/schema.org\",\"@graph\":[{\"@type\":\"WebPage\",\"@id\":\"https:\/\/wp.ufpel.edu.br\/cppmet\/estacao-ddpa\/\",\"url\":\"https:\/\/wp.ufpel.edu.br\/cppmet\/estacao-ddpa\/\",\"name\":\"Esta\u00e7\u00e3o DDPA - CPPMET - UFPEL\",\"isPartOf\":{\"@id\":\"https:\/\/wp.ufpel.edu.br\/cppmet\/#website\"},\"datePublished\":\"2018-12-18T14:59:23+00:00\",\"dateModified\":\"2019-01-17T12:49:05+00:00\",\"breadcrumb\":{\"@id\":\"https:\/\/wp.ufpel.edu.br\/cppmet\/estacao-ddpa\/#breadcrumb\"},\"inLanguage\":\"pt-BR\",\"potentialAction\":[{\"@type\":\"ReadAction\",\"target\":[\"https:\/\/wp.ufpel.edu.br\/cppmet\/estacao-ddpa\/\"]}]},{\"@type\":\"BreadcrumbList\",\"@id\":\"https:\/\/wp.ufpel.edu.br\/cppmet\/estacao-ddpa\/#breadcrumb\",\"itemListElement\":[{\"@type\":\"ListItem\",\"position\":1,\"name\":\"In\u00edcio\",\"item\":\"https:\/\/wp.ufpel.edu.br\/cppmet\/\"},{\"@type\":\"ListItem\",\"position\":2,\"name\":\"Esta\u00e7\u00e3o DDPA\"}]},{\"@type\":\"WebSite\",\"@id\":\"https:\/\/wp.ufpel.edu.br\/cppmet\/#website\",\"url\":\"https:\/\/wp.ufpel.edu.br\/cppmet\/\",\"name\":\"CPPMET - UFPEL\",\"description\":\"Centro de Pesquisas e Previs\u00f5es Meteorol\u00f3gicas\",\"publisher\":{\"@id\":\"https:\/\/wp.ufpel.edu.br\/cppmet\/#organization\"},\"potentialAction\":[{\"@type\":\"SearchAction\",\"target\":{\"@type\":\"EntryPoint\",\"urlTemplate\":\"https:\/\/wp.ufpel.edu.br\/cppmet\/?s={search_term_string}\"},\"query-input\":{\"@type\":\"PropertyValueSpecification\",\"valueRequired\":true,\"valueName\":\"search_term_string\"}}],\"inLanguage\":\"pt-BR\"},{\"@type\":\"Organization\",\"@id\":\"https:\/\/wp.ufpel.edu.br\/cppmet\/#organization\",\"name\":\"CPMET\",\"url\":\"https:\/\/wp.ufpel.edu.br\/cppmet\/\",\"logo\":{\"@type\":\"ImageObject\",\"inLanguage\":\"pt-BR\",\"@id\":\"https:\/\/wp.ufpel.edu.br\/cppmet\/#\/schema\/logo\/image\/\",\"url\":\"https:\/\/wp.ufpel.edu.br\/cppmet\/files\/2018\/01\/LOGOf1min2.fw_.png\",\"contentUrl\":\"https:\/\/wp.ufpel.edu.br\/cppmet\/files\/2018\/01\/LOGOf1min2.fw_.png\",\"width\":138,\"height\":138,\"caption\":\"CPMET\"},\"image\":{\"@id\":\"https:\/\/wp.ufpel.edu.br\/cppmet\/#\/schema\/logo\/image\/\"},\"sameAs\":[\"https:\/\/www.facebook.com\/cppmet\/\",\"https:\/\/x.com\/cppmet\",\"http:\/\/cppmet\"]}]}<\/script>\n<!-- \/ Yoast SEO plugin. -->","yoast_head_json":{"title":"Esta\u00e7\u00e3o DDPA - CPPMET - UFPEL","robots":{"index":"index","follow":"follow","max-snippet":"max-snippet:-1","max-image-preview":"max-image-preview:large","max-video-preview":"max-video-preview:-1"},"canonical":"https:\/\/wp.ufpel.edu.br\/cppmet\/estacao-ddpa\/","og_locale":"pt_BR","og_type":"article","og_title":"Esta\u00e7\u00e3o DDPA - CPPMET - UFPEL","og_description":"&nbsp; Os dados podem ser vistos no site da Noaa no link abaixo. https:\/\/dcs4.noaa.gov\/Account\/FieldTest C\u00f3digo ID: FE50E33C Ordem dos dados na NOAA 01)\u00a0 \u00a0Press\u00e3o atmosf\u00e9rica m\u00e9dia 1h 02)\u00a0 \u00a0Press\u00e3o atmosf\u00e9rica m\u00e1xima 1h 03)\u00a0 \u00a0Press\u00e3o atmosf\u00e9rica m\u00ednima 1h 04)\u00a0 \u00a0Temperatura do ar m\u00e9dia 1h 05)\u00a0 \u00a0Temperatura do ar m\u00e1xima 1h 06)\u00a0 \u00a0Temperatura do ar m\u00ednima 1h [&hellip;]","og_url":"https:\/\/wp.ufpel.edu.br\/cppmet\/estacao-ddpa\/","og_site_name":"CPPMET - UFPEL","article_publisher":"https:\/\/www.facebook.com\/cppmet\/","article_modified_time":"2019-01-17T12:49:05+00:00","twitter_card":"summary_large_image","twitter_site":"@cppmet","twitter_misc":{"Est. tempo de leitura":"1 minuto"},"schema":{"@context":"https:\/\/schema.org","@graph":[{"@type":"WebPage","@id":"https:\/\/wp.ufpel.edu.br\/cppmet\/estacao-ddpa\/","url":"https:\/\/wp.ufpel.edu.br\/cppmet\/estacao-ddpa\/","name":"Esta\u00e7\u00e3o DDPA - CPPMET - UFPEL","isPartOf":{"@id":"https:\/\/wp.ufpel.edu.br\/cppmet\/#website"},"datePublished":"2018-12-18T14:59:23+00:00","dateModified":"2019-01-17T12:49:05+00:00","breadcrumb":{"@id":"https:\/\/wp.ufpel.edu.br\/cppmet\/estacao-ddpa\/#breadcrumb"},"inLanguage":"pt-BR","potentialAction":[{"@type":"ReadAction","target":["https:\/\/wp.ufpel.edu.br\/cppmet\/estacao-ddpa\/"]}]},{"@type":"BreadcrumbList","@id":"https:\/\/wp.ufpel.edu.br\/cppmet\/estacao-ddpa\/#breadcrumb","itemListElement":[{"@type":"ListItem","position":1,"name":"In\u00edcio","item":"https:\/\/wp.ufpel.edu.br\/cppmet\/"},{"@type":"ListItem","position":2,"name":"Esta\u00e7\u00e3o DDPA"}]},{"@type":"WebSite","@id":"https:\/\/wp.ufpel.edu.br\/cppmet\/#website","url":"https:\/\/wp.ufpel.edu.br\/cppmet\/","name":"CPPMET - UFPEL","description":"Centro de Pesquisas e Previs\u00f5es Meteorol\u00f3gicas","publisher":{"@id":"https:\/\/wp.ufpel.edu.br\/cppmet\/#organization"},"potentialAction":[{"@type":"SearchAction","target":{"@type":"EntryPoint","urlTemplate":"https:\/\/wp.ufpel.edu.br\/cppmet\/?s={search_term_string}"},"query-input":{"@type":"PropertyValueSpecification","valueRequired":true,"valueName":"search_term_string"}}],"inLanguage":"pt-BR"},{"@type":"Organization","@id":"https:\/\/wp.ufpel.edu.br\/cppmet\/#organization","name":"CPMET","url":"https:\/\/wp.ufpel.edu.br\/cppmet\/","logo":{"@type":"ImageObject","inLanguage":"pt-BR","@id":"https:\/\/wp.ufpel.edu.br\/cppmet\/#\/schema\/logo\/image\/","url":"https:\/\/wp.ufpel.edu.br\/cppmet\/files\/2018\/01\/LOGOf1min2.fw_.png","contentUrl":"https:\/\/wp.ufpel.edu.br\/cppmet\/files\/2018\/01\/LOGOf1min2.fw_.png","width":138,"height":138,"caption":"CPMET"},"image":{"@id":"https:\/\/wp.ufpel.edu.br\/cppmet\/#\/schema\/logo\/image\/"},"sameAs":["https:\/\/www.facebook.com\/cppmet\/","https:\/\/x.com\/cppmet","http:\/\/cppmet"]}]}},"jetpack_sharing_enabled":true,"jetpack_likes_enabled":true,"_links":{"self":[{"href":"https:\/\/wp.ufpel.edu.br\/cppmet\/wp-json\/wp\/v2\/pages\/850","targetHints":{"allow":["GET"]}}],"collection":[{"href":"https:\/\/wp.ufpel.edu.br\/cppmet\/wp-json\/wp\/v2\/pages"}],"about":[{"href":"https:\/\/wp.ufpel.edu.br\/cppmet\/wp-json\/wp\/v2\/types\/page"}],"author":[{"embeddable":true,"href":"https:\/\/wp.ufpel.edu.br\/cppmet\/wp-json\/wp\/v2\/users\/681"}],"replies":[{"embeddable":true,"href":"https:\/\/wp.ufpel.edu.br\/cppmet\/wp-json\/wp\/v2\/comments?post=850"}],"version-history":[{"count":7,"href":"https:\/\/wp.ufpel.edu.br\/cppmet\/wp-json\/wp\/v2\/pages\/850\/revisions"}],"predecessor-version":[{"id":867,"href":"https:\/\/wp.ufpel.edu.br\/cppmet\/wp-json\/wp\/v2\/pages\/850\/revisions\/867"}],"wp:attachment":[{"href":"https:\/\/wp.ufpel.edu.br\/cppmet\/wp-json\/wp\/v2\/media?parent=850"}],"curies":[{"name":"wp","href":"https:\/\/api.w.org\/{rel}","templated":true}]}}