{"id":760,"date":"2018-09-12T15:16:02","date_gmt":"2018-09-12T18:16:02","guid":{"rendered":"https:\/\/wp.ufpel.edu.br\/cppmet\/?page_id=760"},"modified":"2024-10-11T12:38:28","modified_gmt":"2024-10-11T15:38:28","slug":"jornada-de-trabalho","status":"publish","type":"page","link":"https:\/\/wp.ufpel.edu.br\/cppmet\/jornada-de-trabalho\/","title":{"rendered":"Jornada de Trabalho"},"content":{"rendered":"<h1 style=\"text-align: center;\" align=\"center\"><span style=\"font-family: arial black, sans-serif; font-size: 14pt;\"><b>JORNADA DE TRABALHO<\/b><\/span><\/h1>\n<h1 style=\"text-align: center;\" align=\"center\"><span style=\"font-family: arial black, sans-serif; font-size: 12pt;\"><b>Manh\u00e3: 8hs \u00e0s 12hs \/ Tarde: 13hs \u00e0s 17hs<\/b><\/span><\/h1>\n<p>&nbsp;<\/p>\n<article id=\"single_post_inside\" class=\"single_post_inside\">\n<h1 class=\"corTexto\">Atendimento Presencial (PGD)<\/h1>\n<p><iframe style=\"border: 0;\" src=\"https:\/\/calendar.google.com\/calendar\/embed?src=famet.ufpel%40gmail.com&amp;ctz=America%2FSao_Paulo\" width=\"700\" height=\"500\" frameborder=\"0\" scrolling=\"no\"><\/iframe><\/p>\n<div class=\"sharedaddy sd-sharing-enabled\">\n<div class=\"robots-nocontent sd-block sd-social sd-social-icon-text sd-sharing\">\n<h1 class=\"corTexto\">Escala da Previs\u00e3o:<\/h1>\n<p><iframe style=\"border: 0;\" src=\"https:\/\/calendar.google.com\/calendar\/embed?height=600&amp;wkst=1&amp;ctz=America%2FSao_Paulo&amp;bgcolor=%23ffffff&amp;src=ZDVjMjJjYzRlOGMxNTE3M2YzNzcyNTNiYTI5ZDg4YmQ1OTE0YTc4YjU2ZGRiMTI5NGZlMWFlMGY4MjJjZThjN0Bncm91cC5jYWxlbmRhci5nb29nbGUuY29t&amp;color=%233F51B5\" width=\"700\" height=\"500\" frameborder=\"0\" scrolling=\"no\"><span data-mce-type=\"bookmark\" style=\"display: inline-block; width: 0px; overflow: hidden; line-height: 0;\" class=\"mce_SELRES_start\">\ufeff<\/span><\/iframe><\/p>\n<\/div>\n<\/div>\n<div class=\"sharedaddy sd-sharing-enabled\">\n<div class=\"robots-nocontent sd-block sd-social sd-social-icon-text sd-sharing\">\n<h3 class=\"sd-title\">Compartilhe isso:<\/h3>\n<div class=\"sd-content\">\n<ul>\n<li class=\"share-facebook\"><a class=\"share-facebook sd-button share-icon\" title=\"Clique para compartilhar no Facebook\" href=\"https:\/\/www.facebook.com\/cppmet\" target=\"_blank\" rel=\"nofollow noopener noreferrer\" data-shared=\"sharing-facebook-797\">Facebook<\/a><\/li>\n<li class=\"share-twitter\"><a class=\"share-twitter sd-button share-icon\" title=\"Clique para compartilhar no Twitter\" href=\"https:\/\/wp.ufpel.edu.br\/cdtec\/arquivos\/797?share=twitter\" target=\"_blank\" rel=\"nofollow noopener noreferrer\" data-shared=\"sharing-twitter-797\">Twitter<\/a><\/li>\n<li class=\"share-jetpack-whatsapp\"><a class=\"share-jetpack-whatsapp sd-button share-icon\" title=\"Clique para compartilhar no WhatsApp\" href=\"https:\/\/wa.me\/&lt;555399836166&gt;\" target=\"_blank\" rel=\"nofollow noopener noreferrer\" data-shared=\"\">WhatsApp<\/a><\/li>\n<li><a class=\"sharing-anchor sd-button share-more\" href=\"#\">Mais<\/a><\/li>\n<li class=\"share-end\"><\/li>\n<\/ul>\n<div class=\"sharing-hidden\">\n<div class=\"inner\" style=\"display: none;\">\n<ul>\n<li class=\"share-print\"><a class=\"share-print sd-button share-icon\" title=\"Clique para imprimir\" href=\"https:\/\/wp.ufpel.edu.br\/cdtec\/arquivos\/797#print\" target=\"_blank\" rel=\"nofollow noopener noreferrer\" data-shared=\"\">Imprimir<\/a><\/li>\n<li class=\"share-linkedin\"><a class=\"share-linkedin sd-button share-icon\" title=\"Clique para compartilhar no LinkedIn\" href=\"https:\/\/wp.ufpel.edu.br\/cdtec\/arquivos\/797?share=linkedin\" target=\"_blank\" rel=\"nofollow noopener noreferrer\" data-shared=\"sharing-linkedin-797\">LinkedIn<\/a><\/li>\n<li class=\"share-end\"><\/li>\n<li class=\"share-telegram\"><a class=\"share-telegram sd-button share-icon\" title=\"Clique para compartilhar no Telegram\" href=\"https:\/\/wp.ufpel.edu.br\/cdtec\/arquivos\/797?share=telegram\" target=\"_blank\" rel=\"nofollow noopener noreferrer\" data-shared=\"\">Telegram<\/a><\/li>\n<li class=\"share-email\"><a class=\"share-email sd-button share-icon\" title=\"Clique para enviar um link por e-mail para um amigo\" href=\"mailto:?subject=%5BPost%20compartilhado%5D%20Atendimento%20Presencial%20%28PGD%20-%20Dez%2F2022%29&amp;body=https%3A%2F%2Fwp.ufpel.edu.br%2Fcdtec%2Farquivos%2F797&amp;share=email\" target=\"_blank\" rel=\"nofollow noopener noreferrer\" data-shared=\"\" data-email-share-error-title=\"Voc\u00ea tem algum e-mail configurado?\" data-email-share-error-text=\"Se voc\u00ea est\u00e1 tendo problemas para compartilhar por e-mail, \u00e9 poss\u00edvel que voc\u00ea n\u00e3o tenha configurado o e-mail para seu navegador. Talvez seja necess\u00e1rio voc\u00ea mesmo criar um novo e-mail.\" data-email-share-nonce=\"9a8cbea678\" data-email-share-track-url=\"https:\/\/wp.ufpel.edu.br\/cdtec\/arquivos\/797?share=email\">E-mail<\/a><\/li>\n<li class=\"share-end\"><\/li>\n<li class=\"share-end\"><\/li>\n<\/ul>\n<\/div>\n<\/div>\n<\/div>\n<\/div>\n<\/div>\n<div class=\"limpa\"><\/div>\n<\/article>\n<p>&nbsp;<\/p>\n<p>&nbsp;<\/p>\n","protected":false},"excerpt":{"rendered":"<p>JORNADA DE TRABALHO Manh\u00e3: 8hs \u00e0s 12hs \/ Tarde: 13hs \u00e0s 17hs &nbsp; Atendimento Presencial (PGD) Escala da Previs\u00e3o: \ufeff Compartilhe isso: Facebook Twitter WhatsApp Mais Imprimir LinkedIn Telegram E-mail &nbsp; &nbsp;<\/p>\n","protected":false},"author":681,"featured_media":0,"parent":0,"menu_order":0,"comment_status":"closed","ping_status":"closed","template":"","meta":{"footnotes":""},"class_list":["post-760","page","type-page","status-publish","hentry"],"yoast_head":"<!-- This site is optimized with the Yoast SEO plugin v26.7 - https:\/\/yoast.com\/wordpress\/plugins\/seo\/ -->\n<title>Jornada de Trabalho - CPPMET - UFPEL<\/title>\n<meta name=\"robots\" content=\"index, follow, max-snippet:-1, max-image-preview:large, max-video-preview:-1\" \/>\n<link rel=\"canonical\" href=\"https:\/\/wp.ufpel.edu.br\/cppmet\/jornada-de-trabalho\/\" \/>\n<meta property=\"og:locale\" content=\"pt_BR\" \/>\n<meta property=\"og:type\" content=\"article\" \/>\n<meta property=\"og:title\" content=\"Jornada de Trabalho - CPPMET - UFPEL\" \/>\n<meta property=\"og:description\" content=\"JORNADA DE TRABALHO Manh\u00e3: 8hs \u00e0s 12hs \/ Tarde: 13hs \u00e0s 17hs &nbsp; Atendimento Presencial (PGD) Escala da Previs\u00e3o: \ufeff Compartilhe isso: Facebook Twitter WhatsApp Mais Imprimir LinkedIn Telegram E-mail &nbsp; &nbsp;\" \/>\n<meta property=\"og:url\" content=\"https:\/\/wp.ufpel.edu.br\/cppmet\/jornada-de-trabalho\/\" \/>\n<meta property=\"og:site_name\" content=\"CPPMET - UFPEL\" \/>\n<meta property=\"article:publisher\" content=\"https:\/\/www.facebook.com\/cppmet\/\" \/>\n<meta property=\"article:modified_time\" content=\"2024-10-11T15:38:28+00:00\" \/>\n<meta name=\"twitter:card\" content=\"summary_large_image\" \/>\n<meta name=\"twitter:site\" content=\"@cppmet\" \/>\n<meta name=\"twitter:label1\" content=\"Est. tempo de leitura\" \/>\n\t<meta name=\"twitter:data1\" content=\"1 minuto\" \/>\n<script type=\"application\/ld+json\" class=\"yoast-schema-graph\">{\"@context\":\"https:\/\/schema.org\",\"@graph\":[{\"@type\":\"WebPage\",\"@id\":\"https:\/\/wp.ufpel.edu.br\/cppmet\/jornada-de-trabalho\/\",\"url\":\"https:\/\/wp.ufpel.edu.br\/cppmet\/jornada-de-trabalho\/\",\"name\":\"Jornada de Trabalho - CPPMET - UFPEL\",\"isPartOf\":{\"@id\":\"https:\/\/wp.ufpel.edu.br\/cppmet\/#website\"},\"datePublished\":\"2018-09-12T18:16:02+00:00\",\"dateModified\":\"2024-10-11T15:38:28+00:00\",\"breadcrumb\":{\"@id\":\"https:\/\/wp.ufpel.edu.br\/cppmet\/jornada-de-trabalho\/#breadcrumb\"},\"inLanguage\":\"pt-BR\",\"potentialAction\":[{\"@type\":\"ReadAction\",\"target\":[\"https:\/\/wp.ufpel.edu.br\/cppmet\/jornada-de-trabalho\/\"]}]},{\"@type\":\"BreadcrumbList\",\"@id\":\"https:\/\/wp.ufpel.edu.br\/cppmet\/jornada-de-trabalho\/#breadcrumb\",\"itemListElement\":[{\"@type\":\"ListItem\",\"position\":1,\"name\":\"In\u00edcio\",\"item\":\"https:\/\/wp.ufpel.edu.br\/cppmet\/\"},{\"@type\":\"ListItem\",\"position\":2,\"name\":\"Jornada de Trabalho\"}]},{\"@type\":\"WebSite\",\"@id\":\"https:\/\/wp.ufpel.edu.br\/cppmet\/#website\",\"url\":\"https:\/\/wp.ufpel.edu.br\/cppmet\/\",\"name\":\"CPPMET - UFPEL\",\"description\":\"Centro de Pesquisas e Previs\u00f5es Meteorol\u00f3gicas\",\"publisher\":{\"@id\":\"https:\/\/wp.ufpel.edu.br\/cppmet\/#organization\"},\"potentialAction\":[{\"@type\":\"SearchAction\",\"target\":{\"@type\":\"EntryPoint\",\"urlTemplate\":\"https:\/\/wp.ufpel.edu.br\/cppmet\/?s={search_term_string}\"},\"query-input\":{\"@type\":\"PropertyValueSpecification\",\"valueRequired\":true,\"valueName\":\"search_term_string\"}}],\"inLanguage\":\"pt-BR\"},{\"@type\":\"Organization\",\"@id\":\"https:\/\/wp.ufpel.edu.br\/cppmet\/#organization\",\"name\":\"CPMET\",\"url\":\"https:\/\/wp.ufpel.edu.br\/cppmet\/\",\"logo\":{\"@type\":\"ImageObject\",\"inLanguage\":\"pt-BR\",\"@id\":\"https:\/\/wp.ufpel.edu.br\/cppmet\/#\/schema\/logo\/image\/\",\"url\":\"https:\/\/wp.ufpel.edu.br\/cppmet\/files\/2018\/01\/LOGOf1min2.fw_.png\",\"contentUrl\":\"https:\/\/wp.ufpel.edu.br\/cppmet\/files\/2018\/01\/LOGOf1min2.fw_.png\",\"width\":138,\"height\":138,\"caption\":\"CPMET\"},\"image\":{\"@id\":\"https:\/\/wp.ufpel.edu.br\/cppmet\/#\/schema\/logo\/image\/\"},\"sameAs\":[\"https:\/\/www.facebook.com\/cppmet\/\",\"https:\/\/x.com\/cppmet\",\"http:\/\/cppmet\"]}]}<\/script>\n<!-- \/ Yoast SEO plugin. -->","yoast_head_json":{"title":"Jornada de Trabalho - CPPMET - UFPEL","robots":{"index":"index","follow":"follow","max-snippet":"max-snippet:-1","max-image-preview":"max-image-preview:large","max-video-preview":"max-video-preview:-1"},"canonical":"https:\/\/wp.ufpel.edu.br\/cppmet\/jornada-de-trabalho\/","og_locale":"pt_BR","og_type":"article","og_title":"Jornada de Trabalho - CPPMET - UFPEL","og_description":"JORNADA DE TRABALHO Manh\u00e3: 8hs \u00e0s 12hs \/ Tarde: 13hs \u00e0s 17hs &nbsp; Atendimento Presencial (PGD) Escala da Previs\u00e3o: \ufeff Compartilhe isso: Facebook Twitter WhatsApp Mais Imprimir LinkedIn Telegram E-mail &nbsp; &nbsp;","og_url":"https:\/\/wp.ufpel.edu.br\/cppmet\/jornada-de-trabalho\/","og_site_name":"CPPMET - UFPEL","article_publisher":"https:\/\/www.facebook.com\/cppmet\/","article_modified_time":"2024-10-11T15:38:28+00:00","twitter_card":"summary_large_image","twitter_site":"@cppmet","twitter_misc":{"Est. tempo de leitura":"1 minuto"},"schema":{"@context":"https:\/\/schema.org","@graph":[{"@type":"WebPage","@id":"https:\/\/wp.ufpel.edu.br\/cppmet\/jornada-de-trabalho\/","url":"https:\/\/wp.ufpel.edu.br\/cppmet\/jornada-de-trabalho\/","name":"Jornada de Trabalho - CPPMET - UFPEL","isPartOf":{"@id":"https:\/\/wp.ufpel.edu.br\/cppmet\/#website"},"datePublished":"2018-09-12T18:16:02+00:00","dateModified":"2024-10-11T15:38:28+00:00","breadcrumb":{"@id":"https:\/\/wp.ufpel.edu.br\/cppmet\/jornada-de-trabalho\/#breadcrumb"},"inLanguage":"pt-BR","potentialAction":[{"@type":"ReadAction","target":["https:\/\/wp.ufpel.edu.br\/cppmet\/jornada-de-trabalho\/"]}]},{"@type":"BreadcrumbList","@id":"https:\/\/wp.ufpel.edu.br\/cppmet\/jornada-de-trabalho\/#breadcrumb","itemListElement":[{"@type":"ListItem","position":1,"name":"In\u00edcio","item":"https:\/\/wp.ufpel.edu.br\/cppmet\/"},{"@type":"ListItem","position":2,"name":"Jornada de Trabalho"}]},{"@type":"WebSite","@id":"https:\/\/wp.ufpel.edu.br\/cppmet\/#website","url":"https:\/\/wp.ufpel.edu.br\/cppmet\/","name":"CPPMET - UFPEL","description":"Centro de Pesquisas e Previs\u00f5es Meteorol\u00f3gicas","publisher":{"@id":"https:\/\/wp.ufpel.edu.br\/cppmet\/#organization"},"potentialAction":[{"@type":"SearchAction","target":{"@type":"EntryPoint","urlTemplate":"https:\/\/wp.ufpel.edu.br\/cppmet\/?s={search_term_string}"},"query-input":{"@type":"PropertyValueSpecification","valueRequired":true,"valueName":"search_term_string"}}],"inLanguage":"pt-BR"},{"@type":"Organization","@id":"https:\/\/wp.ufpel.edu.br\/cppmet\/#organization","name":"CPMET","url":"https:\/\/wp.ufpel.edu.br\/cppmet\/","logo":{"@type":"ImageObject","inLanguage":"pt-BR","@id":"https:\/\/wp.ufpel.edu.br\/cppmet\/#\/schema\/logo\/image\/","url":"https:\/\/wp.ufpel.edu.br\/cppmet\/files\/2018\/01\/LOGOf1min2.fw_.png","contentUrl":"https:\/\/wp.ufpel.edu.br\/cppmet\/files\/2018\/01\/LOGOf1min2.fw_.png","width":138,"height":138,"caption":"CPMET"},"image":{"@id":"https:\/\/wp.ufpel.edu.br\/cppmet\/#\/schema\/logo\/image\/"},"sameAs":["https:\/\/www.facebook.com\/cppmet\/","https:\/\/x.com\/cppmet","http:\/\/cppmet"]}]}},"jetpack_sharing_enabled":true,"jetpack_likes_enabled":true,"_links":{"self":[{"href":"https:\/\/wp.ufpel.edu.br\/cppmet\/wp-json\/wp\/v2\/pages\/760","targetHints":{"allow":["GET"]}}],"collection":[{"href":"https:\/\/wp.ufpel.edu.br\/cppmet\/wp-json\/wp\/v2\/pages"}],"about":[{"href":"https:\/\/wp.ufpel.edu.br\/cppmet\/wp-json\/wp\/v2\/types\/page"}],"author":[{"embeddable":true,"href":"https:\/\/wp.ufpel.edu.br\/cppmet\/wp-json\/wp\/v2\/users\/681"}],"replies":[{"embeddable":true,"href":"https:\/\/wp.ufpel.edu.br\/cppmet\/wp-json\/wp\/v2\/comments?post=760"}],"version-history":[{"count":42,"href":"https:\/\/wp.ufpel.edu.br\/cppmet\/wp-json\/wp\/v2\/pages\/760\/revisions"}],"predecessor-version":[{"id":2837,"href":"https:\/\/wp.ufpel.edu.br\/cppmet\/wp-json\/wp\/v2\/pages\/760\/revisions\/2837"}],"wp:attachment":[{"href":"https:\/\/wp.ufpel.edu.br\/cppmet\/wp-json\/wp\/v2\/media?parent=760"}],"curies":[{"name":"wp","href":"https:\/\/api.w.org\/{rel}","templated":true}]}}