{"id":673,"date":"2018-05-25T10:00:37","date_gmt":"2018-05-25T13:00:37","guid":{"rendered":"https:\/\/wp.ufpel.edu.br\/cppmet\/?page_id=673"},"modified":"2018-05-25T15:28:00","modified_gmt":"2018-05-25T18:28:00","slug":"satelite-goes16-nebulosidade-baixa","status":"publish","type":"page","link":"https:\/\/wp.ufpel.edu.br\/cppmet\/satelite-goes16-nebulosidade-baixa\/","title":{"rendered":"Sat\u00e9lite GOES16 &#8211; Nebulosidade baixa e nevoeiro"},"content":{"rendered":"\n<!-- iframe plugin v.6.0 wordpress.org\/plugins\/iframe\/ -->\n<iframe src=\"https:\/\/cppmet.ufpel.edu.br\/site\/satelite-c7c14.html\" width=\"100%\" height=\"650\" scrolling=\"yes\" class=\"iframe-class\" frameborder=\"0\"><\/iframe>\n\n<div><\/div>\n<div>A imagem acima constitui-se do diferencial de irradi\u00e2ncia entre os canais 11,2 (Infravermelho) e 3,2um (infravermelho\u00a0 pr\u00f3ximo) do sat\u00e9lite GOES-16.\u00a0 Por esse produto \u00e9 poss\u00edvel visualizar nuvens baixas e nevoeiros inclusive a noite por se tratar do reconhecimento da emissividade de nuvens.<\/div>\n<div>As tonalidades de branco e cinza claro representam as nuvens baixas. As tonalidades escuras representam nuvens nos n\u00edveis m\u00e9dios e altos. Em casos de chuva aparecer\u00e1 um branco muito brilhante em \u00e1reas mais extensas.<\/div>\n<div>Vejam que os nevoeiros e nuvens baixas (stratus) aparecem sobre os corpos d&#8217;\u00e1gua tais como rios e as lagoas devido a evapora\u00e7\u00e3o.<\/div>\n","protected":false},"excerpt":{"rendered":"<p>A imagem acima constitui-se do diferencial de irradi\u00e2ncia entre os canais 11,2 (Infravermelho) e 3,2um (infravermelho\u00a0 pr\u00f3ximo) do sat\u00e9lite GOES-16.\u00a0 Por esse produto \u00e9 poss\u00edvel visualizar nuvens baixas e nevoeiros inclusive a noite por se tratar do reconhecimento da emissividade de nuvens. As tonalidades de branco e cinza claro representam as nuvens baixas. As tonalidades [&hellip;]<\/p>\n","protected":false},"author":681,"featured_media":0,"parent":0,"menu_order":0,"comment_status":"closed","ping_status":"closed","template":"","meta":{"footnotes":""},"class_list":["post-673","page","type-page","status-publish","hentry"],"yoast_head":"<!-- This site is optimized with the Yoast SEO plugin v26.7 - https:\/\/yoast.com\/wordpress\/plugins\/seo\/ -->\n<title>Sat\u00e9lite GOES16 - Nebulosidade baixa e nevoeiro - CPPMET - UFPEL<\/title>\n<meta name=\"robots\" content=\"index, follow, max-snippet:-1, max-image-preview:large, max-video-preview:-1\" \/>\n<link rel=\"canonical\" href=\"https:\/\/wp.ufpel.edu.br\/cppmet\/satelite-goes16-nebulosidade-baixa\/\" \/>\n<meta property=\"og:locale\" content=\"pt_BR\" \/>\n<meta property=\"og:type\" content=\"article\" \/>\n<meta property=\"og:title\" content=\"Sat\u00e9lite GOES16 - Nebulosidade baixa e nevoeiro - CPPMET - UFPEL\" \/>\n<meta property=\"og:description\" content=\"A imagem acima constitui-se do diferencial de irradi\u00e2ncia entre os canais 11,2 (Infravermelho) e 3,2um (infravermelho\u00a0 pr\u00f3ximo) do sat\u00e9lite GOES-16.\u00a0 Por esse produto \u00e9 poss\u00edvel visualizar nuvens baixas e nevoeiros inclusive a noite por se tratar do reconhecimento da emissividade de nuvens. As tonalidades de branco e cinza claro representam as nuvens baixas. As tonalidades [&hellip;]\" \/>\n<meta property=\"og:url\" content=\"https:\/\/wp.ufpel.edu.br\/cppmet\/satelite-goes16-nebulosidade-baixa\/\" \/>\n<meta property=\"og:site_name\" content=\"CPPMET - UFPEL\" \/>\n<meta property=\"article:publisher\" content=\"https:\/\/www.facebook.com\/cppmet\/\" \/>\n<meta property=\"article:modified_time\" content=\"2018-05-25T18:28:00+00:00\" \/>\n<meta name=\"twitter:card\" content=\"summary_large_image\" \/>\n<meta name=\"twitter:site\" content=\"@cppmet\" \/>\n<meta name=\"twitter:label1\" content=\"Est. tempo de leitura\" \/>\n\t<meta name=\"twitter:data1\" content=\"1 minuto\" \/>\n<script type=\"application\/ld+json\" class=\"yoast-schema-graph\">{\"@context\":\"https:\/\/schema.org\",\"@graph\":[{\"@type\":\"WebPage\",\"@id\":\"https:\/\/wp.ufpel.edu.br\/cppmet\/satelite-goes16-nebulosidade-baixa\/\",\"url\":\"https:\/\/wp.ufpel.edu.br\/cppmet\/satelite-goes16-nebulosidade-baixa\/\",\"name\":\"Sat\u00e9lite GOES16 - Nebulosidade baixa e nevoeiro - CPPMET - UFPEL\",\"isPartOf\":{\"@id\":\"https:\/\/wp.ufpel.edu.br\/cppmet\/#website\"},\"datePublished\":\"2018-05-25T13:00:37+00:00\",\"dateModified\":\"2018-05-25T18:28:00+00:00\",\"breadcrumb\":{\"@id\":\"https:\/\/wp.ufpel.edu.br\/cppmet\/satelite-goes16-nebulosidade-baixa\/#breadcrumb\"},\"inLanguage\":\"pt-BR\",\"potentialAction\":[{\"@type\":\"ReadAction\",\"target\":[\"https:\/\/wp.ufpel.edu.br\/cppmet\/satelite-goes16-nebulosidade-baixa\/\"]}]},{\"@type\":\"BreadcrumbList\",\"@id\":\"https:\/\/wp.ufpel.edu.br\/cppmet\/satelite-goes16-nebulosidade-baixa\/#breadcrumb\",\"itemListElement\":[{\"@type\":\"ListItem\",\"position\":1,\"name\":\"In\u00edcio\",\"item\":\"https:\/\/wp.ufpel.edu.br\/cppmet\/\"},{\"@type\":\"ListItem\",\"position\":2,\"name\":\"Sat\u00e9lite GOES16 &#8211; Nebulosidade baixa e nevoeiro\"}]},{\"@type\":\"WebSite\",\"@id\":\"https:\/\/wp.ufpel.edu.br\/cppmet\/#website\",\"url\":\"https:\/\/wp.ufpel.edu.br\/cppmet\/\",\"name\":\"CPPMET - UFPEL\",\"description\":\"Centro de Pesquisas e Previs\u00f5es Meteorol\u00f3gicas\",\"publisher\":{\"@id\":\"https:\/\/wp.ufpel.edu.br\/cppmet\/#organization\"},\"potentialAction\":[{\"@type\":\"SearchAction\",\"target\":{\"@type\":\"EntryPoint\",\"urlTemplate\":\"https:\/\/wp.ufpel.edu.br\/cppmet\/?s={search_term_string}\"},\"query-input\":{\"@type\":\"PropertyValueSpecification\",\"valueRequired\":true,\"valueName\":\"search_term_string\"}}],\"inLanguage\":\"pt-BR\"},{\"@type\":\"Organization\",\"@id\":\"https:\/\/wp.ufpel.edu.br\/cppmet\/#organization\",\"name\":\"CPMET\",\"url\":\"https:\/\/wp.ufpel.edu.br\/cppmet\/\",\"logo\":{\"@type\":\"ImageObject\",\"inLanguage\":\"pt-BR\",\"@id\":\"https:\/\/wp.ufpel.edu.br\/cppmet\/#\/schema\/logo\/image\/\",\"url\":\"https:\/\/wp.ufpel.edu.br\/cppmet\/files\/2018\/01\/LOGOf1min2.fw_.png\",\"contentUrl\":\"https:\/\/wp.ufpel.edu.br\/cppmet\/files\/2018\/01\/LOGOf1min2.fw_.png\",\"width\":138,\"height\":138,\"caption\":\"CPMET\"},\"image\":{\"@id\":\"https:\/\/wp.ufpel.edu.br\/cppmet\/#\/schema\/logo\/image\/\"},\"sameAs\":[\"https:\/\/www.facebook.com\/cppmet\/\",\"https:\/\/x.com\/cppmet\",\"http:\/\/cppmet\"]}]}<\/script>\n<!-- \/ Yoast SEO plugin. -->","yoast_head_json":{"title":"Sat\u00e9lite GOES16 - Nebulosidade baixa e nevoeiro - CPPMET - UFPEL","robots":{"index":"index","follow":"follow","max-snippet":"max-snippet:-1","max-image-preview":"max-image-preview:large","max-video-preview":"max-video-preview:-1"},"canonical":"https:\/\/wp.ufpel.edu.br\/cppmet\/satelite-goes16-nebulosidade-baixa\/","og_locale":"pt_BR","og_type":"article","og_title":"Sat\u00e9lite GOES16 - Nebulosidade baixa e nevoeiro - CPPMET - UFPEL","og_description":"A imagem acima constitui-se do diferencial de irradi\u00e2ncia entre os canais 11,2 (Infravermelho) e 3,2um (infravermelho\u00a0 pr\u00f3ximo) do sat\u00e9lite GOES-16.\u00a0 Por esse produto \u00e9 poss\u00edvel visualizar nuvens baixas e nevoeiros inclusive a noite por se tratar do reconhecimento da emissividade de nuvens. As tonalidades de branco e cinza claro representam as nuvens baixas. As tonalidades [&hellip;]","og_url":"https:\/\/wp.ufpel.edu.br\/cppmet\/satelite-goes16-nebulosidade-baixa\/","og_site_name":"CPPMET - UFPEL","article_publisher":"https:\/\/www.facebook.com\/cppmet\/","article_modified_time":"2018-05-25T18:28:00+00:00","twitter_card":"summary_large_image","twitter_site":"@cppmet","twitter_misc":{"Est. tempo de leitura":"1 minuto"},"schema":{"@context":"https:\/\/schema.org","@graph":[{"@type":"WebPage","@id":"https:\/\/wp.ufpel.edu.br\/cppmet\/satelite-goes16-nebulosidade-baixa\/","url":"https:\/\/wp.ufpel.edu.br\/cppmet\/satelite-goes16-nebulosidade-baixa\/","name":"Sat\u00e9lite GOES16 - Nebulosidade baixa e nevoeiro - CPPMET - UFPEL","isPartOf":{"@id":"https:\/\/wp.ufpel.edu.br\/cppmet\/#website"},"datePublished":"2018-05-25T13:00:37+00:00","dateModified":"2018-05-25T18:28:00+00:00","breadcrumb":{"@id":"https:\/\/wp.ufpel.edu.br\/cppmet\/satelite-goes16-nebulosidade-baixa\/#breadcrumb"},"inLanguage":"pt-BR","potentialAction":[{"@type":"ReadAction","target":["https:\/\/wp.ufpel.edu.br\/cppmet\/satelite-goes16-nebulosidade-baixa\/"]}]},{"@type":"BreadcrumbList","@id":"https:\/\/wp.ufpel.edu.br\/cppmet\/satelite-goes16-nebulosidade-baixa\/#breadcrumb","itemListElement":[{"@type":"ListItem","position":1,"name":"In\u00edcio","item":"https:\/\/wp.ufpel.edu.br\/cppmet\/"},{"@type":"ListItem","position":2,"name":"Sat\u00e9lite GOES16 &#8211; Nebulosidade baixa e nevoeiro"}]},{"@type":"WebSite","@id":"https:\/\/wp.ufpel.edu.br\/cppmet\/#website","url":"https:\/\/wp.ufpel.edu.br\/cppmet\/","name":"CPPMET - UFPEL","description":"Centro de Pesquisas e Previs\u00f5es Meteorol\u00f3gicas","publisher":{"@id":"https:\/\/wp.ufpel.edu.br\/cppmet\/#organization"},"potentialAction":[{"@type":"SearchAction","target":{"@type":"EntryPoint","urlTemplate":"https:\/\/wp.ufpel.edu.br\/cppmet\/?s={search_term_string}"},"query-input":{"@type":"PropertyValueSpecification","valueRequired":true,"valueName":"search_term_string"}}],"inLanguage":"pt-BR"},{"@type":"Organization","@id":"https:\/\/wp.ufpel.edu.br\/cppmet\/#organization","name":"CPMET","url":"https:\/\/wp.ufpel.edu.br\/cppmet\/","logo":{"@type":"ImageObject","inLanguage":"pt-BR","@id":"https:\/\/wp.ufpel.edu.br\/cppmet\/#\/schema\/logo\/image\/","url":"https:\/\/wp.ufpel.edu.br\/cppmet\/files\/2018\/01\/LOGOf1min2.fw_.png","contentUrl":"https:\/\/wp.ufpel.edu.br\/cppmet\/files\/2018\/01\/LOGOf1min2.fw_.png","width":138,"height":138,"caption":"CPMET"},"image":{"@id":"https:\/\/wp.ufpel.edu.br\/cppmet\/#\/schema\/logo\/image\/"},"sameAs":["https:\/\/www.facebook.com\/cppmet\/","https:\/\/x.com\/cppmet","http:\/\/cppmet"]}]}},"jetpack_sharing_enabled":true,"jetpack_likes_enabled":true,"_links":{"self":[{"href":"https:\/\/wp.ufpel.edu.br\/cppmet\/wp-json\/wp\/v2\/pages\/673","targetHints":{"allow":["GET"]}}],"collection":[{"href":"https:\/\/wp.ufpel.edu.br\/cppmet\/wp-json\/wp\/v2\/pages"}],"about":[{"href":"https:\/\/wp.ufpel.edu.br\/cppmet\/wp-json\/wp\/v2\/types\/page"}],"author":[{"embeddable":true,"href":"https:\/\/wp.ufpel.edu.br\/cppmet\/wp-json\/wp\/v2\/users\/681"}],"replies":[{"embeddable":true,"href":"https:\/\/wp.ufpel.edu.br\/cppmet\/wp-json\/wp\/v2\/comments?post=673"}],"version-history":[{"count":3,"href":"https:\/\/wp.ufpel.edu.br\/cppmet\/wp-json\/wp\/v2\/pages\/673\/revisions"}],"predecessor-version":[{"id":682,"href":"https:\/\/wp.ufpel.edu.br\/cppmet\/wp-json\/wp\/v2\/pages\/673\/revisions\/682"}],"wp:attachment":[{"href":"https:\/\/wp.ufpel.edu.br\/cppmet\/wp-json\/wp\/v2\/media?parent=673"}],"curies":[{"name":"wp","href":"https:\/\/api.w.org\/{rel}","templated":true}]}}