{"id":638,"date":"2018-05-16T12:22:26","date_gmt":"2018-05-16T15:22:26","guid":{"rendered":"https:\/\/wp.ufpel.edu.br\/cppmet\/?page_id=638"},"modified":"2018-05-25T10:08:17","modified_gmt":"2018-05-25T13:08:17","slug":"indice-de-conforto-termico-para-cordeiros","status":"publish","type":"page","link":"https:\/\/wp.ufpel.edu.br\/cppmet\/indice-de-conforto-termico-para-cordeiros\/","title":{"rendered":"\u00cdndice de conforto t\u00e9rmico &#8211; Risco para cordeiros"},"content":{"rendered":"<div>O \u00edndice de conforto t\u00e9rmico foi baseado nos trabalhos do Instituto Nacional de Investigaci\u00f3n Agropecu\u00e1ria do Uruguay e dos trabalhos de biometeorologia de Nixon (1972) e Donnelly(1984).<\/div>\n<p>&nbsp;<\/p>\n<div>\n<table class=\" aligncenter\" style=\"height: 213px\" width=\"515\">\n<tbody>\n<tr>\n<td style=\"text-align: center\" colspan=\"2\"><strong>Risco de sobreviv\u00eancia para cordeiros at\u00e9 72h de vida<\/strong><\/td>\n<\/tr>\n<tr>\n<td style=\"text-align: center\"><strong>KJ\/m2\/h<\/strong><\/td>\n<td style=\"text-align: center\"><strong>Condi\u00e7\u00f5es<\/strong><\/td>\n<\/tr>\n<tr>\n<td style=\"text-align: center\">Menor que 900<\/td>\n<td style=\"text-align: center\">sem risco<\/td>\n<\/tr>\n<tr>\n<td style=\"text-align: center\">900 \u00e0 1000<\/td>\n<td style=\"text-align: center\">risco baixo<\/td>\n<\/tr>\n<tr>\n<td style=\"text-align: center\">1000 \u00e0 1100<\/td>\n<td style=\"text-align: center\">risco m\u00e9dio<\/td>\n<\/tr>\n<tr>\n<td style=\"text-align: center\">1100 e 1200<\/td>\n<td style=\"text-align: center\">risco elevado<\/td>\n<\/tr>\n<tr>\n<td style=\"text-align: center\">Maior que 1200<\/td>\n<td style=\"text-align: center\">risco muito elevado, considerado cr\u00edtico<\/td>\n<\/tr>\n<\/tbody>\n<\/table>\n<\/div>\n<div>\n<div><\/div>\n<\/div>\n<p><a href=\"http:\/\/cppmet.ufpel.edu.br\/chill\/imagens\/chill-gfs_24.png\" target=\"_blank\" rel=\"noopener\"><br \/>\n<img class=\"aligncenter wp-image-633 size-full\" src=\"http:\/\/cppmet.ufpel.edu.br\/chill\/imagens\/chill-gfs_24.png\" alt=\"\" width=\"685\" height=\"728\" \/><\/a><\/p>\n<p><a href=\"http:\/\/cppmet.ufpel.edu.br\/chill\/imagens\/chill-gfs_48.png\" target=\"_blank\" rel=\"noopener\"><img class=\"aligncenter wp-image-633 size-full\" src=\"http:\/\/cppmet.ufpel.edu.br\/chill\/imagens\/chill-gfs_48.png\" alt=\"\" width=\"685\" height=\"728\" \/><\/a><\/p>\n<p><a href=\"http:\/\/cppmet.ufpel.edu.br\/chill\/imagens\/chill-gfs_72.png\" target=\"_blank\" rel=\"noopener\"><img class=\"aligncenter wp-image-633 size-full\" src=\"http:\/\/cppmet.ufpel.edu.br\/chill\/imagens\/chill-gfs_72.png\" alt=\"\" width=\"685\" height=\"728\" \/><\/a><\/p>\n<div>\n<div>Donnelly, J.R., 1984. The productivity of breeding ewes grazing on lucerne or grass and clover pastures on the tablelands of southern Australia. Aust. J. Agric. Res. 35, 709\u201321.<\/div>\n<div>Nixon-Smith, W.F., 1972. The forecasting of chill risk ratings for new born lambs and off-shears sheep by use of a cooling factor derived from synoptic data. Bureau of Meteorology, Canberra, Working Paper No. 150<\/div>\n<\/div>\n","protected":false},"excerpt":{"rendered":"<p>O \u00edndice de conforto t\u00e9rmico foi baseado nos trabalhos do Instituto Nacional de Investigaci\u00f3n Agropecu\u00e1ria do Uruguay e dos trabalhos de biometeorologia de Nixon (1972) e Donnelly(1984). &nbsp; Risco de sobreviv\u00eancia para cordeiros at\u00e9 72h de vida KJ\/m2\/h Condi\u00e7\u00f5es Menor que 900 sem risco 900 \u00e0 1000 risco baixo 1000 \u00e0 1100 risco m\u00e9dio 1100 [&hellip;]<\/p>\n","protected":false},"author":681,"featured_media":0,"parent":0,"menu_order":0,"comment_status":"closed","ping_status":"closed","template":"","meta":{"footnotes":""},"class_list":["post-638","page","type-page","status-publish","hentry"],"yoast_head":"<!-- This site is optimized with the Yoast SEO plugin v26.7 - https:\/\/yoast.com\/wordpress\/plugins\/seo\/ -->\n<title>\u00cdndice de conforto t\u00e9rmico - Risco para cordeiros - CPPMET - UFPEL<\/title>\n<meta name=\"robots\" content=\"index, follow, max-snippet:-1, max-image-preview:large, max-video-preview:-1\" \/>\n<link rel=\"canonical\" href=\"https:\/\/wp.ufpel.edu.br\/cppmet\/indice-de-conforto-termico-para-cordeiros\/\" \/>\n<meta property=\"og:locale\" content=\"pt_BR\" \/>\n<meta property=\"og:type\" content=\"article\" \/>\n<meta property=\"og:title\" content=\"\u00cdndice de conforto t\u00e9rmico - Risco para cordeiros - CPPMET - UFPEL\" \/>\n<meta property=\"og:description\" content=\"O \u00edndice de conforto t\u00e9rmico foi baseado nos trabalhos do Instituto Nacional de Investigaci\u00f3n Agropecu\u00e1ria do Uruguay e dos trabalhos de biometeorologia de Nixon (1972) e Donnelly(1984). &nbsp; Risco de sobreviv\u00eancia para cordeiros at\u00e9 72h de vida KJ\/m2\/h Condi\u00e7\u00f5es Menor que 900 sem risco 900 \u00e0 1000 risco baixo 1000 \u00e0 1100 risco m\u00e9dio 1100 [&hellip;]\" \/>\n<meta property=\"og:url\" content=\"https:\/\/wp.ufpel.edu.br\/cppmet\/indice-de-conforto-termico-para-cordeiros\/\" \/>\n<meta property=\"og:site_name\" content=\"CPPMET - UFPEL\" \/>\n<meta property=\"article:publisher\" content=\"https:\/\/www.facebook.com\/cppmet\/\" \/>\n<meta property=\"article:modified_time\" content=\"2018-05-25T13:08:17+00:00\" \/>\n<meta property=\"og:image\" content=\"http:\/\/cppmet.ufpel.edu.br\/chill\/imagens\/chill-gfs_24.png\" \/>\n<meta name=\"twitter:card\" content=\"summary_large_image\" \/>\n<meta name=\"twitter:site\" content=\"@cppmet\" \/>\n<meta name=\"twitter:label1\" content=\"Est. tempo de leitura\" \/>\n\t<meta name=\"twitter:data1\" content=\"1 minuto\" \/>\n<script type=\"application\/ld+json\" class=\"yoast-schema-graph\">{\"@context\":\"https:\/\/schema.org\",\"@graph\":[{\"@type\":\"WebPage\",\"@id\":\"https:\/\/wp.ufpel.edu.br\/cppmet\/indice-de-conforto-termico-para-cordeiros\/\",\"url\":\"https:\/\/wp.ufpel.edu.br\/cppmet\/indice-de-conforto-termico-para-cordeiros\/\",\"name\":\"\u00cdndice de conforto t\u00e9rmico - Risco para cordeiros - CPPMET - UFPEL\",\"isPartOf\":{\"@id\":\"https:\/\/wp.ufpel.edu.br\/cppmet\/#website\"},\"primaryImageOfPage\":{\"@id\":\"https:\/\/wp.ufpel.edu.br\/cppmet\/indice-de-conforto-termico-para-cordeiros\/#primaryimage\"},\"image\":{\"@id\":\"https:\/\/wp.ufpel.edu.br\/cppmet\/indice-de-conforto-termico-para-cordeiros\/#primaryimage\"},\"thumbnailUrl\":\"http:\/\/cppmet.ufpel.edu.br\/chill\/imagens\/chill-gfs_24.png\",\"datePublished\":\"2018-05-16T15:22:26+00:00\",\"dateModified\":\"2018-05-25T13:08:17+00:00\",\"breadcrumb\":{\"@id\":\"https:\/\/wp.ufpel.edu.br\/cppmet\/indice-de-conforto-termico-para-cordeiros\/#breadcrumb\"},\"inLanguage\":\"pt-BR\",\"potentialAction\":[{\"@type\":\"ReadAction\",\"target\":[\"https:\/\/wp.ufpel.edu.br\/cppmet\/indice-de-conforto-termico-para-cordeiros\/\"]}]},{\"@type\":\"ImageObject\",\"inLanguage\":\"pt-BR\",\"@id\":\"https:\/\/wp.ufpel.edu.br\/cppmet\/indice-de-conforto-termico-para-cordeiros\/#primaryimage\",\"url\":\"http:\/\/cppmet.ufpel.edu.br\/chill\/imagens\/chill-gfs_24.png\",\"contentUrl\":\"http:\/\/cppmet.ufpel.edu.br\/chill\/imagens\/chill-gfs_24.png\"},{\"@type\":\"BreadcrumbList\",\"@id\":\"https:\/\/wp.ufpel.edu.br\/cppmet\/indice-de-conforto-termico-para-cordeiros\/#breadcrumb\",\"itemListElement\":[{\"@type\":\"ListItem\",\"position\":1,\"name\":\"In\u00edcio\",\"item\":\"https:\/\/wp.ufpel.edu.br\/cppmet\/\"},{\"@type\":\"ListItem\",\"position\":2,\"name\":\"\u00cdndice de conforto t\u00e9rmico &#8211; Risco para cordeiros\"}]},{\"@type\":\"WebSite\",\"@id\":\"https:\/\/wp.ufpel.edu.br\/cppmet\/#website\",\"url\":\"https:\/\/wp.ufpel.edu.br\/cppmet\/\",\"name\":\"CPPMET - UFPEL\",\"description\":\"Centro de Pesquisas e Previs\u00f5es Meteorol\u00f3gicas\",\"publisher\":{\"@id\":\"https:\/\/wp.ufpel.edu.br\/cppmet\/#organization\"},\"potentialAction\":[{\"@type\":\"SearchAction\",\"target\":{\"@type\":\"EntryPoint\",\"urlTemplate\":\"https:\/\/wp.ufpel.edu.br\/cppmet\/?s={search_term_string}\"},\"query-input\":{\"@type\":\"PropertyValueSpecification\",\"valueRequired\":true,\"valueName\":\"search_term_string\"}}],\"inLanguage\":\"pt-BR\"},{\"@type\":\"Organization\",\"@id\":\"https:\/\/wp.ufpel.edu.br\/cppmet\/#organization\",\"name\":\"CPMET\",\"url\":\"https:\/\/wp.ufpel.edu.br\/cppmet\/\",\"logo\":{\"@type\":\"ImageObject\",\"inLanguage\":\"pt-BR\",\"@id\":\"https:\/\/wp.ufpel.edu.br\/cppmet\/#\/schema\/logo\/image\/\",\"url\":\"https:\/\/wp.ufpel.edu.br\/cppmet\/files\/2018\/01\/LOGOf1min2.fw_.png\",\"contentUrl\":\"https:\/\/wp.ufpel.edu.br\/cppmet\/files\/2018\/01\/LOGOf1min2.fw_.png\",\"width\":138,\"height\":138,\"caption\":\"CPMET\"},\"image\":{\"@id\":\"https:\/\/wp.ufpel.edu.br\/cppmet\/#\/schema\/logo\/image\/\"},\"sameAs\":[\"https:\/\/www.facebook.com\/cppmet\/\",\"https:\/\/x.com\/cppmet\",\"http:\/\/cppmet\"]}]}<\/script>\n<!-- \/ Yoast SEO plugin. -->","yoast_head_json":{"title":"\u00cdndice de conforto t\u00e9rmico - Risco para cordeiros - CPPMET - UFPEL","robots":{"index":"index","follow":"follow","max-snippet":"max-snippet:-1","max-image-preview":"max-image-preview:large","max-video-preview":"max-video-preview:-1"},"canonical":"https:\/\/wp.ufpel.edu.br\/cppmet\/indice-de-conforto-termico-para-cordeiros\/","og_locale":"pt_BR","og_type":"article","og_title":"\u00cdndice de conforto t\u00e9rmico - Risco para cordeiros - CPPMET - UFPEL","og_description":"O \u00edndice de conforto t\u00e9rmico foi baseado nos trabalhos do Instituto Nacional de Investigaci\u00f3n Agropecu\u00e1ria do Uruguay e dos trabalhos de biometeorologia de Nixon (1972) e Donnelly(1984). &nbsp; Risco de sobreviv\u00eancia para cordeiros at\u00e9 72h de vida KJ\/m2\/h Condi\u00e7\u00f5es Menor que 900 sem risco 900 \u00e0 1000 risco baixo 1000 \u00e0 1100 risco m\u00e9dio 1100 [&hellip;]","og_url":"https:\/\/wp.ufpel.edu.br\/cppmet\/indice-de-conforto-termico-para-cordeiros\/","og_site_name":"CPPMET - UFPEL","article_publisher":"https:\/\/www.facebook.com\/cppmet\/","article_modified_time":"2018-05-25T13:08:17+00:00","og_image":[{"url":"http:\/\/cppmet.ufpel.edu.br\/chill\/imagens\/chill-gfs_24.png","type":"","width":"","height":""}],"twitter_card":"summary_large_image","twitter_site":"@cppmet","twitter_misc":{"Est. tempo de leitura":"1 minuto"},"schema":{"@context":"https:\/\/schema.org","@graph":[{"@type":"WebPage","@id":"https:\/\/wp.ufpel.edu.br\/cppmet\/indice-de-conforto-termico-para-cordeiros\/","url":"https:\/\/wp.ufpel.edu.br\/cppmet\/indice-de-conforto-termico-para-cordeiros\/","name":"\u00cdndice de conforto t\u00e9rmico - Risco para cordeiros - CPPMET - UFPEL","isPartOf":{"@id":"https:\/\/wp.ufpel.edu.br\/cppmet\/#website"},"primaryImageOfPage":{"@id":"https:\/\/wp.ufpel.edu.br\/cppmet\/indice-de-conforto-termico-para-cordeiros\/#primaryimage"},"image":{"@id":"https:\/\/wp.ufpel.edu.br\/cppmet\/indice-de-conforto-termico-para-cordeiros\/#primaryimage"},"thumbnailUrl":"http:\/\/cppmet.ufpel.edu.br\/chill\/imagens\/chill-gfs_24.png","datePublished":"2018-05-16T15:22:26+00:00","dateModified":"2018-05-25T13:08:17+00:00","breadcrumb":{"@id":"https:\/\/wp.ufpel.edu.br\/cppmet\/indice-de-conforto-termico-para-cordeiros\/#breadcrumb"},"inLanguage":"pt-BR","potentialAction":[{"@type":"ReadAction","target":["https:\/\/wp.ufpel.edu.br\/cppmet\/indice-de-conforto-termico-para-cordeiros\/"]}]},{"@type":"ImageObject","inLanguage":"pt-BR","@id":"https:\/\/wp.ufpel.edu.br\/cppmet\/indice-de-conforto-termico-para-cordeiros\/#primaryimage","url":"http:\/\/cppmet.ufpel.edu.br\/chill\/imagens\/chill-gfs_24.png","contentUrl":"http:\/\/cppmet.ufpel.edu.br\/chill\/imagens\/chill-gfs_24.png"},{"@type":"BreadcrumbList","@id":"https:\/\/wp.ufpel.edu.br\/cppmet\/indice-de-conforto-termico-para-cordeiros\/#breadcrumb","itemListElement":[{"@type":"ListItem","position":1,"name":"In\u00edcio","item":"https:\/\/wp.ufpel.edu.br\/cppmet\/"},{"@type":"ListItem","position":2,"name":"\u00cdndice de conforto t\u00e9rmico &#8211; Risco para cordeiros"}]},{"@type":"WebSite","@id":"https:\/\/wp.ufpel.edu.br\/cppmet\/#website","url":"https:\/\/wp.ufpel.edu.br\/cppmet\/","name":"CPPMET - UFPEL","description":"Centro de Pesquisas e Previs\u00f5es Meteorol\u00f3gicas","publisher":{"@id":"https:\/\/wp.ufpel.edu.br\/cppmet\/#organization"},"potentialAction":[{"@type":"SearchAction","target":{"@type":"EntryPoint","urlTemplate":"https:\/\/wp.ufpel.edu.br\/cppmet\/?s={search_term_string}"},"query-input":{"@type":"PropertyValueSpecification","valueRequired":true,"valueName":"search_term_string"}}],"inLanguage":"pt-BR"},{"@type":"Organization","@id":"https:\/\/wp.ufpel.edu.br\/cppmet\/#organization","name":"CPMET","url":"https:\/\/wp.ufpel.edu.br\/cppmet\/","logo":{"@type":"ImageObject","inLanguage":"pt-BR","@id":"https:\/\/wp.ufpel.edu.br\/cppmet\/#\/schema\/logo\/image\/","url":"https:\/\/wp.ufpel.edu.br\/cppmet\/files\/2018\/01\/LOGOf1min2.fw_.png","contentUrl":"https:\/\/wp.ufpel.edu.br\/cppmet\/files\/2018\/01\/LOGOf1min2.fw_.png","width":138,"height":138,"caption":"CPMET"},"image":{"@id":"https:\/\/wp.ufpel.edu.br\/cppmet\/#\/schema\/logo\/image\/"},"sameAs":["https:\/\/www.facebook.com\/cppmet\/","https:\/\/x.com\/cppmet","http:\/\/cppmet"]}]}},"jetpack_sharing_enabled":true,"jetpack_likes_enabled":true,"_links":{"self":[{"href":"https:\/\/wp.ufpel.edu.br\/cppmet\/wp-json\/wp\/v2\/pages\/638","targetHints":{"allow":["GET"]}}],"collection":[{"href":"https:\/\/wp.ufpel.edu.br\/cppmet\/wp-json\/wp\/v2\/pages"}],"about":[{"href":"https:\/\/wp.ufpel.edu.br\/cppmet\/wp-json\/wp\/v2\/types\/page"}],"author":[{"embeddable":true,"href":"https:\/\/wp.ufpel.edu.br\/cppmet\/wp-json\/wp\/v2\/users\/681"}],"replies":[{"embeddable":true,"href":"https:\/\/wp.ufpel.edu.br\/cppmet\/wp-json\/wp\/v2\/comments?post=638"}],"version-history":[{"count":17,"href":"https:\/\/wp.ufpel.edu.br\/cppmet\/wp-json\/wp\/v2\/pages\/638\/revisions"}],"predecessor-version":[{"id":680,"href":"https:\/\/wp.ufpel.edu.br\/cppmet\/wp-json\/wp\/v2\/pages\/638\/revisions\/680"}],"wp:attachment":[{"href":"https:\/\/wp.ufpel.edu.br\/cppmet\/wp-json\/wp\/v2\/media?parent=638"}],"curies":[{"name":"wp","href":"https:\/\/api.w.org\/{rel}","templated":true}]}}