{"id":2883,"date":"2025-02-05T15:00:36","date_gmt":"2025-02-05T18:00:36","guid":{"rendered":"https:\/\/wp.ufpel.edu.br\/cppmet\/?page_id=2883"},"modified":"2025-04-07T19:10:50","modified_gmt":"2025-04-07T22:10:50","slug":"risco-de-propagacao-de-incendio","status":"publish","type":"page","link":"https:\/\/wp.ufpel.edu.br\/cppmet\/risco-de-propagacao-de-incendio\/","title":{"rendered":"Risco de Propaga\u00e7\u00e3o de Inc\u00eandio"},"content":{"rendered":"<p><strong>Risco de Propaga\u00e7\u00e3o de Inc\u00eandio\u00a0 \u00a0 \u00a0 \u00a0<\/strong> \u00a0 \u00a0 \u00a0 \u00a0 \u00a0 \u00a0 \u00a0 \u00a0 \u00a0 \u00a0 \u00a0 \u00a0 \u00a0 \u00a0 \u00a0 \u00a0 \u00a0 \u00a0 \u00a0 \u00a0 \u00a0 \u00a0 \u00a0 \u00a0 \u00a0 \u00a0 \u00a0 \u00a0 \u00a0 \u00a0 \u00a0 \u00a0 \u00a0 \u00a0 \u00a0 \u00a0 \u00a0 \u00a0 \u00a0 \u00a0 \u00a0 \u00a0 \u00a0 \u00a0 \u00a0 \u00a0 \u00a0 \u00a0 \u00a0 \u00a0 \u00a0 \u00a0 \u00a0 \u00a0 \u00a0 \u00a0 \u00a0 \u00a0 \u00a0 \u00a0 \u00a0 \u00a0 \u00a0 \u00a0 \u00a0 \u00a0 \u00a0 \u00a0 \u00a0 \u00a0 \u00a0 \u00a0 \u00a0 \u00a0 \u00a0 \u00a0 \u00a0 \u00a0 \u00a0 \u00a0 \u00a0 \u00a0 \u00a0 \u00a0 \u00a0 \u00a0 \u00a0 \u00a0 \u00a0 \u00a0 \u00a0 \u00a0 \u00a0 \u00a0 \u00a0 \u00a0 \u00a0 \u00a0 \u00a0 \u00a0 \u00a0 \u00a0 \u00a0 \u00a0 \u00a0 \u00a0 \u00a0 \u00a0 \u00a0 \u00a0 \u00a0 \u00a0 \u00a0 \u00a0 \u00a0 \u00a0 \u00a0 \u00a0 <img class=\"alignright wp-image-2944\" src=\"https:\/\/wp.ufpel.edu.br\/cppmet\/files\/2025\/04\/20093026_38751_GDO.png\" alt=\"\" width=\"52\" height=\"52\" srcset=\"https:\/\/wp.ufpel.edu.br\/cppmet\/files\/2025\/04\/20093026_38751_GDO.png 800w, https:\/\/wp.ufpel.edu.br\/cppmet\/files\/2025\/04\/20093026_38751_GDO-400x400.png 400w, https:\/\/wp.ufpel.edu.br\/cppmet\/files\/2025\/04\/20093026_38751_GDO-200x200.png 200w, https:\/\/wp.ufpel.edu.br\/cppmet\/files\/2025\/04\/20093026_38751_GDO-768x768.png 768w\" sizes=\"(max-width: 52px) 100vw, 52px\" \/> <img class=\"alignright wp-image-2893\" src=\"https:\/\/wp.ufpel.edu.br\/cppmet\/files\/2025\/02\/WhatsApp-Image-2025-02-07-at-15.15.25.jpeg\" alt=\"\" width=\"45\" height=\"45\" srcset=\"https:\/\/wp.ufpel.edu.br\/cppmet\/files\/2025\/02\/WhatsApp-Image-2025-02-07-at-15.15.25.jpeg 655w, https:\/\/wp.ufpel.edu.br\/cppmet\/files\/2025\/02\/WhatsApp-Image-2025-02-07-at-15.15.25-400x400.jpeg 400w, https:\/\/wp.ufpel.edu.br\/cppmet\/files\/2025\/02\/WhatsApp-Image-2025-02-07-at-15.15.25-200x200.jpeg 200w\" sizes=\"(max-width: 45px) 100vw, 45px\" \/><img class=\"wp-image-2895 alignright\" style=\"color: var(--cor-texto); font-family: var(--fonte-corpo);\" src=\"https:\/\/wp.ufpel.edu.br\/cppmet\/files\/2025\/02\/logo_cppmet_vetorizado_v1.png\" alt=\"\" width=\"45\" height=\"45\" srcset=\"https:\/\/wp.ufpel.edu.br\/cppmet\/files\/2025\/02\/logo_cppmet_vetorizado_v1.png 1600w, https:\/\/wp.ufpel.edu.br\/cppmet\/files\/2025\/02\/logo_cppmet_vetorizado_v1-400x400.png 400w, https:\/\/wp.ufpel.edu.br\/cppmet\/files\/2025\/02\/logo_cppmet_vetorizado_v1-1024x1024.png 1024w, https:\/\/wp.ufpel.edu.br\/cppmet\/files\/2025\/02\/logo_cppmet_vetorizado_v1-200x200.png 200w, https:\/\/wp.ufpel.edu.br\/cppmet\/files\/2025\/02\/logo_cppmet_vetorizado_v1-768x768.png 768w, https:\/\/wp.ufpel.edu.br\/cppmet\/files\/2025\/02\/logo_cppmet_vetorizado_v1-1536x1536.png 1536w\" sizes=\"(max-width: 45px) 100vw, 45px\" \/><\/p>\n<p>&nbsp;<\/p>\n<p><span style=\"color: var(--cor-texto); font-family: var(--fonte-corpo);\">\n<!-- iframe plugin v.6.0 wordpress.org\/plugins\/iframe\/ -->\n<iframe src=\"https:\/\/cppmetdados.ufpel.edu.br\/produtos\/wrf_mapas_incendio\/risco_incendio.php\" width=\"100%\" height=\"950\" scrolling=\"no\" class=\"iframe-class\" frameborder=\"0\"><\/iframe>\n<\/span><\/p>\n","protected":false},"excerpt":{"rendered":"<p>Risco de Propaga\u00e7\u00e3o de Inc\u00eandio\u00a0 \u00a0 \u00a0 \u00a0 \u00a0 \u00a0 \u00a0 \u00a0 \u00a0 \u00a0 \u00a0 \u00a0 \u00a0 \u00a0 \u00a0 \u00a0 \u00a0 \u00a0 \u00a0 \u00a0 \u00a0 \u00a0 \u00a0 \u00a0 \u00a0 \u00a0 \u00a0 \u00a0 \u00a0 \u00a0 \u00a0 \u00a0 \u00a0 \u00a0 \u00a0 \u00a0 \u00a0 \u00a0 \u00a0 \u00a0 \u00a0 \u00a0 \u00a0 \u00a0 \u00a0 \u00a0 \u00a0 \u00a0 \u00a0 \u00a0 \u00a0 [&hellip;]<\/p>\n","protected":false},"author":681,"featured_media":0,"parent":0,"menu_order":0,"comment_status":"closed","ping_status":"closed","template":"","meta":{"footnotes":""},"class_list":["post-2883","page","type-page","status-publish","hentry"],"yoast_head":"<!-- This site is optimized with the Yoast SEO plugin v26.7 - https:\/\/yoast.com\/wordpress\/plugins\/seo\/ -->\n<title>Risco de Propaga\u00e7\u00e3o de Inc\u00eandio - CPPMET - UFPEL<\/title>\n<meta name=\"robots\" content=\"index, follow, max-snippet:-1, max-image-preview:large, max-video-preview:-1\" \/>\n<link rel=\"canonical\" href=\"https:\/\/wp.ufpel.edu.br\/cppmet\/risco-de-propagacao-de-incendio\/\" \/>\n<meta property=\"og:locale\" content=\"pt_BR\" \/>\n<meta property=\"og:type\" content=\"article\" \/>\n<meta property=\"og:title\" content=\"Risco de Propaga\u00e7\u00e3o de Inc\u00eandio - CPPMET - UFPEL\" \/>\n<meta property=\"og:description\" content=\"Risco de Propaga\u00e7\u00e3o de Inc\u00eandio\u00a0 \u00a0 \u00a0 \u00a0 \u00a0 \u00a0 \u00a0 \u00a0 \u00a0 \u00a0 \u00a0 \u00a0 \u00a0 \u00a0 \u00a0 \u00a0 \u00a0 \u00a0 \u00a0 \u00a0 \u00a0 \u00a0 \u00a0 \u00a0 \u00a0 \u00a0 \u00a0 \u00a0 \u00a0 \u00a0 \u00a0 \u00a0 \u00a0 \u00a0 \u00a0 \u00a0 \u00a0 \u00a0 \u00a0 \u00a0 \u00a0 \u00a0 \u00a0 \u00a0 \u00a0 \u00a0 \u00a0 \u00a0 \u00a0 \u00a0 \u00a0 [&hellip;]\" \/>\n<meta property=\"og:url\" content=\"https:\/\/wp.ufpel.edu.br\/cppmet\/risco-de-propagacao-de-incendio\/\" \/>\n<meta property=\"og:site_name\" content=\"CPPMET - UFPEL\" \/>\n<meta property=\"article:publisher\" content=\"https:\/\/www.facebook.com\/cppmet\/\" \/>\n<meta property=\"article:modified_time\" content=\"2025-04-07T22:10:50+00:00\" \/>\n<meta property=\"og:image\" content=\"https:\/\/wp.ufpel.edu.br\/cppmet\/files\/2025\/04\/20093026_38751_GDO.png\" \/>\n\t<meta property=\"og:image:width\" content=\"800\" \/>\n\t<meta property=\"og:image:height\" content=\"800\" \/>\n\t<meta property=\"og:image:type\" content=\"image\/png\" \/>\n<meta name=\"twitter:card\" content=\"summary_large_image\" \/>\n<meta name=\"twitter:site\" content=\"@cppmet\" \/>\n<meta name=\"twitter:label1\" content=\"Est. tempo de leitura\" \/>\n\t<meta name=\"twitter:data1\" content=\"1 minuto\" \/>\n<script type=\"application\/ld+json\" class=\"yoast-schema-graph\">{\"@context\":\"https:\/\/schema.org\",\"@graph\":[{\"@type\":\"WebPage\",\"@id\":\"https:\/\/wp.ufpel.edu.br\/cppmet\/risco-de-propagacao-de-incendio\/\",\"url\":\"https:\/\/wp.ufpel.edu.br\/cppmet\/risco-de-propagacao-de-incendio\/\",\"name\":\"Risco de Propaga\u00e7\u00e3o de Inc\u00eandio - CPPMET - UFPEL\",\"isPartOf\":{\"@id\":\"https:\/\/wp.ufpel.edu.br\/cppmet\/#website\"},\"primaryImageOfPage\":{\"@id\":\"https:\/\/wp.ufpel.edu.br\/cppmet\/risco-de-propagacao-de-incendio\/#primaryimage\"},\"image\":{\"@id\":\"https:\/\/wp.ufpel.edu.br\/cppmet\/risco-de-propagacao-de-incendio\/#primaryimage\"},\"thumbnailUrl\":\"https:\/\/wp.ufpel.edu.br\/cppmet\/files\/2025\/04\/20093026_38751_GDO.png\",\"datePublished\":\"2025-02-05T18:00:36+00:00\",\"dateModified\":\"2025-04-07T22:10:50+00:00\",\"breadcrumb\":{\"@id\":\"https:\/\/wp.ufpel.edu.br\/cppmet\/risco-de-propagacao-de-incendio\/#breadcrumb\"},\"inLanguage\":\"pt-BR\",\"potentialAction\":[{\"@type\":\"ReadAction\",\"target\":[\"https:\/\/wp.ufpel.edu.br\/cppmet\/risco-de-propagacao-de-incendio\/\"]}]},{\"@type\":\"ImageObject\",\"inLanguage\":\"pt-BR\",\"@id\":\"https:\/\/wp.ufpel.edu.br\/cppmet\/risco-de-propagacao-de-incendio\/#primaryimage\",\"url\":\"https:\/\/wp.ufpel.edu.br\/cppmet\/files\/2025\/04\/20093026_38751_GDO.png\",\"contentUrl\":\"https:\/\/wp.ufpel.edu.br\/cppmet\/files\/2025\/04\/20093026_38751_GDO.png\",\"width\":800,\"height\":800},{\"@type\":\"BreadcrumbList\",\"@id\":\"https:\/\/wp.ufpel.edu.br\/cppmet\/risco-de-propagacao-de-incendio\/#breadcrumb\",\"itemListElement\":[{\"@type\":\"ListItem\",\"position\":1,\"name\":\"In\u00edcio\",\"item\":\"https:\/\/wp.ufpel.edu.br\/cppmet\/\"},{\"@type\":\"ListItem\",\"position\":2,\"name\":\"Risco de Propaga\u00e7\u00e3o de Inc\u00eandio\"}]},{\"@type\":\"WebSite\",\"@id\":\"https:\/\/wp.ufpel.edu.br\/cppmet\/#website\",\"url\":\"https:\/\/wp.ufpel.edu.br\/cppmet\/\",\"name\":\"CPPMET - UFPEL\",\"description\":\"Centro de Pesquisas e Previs\u00f5es Meteorol\u00f3gicas\",\"publisher\":{\"@id\":\"https:\/\/wp.ufpel.edu.br\/cppmet\/#organization\"},\"potentialAction\":[{\"@type\":\"SearchAction\",\"target\":{\"@type\":\"EntryPoint\",\"urlTemplate\":\"https:\/\/wp.ufpel.edu.br\/cppmet\/?s={search_term_string}\"},\"query-input\":{\"@type\":\"PropertyValueSpecification\",\"valueRequired\":true,\"valueName\":\"search_term_string\"}}],\"inLanguage\":\"pt-BR\"},{\"@type\":\"Organization\",\"@id\":\"https:\/\/wp.ufpel.edu.br\/cppmet\/#organization\",\"name\":\"CPMET\",\"url\":\"https:\/\/wp.ufpel.edu.br\/cppmet\/\",\"logo\":{\"@type\":\"ImageObject\",\"inLanguage\":\"pt-BR\",\"@id\":\"https:\/\/wp.ufpel.edu.br\/cppmet\/#\/schema\/logo\/image\/\",\"url\":\"https:\/\/wp.ufpel.edu.br\/cppmet\/files\/2018\/01\/LOGOf1min2.fw_.png\",\"contentUrl\":\"https:\/\/wp.ufpel.edu.br\/cppmet\/files\/2018\/01\/LOGOf1min2.fw_.png\",\"width\":138,\"height\":138,\"caption\":\"CPMET\"},\"image\":{\"@id\":\"https:\/\/wp.ufpel.edu.br\/cppmet\/#\/schema\/logo\/image\/\"},\"sameAs\":[\"https:\/\/www.facebook.com\/cppmet\/\",\"https:\/\/x.com\/cppmet\",\"http:\/\/cppmet\"]}]}<\/script>\n<!-- \/ Yoast SEO plugin. -->","yoast_head_json":{"title":"Risco de Propaga\u00e7\u00e3o de Inc\u00eandio - CPPMET - UFPEL","robots":{"index":"index","follow":"follow","max-snippet":"max-snippet:-1","max-image-preview":"max-image-preview:large","max-video-preview":"max-video-preview:-1"},"canonical":"https:\/\/wp.ufpel.edu.br\/cppmet\/risco-de-propagacao-de-incendio\/","og_locale":"pt_BR","og_type":"article","og_title":"Risco de Propaga\u00e7\u00e3o de Inc\u00eandio - CPPMET - UFPEL","og_description":"Risco de Propaga\u00e7\u00e3o de Inc\u00eandio\u00a0 \u00a0 \u00a0 \u00a0 \u00a0 \u00a0 \u00a0 \u00a0 \u00a0 \u00a0 \u00a0 \u00a0 \u00a0 \u00a0 \u00a0 \u00a0 \u00a0 \u00a0 \u00a0 \u00a0 \u00a0 \u00a0 \u00a0 \u00a0 \u00a0 \u00a0 \u00a0 \u00a0 \u00a0 \u00a0 \u00a0 \u00a0 \u00a0 \u00a0 \u00a0 \u00a0 \u00a0 \u00a0 \u00a0 \u00a0 \u00a0 \u00a0 \u00a0 \u00a0 \u00a0 \u00a0 \u00a0 \u00a0 \u00a0 \u00a0 \u00a0 [&hellip;]","og_url":"https:\/\/wp.ufpel.edu.br\/cppmet\/risco-de-propagacao-de-incendio\/","og_site_name":"CPPMET - UFPEL","article_publisher":"https:\/\/www.facebook.com\/cppmet\/","article_modified_time":"2025-04-07T22:10:50+00:00","og_image":[{"width":800,"height":800,"url":"https:\/\/wp.ufpel.edu.br\/cppmet\/files\/2025\/04\/20093026_38751_GDO.png","type":"image\/png"}],"twitter_card":"summary_large_image","twitter_site":"@cppmet","twitter_misc":{"Est. tempo de leitura":"1 minuto"},"schema":{"@context":"https:\/\/schema.org","@graph":[{"@type":"WebPage","@id":"https:\/\/wp.ufpel.edu.br\/cppmet\/risco-de-propagacao-de-incendio\/","url":"https:\/\/wp.ufpel.edu.br\/cppmet\/risco-de-propagacao-de-incendio\/","name":"Risco de Propaga\u00e7\u00e3o de Inc\u00eandio - CPPMET - UFPEL","isPartOf":{"@id":"https:\/\/wp.ufpel.edu.br\/cppmet\/#website"},"primaryImageOfPage":{"@id":"https:\/\/wp.ufpel.edu.br\/cppmet\/risco-de-propagacao-de-incendio\/#primaryimage"},"image":{"@id":"https:\/\/wp.ufpel.edu.br\/cppmet\/risco-de-propagacao-de-incendio\/#primaryimage"},"thumbnailUrl":"https:\/\/wp.ufpel.edu.br\/cppmet\/files\/2025\/04\/20093026_38751_GDO.png","datePublished":"2025-02-05T18:00:36+00:00","dateModified":"2025-04-07T22:10:50+00:00","breadcrumb":{"@id":"https:\/\/wp.ufpel.edu.br\/cppmet\/risco-de-propagacao-de-incendio\/#breadcrumb"},"inLanguage":"pt-BR","potentialAction":[{"@type":"ReadAction","target":["https:\/\/wp.ufpel.edu.br\/cppmet\/risco-de-propagacao-de-incendio\/"]}]},{"@type":"ImageObject","inLanguage":"pt-BR","@id":"https:\/\/wp.ufpel.edu.br\/cppmet\/risco-de-propagacao-de-incendio\/#primaryimage","url":"https:\/\/wp.ufpel.edu.br\/cppmet\/files\/2025\/04\/20093026_38751_GDO.png","contentUrl":"https:\/\/wp.ufpel.edu.br\/cppmet\/files\/2025\/04\/20093026_38751_GDO.png","width":800,"height":800},{"@type":"BreadcrumbList","@id":"https:\/\/wp.ufpel.edu.br\/cppmet\/risco-de-propagacao-de-incendio\/#breadcrumb","itemListElement":[{"@type":"ListItem","position":1,"name":"In\u00edcio","item":"https:\/\/wp.ufpel.edu.br\/cppmet\/"},{"@type":"ListItem","position":2,"name":"Risco de Propaga\u00e7\u00e3o de Inc\u00eandio"}]},{"@type":"WebSite","@id":"https:\/\/wp.ufpel.edu.br\/cppmet\/#website","url":"https:\/\/wp.ufpel.edu.br\/cppmet\/","name":"CPPMET - UFPEL","description":"Centro de Pesquisas e Previs\u00f5es Meteorol\u00f3gicas","publisher":{"@id":"https:\/\/wp.ufpel.edu.br\/cppmet\/#organization"},"potentialAction":[{"@type":"SearchAction","target":{"@type":"EntryPoint","urlTemplate":"https:\/\/wp.ufpel.edu.br\/cppmet\/?s={search_term_string}"},"query-input":{"@type":"PropertyValueSpecification","valueRequired":true,"valueName":"search_term_string"}}],"inLanguage":"pt-BR"},{"@type":"Organization","@id":"https:\/\/wp.ufpel.edu.br\/cppmet\/#organization","name":"CPMET","url":"https:\/\/wp.ufpel.edu.br\/cppmet\/","logo":{"@type":"ImageObject","inLanguage":"pt-BR","@id":"https:\/\/wp.ufpel.edu.br\/cppmet\/#\/schema\/logo\/image\/","url":"https:\/\/wp.ufpel.edu.br\/cppmet\/files\/2018\/01\/LOGOf1min2.fw_.png","contentUrl":"https:\/\/wp.ufpel.edu.br\/cppmet\/files\/2018\/01\/LOGOf1min2.fw_.png","width":138,"height":138,"caption":"CPMET"},"image":{"@id":"https:\/\/wp.ufpel.edu.br\/cppmet\/#\/schema\/logo\/image\/"},"sameAs":["https:\/\/www.facebook.com\/cppmet\/","https:\/\/x.com\/cppmet","http:\/\/cppmet"]}]}},"jetpack_sharing_enabled":true,"jetpack_likes_enabled":true,"_links":{"self":[{"href":"https:\/\/wp.ufpel.edu.br\/cppmet\/wp-json\/wp\/v2\/pages\/2883","targetHints":{"allow":["GET"]}}],"collection":[{"href":"https:\/\/wp.ufpel.edu.br\/cppmet\/wp-json\/wp\/v2\/pages"}],"about":[{"href":"https:\/\/wp.ufpel.edu.br\/cppmet\/wp-json\/wp\/v2\/types\/page"}],"author":[{"embeddable":true,"href":"https:\/\/wp.ufpel.edu.br\/cppmet\/wp-json\/wp\/v2\/users\/681"}],"replies":[{"embeddable":true,"href":"https:\/\/wp.ufpel.edu.br\/cppmet\/wp-json\/wp\/v2\/comments?post=2883"}],"version-history":[{"count":14,"href":"https:\/\/wp.ufpel.edu.br\/cppmet\/wp-json\/wp\/v2\/pages\/2883\/revisions"}],"predecessor-version":[{"id":2946,"href":"https:\/\/wp.ufpel.edu.br\/cppmet\/wp-json\/wp\/v2\/pages\/2883\/revisions\/2946"}],"wp:attachment":[{"href":"https:\/\/wp.ufpel.edu.br\/cppmet\/wp-json\/wp\/v2\/media?parent=2883"}],"curies":[{"name":"wp","href":"https:\/\/api.w.org\/{rel}","templated":true}]}}