{"id":2592,"date":"2023-10-30T14:48:30","date_gmt":"2023-10-30T17:48:30","guid":{"rendered":"https:\/\/wp.ufpel.edu.br\/cppmet\/?page_id=2592"},"modified":"2023-10-30T14:58:48","modified_gmt":"2023-10-30T17:58:48","slug":"descargas-eletricas-mapa","status":"publish","type":"page","link":"https:\/\/wp.ufpel.edu.br\/cppmet\/descargas-eletricas-mapa\/","title":{"rendered":"Descargas El\u00e9tricas &#8211; Mapa"},"content":{"rendered":"\n<!-- iframe plugin v.6.0 wordpress.org\/plugins\/iframe\/ -->\n<iframe src=\"https:\/\/cppmetdados.ufpel.edu.br\/goes\/glm.php\" width=\"100%\" height=\"800\" scrolling=\"yes\" class=\"iframe-class\" frameborder=\"0\"><\/iframe>\n\n<p><span style=\"font-weight: 400\">A figura acima representa as descargas el\u00e9tricas atmosf\u00e9ricas (rel\u00e2mpagos ou popularmente chamadas de raios) medidos pelo sensor GLM ( Geostationary Lightning Mapper) do sat\u00e9lite geoestacion\u00e1rio GOES 16. <\/span><\/p>\n<p><span style=\"font-weight: 400\">As cores representam o intervalo de tempo em rela\u00e7\u00e3o ao hor\u00e1rio da imagem:<\/span><\/p>\n<p><span style=\"color: #ff0000\"><b>Vermelho<\/b><\/span><span style=\"font-weight: 400\">: rel\u00e2mpagos ocorridos nos \u00faltimos 20 minutos<\/span><\/p>\n<p><span style=\"color: #339966\"><b>Verde<\/b><\/span><span style=\"font-weight: 400\">: rel\u00e2mpagos ocorridos entre 20 e 40 minutos<\/span><\/p>\n<p><span style=\"color: #3366ff\"><b>Azul<\/b><\/span><span style=\"font-weight: 400\">: rel\u00e2mpagos ocorridos s\u00e3o entre 40 e 60 minutos<\/span><\/p>\n<p><span style=\"font-weight: 400\">Obs. O hor\u00e1rio da imagem est\u00e1 em hor\u00e1rio universal (UTC). O hor\u00e1rio de Bras\u00edlia \u00e9 UTC &#8211; 3, ou seja, 12 UTC corresponde 9 h locais. No hor\u00e1rio de ver\u00e3o \u00e9 UTC &#8211; 2.<\/span><\/p>\n","protected":false},"excerpt":{"rendered":"<p>A figura acima representa as descargas el\u00e9tricas atmosf\u00e9ricas (rel\u00e2mpagos ou popularmente chamadas de raios) medidos pelo sensor GLM ( Geostationary Lightning Mapper) do sat\u00e9lite geoestacion\u00e1rio GOES 16. As cores representam o intervalo de tempo em rela\u00e7\u00e3o ao hor\u00e1rio da imagem: Vermelho: rel\u00e2mpagos ocorridos nos \u00faltimos 20 minutos Verde: rel\u00e2mpagos ocorridos entre 20 e 40 minutos [&hellip;]<\/p>\n","protected":false},"author":681,"featured_media":0,"parent":0,"menu_order":0,"comment_status":"closed","ping_status":"closed","template":"","meta":{"footnotes":""},"class_list":["post-2592","page","type-page","status-publish","hentry"],"yoast_head":"<!-- This site is optimized with the Yoast SEO plugin v26.7 - https:\/\/yoast.com\/wordpress\/plugins\/seo\/ -->\n<title>Descargas El\u00e9tricas - Mapa - CPPMET - UFPEL<\/title>\n<meta name=\"robots\" content=\"index, follow, max-snippet:-1, max-image-preview:large, max-video-preview:-1\" \/>\n<link rel=\"canonical\" href=\"https:\/\/wp.ufpel.edu.br\/cppmet\/descargas-eletricas-mapa\/\" \/>\n<meta property=\"og:locale\" content=\"pt_BR\" \/>\n<meta property=\"og:type\" content=\"article\" \/>\n<meta property=\"og:title\" content=\"Descargas El\u00e9tricas - Mapa - CPPMET - UFPEL\" \/>\n<meta property=\"og:description\" content=\"A figura acima representa as descargas el\u00e9tricas atmosf\u00e9ricas (rel\u00e2mpagos ou popularmente chamadas de raios) medidos pelo sensor GLM ( Geostationary Lightning Mapper) do sat\u00e9lite geoestacion\u00e1rio GOES 16. As cores representam o intervalo de tempo em rela\u00e7\u00e3o ao hor\u00e1rio da imagem: Vermelho: rel\u00e2mpagos ocorridos nos \u00faltimos 20 minutos Verde: rel\u00e2mpagos ocorridos entre 20 e 40 minutos [&hellip;]\" \/>\n<meta property=\"og:url\" content=\"https:\/\/wp.ufpel.edu.br\/cppmet\/descargas-eletricas-mapa\/\" \/>\n<meta property=\"og:site_name\" content=\"CPPMET - UFPEL\" \/>\n<meta property=\"article:publisher\" content=\"https:\/\/www.facebook.com\/cppmet\/\" \/>\n<meta property=\"article:modified_time\" content=\"2023-10-30T17:58:48+00:00\" \/>\n<meta name=\"twitter:card\" content=\"summary_large_image\" \/>\n<meta name=\"twitter:site\" content=\"@cppmet\" \/>\n<meta name=\"twitter:label1\" content=\"Est. tempo de leitura\" \/>\n\t<meta name=\"twitter:data1\" content=\"1 minuto\" \/>\n<script type=\"application\/ld+json\" class=\"yoast-schema-graph\">{\"@context\":\"https:\/\/schema.org\",\"@graph\":[{\"@type\":\"WebPage\",\"@id\":\"https:\/\/wp.ufpel.edu.br\/cppmet\/descargas-eletricas-mapa\/\",\"url\":\"https:\/\/wp.ufpel.edu.br\/cppmet\/descargas-eletricas-mapa\/\",\"name\":\"Descargas El\u00e9tricas - Mapa - CPPMET - UFPEL\",\"isPartOf\":{\"@id\":\"https:\/\/wp.ufpel.edu.br\/cppmet\/#website\"},\"datePublished\":\"2023-10-30T17:48:30+00:00\",\"dateModified\":\"2023-10-30T17:58:48+00:00\",\"breadcrumb\":{\"@id\":\"https:\/\/wp.ufpel.edu.br\/cppmet\/descargas-eletricas-mapa\/#breadcrumb\"},\"inLanguage\":\"pt-BR\",\"potentialAction\":[{\"@type\":\"ReadAction\",\"target\":[\"https:\/\/wp.ufpel.edu.br\/cppmet\/descargas-eletricas-mapa\/\"]}]},{\"@type\":\"BreadcrumbList\",\"@id\":\"https:\/\/wp.ufpel.edu.br\/cppmet\/descargas-eletricas-mapa\/#breadcrumb\",\"itemListElement\":[{\"@type\":\"ListItem\",\"position\":1,\"name\":\"In\u00edcio\",\"item\":\"https:\/\/wp.ufpel.edu.br\/cppmet\/\"},{\"@type\":\"ListItem\",\"position\":2,\"name\":\"Descargas El\u00e9tricas &#8211; Mapa\"}]},{\"@type\":\"WebSite\",\"@id\":\"https:\/\/wp.ufpel.edu.br\/cppmet\/#website\",\"url\":\"https:\/\/wp.ufpel.edu.br\/cppmet\/\",\"name\":\"CPPMET - UFPEL\",\"description\":\"Centro de Pesquisas e Previs\u00f5es Meteorol\u00f3gicas\",\"publisher\":{\"@id\":\"https:\/\/wp.ufpel.edu.br\/cppmet\/#organization\"},\"potentialAction\":[{\"@type\":\"SearchAction\",\"target\":{\"@type\":\"EntryPoint\",\"urlTemplate\":\"https:\/\/wp.ufpel.edu.br\/cppmet\/?s={search_term_string}\"},\"query-input\":{\"@type\":\"PropertyValueSpecification\",\"valueRequired\":true,\"valueName\":\"search_term_string\"}}],\"inLanguage\":\"pt-BR\"},{\"@type\":\"Organization\",\"@id\":\"https:\/\/wp.ufpel.edu.br\/cppmet\/#organization\",\"name\":\"CPMET\",\"url\":\"https:\/\/wp.ufpel.edu.br\/cppmet\/\",\"logo\":{\"@type\":\"ImageObject\",\"inLanguage\":\"pt-BR\",\"@id\":\"https:\/\/wp.ufpel.edu.br\/cppmet\/#\/schema\/logo\/image\/\",\"url\":\"https:\/\/wp.ufpel.edu.br\/cppmet\/files\/2018\/01\/LOGOf1min2.fw_.png\",\"contentUrl\":\"https:\/\/wp.ufpel.edu.br\/cppmet\/files\/2018\/01\/LOGOf1min2.fw_.png\",\"width\":138,\"height\":138,\"caption\":\"CPMET\"},\"image\":{\"@id\":\"https:\/\/wp.ufpel.edu.br\/cppmet\/#\/schema\/logo\/image\/\"},\"sameAs\":[\"https:\/\/www.facebook.com\/cppmet\/\",\"https:\/\/x.com\/cppmet\",\"http:\/\/cppmet\"]}]}<\/script>\n<!-- \/ Yoast SEO plugin. -->","yoast_head_json":{"title":"Descargas El\u00e9tricas - Mapa - CPPMET - UFPEL","robots":{"index":"index","follow":"follow","max-snippet":"max-snippet:-1","max-image-preview":"max-image-preview:large","max-video-preview":"max-video-preview:-1"},"canonical":"https:\/\/wp.ufpel.edu.br\/cppmet\/descargas-eletricas-mapa\/","og_locale":"pt_BR","og_type":"article","og_title":"Descargas El\u00e9tricas - Mapa - CPPMET - UFPEL","og_description":"A figura acima representa as descargas el\u00e9tricas atmosf\u00e9ricas (rel\u00e2mpagos ou popularmente chamadas de raios) medidos pelo sensor GLM ( Geostationary Lightning Mapper) do sat\u00e9lite geoestacion\u00e1rio GOES 16. As cores representam o intervalo de tempo em rela\u00e7\u00e3o ao hor\u00e1rio da imagem: Vermelho: rel\u00e2mpagos ocorridos nos \u00faltimos 20 minutos Verde: rel\u00e2mpagos ocorridos entre 20 e 40 minutos [&hellip;]","og_url":"https:\/\/wp.ufpel.edu.br\/cppmet\/descargas-eletricas-mapa\/","og_site_name":"CPPMET - UFPEL","article_publisher":"https:\/\/www.facebook.com\/cppmet\/","article_modified_time":"2023-10-30T17:58:48+00:00","twitter_card":"summary_large_image","twitter_site":"@cppmet","twitter_misc":{"Est. tempo de leitura":"1 minuto"},"schema":{"@context":"https:\/\/schema.org","@graph":[{"@type":"WebPage","@id":"https:\/\/wp.ufpel.edu.br\/cppmet\/descargas-eletricas-mapa\/","url":"https:\/\/wp.ufpel.edu.br\/cppmet\/descargas-eletricas-mapa\/","name":"Descargas El\u00e9tricas - Mapa - CPPMET - UFPEL","isPartOf":{"@id":"https:\/\/wp.ufpel.edu.br\/cppmet\/#website"},"datePublished":"2023-10-30T17:48:30+00:00","dateModified":"2023-10-30T17:58:48+00:00","breadcrumb":{"@id":"https:\/\/wp.ufpel.edu.br\/cppmet\/descargas-eletricas-mapa\/#breadcrumb"},"inLanguage":"pt-BR","potentialAction":[{"@type":"ReadAction","target":["https:\/\/wp.ufpel.edu.br\/cppmet\/descargas-eletricas-mapa\/"]}]},{"@type":"BreadcrumbList","@id":"https:\/\/wp.ufpel.edu.br\/cppmet\/descargas-eletricas-mapa\/#breadcrumb","itemListElement":[{"@type":"ListItem","position":1,"name":"In\u00edcio","item":"https:\/\/wp.ufpel.edu.br\/cppmet\/"},{"@type":"ListItem","position":2,"name":"Descargas El\u00e9tricas &#8211; Mapa"}]},{"@type":"WebSite","@id":"https:\/\/wp.ufpel.edu.br\/cppmet\/#website","url":"https:\/\/wp.ufpel.edu.br\/cppmet\/","name":"CPPMET - UFPEL","description":"Centro de Pesquisas e Previs\u00f5es Meteorol\u00f3gicas","publisher":{"@id":"https:\/\/wp.ufpel.edu.br\/cppmet\/#organization"},"potentialAction":[{"@type":"SearchAction","target":{"@type":"EntryPoint","urlTemplate":"https:\/\/wp.ufpel.edu.br\/cppmet\/?s={search_term_string}"},"query-input":{"@type":"PropertyValueSpecification","valueRequired":true,"valueName":"search_term_string"}}],"inLanguage":"pt-BR"},{"@type":"Organization","@id":"https:\/\/wp.ufpel.edu.br\/cppmet\/#organization","name":"CPMET","url":"https:\/\/wp.ufpel.edu.br\/cppmet\/","logo":{"@type":"ImageObject","inLanguage":"pt-BR","@id":"https:\/\/wp.ufpel.edu.br\/cppmet\/#\/schema\/logo\/image\/","url":"https:\/\/wp.ufpel.edu.br\/cppmet\/files\/2018\/01\/LOGOf1min2.fw_.png","contentUrl":"https:\/\/wp.ufpel.edu.br\/cppmet\/files\/2018\/01\/LOGOf1min2.fw_.png","width":138,"height":138,"caption":"CPMET"},"image":{"@id":"https:\/\/wp.ufpel.edu.br\/cppmet\/#\/schema\/logo\/image\/"},"sameAs":["https:\/\/www.facebook.com\/cppmet\/","https:\/\/x.com\/cppmet","http:\/\/cppmet"]}]}},"jetpack_sharing_enabled":true,"jetpack_likes_enabled":true,"_links":{"self":[{"href":"https:\/\/wp.ufpel.edu.br\/cppmet\/wp-json\/wp\/v2\/pages\/2592","targetHints":{"allow":["GET"]}}],"collection":[{"href":"https:\/\/wp.ufpel.edu.br\/cppmet\/wp-json\/wp\/v2\/pages"}],"about":[{"href":"https:\/\/wp.ufpel.edu.br\/cppmet\/wp-json\/wp\/v2\/types\/page"}],"author":[{"embeddable":true,"href":"https:\/\/wp.ufpel.edu.br\/cppmet\/wp-json\/wp\/v2\/users\/681"}],"replies":[{"embeddable":true,"href":"https:\/\/wp.ufpel.edu.br\/cppmet\/wp-json\/wp\/v2\/comments?post=2592"}],"version-history":[{"count":2,"href":"https:\/\/wp.ufpel.edu.br\/cppmet\/wp-json\/wp\/v2\/pages\/2592\/revisions"}],"predecessor-version":[{"id":2598,"href":"https:\/\/wp.ufpel.edu.br\/cppmet\/wp-json\/wp\/v2\/pages\/2592\/revisions\/2598"}],"wp:attachment":[{"href":"https:\/\/wp.ufpel.edu.br\/cppmet\/wp-json\/wp\/v2\/media?parent=2592"}],"curies":[{"name":"wp","href":"https:\/\/api.w.org\/{rel}","templated":true}]}}