{"id":1896,"date":"2023-01-19T10:57:31","date_gmt":"2023-01-19T13:57:31","guid":{"rendered":"https:\/\/wp.ufpel.edu.br\/cppmet\/?page_id=1896"},"modified":"2023-04-19T13:14:10","modified_gmt":"2023-04-19T16:14:10","slug":"tendencia-semanal","status":"publish","type":"page","link":"https:\/\/wp.ufpel.edu.br\/cppmet\/tendencia-semanal\/","title":{"rendered":"Tend\u00eancia Semanal"},"content":{"rendered":"\n<!-- iframe plugin v.6.0 wordpress.org\/plugins\/iframe\/ -->\n<iframe src=\"https:\/\/cppmetdados.ufpel.edu.br\/produtos\/tendencia.php\" marginheight=\"40\" width=\"100%\" height=\"630\" scrolling=\"no\" class=\"iframe-class\" frameborder=\"0\"><\/iframe>\n\n<p><strong>Tend\u00eancia semanal <\/strong><br \/>\nEste produto \u00e9 um progn\u00f3stico de vari\u00e1veis meteorol\u00f3gicas para um per\u00edodo de 7 dias.<\/p>\n<p><strong>Como s\u00e3o interpretados os mapas de temperatura?<\/strong><\/p>\n<p>A temperatura m\u00e9dia \u00e9 o valor m\u00e9dio da temperatura m\u00e9dia di\u00e1ria, prognosticada pelo modelo durante o per\u00edodo de 7 dias.<\/p>\n<p>A anomalia da temperatura m\u00e9dia \u00e9 a diferen\u00e7a entre a temperatura prognosticada pelo modelo e o comportamento da temperatura ao longo da hist\u00f3ria para uma determinada regi\u00e3o. Este comportamento m\u00e9dio, ou climatologia semanal, \u00e9 calculado utilizando como m\u00e9dia os dados da temperatura m\u00e9dia semanal durante um longo per\u00edodo de anos. Valores de anomalia positivos, indicam comportamento de temperaturas mais quentes que a m\u00e9dia, e valores negativos indicam comportamento de temperaturas mais frias que a m\u00e9dia.<\/p>\n<p>&nbsp;<\/p>\n<p>&nbsp;<\/p>\n<p>&nbsp;<\/p>\n<pre class=\"language-html\" tabindex=\"0\"><code class=\"language-html\"><\/code><code class=\"language-html\"><\/code><\/pre>\n<p>&nbsp;<\/p>\n","protected":false},"excerpt":{"rendered":"<p>Tend\u00eancia semanal Este produto \u00e9 um progn\u00f3stico de vari\u00e1veis meteorol\u00f3gicas para um per\u00edodo de 7 dias. Como s\u00e3o interpretados os mapas de temperatura? A temperatura m\u00e9dia \u00e9 o valor m\u00e9dio da temperatura m\u00e9dia di\u00e1ria, prognosticada pelo modelo durante o per\u00edodo de 7 dias. A anomalia da temperatura m\u00e9dia \u00e9 a diferen\u00e7a entre a temperatura prognosticada [&hellip;]<\/p>\n","protected":false},"author":681,"featured_media":0,"parent":0,"menu_order":0,"comment_status":"closed","ping_status":"closed","template":"","meta":{"footnotes":""},"class_list":["post-1896","page","type-page","status-publish","hentry"],"yoast_head":"<!-- This site is optimized with the Yoast SEO plugin v26.7 - https:\/\/yoast.com\/wordpress\/plugins\/seo\/ -->\n<title>Tend\u00eancia Semanal - CPPMET - UFPEL<\/title>\n<meta name=\"robots\" content=\"index, follow, max-snippet:-1, max-image-preview:large, max-video-preview:-1\" \/>\n<link rel=\"canonical\" href=\"https:\/\/wp.ufpel.edu.br\/cppmet\/tendencia-semanal\/\" \/>\n<meta property=\"og:locale\" content=\"pt_BR\" \/>\n<meta property=\"og:type\" content=\"article\" \/>\n<meta property=\"og:title\" content=\"Tend\u00eancia Semanal - CPPMET - UFPEL\" \/>\n<meta property=\"og:description\" content=\"Tend\u00eancia semanal Este produto \u00e9 um progn\u00f3stico de vari\u00e1veis meteorol\u00f3gicas para um per\u00edodo de 7 dias. Como s\u00e3o interpretados os mapas de temperatura? A temperatura m\u00e9dia \u00e9 o valor m\u00e9dio da temperatura m\u00e9dia di\u00e1ria, prognosticada pelo modelo durante o per\u00edodo de 7 dias. A anomalia da temperatura m\u00e9dia \u00e9 a diferen\u00e7a entre a temperatura prognosticada [&hellip;]\" \/>\n<meta property=\"og:url\" content=\"https:\/\/wp.ufpel.edu.br\/cppmet\/tendencia-semanal\/\" \/>\n<meta property=\"og:site_name\" content=\"CPPMET - UFPEL\" \/>\n<meta property=\"article:publisher\" content=\"https:\/\/www.facebook.com\/cppmet\/\" \/>\n<meta property=\"article:modified_time\" content=\"2023-04-19T16:14:10+00:00\" \/>\n<meta name=\"twitter:card\" content=\"summary_large_image\" \/>\n<meta name=\"twitter:site\" content=\"@cppmet\" \/>\n<meta name=\"twitter:label1\" content=\"Est. tempo de leitura\" \/>\n\t<meta name=\"twitter:data1\" content=\"1 minuto\" \/>\n<script type=\"application\/ld+json\" class=\"yoast-schema-graph\">{\"@context\":\"https:\/\/schema.org\",\"@graph\":[{\"@type\":\"WebPage\",\"@id\":\"https:\/\/wp.ufpel.edu.br\/cppmet\/tendencia-semanal\/\",\"url\":\"https:\/\/wp.ufpel.edu.br\/cppmet\/tendencia-semanal\/\",\"name\":\"Tend\u00eancia Semanal - CPPMET - UFPEL\",\"isPartOf\":{\"@id\":\"https:\/\/wp.ufpel.edu.br\/cppmet\/#website\"},\"datePublished\":\"2023-01-19T13:57:31+00:00\",\"dateModified\":\"2023-04-19T16:14:10+00:00\",\"breadcrumb\":{\"@id\":\"https:\/\/wp.ufpel.edu.br\/cppmet\/tendencia-semanal\/#breadcrumb\"},\"inLanguage\":\"pt-BR\",\"potentialAction\":[{\"@type\":\"ReadAction\",\"target\":[\"https:\/\/wp.ufpel.edu.br\/cppmet\/tendencia-semanal\/\"]}]},{\"@type\":\"BreadcrumbList\",\"@id\":\"https:\/\/wp.ufpel.edu.br\/cppmet\/tendencia-semanal\/#breadcrumb\",\"itemListElement\":[{\"@type\":\"ListItem\",\"position\":1,\"name\":\"In\u00edcio\",\"item\":\"https:\/\/wp.ufpel.edu.br\/cppmet\/\"},{\"@type\":\"ListItem\",\"position\":2,\"name\":\"Tend\u00eancia Semanal\"}]},{\"@type\":\"WebSite\",\"@id\":\"https:\/\/wp.ufpel.edu.br\/cppmet\/#website\",\"url\":\"https:\/\/wp.ufpel.edu.br\/cppmet\/\",\"name\":\"CPPMET - UFPEL\",\"description\":\"Centro de Pesquisas e Previs\u00f5es Meteorol\u00f3gicas\",\"publisher\":{\"@id\":\"https:\/\/wp.ufpel.edu.br\/cppmet\/#organization\"},\"potentialAction\":[{\"@type\":\"SearchAction\",\"target\":{\"@type\":\"EntryPoint\",\"urlTemplate\":\"https:\/\/wp.ufpel.edu.br\/cppmet\/?s={search_term_string}\"},\"query-input\":{\"@type\":\"PropertyValueSpecification\",\"valueRequired\":true,\"valueName\":\"search_term_string\"}}],\"inLanguage\":\"pt-BR\"},{\"@type\":\"Organization\",\"@id\":\"https:\/\/wp.ufpel.edu.br\/cppmet\/#organization\",\"name\":\"CPMET\",\"url\":\"https:\/\/wp.ufpel.edu.br\/cppmet\/\",\"logo\":{\"@type\":\"ImageObject\",\"inLanguage\":\"pt-BR\",\"@id\":\"https:\/\/wp.ufpel.edu.br\/cppmet\/#\/schema\/logo\/image\/\",\"url\":\"https:\/\/wp.ufpel.edu.br\/cppmet\/files\/2018\/01\/LOGOf1min2.fw_.png\",\"contentUrl\":\"https:\/\/wp.ufpel.edu.br\/cppmet\/files\/2018\/01\/LOGOf1min2.fw_.png\",\"width\":138,\"height\":138,\"caption\":\"CPMET\"},\"image\":{\"@id\":\"https:\/\/wp.ufpel.edu.br\/cppmet\/#\/schema\/logo\/image\/\"},\"sameAs\":[\"https:\/\/www.facebook.com\/cppmet\/\",\"https:\/\/x.com\/cppmet\",\"http:\/\/cppmet\"]}]}<\/script>\n<!-- \/ Yoast SEO plugin. -->","yoast_head_json":{"title":"Tend\u00eancia Semanal - CPPMET - UFPEL","robots":{"index":"index","follow":"follow","max-snippet":"max-snippet:-1","max-image-preview":"max-image-preview:large","max-video-preview":"max-video-preview:-1"},"canonical":"https:\/\/wp.ufpel.edu.br\/cppmet\/tendencia-semanal\/","og_locale":"pt_BR","og_type":"article","og_title":"Tend\u00eancia Semanal - CPPMET - UFPEL","og_description":"Tend\u00eancia semanal Este produto \u00e9 um progn\u00f3stico de vari\u00e1veis meteorol\u00f3gicas para um per\u00edodo de 7 dias. Como s\u00e3o interpretados os mapas de temperatura? A temperatura m\u00e9dia \u00e9 o valor m\u00e9dio da temperatura m\u00e9dia di\u00e1ria, prognosticada pelo modelo durante o per\u00edodo de 7 dias. A anomalia da temperatura m\u00e9dia \u00e9 a diferen\u00e7a entre a temperatura prognosticada [&hellip;]","og_url":"https:\/\/wp.ufpel.edu.br\/cppmet\/tendencia-semanal\/","og_site_name":"CPPMET - UFPEL","article_publisher":"https:\/\/www.facebook.com\/cppmet\/","article_modified_time":"2023-04-19T16:14:10+00:00","twitter_card":"summary_large_image","twitter_site":"@cppmet","twitter_misc":{"Est. tempo de leitura":"1 minuto"},"schema":{"@context":"https:\/\/schema.org","@graph":[{"@type":"WebPage","@id":"https:\/\/wp.ufpel.edu.br\/cppmet\/tendencia-semanal\/","url":"https:\/\/wp.ufpel.edu.br\/cppmet\/tendencia-semanal\/","name":"Tend\u00eancia Semanal - CPPMET - UFPEL","isPartOf":{"@id":"https:\/\/wp.ufpel.edu.br\/cppmet\/#website"},"datePublished":"2023-01-19T13:57:31+00:00","dateModified":"2023-04-19T16:14:10+00:00","breadcrumb":{"@id":"https:\/\/wp.ufpel.edu.br\/cppmet\/tendencia-semanal\/#breadcrumb"},"inLanguage":"pt-BR","potentialAction":[{"@type":"ReadAction","target":["https:\/\/wp.ufpel.edu.br\/cppmet\/tendencia-semanal\/"]}]},{"@type":"BreadcrumbList","@id":"https:\/\/wp.ufpel.edu.br\/cppmet\/tendencia-semanal\/#breadcrumb","itemListElement":[{"@type":"ListItem","position":1,"name":"In\u00edcio","item":"https:\/\/wp.ufpel.edu.br\/cppmet\/"},{"@type":"ListItem","position":2,"name":"Tend\u00eancia Semanal"}]},{"@type":"WebSite","@id":"https:\/\/wp.ufpel.edu.br\/cppmet\/#website","url":"https:\/\/wp.ufpel.edu.br\/cppmet\/","name":"CPPMET - UFPEL","description":"Centro de Pesquisas e Previs\u00f5es Meteorol\u00f3gicas","publisher":{"@id":"https:\/\/wp.ufpel.edu.br\/cppmet\/#organization"},"potentialAction":[{"@type":"SearchAction","target":{"@type":"EntryPoint","urlTemplate":"https:\/\/wp.ufpel.edu.br\/cppmet\/?s={search_term_string}"},"query-input":{"@type":"PropertyValueSpecification","valueRequired":true,"valueName":"search_term_string"}}],"inLanguage":"pt-BR"},{"@type":"Organization","@id":"https:\/\/wp.ufpel.edu.br\/cppmet\/#organization","name":"CPMET","url":"https:\/\/wp.ufpel.edu.br\/cppmet\/","logo":{"@type":"ImageObject","inLanguage":"pt-BR","@id":"https:\/\/wp.ufpel.edu.br\/cppmet\/#\/schema\/logo\/image\/","url":"https:\/\/wp.ufpel.edu.br\/cppmet\/files\/2018\/01\/LOGOf1min2.fw_.png","contentUrl":"https:\/\/wp.ufpel.edu.br\/cppmet\/files\/2018\/01\/LOGOf1min2.fw_.png","width":138,"height":138,"caption":"CPMET"},"image":{"@id":"https:\/\/wp.ufpel.edu.br\/cppmet\/#\/schema\/logo\/image\/"},"sameAs":["https:\/\/www.facebook.com\/cppmet\/","https:\/\/x.com\/cppmet","http:\/\/cppmet"]}]}},"jetpack_sharing_enabled":true,"jetpack_likes_enabled":true,"_links":{"self":[{"href":"https:\/\/wp.ufpel.edu.br\/cppmet\/wp-json\/wp\/v2\/pages\/1896","targetHints":{"allow":["GET"]}}],"collection":[{"href":"https:\/\/wp.ufpel.edu.br\/cppmet\/wp-json\/wp\/v2\/pages"}],"about":[{"href":"https:\/\/wp.ufpel.edu.br\/cppmet\/wp-json\/wp\/v2\/types\/page"}],"author":[{"embeddable":true,"href":"https:\/\/wp.ufpel.edu.br\/cppmet\/wp-json\/wp\/v2\/users\/681"}],"replies":[{"embeddable":true,"href":"https:\/\/wp.ufpel.edu.br\/cppmet\/wp-json\/wp\/v2\/comments?post=1896"}],"version-history":[{"count":19,"href":"https:\/\/wp.ufpel.edu.br\/cppmet\/wp-json\/wp\/v2\/pages\/1896\/revisions"}],"predecessor-version":[{"id":2070,"href":"https:\/\/wp.ufpel.edu.br\/cppmet\/wp-json\/wp\/v2\/pages\/1896\/revisions\/2070"}],"wp:attachment":[{"href":"https:\/\/wp.ufpel.edu.br\/cppmet\/wp-json\/wp\/v2\/media?parent=1896"}],"curies":[{"name":"wp","href":"https:\/\/api.w.org\/{rel}","templated":true}]}}