{"id":1356,"date":"2021-03-08T15:29:08","date_gmt":"2021-03-08T18:29:08","guid":{"rendered":"https:\/\/wp.ufpel.edu.br\/cppmet\/?page_id=1356"},"modified":"2021-03-08T15:33:31","modified_gmt":"2021-03-08T18:33:31","slug":"estacoes-do-ano","status":"publish","type":"page","link":"https:\/\/wp.ufpel.edu.br\/cppmet\/estacoes-do-ano\/","title":{"rendered":"Esta\u00e7\u00f5es do ano"},"content":{"rendered":"<table class=\" aligncenter\" style=\"width: 100%\" cellspacing=\"0\">\n<thead>\n<tr style=\"height: 43px\">\n<th style=\"height: 67px\" rowspan=\"2\" scope=\"col\" height=\"43\"><strong>ANO<\/strong><\/th>\n<th style=\"height: 43px\" scope=\"col\"><strong>OUTONO<\/strong><\/th>\n<th style=\"height: 43px\" scope=\"col\"><strong>INVERNO<\/strong><\/th>\n<th style=\"height: 43px\" scope=\"col\"><strong>PRIMAVERA<\/strong><\/th>\n<th style=\"height: 43px\" scope=\"col\"><strong>VER\u00c3O<\/strong><\/th>\n<\/tr>\n<\/thead>\n<tbody>\n<tr style=\"height: 24px\">\n<td style=\"height: 24px\"><\/td>\n<td style=\"height: 24px\"><strong>MAR<\/strong><\/td>\n<td style=\"height: 24px\"><strong>JUN\u00a0<\/strong><\/td>\n<td style=\"height: 24px\"><strong>SET<\/strong><\/td>\n<td style=\"height: 24px\"><strong>DEZ\u00a0<\/strong><\/td>\n<\/tr>\n<tr style=\"height: 24px\">\n<td style=\"height: 24px\" height=\"21\"><strong>2021<\/strong><\/td>\n<td style=\"height: 24px\">20\u00a0 06:38<\/td>\n<td style=\"height: 24px\">21\u00a0 00:32<\/td>\n<td style=\"height: 24px\">22\u00a0 16:21<\/td>\n<td style=\"height: 24px\">21 12:59<\/td>\n<\/tr>\n<tr style=\"height: 24px\">\n<td style=\"height: 24px\" height=\"21\"><strong>2022<\/strong><\/td>\n<td style=\"height: 24px\">20\u00a0 12:33<\/td>\n<td style=\"height: 24px\">21 \u00a006:14<\/td>\n<td style=\"height: 24px\">22 22:04<\/td>\n<td style=\"height: 24px\">21 18:48<\/td>\n<\/tr>\n<tr style=\"height: 24px\">\n<td style=\"height: 24px\" height=\"21\"><strong>2023<\/strong><\/td>\n<td style=\"height: 24px\">20\u00a0 18:25<\/td>\n<td style=\"height: 24px\">21\u00a0 11:58<\/td>\n<td style=\"height: 24px\">23\u00a0 03:50<\/td>\n<td style=\"height: 24px\">22\u00a0 00:27<\/td>\n<\/tr>\n<tr style=\"height: 24px\">\n<td style=\"height: 24px\" height=\"21\"><strong>2024<\/strong><\/td>\n<td style=\"height: 24px\">20\u00a0 00:06<\/td>\n<td style=\"height: 24px\">20\u00a0 17:51<\/td>\n<td style=\"height: 24px\">22\u00a0 09:44<\/td>\n<td style=\"height: 24px\">21\u00a0 06:21<\/td>\n<\/tr>\n<tr style=\"height: 24px\">\n<td style=\"height: 24px\" height=\"21\"><strong>2025<\/strong><\/td>\n<td style=\"height: 24px\">20\u00a0 06:02<\/td>\n<td style=\"height: 24px\">20\u00a0 23:42<\/td>\n<td style=\"height: 24px\">22\u00a0 15:19<\/td>\n<td style=\"height: 24px\">21\u00a0 12:03<\/td>\n<\/tr>\n<\/tbody>\n<\/table>\n<p>&nbsp;<\/p>\n","protected":false},"excerpt":{"rendered":"<p>ANO OUTONO INVERNO PRIMAVERA VER\u00c3O MAR JUN\u00a0 SET DEZ\u00a0 2021 20\u00a0 06:38 21\u00a0 00:32 22\u00a0 16:21 21 12:59 2022 20\u00a0 12:33 21 \u00a006:14 22 22:04 21 18:48 2023 20\u00a0 18:25 21\u00a0 11:58 23\u00a0 03:50 22\u00a0 00:27 2024 20\u00a0 00:06 20\u00a0 17:51 22\u00a0 09:44 21\u00a0 06:21 2025 20\u00a0 06:02 20\u00a0 23:42 22\u00a0 15:19 21\u00a0 12:03 &nbsp;<\/p>\n","protected":false},"author":681,"featured_media":0,"parent":0,"menu_order":0,"comment_status":"closed","ping_status":"closed","template":"","meta":{"footnotes":""},"class_list":["post-1356","page","type-page","status-publish","hentry"],"yoast_head":"<!-- This site is optimized with the Yoast SEO plugin v26.7 - https:\/\/yoast.com\/wordpress\/plugins\/seo\/ -->\n<title>Esta\u00e7\u00f5es do ano - CPPMET - UFPEL<\/title>\n<meta name=\"robots\" content=\"index, follow, max-snippet:-1, max-image-preview:large, max-video-preview:-1\" \/>\n<link rel=\"canonical\" href=\"https:\/\/wp.ufpel.edu.br\/cppmet\/estacoes-do-ano\/\" \/>\n<meta property=\"og:locale\" content=\"pt_BR\" \/>\n<meta property=\"og:type\" content=\"article\" \/>\n<meta property=\"og:title\" content=\"Esta\u00e7\u00f5es do ano - CPPMET - UFPEL\" \/>\n<meta property=\"og:description\" content=\"ANO OUTONO INVERNO PRIMAVERA VER\u00c3O MAR JUN\u00a0 SET DEZ\u00a0 2021 20\u00a0 06:38 21\u00a0 00:32 22\u00a0 16:21 21 12:59 2022 20\u00a0 12:33 21 \u00a006:14 22 22:04 21 18:48 2023 20\u00a0 18:25 21\u00a0 11:58 23\u00a0 03:50 22\u00a0 00:27 2024 20\u00a0 00:06 20\u00a0 17:51 22\u00a0 09:44 21\u00a0 06:21 2025 20\u00a0 06:02 20\u00a0 23:42 22\u00a0 15:19 21\u00a0 12:03 &nbsp;\" \/>\n<meta property=\"og:url\" content=\"https:\/\/wp.ufpel.edu.br\/cppmet\/estacoes-do-ano\/\" \/>\n<meta property=\"og:site_name\" content=\"CPPMET - UFPEL\" \/>\n<meta property=\"article:publisher\" content=\"https:\/\/www.facebook.com\/cppmet\/\" \/>\n<meta property=\"article:modified_time\" content=\"2021-03-08T18:33:31+00:00\" \/>\n<meta name=\"twitter:card\" content=\"summary_large_image\" \/>\n<meta name=\"twitter:site\" content=\"@cppmet\" \/>\n<meta name=\"twitter:label1\" content=\"Est. tempo de leitura\" \/>\n\t<meta name=\"twitter:data1\" content=\"1 minuto\" \/>\n<script type=\"application\/ld+json\" class=\"yoast-schema-graph\">{\"@context\":\"https:\/\/schema.org\",\"@graph\":[{\"@type\":\"WebPage\",\"@id\":\"https:\/\/wp.ufpel.edu.br\/cppmet\/estacoes-do-ano\/\",\"url\":\"https:\/\/wp.ufpel.edu.br\/cppmet\/estacoes-do-ano\/\",\"name\":\"Esta\u00e7\u00f5es do ano - CPPMET - UFPEL\",\"isPartOf\":{\"@id\":\"https:\/\/wp.ufpel.edu.br\/cppmet\/#website\"},\"datePublished\":\"2021-03-08T18:29:08+00:00\",\"dateModified\":\"2021-03-08T18:33:31+00:00\",\"breadcrumb\":{\"@id\":\"https:\/\/wp.ufpel.edu.br\/cppmet\/estacoes-do-ano\/#breadcrumb\"},\"inLanguage\":\"pt-BR\",\"potentialAction\":[{\"@type\":\"ReadAction\",\"target\":[\"https:\/\/wp.ufpel.edu.br\/cppmet\/estacoes-do-ano\/\"]}]},{\"@type\":\"BreadcrumbList\",\"@id\":\"https:\/\/wp.ufpel.edu.br\/cppmet\/estacoes-do-ano\/#breadcrumb\",\"itemListElement\":[{\"@type\":\"ListItem\",\"position\":1,\"name\":\"In\u00edcio\",\"item\":\"https:\/\/wp.ufpel.edu.br\/cppmet\/\"},{\"@type\":\"ListItem\",\"position\":2,\"name\":\"Esta\u00e7\u00f5es do ano\"}]},{\"@type\":\"WebSite\",\"@id\":\"https:\/\/wp.ufpel.edu.br\/cppmet\/#website\",\"url\":\"https:\/\/wp.ufpel.edu.br\/cppmet\/\",\"name\":\"CPPMET - UFPEL\",\"description\":\"Centro de Pesquisas e Previs\u00f5es Meteorol\u00f3gicas\",\"publisher\":{\"@id\":\"https:\/\/wp.ufpel.edu.br\/cppmet\/#organization\"},\"potentialAction\":[{\"@type\":\"SearchAction\",\"target\":{\"@type\":\"EntryPoint\",\"urlTemplate\":\"https:\/\/wp.ufpel.edu.br\/cppmet\/?s={search_term_string}\"},\"query-input\":{\"@type\":\"PropertyValueSpecification\",\"valueRequired\":true,\"valueName\":\"search_term_string\"}}],\"inLanguage\":\"pt-BR\"},{\"@type\":\"Organization\",\"@id\":\"https:\/\/wp.ufpel.edu.br\/cppmet\/#organization\",\"name\":\"CPMET\",\"url\":\"https:\/\/wp.ufpel.edu.br\/cppmet\/\",\"logo\":{\"@type\":\"ImageObject\",\"inLanguage\":\"pt-BR\",\"@id\":\"https:\/\/wp.ufpel.edu.br\/cppmet\/#\/schema\/logo\/image\/\",\"url\":\"https:\/\/wp.ufpel.edu.br\/cppmet\/files\/2018\/01\/LOGOf1min2.fw_.png\",\"contentUrl\":\"https:\/\/wp.ufpel.edu.br\/cppmet\/files\/2018\/01\/LOGOf1min2.fw_.png\",\"width\":138,\"height\":138,\"caption\":\"CPMET\"},\"image\":{\"@id\":\"https:\/\/wp.ufpel.edu.br\/cppmet\/#\/schema\/logo\/image\/\"},\"sameAs\":[\"https:\/\/www.facebook.com\/cppmet\/\",\"https:\/\/x.com\/cppmet\",\"http:\/\/cppmet\"]}]}<\/script>\n<!-- \/ Yoast SEO plugin. -->","yoast_head_json":{"title":"Esta\u00e7\u00f5es do ano - CPPMET - UFPEL","robots":{"index":"index","follow":"follow","max-snippet":"max-snippet:-1","max-image-preview":"max-image-preview:large","max-video-preview":"max-video-preview:-1"},"canonical":"https:\/\/wp.ufpel.edu.br\/cppmet\/estacoes-do-ano\/","og_locale":"pt_BR","og_type":"article","og_title":"Esta\u00e7\u00f5es do ano - CPPMET - UFPEL","og_description":"ANO OUTONO INVERNO PRIMAVERA VER\u00c3O MAR JUN\u00a0 SET DEZ\u00a0 2021 20\u00a0 06:38 21\u00a0 00:32 22\u00a0 16:21 21 12:59 2022 20\u00a0 12:33 21 \u00a006:14 22 22:04 21 18:48 2023 20\u00a0 18:25 21\u00a0 11:58 23\u00a0 03:50 22\u00a0 00:27 2024 20\u00a0 00:06 20\u00a0 17:51 22\u00a0 09:44 21\u00a0 06:21 2025 20\u00a0 06:02 20\u00a0 23:42 22\u00a0 15:19 21\u00a0 12:03 &nbsp;","og_url":"https:\/\/wp.ufpel.edu.br\/cppmet\/estacoes-do-ano\/","og_site_name":"CPPMET - UFPEL","article_publisher":"https:\/\/www.facebook.com\/cppmet\/","article_modified_time":"2021-03-08T18:33:31+00:00","twitter_card":"summary_large_image","twitter_site":"@cppmet","twitter_misc":{"Est. tempo de leitura":"1 minuto"},"schema":{"@context":"https:\/\/schema.org","@graph":[{"@type":"WebPage","@id":"https:\/\/wp.ufpel.edu.br\/cppmet\/estacoes-do-ano\/","url":"https:\/\/wp.ufpel.edu.br\/cppmet\/estacoes-do-ano\/","name":"Esta\u00e7\u00f5es do ano - CPPMET - UFPEL","isPartOf":{"@id":"https:\/\/wp.ufpel.edu.br\/cppmet\/#website"},"datePublished":"2021-03-08T18:29:08+00:00","dateModified":"2021-03-08T18:33:31+00:00","breadcrumb":{"@id":"https:\/\/wp.ufpel.edu.br\/cppmet\/estacoes-do-ano\/#breadcrumb"},"inLanguage":"pt-BR","potentialAction":[{"@type":"ReadAction","target":["https:\/\/wp.ufpel.edu.br\/cppmet\/estacoes-do-ano\/"]}]},{"@type":"BreadcrumbList","@id":"https:\/\/wp.ufpel.edu.br\/cppmet\/estacoes-do-ano\/#breadcrumb","itemListElement":[{"@type":"ListItem","position":1,"name":"In\u00edcio","item":"https:\/\/wp.ufpel.edu.br\/cppmet\/"},{"@type":"ListItem","position":2,"name":"Esta\u00e7\u00f5es do ano"}]},{"@type":"WebSite","@id":"https:\/\/wp.ufpel.edu.br\/cppmet\/#website","url":"https:\/\/wp.ufpel.edu.br\/cppmet\/","name":"CPPMET - UFPEL","description":"Centro de Pesquisas e Previs\u00f5es Meteorol\u00f3gicas","publisher":{"@id":"https:\/\/wp.ufpel.edu.br\/cppmet\/#organization"},"potentialAction":[{"@type":"SearchAction","target":{"@type":"EntryPoint","urlTemplate":"https:\/\/wp.ufpel.edu.br\/cppmet\/?s={search_term_string}"},"query-input":{"@type":"PropertyValueSpecification","valueRequired":true,"valueName":"search_term_string"}}],"inLanguage":"pt-BR"},{"@type":"Organization","@id":"https:\/\/wp.ufpel.edu.br\/cppmet\/#organization","name":"CPMET","url":"https:\/\/wp.ufpel.edu.br\/cppmet\/","logo":{"@type":"ImageObject","inLanguage":"pt-BR","@id":"https:\/\/wp.ufpel.edu.br\/cppmet\/#\/schema\/logo\/image\/","url":"https:\/\/wp.ufpel.edu.br\/cppmet\/files\/2018\/01\/LOGOf1min2.fw_.png","contentUrl":"https:\/\/wp.ufpel.edu.br\/cppmet\/files\/2018\/01\/LOGOf1min2.fw_.png","width":138,"height":138,"caption":"CPMET"},"image":{"@id":"https:\/\/wp.ufpel.edu.br\/cppmet\/#\/schema\/logo\/image\/"},"sameAs":["https:\/\/www.facebook.com\/cppmet\/","https:\/\/x.com\/cppmet","http:\/\/cppmet"]}]}},"jetpack_sharing_enabled":true,"jetpack_likes_enabled":true,"_links":{"self":[{"href":"https:\/\/wp.ufpel.edu.br\/cppmet\/wp-json\/wp\/v2\/pages\/1356","targetHints":{"allow":["GET"]}}],"collection":[{"href":"https:\/\/wp.ufpel.edu.br\/cppmet\/wp-json\/wp\/v2\/pages"}],"about":[{"href":"https:\/\/wp.ufpel.edu.br\/cppmet\/wp-json\/wp\/v2\/types\/page"}],"author":[{"embeddable":true,"href":"https:\/\/wp.ufpel.edu.br\/cppmet\/wp-json\/wp\/v2\/users\/681"}],"replies":[{"embeddable":true,"href":"https:\/\/wp.ufpel.edu.br\/cppmet\/wp-json\/wp\/v2\/comments?post=1356"}],"version-history":[{"count":4,"href":"https:\/\/wp.ufpel.edu.br\/cppmet\/wp-json\/wp\/v2\/pages\/1356\/revisions"}],"predecessor-version":[{"id":1361,"href":"https:\/\/wp.ufpel.edu.br\/cppmet\/wp-json\/wp\/v2\/pages\/1356\/revisions\/1361"}],"wp:attachment":[{"href":"https:\/\/wp.ufpel.edu.br\/cppmet\/wp-json\/wp\/v2\/media?parent=1356"}],"curies":[{"name":"wp","href":"https:\/\/api.w.org\/{rel}","templated":true}]}}