{"id":13,"date":"2016-08-15T13:35:10","date_gmt":"2016-08-15T16:35:10","guid":{"rendered":"https:\/\/wp.ufpel.edu.br\/cppmet\/?page_id=13"},"modified":"2024-07-18T14:21:04","modified_gmt":"2024-07-18T17:21:04","slug":"equipe","status":"publish","type":"page","link":"https:\/\/wp.ufpel.edu.br\/cppmet\/equipe\/","title":{"rendered":"Equipe"},"content":{"rendered":"<h2 class=\"titulo2\">Chefia<\/h2>\n<div class=\"texto7\">Chefe: D\u00e9bora de Souza Sim\u00f5es<\/div>\n<div class=\"texto7\">Subchefe: Leonardo Jos\u00e9 Gon\u00e7alves Aguiar<\/div>\n<div class=\"separador1\"><\/div>\n<h2 class=\"titulo2\">Secretaria<\/h2>\n<div class=\"texto7\">S\u00f4nia Maria Machado das Neves<\/div>\n<div class=\"separador1\"><\/div>\n<h2 class=\"titulo2\">Meteorologistas<\/h2>\n<div class=\"texto7\">Carina Klug Padilha Reinke<\/div>\n<div class=\"texto7\">Eliane Grala Pereira Alves<\/div>\n<div class=\"texto7\">Eliton Lima de Figueiredo<\/div>\n<div class=\"texto7\">Gustavo Rasera<\/div>\n<div>Lucas Lessa Mendes<\/div>\n<div>Henrique Fuchs Bueno Repinaldo<\/div>\n<div class=\"texto7\">Vladair Morales de Oliveira<\/div>\n<h2 class=\"titulo2\">Tecnologia da Informa\u00e7\u00e3o<\/h2>\n<div class=\"texto7\"><\/div>\n<div class=\"texto7\">Rog\u00e9rio de Souza e Silva<\/div>\n<div class=\"texto7\">Andr\u00e9 luis Porto Einhardt<\/div>\n<h2 class=\"titulo2\">Manuten\u00e7\u00e3o Eletr\u00f4nica<\/h2>\n<div class=\"texto7\">Nilton Fernando Bilhalva Leitzke<\/div>\n","protected":false},"excerpt":{"rendered":"<p>Chefia Chefe: D\u00e9bora de Souza Sim\u00f5es Subchefe: Leonardo Jos\u00e9 Gon\u00e7alves Aguiar Secretaria S\u00f4nia Maria Machado das Neves Meteorologistas Carina Klug Padilha Reinke Eliane Grala Pereira Alves Eliton Lima de Figueiredo Gustavo Rasera Lucas Lessa Mendes Henrique Fuchs Bueno Repinaldo Vladair Morales de Oliveira Tecnologia da Informa\u00e7\u00e3o Rog\u00e9rio de Souza e Silva Andr\u00e9 luis Porto Einhardt [&hellip;]<\/p>\n","protected":false},"author":681,"featured_media":0,"parent":0,"menu_order":0,"comment_status":"closed","ping_status":"closed","template":"","meta":{"footnotes":""},"class_list":["post-13","page","type-page","status-publish","hentry"],"yoast_head":"<!-- This site is optimized with the Yoast SEO plugin v26.7 - https:\/\/yoast.com\/wordpress\/plugins\/seo\/ -->\n<title>Equipe - CPPMET - UFPEL<\/title>\n<meta name=\"robots\" content=\"index, follow, max-snippet:-1, max-image-preview:large, max-video-preview:-1\" \/>\n<link rel=\"canonical\" href=\"https:\/\/wp.ufpel.edu.br\/cppmet\/equipe\/\" \/>\n<meta property=\"og:locale\" content=\"pt_BR\" \/>\n<meta property=\"og:type\" content=\"article\" \/>\n<meta property=\"og:title\" content=\"Equipe - CPPMET - UFPEL\" \/>\n<meta property=\"og:description\" content=\"Chefia Chefe: D\u00e9bora de Souza Sim\u00f5es Subchefe: Leonardo Jos\u00e9 Gon\u00e7alves Aguiar Secretaria S\u00f4nia Maria Machado das Neves Meteorologistas Carina Klug Padilha Reinke Eliane Grala Pereira Alves Eliton Lima de Figueiredo Gustavo Rasera Lucas Lessa Mendes Henrique Fuchs Bueno Repinaldo Vladair Morales de Oliveira Tecnologia da Informa\u00e7\u00e3o Rog\u00e9rio de Souza e Silva Andr\u00e9 luis Porto Einhardt [&hellip;]\" \/>\n<meta property=\"og:url\" content=\"https:\/\/wp.ufpel.edu.br\/cppmet\/equipe\/\" \/>\n<meta property=\"og:site_name\" content=\"CPPMET - UFPEL\" \/>\n<meta property=\"article:publisher\" content=\"https:\/\/www.facebook.com\/cppmet\/\" \/>\n<meta property=\"article:modified_time\" content=\"2024-07-18T17:21:04+00:00\" \/>\n<meta name=\"twitter:card\" content=\"summary_large_image\" \/>\n<meta name=\"twitter:site\" content=\"@cppmet\" \/>\n<meta name=\"twitter:label1\" content=\"Est. tempo de leitura\" \/>\n\t<meta name=\"twitter:data1\" content=\"1 minuto\" \/>\n<script type=\"application\/ld+json\" class=\"yoast-schema-graph\">{\"@context\":\"https:\/\/schema.org\",\"@graph\":[{\"@type\":\"WebPage\",\"@id\":\"https:\/\/wp.ufpel.edu.br\/cppmet\/equipe\/\",\"url\":\"https:\/\/wp.ufpel.edu.br\/cppmet\/equipe\/\",\"name\":\"Equipe - CPPMET - UFPEL\",\"isPartOf\":{\"@id\":\"https:\/\/wp.ufpel.edu.br\/cppmet\/#website\"},\"datePublished\":\"2016-08-15T16:35:10+00:00\",\"dateModified\":\"2024-07-18T17:21:04+00:00\",\"breadcrumb\":{\"@id\":\"https:\/\/wp.ufpel.edu.br\/cppmet\/equipe\/#breadcrumb\"},\"inLanguage\":\"pt-BR\",\"potentialAction\":[{\"@type\":\"ReadAction\",\"target\":[\"https:\/\/wp.ufpel.edu.br\/cppmet\/equipe\/\"]}]},{\"@type\":\"BreadcrumbList\",\"@id\":\"https:\/\/wp.ufpel.edu.br\/cppmet\/equipe\/#breadcrumb\",\"itemListElement\":[{\"@type\":\"ListItem\",\"position\":1,\"name\":\"In\u00edcio\",\"item\":\"https:\/\/wp.ufpel.edu.br\/cppmet\/\"},{\"@type\":\"ListItem\",\"position\":2,\"name\":\"Equipe\"}]},{\"@type\":\"WebSite\",\"@id\":\"https:\/\/wp.ufpel.edu.br\/cppmet\/#website\",\"url\":\"https:\/\/wp.ufpel.edu.br\/cppmet\/\",\"name\":\"CPPMET - UFPEL\",\"description\":\"Centro de Pesquisas e Previs\u00f5es Meteorol\u00f3gicas\",\"publisher\":{\"@id\":\"https:\/\/wp.ufpel.edu.br\/cppmet\/#organization\"},\"potentialAction\":[{\"@type\":\"SearchAction\",\"target\":{\"@type\":\"EntryPoint\",\"urlTemplate\":\"https:\/\/wp.ufpel.edu.br\/cppmet\/?s={search_term_string}\"},\"query-input\":{\"@type\":\"PropertyValueSpecification\",\"valueRequired\":true,\"valueName\":\"search_term_string\"}}],\"inLanguage\":\"pt-BR\"},{\"@type\":\"Organization\",\"@id\":\"https:\/\/wp.ufpel.edu.br\/cppmet\/#organization\",\"name\":\"CPMET\",\"url\":\"https:\/\/wp.ufpel.edu.br\/cppmet\/\",\"logo\":{\"@type\":\"ImageObject\",\"inLanguage\":\"pt-BR\",\"@id\":\"https:\/\/wp.ufpel.edu.br\/cppmet\/#\/schema\/logo\/image\/\",\"url\":\"https:\/\/wp.ufpel.edu.br\/cppmet\/files\/2018\/01\/LOGOf1min2.fw_.png\",\"contentUrl\":\"https:\/\/wp.ufpel.edu.br\/cppmet\/files\/2018\/01\/LOGOf1min2.fw_.png\",\"width\":138,\"height\":138,\"caption\":\"CPMET\"},\"image\":{\"@id\":\"https:\/\/wp.ufpel.edu.br\/cppmet\/#\/schema\/logo\/image\/\"},\"sameAs\":[\"https:\/\/www.facebook.com\/cppmet\/\",\"https:\/\/x.com\/cppmet\",\"http:\/\/cppmet\"]}]}<\/script>\n<!-- \/ Yoast SEO plugin. -->","yoast_head_json":{"title":"Equipe - CPPMET - UFPEL","robots":{"index":"index","follow":"follow","max-snippet":"max-snippet:-1","max-image-preview":"max-image-preview:large","max-video-preview":"max-video-preview:-1"},"canonical":"https:\/\/wp.ufpel.edu.br\/cppmet\/equipe\/","og_locale":"pt_BR","og_type":"article","og_title":"Equipe - CPPMET - UFPEL","og_description":"Chefia Chefe: D\u00e9bora de Souza Sim\u00f5es Subchefe: Leonardo Jos\u00e9 Gon\u00e7alves Aguiar Secretaria S\u00f4nia Maria Machado das Neves Meteorologistas Carina Klug Padilha Reinke Eliane Grala Pereira Alves Eliton Lima de Figueiredo Gustavo Rasera Lucas Lessa Mendes Henrique Fuchs Bueno Repinaldo Vladair Morales de Oliveira Tecnologia da Informa\u00e7\u00e3o Rog\u00e9rio de Souza e Silva Andr\u00e9 luis Porto Einhardt [&hellip;]","og_url":"https:\/\/wp.ufpel.edu.br\/cppmet\/equipe\/","og_site_name":"CPPMET - UFPEL","article_publisher":"https:\/\/www.facebook.com\/cppmet\/","article_modified_time":"2024-07-18T17:21:04+00:00","twitter_card":"summary_large_image","twitter_site":"@cppmet","twitter_misc":{"Est. tempo de leitura":"1 minuto"},"schema":{"@context":"https:\/\/schema.org","@graph":[{"@type":"WebPage","@id":"https:\/\/wp.ufpel.edu.br\/cppmet\/equipe\/","url":"https:\/\/wp.ufpel.edu.br\/cppmet\/equipe\/","name":"Equipe - CPPMET - UFPEL","isPartOf":{"@id":"https:\/\/wp.ufpel.edu.br\/cppmet\/#website"},"datePublished":"2016-08-15T16:35:10+00:00","dateModified":"2024-07-18T17:21:04+00:00","breadcrumb":{"@id":"https:\/\/wp.ufpel.edu.br\/cppmet\/equipe\/#breadcrumb"},"inLanguage":"pt-BR","potentialAction":[{"@type":"ReadAction","target":["https:\/\/wp.ufpel.edu.br\/cppmet\/equipe\/"]}]},{"@type":"BreadcrumbList","@id":"https:\/\/wp.ufpel.edu.br\/cppmet\/equipe\/#breadcrumb","itemListElement":[{"@type":"ListItem","position":1,"name":"In\u00edcio","item":"https:\/\/wp.ufpel.edu.br\/cppmet\/"},{"@type":"ListItem","position":2,"name":"Equipe"}]},{"@type":"WebSite","@id":"https:\/\/wp.ufpel.edu.br\/cppmet\/#website","url":"https:\/\/wp.ufpel.edu.br\/cppmet\/","name":"CPPMET - UFPEL","description":"Centro de Pesquisas e Previs\u00f5es Meteorol\u00f3gicas","publisher":{"@id":"https:\/\/wp.ufpel.edu.br\/cppmet\/#organization"},"potentialAction":[{"@type":"SearchAction","target":{"@type":"EntryPoint","urlTemplate":"https:\/\/wp.ufpel.edu.br\/cppmet\/?s={search_term_string}"},"query-input":{"@type":"PropertyValueSpecification","valueRequired":true,"valueName":"search_term_string"}}],"inLanguage":"pt-BR"},{"@type":"Organization","@id":"https:\/\/wp.ufpel.edu.br\/cppmet\/#organization","name":"CPMET","url":"https:\/\/wp.ufpel.edu.br\/cppmet\/","logo":{"@type":"ImageObject","inLanguage":"pt-BR","@id":"https:\/\/wp.ufpel.edu.br\/cppmet\/#\/schema\/logo\/image\/","url":"https:\/\/wp.ufpel.edu.br\/cppmet\/files\/2018\/01\/LOGOf1min2.fw_.png","contentUrl":"https:\/\/wp.ufpel.edu.br\/cppmet\/files\/2018\/01\/LOGOf1min2.fw_.png","width":138,"height":138,"caption":"CPMET"},"image":{"@id":"https:\/\/wp.ufpel.edu.br\/cppmet\/#\/schema\/logo\/image\/"},"sameAs":["https:\/\/www.facebook.com\/cppmet\/","https:\/\/x.com\/cppmet","http:\/\/cppmet"]}]}},"jetpack_sharing_enabled":true,"jetpack_likes_enabled":true,"_links":{"self":[{"href":"https:\/\/wp.ufpel.edu.br\/cppmet\/wp-json\/wp\/v2\/pages\/13","targetHints":{"allow":["GET"]}}],"collection":[{"href":"https:\/\/wp.ufpel.edu.br\/cppmet\/wp-json\/wp\/v2\/pages"}],"about":[{"href":"https:\/\/wp.ufpel.edu.br\/cppmet\/wp-json\/wp\/v2\/types\/page"}],"author":[{"embeddable":true,"href":"https:\/\/wp.ufpel.edu.br\/cppmet\/wp-json\/wp\/v2\/users\/681"}],"replies":[{"embeddable":true,"href":"https:\/\/wp.ufpel.edu.br\/cppmet\/wp-json\/wp\/v2\/comments?post=13"}],"version-history":[{"count":21,"href":"https:\/\/wp.ufpel.edu.br\/cppmet\/wp-json\/wp\/v2\/pages\/13\/revisions"}],"predecessor-version":[{"id":2777,"href":"https:\/\/wp.ufpel.edu.br\/cppmet\/wp-json\/wp\/v2\/pages\/13\/revisions\/2777"}],"wp:attachment":[{"href":"https:\/\/wp.ufpel.edu.br\/cppmet\/wp-json\/wp\/v2\/media?parent=13"}],"curies":[{"name":"wp","href":"https:\/\/api.w.org\/{rel}","templated":true}]}}