{"id":89,"date":"2012-03-27T13:59:23","date_gmt":"2012-03-27T13:59:23","guid":{"rendered":"https:\/\/wp.ufpel.edu.br\/cppd\/"},"modified":"2022-03-11T10:57:03","modified_gmt":"2022-03-11T13:57:03","slug":"contato","status":"publish","type":"page","link":"https:\/\/wp.ufpel.edu.br\/cppd\/contato\/","title":{"rendered":"Contato"},"content":{"rendered":"<p>Para d\u00favidas, informa\u00e7\u00f5es, cr\u00edticas e sugest\u00f5es<\/p>\n<p><span style=\"color: #000000\">e- mail: cppd.ufpel2018@gmail.com<\/span><\/p>\n","protected":false},"excerpt":{"rendered":"<p>Para d\u00favidas, informa\u00e7\u00f5es, cr\u00edticas e sugest\u00f5es e- mail: cppd.ufpel2018@gmail.com<\/p>\n","protected":false},"author":154,"featured_media":0,"parent":0,"menu_order":0,"comment_status":"closed","ping_status":"closed","template":"","meta":{"jetpack_post_was_ever_published":false,"footnotes":""},"class_list":["post-89","page","type-page","status-publish","hentry"],"jetpack_sharing_enabled":true,"_links":{"self":[{"href":"https:\/\/wp.ufpel.edu.br\/cppd\/wp-json\/wp\/v2\/pages\/89","targetHints":{"allow":["GET"]}}],"collection":[{"href":"https:\/\/wp.ufpel.edu.br\/cppd\/wp-json\/wp\/v2\/pages"}],"about":[{"href":"https:\/\/wp.ufpel.edu.br\/cppd\/wp-json\/wp\/v2\/types\/page"}],"author":[{"embeddable":true,"href":"https:\/\/wp.ufpel.edu.br\/cppd\/wp-json\/wp\/v2\/users\/154"}],"replies":[{"embeddable":true,"href":"https:\/\/wp.ufpel.edu.br\/cppd\/wp-json\/wp\/v2\/comments?post=89"}],"version-history":[{"count":20,"href":"https:\/\/wp.ufpel.edu.br\/cppd\/wp-json\/wp\/v2\/pages\/89\/revisions"}],"predecessor-version":[{"id":1220,"href":"https:\/\/wp.ufpel.edu.br\/cppd\/wp-json\/wp\/v2\/pages\/89\/revisions\/1220"}],"wp:attachment":[{"href":"https:\/\/wp.ufpel.edu.br\/cppd\/wp-json\/wp\/v2\/media?parent=89"}],"curies":[{"name":"wp","href":"https:\/\/api.w.org\/{rel}","templated":true}]}}