{"id":545,"date":"2015-09-09T10:49:18","date_gmt":"2015-09-09T13:49:18","guid":{"rendered":"https:\/\/wp.ufpel.edu.br\/cppd\/?page_id=545"},"modified":"2016-02-15T10:44:29","modified_gmt":"2016-02-15T12:44:29","slug":"resolucoes-anteriores-a-2014","status":"publish","type":"page","link":"https:\/\/wp.ufpel.edu.br\/cppd\/resolucoes-anteriores-a-2014\/","title":{"rendered":"Resolu\u00e7\u00f5es anteriores a 2015"},"content":{"rendered":"<h3><span style=\"color: #000000\"><strong>Progress\u00e3o Funcional<\/strong><\/span><\/h3>\n<p><span style=\"font-size: 12pt;color: #333399\"><a style=\"color: #333399\" href=\"https:\/\/wp.ufpel.edu.br\/cppd\/files\/2015\/09\/Resolu\u00e7\u00e3o-n-\u00b0002-1999-COCEPE-PF.pdf\">Resolu\u00e7\u00e3o-n-\u00b0002-1999-COCEPE (PF)<\/a><\/span><\/p>\n<p><span style=\"font-size: 12pt;color: #333399\"><a style=\"color: #333399\" href=\"https:\/\/wp.ufpel.edu.br\/cppd\/files\/2015\/09\/Resolu\u00e7\u00e3o-n\u00b0-002-2009-COCEPE-PF.pdf\">Resolu\u00e7\u00e3o-n\u00b0-002-2009-COCEPE (PF)<\/a><\/span><\/p>\n<p><span style=\"font-size: 12pt;color: #333399\"><a style=\"color: #333399\" href=\"https:\/\/wp.ufpel.edu.br\/cppd\/files\/2015\/09\/Resolu\u00e7\u00e3o-n\u00b0-001-2000-COCEPE-PF.pdf\">Resolu\u00e7\u00e3o-n\u00b0-001-2000-COCEPE (PF)<\/a><\/span><\/p>\n<p><span style=\"font-size: 12pt;color: #333399\"><a style=\"color: #333399\" href=\"https:\/\/wp.ufpel.edu.br\/cppd\/files\/2015\/09\/Resolu\u00e7\u00e3o-n\u00b0-008-2013-COCEPE-Revoga-a-Resolu\u00e7\u00e3o-n\u00ba-004-2012-1.pdf\">Resolu\u00e7\u00e3o-n\u00b0-008-2013-COCEPE-Revoga-a-Resolu\u00e7\u00e3o-n\u00ba-004-2012-1<\/a><\/span><\/p>\n<p><span style=\"font-size: 12pt;color: #333399\"><a style=\"color: #333399\" href=\"https:\/\/wp.ufpel.edu.br\/cppd\/files\/2015\/09\/Resolu\u00e7\u00e3o-n\u00ba-003-2004-COCEPE-PF.pdf\">Resolu\u00e7\u00e3o-n\u00ba-003-2004-COCEPE (PF)<\/a><\/span><\/p>\n<p><span style=\"font-size: 12pt;color: #333399\"><a style=\"color: #333399\" href=\"https:\/\/wp.ufpel.edu.br\/cppd\/files\/2015\/09\/Resolu\u00e7\u00e3o-n\u00ba-007-2006-COCEPE-PF.pdf\">Resolu\u00e7\u00e3o-n\u00ba-007-2006-COCEPE (PF)<\/a><\/span><\/p>\n<p><span style=\"font-size: 12pt;color: #333399\"><a style=\"color: #333399\" href=\"https:\/\/wp.ufpel.edu.br\/cppd\/files\/2015\/09\/Resolu\u00e7\u00e3o-n\u00ba-015-2009-COCEPE-PF.pdf\">Resolu\u00e7\u00e3o-n\u00ba-015-2009-COCEPE (PF)<\/a><\/span><\/p>\n<address><span style=\"color: #333399;font-size: 12pt\"><a style=\"color: #333399\" href=\"https:\/\/wp.ufpel.edu.br\/cppd\/files\/2012\/03\/Resolu\u00e7\u00e3o-n\u00ba-014-2014-\u2013-COCEPE1.pdf\">Resolu\u00e7\u00e3o n\u00ba 014 2014 &#8211; CONSUN<\/a><\/span><\/address>\n<address><span style=\"font-size: 12pt;color: #333399\">\u00a0<\/span><\/address>\n<address><span style=\"color: #333399;font-size: 12pt\"><a style=\"color: #333399\" href=\"https:\/\/wp.ufpel.edu.br\/cppd\/files\/2012\/03\/Res-1120142.pdf\">Resolu\u00e7\u00e3o\u00a0 n\u00ba011 2014 &#8211; COCEPE (Anexos)<\/a><\/span><\/address>\n<address><span style=\"font-size: 12pt;color: #333399\">\u00a0<\/span><\/address>\n<address><span style=\"color: #333399;font-size: 12pt\"><a style=\"color: #333399\" href=\"https:\/\/wp.ufpel.edu.br\/cppd\/files\/2012\/03\/Res-212014.pdf\">Resolu\u00e7\u00e3o n\u00ba 021 2014 &#8211; CONSUN<\/a><\/span><\/address>\n<h3><span style=\"color: #000000\"><strong>Progress\u00e3o Funcional 1\u00ba\u00a0e 2\u00ba Graus<\/strong><\/span><\/h3>\n<p><span style=\"color: #333399\"><a style=\"color: #333399\" href=\"https:\/\/wp.ufpel.edu.br\/cppd\/files\/2015\/09\/Resolu\u00e7\u00e3o-n\u00ba-006-2006-COCEPE-PF-1-e-2\u00ba.pdf\">Resolu\u00e7\u00e3o-n\u00ba-006-2006-COCEPE (PF 1 e 2\u00ba)<\/a><\/span><\/p>\n<p><span style=\"color: #333399\"><a style=\"color: #333399\" href=\"https:\/\/wp.ufpel.edu.br\/cppd\/files\/2015\/09\/Resolu\u00e7\u00e3o-n\u00ba-009-2006-COCEPE-PF-1-e-2\u00ba.pdf\">Resolu\u00e7\u00e3o-n\u00ba-009-2006-COCEPE (PF 1 e 2\u00ba)<\/a><\/span><\/p>\n<h3><span style=\"color: #000000\"><strong>Est\u00e1gio Probat\u00f3rio<\/strong><\/span><\/h3>\n<p><span style=\"color: #333399\"><a style=\"color: #333399\" href=\"https:\/\/wp.ufpel.edu.br\/cppd\/files\/2015\/09\/ORIENTA\u00c7\u00c3O-DA-CPPD-PARA-ENCAMINHAMENTO-DOS-PROCESSOS-DE-AVALIA\u00c7\u00c3O-DE-EST\u00c1GIOS-PROBAT\u00d3RIOS-DOS-DOCENTES-DA-UFPel-2.doc\">ORIENTA\u00c7\u00c3O-DA-CPPD-PARA-ENCAMINHAMENTO-DOS-PROCESSOS-DE-AVALIA\u00c7\u00c3O-DE-EST\u00c1GIOS-PROBAT\u00d3RIOS-DOS-DOCENTES-DA-UFPel-2<\/a><\/span><\/p>\n<p><span style=\"color: #333399\"><a style=\"color: #333399\" href=\"https:\/\/wp.ufpel.edu.br\/cppd\/files\/2015\/09\/Resolu\u00e7\u00e3o-n\u00ba-005-2009-\u2013-COCEPE-2-EP.doc\">Resolu\u00e7\u00e3o-n\u00ba-005-2009-\u2013-COCEPE-2 (EP)<\/a><\/span><\/p>\n<p><span style=\"color: #333399\"><a style=\"color: #333399\" href=\"https:\/\/wp.ufpel.edu.br\/cppd\/files\/2015\/09\/Resolu\u00e7\u00e3o-n\u00ba-013-2009-\u2013-COCEPE-EP.pdf\">Resolu\u00e7\u00e3o-n\u00ba-013-2009-\u2013-COCEPE (EP)<\/a><\/span><\/p>\n<h3><span style=\"color: #000000\"><strong>Afastamentos<\/strong><\/span><\/h3>\n<p><span style=\"color: #333399\"><a style=\"color: #333399\" href=\"https:\/\/wp.ufpel.edu.br\/cppd\/files\/2015\/09\/Resolu\u00e7\u00e3o-n\u00ba-004-2006-COCEPE-AFASTAMENTO.doc\">Resolu\u00e7\u00e3o-n\u00ba-004-2006-COCEPE-(AFASTAMENTO)<\/a><\/span><\/p>\n<p><span style=\"color: #333399\"><a style=\"color: #333399\" href=\"https:\/\/wp.ufpel.edu.br\/cppd\/files\/2015\/09\/Resolu\u00e7\u00e3o-n\u00ba-004-2008-COCEPE-afastamento.doc\">Resolu\u00e7\u00e3o-n\u00ba-004-2008-COCEPE (afastamento)<\/a><\/span><\/p>\n<h3><span style=\"color: #000000\"><strong>Mudan\u00e7a de Regime de Trabalho<\/strong><\/span><\/h3>\n<p><span style=\"color: #333399\"><a style=\"color: #333399\" href=\"https:\/\/wp.ufpel.edu.br\/cppd\/files\/2015\/09\/Resolu\u00e7\u00e3o-n\u00ba-005-1997-\u2013-COCEPE-\u2013-Modifica-pela-Res.-004-1997-MR.pdf\">Resolu\u00e7\u00e3o-n\u00ba-005-1997-\u2013-COCEPE-\u2013-Modifica-pela-Res.-004-1997 (MR)<\/a><\/span><\/p>\n<p><span style=\"color: #333399\"><a style=\"color: #333399\" href=\"https:\/\/wp.ufpel.edu.br\/cppd\/files\/2015\/09\/Resolu\u00e7\u00e3o-n\u00ba-004-1997-\u2013-COCEPE-\u2013-Mod-pela-Res.-005-1997-MR.pdf\">Resolu\u00e7\u00e3o-n\u00ba-004-1997-\u2013-COCEPE-\u2013-Mod-pela-Res.-005-1997 (MR)<\/a><\/span><\/p>\n<h3><span style=\"color: #000000\"><strong>Reposicionamento na Carreira Docente<\/strong><\/span><\/h3>\n<p><span style=\"color: #333399\"><a style=\"color: #333399\" href=\"https:\/\/wp.ufpel.edu.br\/cppd\/files\/2015\/09\/Resolu\u00e7\u00e3o-n\u00b0-004-2012-COCEPE-RCD.doc\">Resolu\u00e7\u00e3o-n\u00b0-004-2012-COCEPE (RCD)<\/a><\/span><\/p>\n<p><span style=\"color: #333399\"><a style=\"color: #333399\" href=\"https:\/\/wp.ufpel.edu.br\/cppd\/files\/2015\/09\/Resolu\u00e7\u00e3o-n\u00b0-008-2013-COCEPE-Rev-Resolu\u00e7\u00e3o-n\u00ba-004-2012-1-RCD.doc\">Resolu\u00e7\u00e3o-n\u00b0-008-2013-COCEPE-Rev-Resolu\u00e7\u00e3o-n\u00ba-004-2012-1 (RCD)<\/a><\/span><\/p>\n","protected":false},"excerpt":{"rendered":"<p>Progress\u00e3o Funcional Resolu\u00e7\u00e3o-n-\u00b0002-1999-COCEPE (PF) Resolu\u00e7\u00e3o-n\u00b0-002-2009-COCEPE (PF) Resolu\u00e7\u00e3o-n\u00b0-001-2000-COCEPE (PF) Resolu\u00e7\u00e3o-n\u00b0-008-2013-COCEPE-Revoga-a-Resolu\u00e7\u00e3o-n\u00ba-004-2012-1 Resolu\u00e7\u00e3o-n\u00ba-003-2004-COCEPE (PF) Resolu\u00e7\u00e3o-n\u00ba-007-2006-COCEPE (PF) Resolu\u00e7\u00e3o-n\u00ba-015-2009-COCEPE (PF) Resolu\u00e7\u00e3o n\u00ba 014 2014 &#8211; CONSUN \u00a0 Resolu\u00e7\u00e3o\u00a0 n\u00ba011 2014 &#8211; COCEPE (Anexos) \u00a0 Resolu\u00e7\u00e3o n\u00ba 021 2014 &#8211; CONSUN Progress\u00e3o Funcional 1\u00ba\u00a0e 2\u00ba Graus Resolu\u00e7\u00e3o-n\u00ba-006-2006-COCEPE (PF 1 e 2\u00ba) Resolu\u00e7\u00e3o-n\u00ba-009-2006-COCEPE (PF 1 e 2\u00ba) Est\u00e1gio Probat\u00f3rio ORIENTA\u00c7\u00c3O-DA-CPPD-PARA-ENCAMINHAMENTO-DOS-PROCESSOS-DE-AVALIA\u00c7\u00c3O-DE-EST\u00c1GIOS-PROBAT\u00d3RIOS-DOS-DOCENTES-DA-UFPel-2 Resolu\u00e7\u00e3o-n\u00ba-005-2009-\u2013-COCEPE-2 (EP) &hellip; <a href=\"https:\/\/wp.ufpel.edu.br\/cppd\/resolucoes-anteriores-a-2014\/\" class=\"more-link\">Continuar lendo <span class=\"screen-reader-text\">Resolu\u00e7\u00f5es anteriores a 2015<\/span><\/a><\/p>\n","protected":false},"author":154,"featured_media":0,"parent":0,"menu_order":0,"comment_status":"closed","ping_status":"closed","template":"","meta":{"jetpack_post_was_ever_published":false,"footnotes":""},"class_list":["post-545","page","type-page","status-publish","hentry"],"jetpack_sharing_enabled":true,"_links":{"self":[{"href":"https:\/\/wp.ufpel.edu.br\/cppd\/wp-json\/wp\/v2\/pages\/545","targetHints":{"allow":["GET"]}}],"collection":[{"href":"https:\/\/wp.ufpel.edu.br\/cppd\/wp-json\/wp\/v2\/pages"}],"about":[{"href":"https:\/\/wp.ufpel.edu.br\/cppd\/wp-json\/wp\/v2\/types\/page"}],"author":[{"embeddable":true,"href":"https:\/\/wp.ufpel.edu.br\/cppd\/wp-json\/wp\/v2\/users\/154"}],"replies":[{"embeddable":true,"href":"https:\/\/wp.ufpel.edu.br\/cppd\/wp-json\/wp\/v2\/comments?post=545"}],"version-history":[{"count":7,"href":"https:\/\/wp.ufpel.edu.br\/cppd\/wp-json\/wp\/v2\/pages\/545\/revisions"}],"predecessor-version":[{"id":696,"href":"https:\/\/wp.ufpel.edu.br\/cppd\/wp-json\/wp\/v2\/pages\/545\/revisions\/696"}],"wp:attachment":[{"href":"https:\/\/wp.ufpel.edu.br\/cppd\/wp-json\/wp\/v2\/media?parent=545"}],"curies":[{"name":"wp","href":"https:\/\/api.w.org\/{rel}","templated":true}]}}