{"id":2,"date":"2014-08-08T14:11:05","date_gmt":"2014-08-08T14:11:05","guid":{"rendered":"https:\/\/wp.ufpel.edu.br\/cppart\/?page_id=2"},"modified":"2014-08-11T10:20:54","modified_gmt":"2014-08-11T13:20:54","slug":"quemsomos","status":"publish","type":"page","link":"https:\/\/wp.ufpel.edu.br\/cppart\/quemsomos\/","title":{"rendered":"Quem somos"},"content":{"rendered":"<p style=\"text-align: center\">Um dos princ\u00edpios b\u00e1sicos das rela\u00e7\u00f5es republicanas diz respeito \u00e0 disponibiliza\u00e7\u00e3o de espa\u00e7os de participa\u00e7\u00e3o e delibera\u00e7\u00e3o do mais amplo espectro de atores poss\u00edveis de uma sociedade ou grupo social. A universidade, unidade basilar de qualquer sociedade republicana, deve permitir e incentivar a participa\u00e7\u00e3o plena de sua comunidade nos rumos a serem trilhados na consecu\u00e7\u00e3o de seus objetivos e finalidades.<\/p>\n<p style=\"text-align: center\">Por outro lado, \u00e9 sabido de todos que as normatiza\u00e7\u00f5es que orientam a vida acad\u00eamica\/funcional da UFPel atualmente est\u00e3o defasadas frente \u00e0s in\u00fameras mudan\u00e7as que nossa universidade e a sociedade do conhecimento vem sofrendo nas \u00faltimas d\u00e9cadas.<\/p>\n<p style=\"text-align: center\">Dessa forma, torna-se imprescind\u00edvel n\u00e3o somente a atualiza\u00e7\u00e3o de documentos tais como o Estatuto e o Regimento Geral da Universidade, bem como o Projeto Pedag\u00f3gico Institucional e\u00a0o Projeto de Desenvolvimento Institucional, mas,\u00a0tamb\u00e9m, mudan\u00e7as que ocorram com o protagonismo da comunidade acad\u00eamica da UFPel e de <strong>uma coordena\u00e7\u00e3o destinada a orientar, organizar e instigar<\/strong> estas e outras <strong>a\u00e7\u00f5es que pressuponham a participa\u00e7\u00e3o de ampla parcela dos atores<\/strong> institucionais da UFPel.<\/p>\n<p>&nbsp;<\/p>\n","protected":false},"excerpt":{"rendered":"<p>Um dos princ\u00edpios b\u00e1sicos das rela\u00e7\u00f5es republicanas diz respeito \u00e0 disponibiliza\u00e7\u00e3o de espa\u00e7os de participa\u00e7\u00e3o e delibera\u00e7\u00e3o do mais amplo espectro de atores poss\u00edveis de uma sociedade ou grupo social. A universidade, unidade basilar de qualquer sociedade republicana, deve permitir e incentivar a participa\u00e7\u00e3o plena de sua comunidade nos rumos a serem trilhados na consecu\u00e7\u00e3o [&hellip;]<\/p>\n","protected":false},"author":428,"featured_media":0,"parent":0,"menu_order":0,"comment_status":"closed","ping_status":"open","template":"","meta":{"footnotes":""},"class_list":["post-2","page","type-page","status-publish","hentry"],"_links":{"self":[{"href":"https:\/\/wp.ufpel.edu.br\/cppart\/wp-json\/wp\/v2\/pages\/2","targetHints":{"allow":["GET"]}}],"collection":[{"href":"https:\/\/wp.ufpel.edu.br\/cppart\/wp-json\/wp\/v2\/pages"}],"about":[{"href":"https:\/\/wp.ufpel.edu.br\/cppart\/wp-json\/wp\/v2\/types\/page"}],"author":[{"embeddable":true,"href":"https:\/\/wp.ufpel.edu.br\/cppart\/wp-json\/wp\/v2\/users\/428"}],"replies":[{"embeddable":true,"href":"https:\/\/wp.ufpel.edu.br\/cppart\/wp-json\/wp\/v2\/comments?post=2"}],"version-history":[{"count":2,"href":"https:\/\/wp.ufpel.edu.br\/cppart\/wp-json\/wp\/v2\/pages\/2\/revisions"}],"predecessor-version":[{"id":8,"href":"https:\/\/wp.ufpel.edu.br\/cppart\/wp-json\/wp\/v2\/pages\/2\/revisions\/8"}],"wp:attachment":[{"href":"https:\/\/wp.ufpel.edu.br\/cppart\/wp-json\/wp\/v2\/media?parent=2"}],"curies":[{"name":"wp","href":"https:\/\/api.w.org\/{rel}","templated":true}]}}