{"id":84,"date":"2013-09-23T14:51:28","date_gmt":"2013-09-23T17:51:28","guid":{"rendered":"https:\/\/wp.ufpel.edu.br\/cppad\/?page_id=84"},"modified":"2023-07-31T16:20:55","modified_gmt":"2023-07-31T19:20:55","slug":"legislacao","status":"publish","type":"page","link":"https:\/\/wp.ufpel.edu.br\/cppad\/legislacao\/","title":{"rendered":"Legisla\u00e7\u00e3o"},"content":{"rendered":"<p><a href=\"https:\/\/wp.ufpel.edu.br\/cppad\/files\/2023\/07\/NT-607.23-Deliberacoes-assincronas-pelas-Comissoes-de-PAD.pdf\">NT 607.23 &#8211; Delibera\u00e7\u00f5es ass\u00edncronas pelas Comiss\u00f5es de PAD<\/a><\/p>\n<p><strong><a href=\"https:\/\/wp.ufpel.edu.br\/cppad\/files\/2013\/09\/Instru\u00e7\u00e3o-Normativa-CGU-n\u00ba-04.2009.pdf\">Instru\u00e7\u00e3o Normativa CGU n\u00ba 04.2009<\/a><\/strong><\/p>\n<p><a href=\"http:\/\/www.planalto.gov.br\/ccivil_03\/leis\/l8112cons.htm\">LEI N\u00ba 8.112, DE 11 DE DEZEMBRO DE 1990 (Disp\u00f5e sobre o regime jur\u00eddico dos servidores p\u00fablicos civis da Uni\u00e3o, das autarquias e das funda\u00e7\u00f5es p\u00fablicas federais)<\/a><\/p>\n<p><a href=\"http:\/\/www.planalto.gov.br\/ccivil_03\/Leis\/L8027.htm\">LEI N\u00ba 8.027, DE 12 DE ABRIL DE 1990 (Disp\u00f5e sobre normas de conduta dos servidores p\u00fablicos civis da Uni\u00e3o, das Autarquias e das Funda\u00e7\u00f5es P\u00fablicas, e d\u00e1 outras provid\u00eancias).<\/a><\/p>\n<p><a href=\"http:\/\/www.planalto.gov.br\/ccivil_03\/_Ato2004-2006\/2005\/Decreto\/D5480.htm\">DECRETO N\u00ba 5.480, DE 30 DE JUNHO DE 2005 ( Disp\u00f5e sobre o Sistema de Correi\u00e7\u00e3o do Poder Executivo Federal, e d\u00e1 outras provid\u00eancias)<\/a><\/p>\n<p><a href=\"http:\/\/www.cgu.gov.br\/correicao\/Arquivos\/Portaria-CGU-335-2006.pdf\">PORTARIA N\u00ba 335, DE 30 DE MAIO 2006 (Regulamenta o Sistema de Correi\u00e7\u00e3o do Poder Executivo Federal, de que trata o Decreto n\u00ba 5.480, de 30 de junho de 2005)<\/a><\/p>\n<p><a href=\"https:\/\/wp.ufpel.edu.br\/cppad\/files\/2013\/09\/Legislacao-Compilada-pela-CGU.pdf\">Legislacao Compilada pela CGU<\/a>\u00a0(Compila\u00e7\u00e3o de leis e normativos relativos \u00e0 mat\u00e9ria correcional)<\/p>\n<p>&nbsp;<\/p>\n<p>&nbsp;<\/p>\n<p><strong>Normativos da UFPel regulamentadores do funcionamento da CPPAD:<\/strong><\/p>\n<p><a href=\"https:\/\/wp.ufpel.edu.br\/cppad\/files\/2013\/09\/Portaria-n\u00ba-099-2005.pdf\">Portaria GR n\u00ba 099-2005<\/a><\/p>\n<p><a href=\"https:\/\/wp.ufpel.edu.br\/cppad\/files\/2013\/09\/Portaria-n\u00ba-124-20011.pdf\">Portaria GR n\u00ba 124-2001<\/a><\/p>\n<p><a href=\"https:\/\/wp.ufpel.edu.br\/cppad\/files\/2013\/09\/Portaria-n\u00ba-1.158-2005.pdf\">Portaria GR n\u00ba 1.158-2005<\/a><\/p>\n<p><a href=\"https:\/\/wp.ufpel.edu.br\/cppad\/files\/2013\/09\/Portaria-n\u00ba-1.161-2005.pdf\">Portaria \u00a0GR n\u00ba 1.161-2005<\/a><\/p>\n<p><a href=\"https:\/\/wp.ufpel.edu.br\/cppad\/files\/2013\/09\/Portaria-n\u00ba-1.161-2005.pdf\">Portaria \u00a0GR n\u00ba 1.161-2005<\/a><\/p>\n<p><a href=\"https:\/\/wp.ufpel.edu.br\/cppad\/files\/2013\/09\/Portaria-n\u00ba-1.186-20051.pdf\">Portaria \u00a0GR n\u00ba 1.186-2005<\/a><\/p>\n<p><a href=\"https:\/\/wp.ufpel.edu.br\/cppad\/files\/2013\/09\/0833_2009.pdf\">Portaria GR \u00a0n.\u00ba\u00a00833_2009<\/a><\/p>\n<p><a href=\"https:\/\/wp.ufpel.edu.br\/cppad\/files\/2013\/09\/1069_2009.pdf\">Portaria GR n.\u00ba \u00a01069_2009<\/a><\/p>\n<p><a href=\"https:\/\/wp.ufpel.edu.br\/cppad\/files\/2013\/09\/1238_2013.pdf\">Portaria GR n.\u00ba\u00a01238_2013<\/a><\/p>\n<p><a href=\"https:\/\/wp.ufpel.edu.br\/cppad\/files\/2013\/09\/1831_2013.pdf\">Portaria GR n.\u00ba\u00a01831_2013<\/a><\/p>\n<p><a href=\"https:\/\/wp.ufpel.edu.br\/cppad\/files\/2013\/09\/1944_2013.pdf\">Portaria GR n.\u00ba1944_2013<\/a><\/p>\n<p><a href=\"https:\/\/wp.ufpel.edu.br\/cppad\/files\/2013\/09\/2029_2013.pdf\">Portaria GR n.\u00ba2029_2013<\/a><\/p>\n<p><a href=\"https:\/\/wp.ufpel.edu.br\/cppad\/files\/2013\/09\/0240_2014.pdf\">Portaria Gr n.\u00ba 240_2014<\/a><\/p>\n<p><a href=\"https:\/\/wp.ufpel.edu.br\/cppad\/files\/2013\/09\/0336_2014.pdf\">Portaria GR n.\u00ba 336_2014<\/a><\/p>\n<p><a href=\"http:\/\/reitoria.ufpel.edu.br\/portarias\/arquivos\/0444_2015.pdf\">Portaria GR n\u00ba 444_2015<\/a><\/p>\n<p><a href=\"http:\/\/reitoria.ufpel.edu.br\/portarias\/arquivos\/1071_2015.pdf\">Portaria GR n\u00ba 1071_2015<\/a><\/p>\n<p><a href=\"http:\/\/reitoria.ufpel.edu.br\/portarias\/arquivos\/0928_2016.pdf\">Portaria GR n\u00ba 928_2016<\/a><\/p>\n<p><a href=\"http:\/\/reitoria.ufpel.edu.br\/portarias\/arquivos\/1335_2016.pdf\">Portaria GR n\u00ba 1335_2016<\/a><\/p>\n<p><a href=\"http:\/\/reitoria.ufpel.edu.br\/portarias\/arquivos\/0245_2017.pdf\">Portaria GR n\u00ba 245_2017<\/a><\/p>\n<p><a href=\"http:\/\/reitoria.ufpel.edu.br\/portarias\/arquivos\/0653_2017.pdf\">Portaria GR n\u00ba 653_2017<\/a><\/p>\n<p><a href=\"https:\/\/wp.ufpel.edu.br\/cppad\/files\/2020\/06\/Portaria-GR-n\u00ba_0682_2018.pdf\">Portaria GR n\u00ba 682_2018<\/a><\/p>\n<p><a href=\"https:\/\/wp.ufpel.edu.br\/cppad\/files\/2022\/03\/Portaria-GR-1088_2021.pdf\">Portaria GR 1088_2021<\/a><\/p>\n","protected":false},"excerpt":{"rendered":"<p>NT 607.23 &#8211; Delibera\u00e7\u00f5es ass\u00edncronas pelas Comiss\u00f5es de PAD Instru\u00e7\u00e3o Normativa CGU n\u00ba 04.2009 LEI N\u00ba 8.112, DE 11 DE DEZEMBRO DE 1990 (Disp\u00f5e sobre o regime jur\u00eddico dos servidores p\u00fablicos civis da Uni\u00e3o, das autarquias e das funda\u00e7\u00f5es p\u00fablicas federais) LEI N\u00ba 8.027, DE 12 DE ABRIL DE 1990 (Disp\u00f5e sobre normas de conduta [&hellip;]<\/p>\n","protected":false},"author":285,"featured_media":0,"parent":0,"menu_order":3,"comment_status":"closed","ping_status":"closed","template":"","meta":{"footnotes":""},"class_list":["post-84","page","type-page","status-publish","hentry"],"jetpack_sharing_enabled":true,"_links":{"self":[{"href":"https:\/\/wp.ufpel.edu.br\/cppad\/wp-json\/wp\/v2\/pages\/84","targetHints":{"allow":["GET"]}}],"collection":[{"href":"https:\/\/wp.ufpel.edu.br\/cppad\/wp-json\/wp\/v2\/pages"}],"about":[{"href":"https:\/\/wp.ufpel.edu.br\/cppad\/wp-json\/wp\/v2\/types\/page"}],"author":[{"embeddable":true,"href":"https:\/\/wp.ufpel.edu.br\/cppad\/wp-json\/wp\/v2\/users\/285"}],"replies":[{"embeddable":true,"href":"https:\/\/wp.ufpel.edu.br\/cppad\/wp-json\/wp\/v2\/comments?post=84"}],"version-history":[{"count":18,"href":"https:\/\/wp.ufpel.edu.br\/cppad\/wp-json\/wp\/v2\/pages\/84\/revisions"}],"predecessor-version":[{"id":519,"href":"https:\/\/wp.ufpel.edu.br\/cppad\/wp-json\/wp\/v2\/pages\/84\/revisions\/519"}],"wp:attachment":[{"href":"https:\/\/wp.ufpel.edu.br\/cppad\/wp-json\/wp\/v2\/media?parent=84"}],"curies":[{"name":"wp","href":"https:\/\/api.w.org\/{rel}","templated":true}]}}