{"id":562,"date":"2024-05-13T16:11:38","date_gmt":"2024-05-13T19:11:38","guid":{"rendered":"https:\/\/wp.ufpel.edu.br\/cppad\/?page_id=562"},"modified":"2024-05-13T16:37:50","modified_gmt":"2024-05-13T19:37:50","slug":"apoio-as-comissoes-disciplinares","status":"publish","type":"page","link":"https:\/\/wp.ufpel.edu.br\/cppad\/equipe\/apoio-as-comissoes-disciplinares\/","title":{"rendered":"Apoio \u00e0s Comiss\u00f5es Disciplinares"},"content":{"rendered":"<p>Em caso da necessidade de apoio na condu\u00e7\u00e3o dos processos disciplinares, seja por Comiss\u00f5es de Sindic\u00e2ncia Investigativa, assim como por Comiss\u00f5es de Processo Administrativo Disciplinar, a CPPAD mant\u00e9m canal aberto de comunica\u00e7\u00e3o com seu Secret\u00e1rio atrav\u00e9s do telefone (53) 98132-3145. O contato via WhatsApp tamb\u00e9m \u00e9 poss\u00edvel pelo mesmo n\u00famero, atrav\u00e9s do qual ser\u00e3o tiradas d\u00favidas pontuais, assim como poder\u00e1 ser agendada videoconfer\u00eancia. Escaneie o QR CODE e adicione o contato.<\/p>\n<p><a href=\"https:\/\/wp.ufpel.edu.br\/cppad\/files\/2024\/05\/53FF0F30-61EF-46C4-B928-444F2E1BD8DE_4_5005_c-e1715628856879.jpeg\"><img class=\"alignnone wp-image-569 size-full\" src=\"https:\/\/wp.ufpel.edu.br\/cppad\/files\/2024\/05\/53FF0F30-61EF-46C4-B928-444F2E1BD8DE_4_5005_c-e1715628945643.jpeg\" alt=\"\" width=\"177\" height=\"175\" \/><\/a><\/p>\n","protected":false},"excerpt":{"rendered":"<p>Em caso da necessidade de apoio na condu\u00e7\u00e3o dos processos disciplinares, seja por Comiss\u00f5es de Sindic\u00e2ncia Investigativa, assim como por Comiss\u00f5es de Processo Administrativo Disciplinar, a CPPAD mant\u00e9m canal aberto de comunica\u00e7\u00e3o com seu Secret\u00e1rio atrav\u00e9s do telefone (53) 98132-3145. O contato via WhatsApp tamb\u00e9m \u00e9 poss\u00edvel pelo mesmo n\u00famero, atrav\u00e9s do qual ser\u00e3o tiradas [&hellip;]<\/p>\n","protected":false},"author":285,"featured_media":0,"parent":186,"menu_order":0,"comment_status":"closed","ping_status":"closed","template":"","meta":{"footnotes":""},"class_list":["post-562","page","type-page","status-publish","hentry"],"jetpack_sharing_enabled":true,"_links":{"self":[{"href":"https:\/\/wp.ufpel.edu.br\/cppad\/wp-json\/wp\/v2\/pages\/562","targetHints":{"allow":["GET"]}}],"collection":[{"href":"https:\/\/wp.ufpel.edu.br\/cppad\/wp-json\/wp\/v2\/pages"}],"about":[{"href":"https:\/\/wp.ufpel.edu.br\/cppad\/wp-json\/wp\/v2\/types\/page"}],"author":[{"embeddable":true,"href":"https:\/\/wp.ufpel.edu.br\/cppad\/wp-json\/wp\/v2\/users\/285"}],"replies":[{"embeddable":true,"href":"https:\/\/wp.ufpel.edu.br\/cppad\/wp-json\/wp\/v2\/comments?post=562"}],"version-history":[{"count":7,"href":"https:\/\/wp.ufpel.edu.br\/cppad\/wp-json\/wp\/v2\/pages\/562\/revisions"}],"predecessor-version":[{"id":572,"href":"https:\/\/wp.ufpel.edu.br\/cppad\/wp-json\/wp\/v2\/pages\/562\/revisions\/572"}],"up":[{"embeddable":true,"href":"https:\/\/wp.ufpel.edu.br\/cppad\/wp-json\/wp\/v2\/pages\/186"}],"wp:attachment":[{"href":"https:\/\/wp.ufpel.edu.br\/cppad\/wp-json\/wp\/v2\/media?parent=562"}],"curies":[{"name":"wp","href":"https:\/\/api.w.org\/{rel}","templated":true}]}}