{"id":532,"date":"2023-08-29T17:12:33","date_gmt":"2023-08-29T20:12:33","guid":{"rendered":"https:\/\/wp.ufpel.edu.br\/cppad\/?page_id=532"},"modified":"2025-01-21T12:39:19","modified_gmt":"2025-01-21T15:39:19","slug":"calculadora-de-viabilidade-de-tac-e-a-calculadora-de-penalidade-administrativa","status":"publish","type":"page","link":"https:\/\/wp.ufpel.edu.br\/cppad\/procedimentos-disciplinares\/calculadora-de-viabilidade-de-tac-e-a-calculadora-de-penalidade-administrativa\/","title":{"rendered":"Calculadora de Viabilidade de TAC e Calculadora de Penalidade Administrativa"},"content":{"rendered":"<div class=\"row\">\n<div class=\"row-content\">\n<div class=\"column col-md-12 \" data-panel=\"\">\n<div id=\"a6810b72-a3ca-4a59-8ace-b25ec2648a1a\" class=\"tile tile-default\">\n<div class=\"outstanding-header tile-content\">\n<p>A CGU disponibiliza para acesso p\u00fablico o <strong>Guia Te\u00f3rico e Pr\u00e1tico da\u00a0Dosimetria das San\u00e7\u00f5es Administrativas Disciplinares<\/strong>, baseado no estudo\u00a0<i>Dosimetria das San\u00e7\u00f5es Administrativas Disciplinares: Advert\u00eancia e Suspens\u00e3o<\/i>, de autoria dos servidores Amanda Patricia Sousa Dutra de Melo, Cl\u00e1udia Raquel Le\u00e3o Brizolla e Jos\u00e9 Ernane Barbosa de Castro, por meio da Base de Conhecimento. E baseadas no Guia, tamb\u00e9m disponibiliza como ferramentas calculadoras, tanto para a viabilidade de TAC, quanto para a dosimetria da penalidade administrativa.<\/p>\n<p><a href=\"https:\/\/epad.cgu.gov.br\/publico\/calculadora\/calc.html?tipo=pad\"><img class=\"alignleft\" src=\"https:\/\/www.gov.br\/corregedorias\/pt-br\/banners-da-home\/BannerCalculadoradePenalidadeAdministrativaa.png\" alt=\"Calculadorade Penalidade Administrativa1\" \/><\/a> <a href=\"http:\/\/epad.cgu.gov.br\/publico\/calculadora\/calc.html?tipo=tac\"><img class=\"alignleft\" src=\"https:\/\/www.gov.br\/corregedorias\/pt-br\/assuntos\/painel-de-responsabilizacao\/responsabilizacao-agentes-publicos\/calculadora-de-tac-e-calculadora-de-penalidade-administrativa\/BannerCalculadoradeViabilidadedeTAC.png\" alt=\"BannerCalculadoradeViabilidadedeTAC.\" \/><\/a><\/p>\n<\/div>\n<\/div>\n<\/div>\n<\/div>\n<\/div>\n<div class=\"row\">\n<div class=\"row-content\">\n<div class=\"column col-md-6 \" data-panel=\"\">\n<div><\/div>\n<\/div>\n<\/div>\n<\/div>\n","protected":false},"excerpt":{"rendered":"<p>A CGU disponibiliza para acesso p\u00fablico o Guia Te\u00f3rico e Pr\u00e1tico da\u00a0Dosimetria das San\u00e7\u00f5es Administrativas Disciplinares, baseado no estudo\u00a0Dosimetria das San\u00e7\u00f5es Administrativas Disciplinares: Advert\u00eancia e Suspens\u00e3o, de autoria dos servidores Amanda Patricia Sousa Dutra de Melo, Cl\u00e1udia Raquel Le\u00e3o Brizolla e Jos\u00e9 Ernane Barbosa de Castro, por meio da Base de Conhecimento. E baseadas no [&hellip;]<\/p>\n","protected":false},"author":285,"featured_media":0,"parent":526,"menu_order":0,"comment_status":"closed","ping_status":"closed","template":"","meta":{"footnotes":""},"class_list":["post-532","page","type-page","status-publish","hentry"],"jetpack_sharing_enabled":true,"_links":{"self":[{"href":"https:\/\/wp.ufpel.edu.br\/cppad\/wp-json\/wp\/v2\/pages\/532","targetHints":{"allow":["GET"]}}],"collection":[{"href":"https:\/\/wp.ufpel.edu.br\/cppad\/wp-json\/wp\/v2\/pages"}],"about":[{"href":"https:\/\/wp.ufpel.edu.br\/cppad\/wp-json\/wp\/v2\/types\/page"}],"author":[{"embeddable":true,"href":"https:\/\/wp.ufpel.edu.br\/cppad\/wp-json\/wp\/v2\/users\/285"}],"replies":[{"embeddable":true,"href":"https:\/\/wp.ufpel.edu.br\/cppad\/wp-json\/wp\/v2\/comments?post=532"}],"version-history":[{"count":4,"href":"https:\/\/wp.ufpel.edu.br\/cppad\/wp-json\/wp\/v2\/pages\/532\/revisions"}],"predecessor-version":[{"id":592,"href":"https:\/\/wp.ufpel.edu.br\/cppad\/wp-json\/wp\/v2\/pages\/532\/revisions\/592"}],"up":[{"embeddable":true,"href":"https:\/\/wp.ufpel.edu.br\/cppad\/wp-json\/wp\/v2\/pages\/526"}],"wp:attachment":[{"href":"https:\/\/wp.ufpel.edu.br\/cppad\/wp-json\/wp\/v2\/media?parent=532"}],"curies":[{"name":"wp","href":"https:\/\/api.w.org\/{rel}","templated":true}]}}